{"id":169,"date":"2017-07-28T10:42:46","date_gmt":"2017-07-28T08:42:46","guid":{"rendered":"https:\/\/iste.yhello.co\/product\/des-donnees-a-linformation\/"},"modified":"2024-01-03T13:38:44","modified_gmt":"2024-01-03T13:38:44","slug":"des-donnees-a-linformation","status":"publish","type":"product","link":"https:\/\/www.istegroup.com\/en\/produit\/des-donnees-a-linformation\/","title":{"rendered":"Des donn\u00e9es \u00e0 l\u2019information"},"content":{"rendered":"<p>Des g\u00e9om\u00e8tres et astronomes de l\u2019Antiquit\u00e9 aux logiciels d&#8217;analyse des donn\u00e9es du XXIe si\u00e8cle, en passant par les outils de contr\u00f4le des machines, un m\u00eame cheminement est activ\u00e9, \u00ab des donn\u00e9es vers l\u2019information \u00bb.<\/p>\n<p>Cet ouvrage relate une histoire crois\u00e9e, d\u2019une part, entre les grandes disciplines scientifiques et technologiques mises en oeuvre dans le traitement des informations et le contr\u00f4le des machines ; d\u2019autre part, entre les diff\u00e9rentes civilisations ou pays qui, de l\u2019Antiquit\u00e9 \u00e0 nos jours, ont contribu\u00e9 \u00e0 jeter les bases de ces disciplines et \u00e0 en enrichir le contenu.<\/p>\n<p>A cette fin,\u00a0<em>Des donn\u00e9es \u00e0 l\u2019information<\/em>\u00a0traite, dans une premi\u00e8re partie, des langages de base \u2013 \u00e9critures et math\u00e9matiques \u2013 utilis\u00e9s par les humains pour traiter, stocker, transmettre les informations, et d\u00e9crit la lente \u00e9laboration des concepts d\u2019espace et de temps. Il pr\u00e9sente, dans une deuxi\u00e8me partie, les \u00e9volutions technologiques et scientifiques qui ont conduit \u00e0 l\u2019\u00e8re num\u00e9rique. De fait, il dessine les contours d\u2019une histoire globale des sciences et technologies de l\u2019information et de la communication (STIC).<\/p>\n","protected":false},"excerpt":{"rendered":"<p>Des g\u00e9om\u00e8tres et astronomes de l\u2019Antiquit\u00e9 aux logiciels d&#8217;analyse des donn\u00e9es du XXIe si\u00e8cle, en passant par les outils de contr\u00f4le des machines, un m\u00eame cheminement est activ\u00e9, \u00ab des donn\u00e9es vers l\u2019information \u00bb. Cet ouvrage relate une histoire crois\u00e9e, d\u2019une part, entre les grandes disciplines scientifiques et technologiques mises en oeuvre dans le traitement [&hellip;]<\/p>\n","protected":false},"featured_media":170,"template":"","meta":{"_acf_changed":false,"_links_to":"","_links_to_target":""},"product_brand":[],"product_cat":[666,675],"product_tag":[51,52,18,19,20,53,21,22,25,26,27,28],"class_list":{"0":"post-169","1":"product","2":"type-product","3":"status-publish","4":"has-post-thumbnail","6":"product_cat-histoire-des-sciences-et-des-techniques-166249028","7":"product_cat-nouveauts-12519446","8":"product_tag-de-linvention-de-lecriture-a-lexplosion-numerique","9":"product_tag-des-donnees-a-linformation","10":"product_tag-edition-scientifique","11":"product_tag-editions-francaise","12":"product_tag-editions-technique","13":"product_tag-florent-chavand","14":"product_tag-iste-group","15":"product_tag-istegroup","16":"product_tag-livre-numerique","17":"product_tag-livre-scientifique-francais","18":"product_tag-livre-technique-francais","19":"product_tag-ouvrage-scientifique-francais","21":"first","22":"instock","23":"shipping-taxable","24":"purchasable","25":"product-type-variable"},"acf":[],"yoast_head":"<!-- This site is optimized with the Yoast SEO plugin v27.2 - https:\/\/yoast.com\/product\/yoast-seo-wordpress\/ -->\n<title>Des donn\u00e9es \u00e0 l\u2019information - ISTE Group<\/title>\n<meta name=\"description\" content=\"Des g\u00e9om\u00e8tres et astronomes de l\u2019Antiquit\u00e9 aux logiciels d&#039;analyse des donn\u00e9es du XXIe si\u00e8cle, un m\u00eame cheminement est activ\u00e9, \u00ab des donn\u00e9es \u00e0 l\u2019information \u00bb.\" \/>\n<meta name=\"robots\" content=\"index, follow, max-snippet:-1, max-image-preview:large, max-video-preview:-1\" \/>\n<link rel=\"canonical\" href=\"https:\/\/www.istegroup.com\/fr\/produit\/des-donnees-a-linformation\/\" \/>\n<meta property=\"og:locale\" content=\"en_US\" \/>\n<meta property=\"og:type\" content=\"article\" \/>\n<meta property=\"og:title\" content=\"Des donn\u00e9es \u00e0 l\u2019information - ISTE Group\" \/>\n<meta property=\"og:description\" content=\"Des g\u00e9om\u00e8tres et astronomes de l\u2019Antiquit\u00e9 aux logiciels d&#039;analyse des donn\u00e9es du XXIe si\u00e8cle, un m\u00eame cheminement est activ\u00e9, \u00ab des donn\u00e9es \u00e0 l\u2019information \u00bb.\" \/>\n<meta property=\"og:url\" content=\"https:\/\/www.istegroup.com\/fr\/produit\/des-donnees-a-linformation\/\" \/>\n<meta property=\"og:site_name\" content=\"ISTE Group\" \/>\n<meta property=\"article:modified_time\" content=\"2024-01-03T13:38:44+00:00\" \/>\n<meta property=\"og:image\" content=\"https:\/\/www.istegroup.com\/wp-content\/uploads\/2017\/07\/21837625681_9737776337-1.jpg\" \/>\n\t<meta property=\"og:image:width\" content=\"300\" \/>\n\t<meta property=\"og:image:height\" content=\"450\" \/>\n\t<meta property=\"og:image:type\" content=\"image\/jpeg\" \/>\n<meta name=\"twitter:card\" content=\"summary_large_image\" \/>\n<meta name=\"twitter:label1\" content=\"Est. reading time\" \/>\n\t<meta name=\"twitter:data1\" content=\"1 minute\" \/>\n<script type=\"application\/ld+json\" class=\"yoast-schema-graph\">{\"@context\":\"https:\/\/schema.org\",\"@graph\":[{\"@type\":\"WebPage\",\"@id\":\"https:\/\/www.istegroup.com\/fr\/produit\/des-donnees-a-linformation\/\",\"url\":\"https:\/\/www.istegroup.com\/fr\/produit\/des-donnees-a-linformation\/\",\"name\":\"Des donn\u00e9es \u00e0 l\u2019information - ISTE Group\",\"isPartOf\":{\"@id\":\"https:\/\/www.istegroup.com\/#website\"},\"primaryImageOfPage\":{\"@id\":\"https:\/\/www.istegroup.com\/fr\/produit\/des-donnees-a-linformation\/#primaryimage\"},\"image\":{\"@id\":\"https:\/\/www.istegroup.com\/fr\/produit\/des-donnees-a-linformation\/#primaryimage\"},\"thumbnailUrl\":\"https:\/\/www.istegroup.com\/wp-content\/uploads\/2017\/07\/21837625681_9737776337-1.jpg\",\"datePublished\":\"2017-07-28T08:42:46+00:00\",\"dateModified\":\"2024-01-03T13:38:44+00:00\",\"description\":\"Des g\u00e9om\u00e8tres et astronomes de l\u2019Antiquit\u00e9 aux logiciels d'analyse des donn\u00e9es du XXIe si\u00e8cle, un m\u00eame cheminement est activ\u00e9, \u00ab des donn\u00e9es \u00e0 l\u2019information \u00bb.\",\"breadcrumb\":{\"@id\":\"https:\/\/www.istegroup.com\/fr\/produit\/des-donnees-a-linformation\/#breadcrumb\"},\"inLanguage\":\"en-US\",\"potentialAction\":[{\"@type\":\"ReadAction\",\"target\":[\"https:\/\/www.istegroup.com\/fr\/produit\/des-donnees-a-linformation\/\"]}]},{\"@type\":\"ImageObject\",\"inLanguage\":\"en-US\",\"@id\":\"https:\/\/www.istegroup.com\/fr\/produit\/des-donnees-a-linformation\/#primaryimage\",\"url\":\"https:\/\/www.istegroup.com\/wp-content\/uploads\/2017\/07\/21837625681_9737776337-1.jpg\",\"contentUrl\":\"https:\/\/www.istegroup.com\/wp-content\/uploads\/2017\/07\/21837625681_9737776337-1.jpg\",\"width\":300,\"height\":450,\"caption\":\"De l\u2019invention de l\u2019\u00e9criture \u00e0 l\u2019explosion num\u00e9rique\"},{\"@type\":\"BreadcrumbList\",\"@id\":\"https:\/\/www.istegroup.com\/fr\/produit\/des-donnees-a-linformation\/#breadcrumb\",\"itemListElement\":[{\"@type\":\"ListItem\",\"position\":1,\"name\":\"Home\",\"item\":\"https:\/\/www.istegroup.com\/\"},{\"@type\":\"ListItem\",\"position\":2,\"name\":\"Shop\",\"item\":\"https:\/\/www.istegroup.com\/fr\/nouveautes\/\"},{\"@type\":\"ListItem\",\"position\":3,\"name\":\"Des donn\u00e9es \u00e0 l\u2019information\"}]},{\"@type\":\"WebSite\",\"@id\":\"https:\/\/www.istegroup.com\/#website\",\"url\":\"https:\/\/www.istegroup.com\/\",\"name\":\"ISTE Group\",\"description\":\"Publishing Knowledge\",\"potentialAction\":[{\"@type\":\"SearchAction\",\"target\":{\"@type\":\"EntryPoint\",\"urlTemplate\":\"https:\/\/www.istegroup.com\/?s={search_term_string}\"},\"query-input\":{\"@type\":\"PropertyValueSpecification\",\"valueRequired\":true,\"valueName\":\"search_term_string\"}}],\"inLanguage\":\"en-US\"}]}<\/script>\n<!-- \/ Yoast SEO plugin. -->","yoast_head_json":{"title":"Des donn\u00e9es \u00e0 l\u2019information - ISTE Group","description":"Des g\u00e9om\u00e8tres et astronomes de l\u2019Antiquit\u00e9 aux logiciels d'analyse des donn\u00e9es du XXIe si\u00e8cle, un m\u00eame cheminement est activ\u00e9, \u00ab des donn\u00e9es \u00e0 l\u2019information \u00bb.","robots":{"index":"index","follow":"follow","max-snippet":"max-snippet:-1","max-image-preview":"max-image-preview:large","max-video-preview":"max-video-preview:-1"},"canonical":"https:\/\/www.istegroup.com\/fr\/produit\/des-donnees-a-linformation\/","og_locale":"en_US","og_type":"article","og_title":"Des donn\u00e9es \u00e0 l\u2019information - ISTE Group","og_description":"Des g\u00e9om\u00e8tres et astronomes de l\u2019Antiquit\u00e9 aux logiciels d'analyse des donn\u00e9es du XXIe si\u00e8cle, un m\u00eame cheminement est activ\u00e9, \u00ab des donn\u00e9es \u00e0 l\u2019information \u00bb.","og_url":"https:\/\/www.istegroup.com\/fr\/produit\/des-donnees-a-linformation\/","og_site_name":"ISTE Group","article_modified_time":"2024-01-03T13:38:44+00:00","og_image":[{"width":300,"height":450,"url":"https:\/\/www.istegroup.com\/wp-content\/uploads\/2017\/07\/21837625681_9737776337-1.jpg","type":"image\/jpeg"}],"twitter_card":"summary_large_image","twitter_misc":{"Est. reading time":"1 minute"},"schema":{"@context":"https:\/\/schema.org","@graph":[{"@type":"WebPage","@id":"https:\/\/www.istegroup.com\/fr\/produit\/des-donnees-a-linformation\/","url":"https:\/\/www.istegroup.com\/fr\/produit\/des-donnees-a-linformation\/","name":"Des donn\u00e9es \u00e0 l\u2019information - ISTE Group","isPartOf":{"@id":"https:\/\/www.istegroup.com\/#website"},"primaryImageOfPage":{"@id":"https:\/\/www.istegroup.com\/fr\/produit\/des-donnees-a-linformation\/#primaryimage"},"image":{"@id":"https:\/\/www.istegroup.com\/fr\/produit\/des-donnees-a-linformation\/#primaryimage"},"thumbnailUrl":"https:\/\/www.istegroup.com\/wp-content\/uploads\/2017\/07\/21837625681_9737776337-1.jpg","datePublished":"2017-07-28T08:42:46+00:00","dateModified":"2024-01-03T13:38:44+00:00","description":"Des g\u00e9om\u00e8tres et astronomes de l\u2019Antiquit\u00e9 aux logiciels d'analyse des donn\u00e9es du XXIe si\u00e8cle, un m\u00eame cheminement est activ\u00e9, \u00ab des donn\u00e9es \u00e0 l\u2019information \u00bb.","breadcrumb":{"@id":"https:\/\/www.istegroup.com\/fr\/produit\/des-donnees-a-linformation\/#breadcrumb"},"inLanguage":"en-US","potentialAction":[{"@type":"ReadAction","target":["https:\/\/www.istegroup.com\/fr\/produit\/des-donnees-a-linformation\/"]}]},{"@type":"ImageObject","inLanguage":"en-US","@id":"https:\/\/www.istegroup.com\/fr\/produit\/des-donnees-a-linformation\/#primaryimage","url":"https:\/\/www.istegroup.com\/wp-content\/uploads\/2017\/07\/21837625681_9737776337-1.jpg","contentUrl":"https:\/\/www.istegroup.com\/wp-content\/uploads\/2017\/07\/21837625681_9737776337-1.jpg","width":300,"height":450,"caption":"De l\u2019invention de l\u2019\u00e9criture \u00e0 l\u2019explosion num\u00e9rique"},{"@type":"BreadcrumbList","@id":"https:\/\/www.istegroup.com\/fr\/produit\/des-donnees-a-linformation\/#breadcrumb","itemListElement":[{"@type":"ListItem","position":1,"name":"Home","item":"https:\/\/www.istegroup.com\/"},{"@type":"ListItem","position":2,"name":"Shop","item":"https:\/\/www.istegroup.com\/fr\/nouveautes\/"},{"@type":"ListItem","position":3,"name":"Des donn\u00e9es \u00e0 l\u2019information"}]},{"@type":"WebSite","@id":"https:\/\/www.istegroup.com\/#website","url":"https:\/\/www.istegroup.com\/","name":"ISTE Group","description":"Publishing Knowledge","potentialAction":[{"@type":"SearchAction","target":{"@type":"EntryPoint","urlTemplate":"https:\/\/www.istegroup.com\/?s={search_term_string}"},"query-input":{"@type":"PropertyValueSpecification","valueRequired":true,"valueName":"search_term_string"}}],"inLanguage":"en-US"}]}},"_links":{"self":[{"href":"https:\/\/www.istegroup.com\/en\/wp-json\/wp\/v2\/product\/169","targetHints":{"allow":["GET"]}}],"collection":[{"href":"https:\/\/www.istegroup.com\/en\/wp-json\/wp\/v2\/product"}],"about":[{"href":"https:\/\/www.istegroup.com\/en\/wp-json\/wp\/v2\/types\/product"}],"wp:featuredmedia":[{"embeddable":true,"href":"https:\/\/www.istegroup.com\/en\/wp-json\/wp\/v2\/media\/170"}],"wp:attachment":[{"href":"https:\/\/www.istegroup.com\/en\/wp-json\/wp\/v2\/media?parent=169"}],"wp:term":[{"taxonomy":"product_brand","embeddable":true,"href":"https:\/\/www.istegroup.com\/en\/wp-json\/wp\/v2\/product_brand?post=169"},{"taxonomy":"product_cat","embeddable":true,"href":"https:\/\/www.istegroup.com\/en\/wp-json\/wp\/v2\/product_cat?post=169"},{"taxonomy":"product_tag","embeddable":true,"href":"https:\/\/www.istegroup.com\/en\/wp-json\/wp\/v2\/product_tag?post=169"}],"curies":[{"name":"wp","href":"https:\/\/api.w.org\/{rel}","templated":true}]}}