{"id":16807,"date":"2019-01-22T10:24:00","date_gmt":"2019-01-22T10:24:00","guid":{"rendered":"https:\/\/www.istegroup.com\/?post_type=product&#038;p=16807"},"modified":"2024-01-03T13:42:53","modified_gmt":"2024-01-03T13:42:53","slug":"electronique-fondamentale-1","status":"publish","type":"product","link":"https:\/\/www.istegroup.com\/en\/produit\/electronique-fondamentale-1\/","title":{"rendered":"\u00c9lectronique fondamentale 1"},"content":{"rendered":"<p><em>\u00c9lectronique fondamentale<\/em>\u00a0pr\u00e9sente, en trois volumes, des approches unificatrices dans les domaines de base. \u00c0 travers des exercices et des applications, il traite en d\u00e9tail les concepts fondamentaux pour d\u00e9crire et analyser les m\u00e9canismes de fonctionnement des composants et des syst\u00e8mes, leurs mod\u00e8les \u00e9lectriques et leurs fonctions de traitement des signaux.<\/p>\n<p>Ce premier volume s\u2019int\u00e9resse aux diodes, aux transistors bipolaires, aux transistors \u00e0 effet de champ et aux amplificateurs. Leurs mod\u00e8les \u00e9lectriques sont \u00e9labor\u00e9s \u00e0 partir de la physique \u00e9l\u00e9mentaire des semi-conducteurs, du transport des charges et de l\u2019\u00e9lectrostatique. Les circuits de base et les fonctions r\u00e9alisables sont \u00e9galement d\u00e9crits et analys\u00e9s.<\/p>\n","protected":false},"excerpt":{"rendered":"<p>\u00c9lectronique fondamentale\u00a0pr\u00e9sente, en trois volumes, des approches unificatrices dans les domaines de base. \u00c0 travers des exercices et des applications, il traite en d\u00e9tail les concepts fondamentaux pour d\u00e9crire et analyser les m\u00e9canismes de fonctionnement des composants et des syst\u00e8mes, leurs mod\u00e8les \u00e9lectriques et leurs fonctions de traitement des signaux. Ce premier volume s\u2019int\u00e9resse aux [&hellip;]<\/p>\n","protected":false},"featured_media":16817,"template":"","meta":{"_acf_changed":false,"_links_to":"","_links_to_target":""},"product_brand":[],"product_cat":[3262],"product_tag":[],"class_list":{"0":"post-16807","1":"product","2":"type-product","3":"status-publish","4":"has-post-thumbnail","6":"product_cat-non-classe","8":"first","9":"instock","10":"shipping-taxable","11":"purchasable","12":"product-type-variable"},"acf":[],"yoast_head":"<!-- This site is optimized with the Yoast SEO plugin v27.2 - https:\/\/yoast.com\/product\/yoast-seo-wordpress\/ -->\n<title>\u00c9lectronique fondamentale 1 - ISTE Group<\/title>\n<meta name=\"description\" content=\"\u00c9lectronique fondamentale 1 s\u2019int\u00e9resse aux diodes, aux transistors bipolaires, aux transistors \u00e0 effet de champ et aux amplificateurs.\" \/>\n<meta name=\"robots\" content=\"index, follow, max-snippet:-1, max-image-preview:large, max-video-preview:-1\" \/>\n<link rel=\"canonical\" href=\"https:\/\/www.istegroup.com\/en\/produit\/electronique-fondamentale-1\/\" \/>\n<meta property=\"og:locale\" content=\"en_US\" \/>\n<meta property=\"og:type\" content=\"article\" \/>\n<meta property=\"og:title\" content=\"\u00c9lectronique fondamentale 1 - ISTE Group\" \/>\n<meta property=\"og:description\" content=\"\u00c9lectronique fondamentale 1 s\u2019int\u00e9resse aux diodes, aux transistors bipolaires, aux transistors \u00e0 effet de champ et aux amplificateurs.\" \/>\n<meta property=\"og:url\" content=\"https:\/\/www.istegroup.com\/en\/produit\/electronique-fondamentale-1\/\" \/>\n<meta property=\"og:site_name\" content=\"ISTE Group\" \/>\n<meta property=\"article:modified_time\" content=\"2024-01-03T13:42:53+00:00\" \/>\n<meta property=\"og:image\" content=\"https:\/\/www.istegroup.com\/wp-content\/uploads\/2019\/01\/Muret-1_Front.jpg\" \/>\n\t<meta property=\"og:image:width\" content=\"605\" \/>\n\t<meta property=\"og:image:height\" content=\"911\" \/>\n\t<meta property=\"og:image:type\" content=\"image\/jpeg\" \/>\n<meta name=\"twitter:card\" content=\"summary_large_image\" \/>\n<meta name=\"twitter:label1\" content=\"Est. reading time\" \/>\n\t<meta name=\"twitter:data1\" content=\"1 minute\" \/>\n<script type=\"application\/ld+json\" class=\"yoast-schema-graph\">{\"@context\":\"https:\/\/schema.org\",\"@graph\":[{\"@type\":\"WebPage\",\"@id\":\"https:\/\/www.istegroup.com\/en\/produit\/electronique-fondamentale-1\/\",\"url\":\"https:\/\/www.istegroup.com\/en\/produit\/electronique-fondamentale-1\/\",\"name\":\"\u00c9lectronique fondamentale 1 - ISTE Group\",\"isPartOf\":{\"@id\":\"https:\/\/www.istegroup.com\/#website\"},\"primaryImageOfPage\":{\"@id\":\"https:\/\/www.istegroup.com\/en\/produit\/electronique-fondamentale-1\/#primaryimage\"},\"image\":{\"@id\":\"https:\/\/www.istegroup.com\/en\/produit\/electronique-fondamentale-1\/#primaryimage\"},\"thumbnailUrl\":\"https:\/\/www.istegroup.com\/wp-content\/uploads\/2019\/01\/Muret-1_Front.jpg\",\"datePublished\":\"2019-01-22T10:24:00+00:00\",\"dateModified\":\"2024-01-03T13:42:53+00:00\",\"description\":\"\u00c9lectronique fondamentale 1 s\u2019int\u00e9resse aux diodes, aux transistors bipolaires, aux transistors \u00e0 effet de champ et aux amplificateurs.\",\"breadcrumb\":{\"@id\":\"https:\/\/www.istegroup.com\/en\/produit\/electronique-fondamentale-1\/#breadcrumb\"},\"inLanguage\":\"en-US\",\"potentialAction\":[{\"@type\":\"ReadAction\",\"target\":[\"https:\/\/www.istegroup.com\/en\/produit\/electronique-fondamentale-1\/\"]}]},{\"@type\":\"ImageObject\",\"inLanguage\":\"en-US\",\"@id\":\"https:\/\/www.istegroup.com\/en\/produit\/electronique-fondamentale-1\/#primaryimage\",\"url\":\"https:\/\/www.istegroup.com\/wp-content\/uploads\/2019\/01\/Muret-1_Front.jpg\",\"contentUrl\":\"https:\/\/www.istegroup.com\/wp-content\/uploads\/2019\/01\/Muret-1_Front.jpg\",\"width\":605,\"height\":911,\"caption\":\"Composants \u00e9lectroniques et fonctions \u00e9l\u00e9mentaires\"},{\"@type\":\"BreadcrumbList\",\"@id\":\"https:\/\/www.istegroup.com\/en\/produit\/electronique-fondamentale-1\/#breadcrumb\",\"itemListElement\":[{\"@type\":\"ListItem\",\"position\":1,\"name\":\"Home\",\"item\":\"https:\/\/www.istegroup.com\/\"},{\"@type\":\"ListItem\",\"position\":2,\"name\":\"Shop\",\"item\":\"https:\/\/www.istegroup.com\/fr\/nouveautes\/\"},{\"@type\":\"ListItem\",\"position\":3,\"name\":\"\u00c9lectronique fondamentale 1\"}]},{\"@type\":\"WebSite\",\"@id\":\"https:\/\/www.istegroup.com\/#website\",\"url\":\"https:\/\/www.istegroup.com\/\",\"name\":\"ISTE Group\",\"description\":\"Publishing Knowledge\",\"potentialAction\":[{\"@type\":\"SearchAction\",\"target\":{\"@type\":\"EntryPoint\",\"urlTemplate\":\"https:\/\/www.istegroup.com\/?s={search_term_string}\"},\"query-input\":{\"@type\":\"PropertyValueSpecification\",\"valueRequired\":true,\"valueName\":\"search_term_string\"}}],\"inLanguage\":\"en-US\"}]}<\/script>\n<!-- \/ Yoast SEO plugin. -->","yoast_head_json":{"title":"\u00c9lectronique fondamentale 1 - ISTE Group","description":"\u00c9lectronique fondamentale 1 s\u2019int\u00e9resse aux diodes, aux transistors bipolaires, aux transistors \u00e0 effet de champ et aux amplificateurs.","robots":{"index":"index","follow":"follow","max-snippet":"max-snippet:-1","max-image-preview":"max-image-preview:large","max-video-preview":"max-video-preview:-1"},"canonical":"https:\/\/www.istegroup.com\/en\/produit\/electronique-fondamentale-1\/","og_locale":"en_US","og_type":"article","og_title":"\u00c9lectronique fondamentale 1 - ISTE Group","og_description":"\u00c9lectronique fondamentale 1 s\u2019int\u00e9resse aux diodes, aux transistors bipolaires, aux transistors \u00e0 effet de champ et aux amplificateurs.","og_url":"https:\/\/www.istegroup.com\/en\/produit\/electronique-fondamentale-1\/","og_site_name":"ISTE Group","article_modified_time":"2024-01-03T13:42:53+00:00","og_image":[{"width":605,"height":911,"url":"https:\/\/www.istegroup.com\/wp-content\/uploads\/2019\/01\/Muret-1_Front.jpg","type":"image\/jpeg"}],"twitter_card":"summary_large_image","twitter_misc":{"Est. reading time":"1 minute"},"schema":{"@context":"https:\/\/schema.org","@graph":[{"@type":"WebPage","@id":"https:\/\/www.istegroup.com\/en\/produit\/electronique-fondamentale-1\/","url":"https:\/\/www.istegroup.com\/en\/produit\/electronique-fondamentale-1\/","name":"\u00c9lectronique fondamentale 1 - ISTE Group","isPartOf":{"@id":"https:\/\/www.istegroup.com\/#website"},"primaryImageOfPage":{"@id":"https:\/\/www.istegroup.com\/en\/produit\/electronique-fondamentale-1\/#primaryimage"},"image":{"@id":"https:\/\/www.istegroup.com\/en\/produit\/electronique-fondamentale-1\/#primaryimage"},"thumbnailUrl":"https:\/\/www.istegroup.com\/wp-content\/uploads\/2019\/01\/Muret-1_Front.jpg","datePublished":"2019-01-22T10:24:00+00:00","dateModified":"2024-01-03T13:42:53+00:00","description":"\u00c9lectronique fondamentale 1 s\u2019int\u00e9resse aux diodes, aux transistors bipolaires, aux transistors \u00e0 effet de champ et aux amplificateurs.","breadcrumb":{"@id":"https:\/\/www.istegroup.com\/en\/produit\/electronique-fondamentale-1\/#breadcrumb"},"inLanguage":"en-US","potentialAction":[{"@type":"ReadAction","target":["https:\/\/www.istegroup.com\/en\/produit\/electronique-fondamentale-1\/"]}]},{"@type":"ImageObject","inLanguage":"en-US","@id":"https:\/\/www.istegroup.com\/en\/produit\/electronique-fondamentale-1\/#primaryimage","url":"https:\/\/www.istegroup.com\/wp-content\/uploads\/2019\/01\/Muret-1_Front.jpg","contentUrl":"https:\/\/www.istegroup.com\/wp-content\/uploads\/2019\/01\/Muret-1_Front.jpg","width":605,"height":911,"caption":"Composants \u00e9lectroniques et fonctions \u00e9l\u00e9mentaires"},{"@type":"BreadcrumbList","@id":"https:\/\/www.istegroup.com\/en\/produit\/electronique-fondamentale-1\/#breadcrumb","itemListElement":[{"@type":"ListItem","position":1,"name":"Home","item":"https:\/\/www.istegroup.com\/"},{"@type":"ListItem","position":2,"name":"Shop","item":"https:\/\/www.istegroup.com\/fr\/nouveautes\/"},{"@type":"ListItem","position":3,"name":"\u00c9lectronique fondamentale 1"}]},{"@type":"WebSite","@id":"https:\/\/www.istegroup.com\/#website","url":"https:\/\/www.istegroup.com\/","name":"ISTE Group","description":"Publishing Knowledge","potentialAction":[{"@type":"SearchAction","target":{"@type":"EntryPoint","urlTemplate":"https:\/\/www.istegroup.com\/?s={search_term_string}"},"query-input":{"@type":"PropertyValueSpecification","valueRequired":true,"valueName":"search_term_string"}}],"inLanguage":"en-US"}]}},"_links":{"self":[{"href":"https:\/\/www.istegroup.com\/en\/wp-json\/wp\/v2\/product\/16807","targetHints":{"allow":["GET"]}}],"collection":[{"href":"https:\/\/www.istegroup.com\/en\/wp-json\/wp\/v2\/product"}],"about":[{"href":"https:\/\/www.istegroup.com\/en\/wp-json\/wp\/v2\/types\/product"}],"wp:featuredmedia":[{"embeddable":true,"href":"https:\/\/www.istegroup.com\/en\/wp-json\/wp\/v2\/media\/16817"}],"wp:attachment":[{"href":"https:\/\/www.istegroup.com\/en\/wp-json\/wp\/v2\/media?parent=16807"}],"wp:term":[{"taxonomy":"product_brand","embeddable":true,"href":"https:\/\/www.istegroup.com\/en\/wp-json\/wp\/v2\/product_brand?post=16807"},{"taxonomy":"product_cat","embeddable":true,"href":"https:\/\/www.istegroup.com\/en\/wp-json\/wp\/v2\/product_cat?post=16807"},{"taxonomy":"product_tag","embeddable":true,"href":"https:\/\/www.istegroup.com\/en\/wp-json\/wp\/v2\/product_tag?post=16807"}],"curies":[{"name":"wp","href":"https:\/\/api.w.org\/{rel}","templated":true}]}}