{"id":16244,"date":"2018-11-23T15:16:01","date_gmt":"2018-11-23T14:16:01","guid":{"rendered":"https:\/\/www.istegroup.com\/?post_type=product&#038;p=16244"},"modified":"2024-01-03T13:42:53","modified_gmt":"2024-01-03T13:42:53","slug":"experimentation-et-modelisation-en-sciences-cognitives","status":"publish","type":"product","link":"https:\/\/www.istegroup.com\/en\/produit\/experimentation-et-modelisation-en-sciences-cognitives\/","title":{"rendered":"Exp\u00e9rimentation et mod\u00e9lisation en sciences cognitives"},"content":{"rendered":"<p>Cet ouvrage pr\u00e9sente le design d\u2019exp\u00e9rimentations et la mod\u00e9lisation en sciences cognitives. Il d\u00e9crit toutes les \u00e9tapes de la d\u00e9marche exp\u00e9rimentale, de la conception du plan exp\u00e9rimental \u00e0 la cr\u00e9ation de stimuli automatis\u00e9s et leur pr\u00e9sentation informatis\u00e9e, jusqu\u2019aux analyses statistiques et \u00e0 la mod\u00e9lisation des donn\u00e9es.<\/p>\n<p><em>Exp\u00e9rimentation et mod\u00e9lisation en sciences cognitives\u00a0<\/em>montre l\u2019int\u00e9r\u00eat de la programmation pour automatiser ces diff\u00e9rentes \u00e9tapes, dont les t\u00e2ches peuvent devenir fastidieuses. En comparant les solutions logicielles, il pr\u00e9sente en particulier les nombreuses vertus de MATLAB<sup>\u00ae\u00a0<\/sup>pour montrer que des programmes simples s\u2019av\u00e8rent essentiels \u00e0 une exp\u00e9rimentation rigoureuse et \u00e0 la mod\u00e9lisation des donn\u00e9es. Plusieurs chapitres indiquent comment simuler des donn\u00e9es acquises, en d\u00e9crivant par exemple les notions d\u2019ajustement, de vraisemblance et en proposant une initiation \u00e0 l\u2019inf\u00e9rence bay\u00e9sienne.<\/p>\n","protected":false},"excerpt":{"rendered":"<p>Cet ouvrage pr\u00e9sente le design d\u2019exp\u00e9rimentations et la mod\u00e9lisation en sciences cognitives. Il d\u00e9crit toutes les \u00e9tapes de la d\u00e9marche exp\u00e9rimentale, de la conception du plan exp\u00e9rimental \u00e0 la cr\u00e9ation de stimuli automatis\u00e9s et leur pr\u00e9sentation informatis\u00e9e, jusqu\u2019aux analyses statistiques et \u00e0 la mod\u00e9lisation des donn\u00e9es. Exp\u00e9rimentation et mod\u00e9lisation en sciences cognitives\u00a0montre l\u2019int\u00e9r\u00eat de la [&hellip;]<\/p>\n","protected":false},"featured_media":16252,"template":"","meta":{"_acf_changed":false,"_links_to":"","_links_to_target":""},"product_brand":[],"product_cat":[3262],"product_tag":[],"class_list":{"0":"post-16244","1":"product","2":"type-product","3":"status-publish","4":"has-post-thumbnail","6":"product_cat-non-classe","8":"first","9":"instock","10":"shipping-taxable","11":"purchasable","12":"product-type-variable"},"acf":[],"yoast_head":"<!-- This site is optimized with the Yoast SEO plugin v27.2 - https:\/\/yoast.com\/product\/yoast-seo-wordpress\/ -->\n<title>Exp\u00e9rimentation et mod\u00e9lisation en sciences cognitives - ISTE Group<\/title>\n<meta name=\"description\" content=\"Exp\u00e9rimentation et mod\u00e9lisation en sciences cognitives\u00a0montre l\u2019int\u00e9r\u00eat de la programmation pour automatiser ces diff\u00e9rentes \u00e9tapes, dont les t\u00e2ches peuvent devenir fastidieuses.\" \/>\n<meta name=\"robots\" content=\"index, follow, max-snippet:-1, max-image-preview:large, max-video-preview:-1\" \/>\n<link rel=\"canonical\" href=\"https:\/\/www.istegroup.com\/fr\/produit\/experimentation-et-modelisation-en-sciences-cognitives\/\" \/>\n<meta property=\"og:locale\" content=\"en_US\" \/>\n<meta property=\"og:type\" content=\"article\" \/>\n<meta property=\"og:title\" content=\"Exp\u00e9rimentation et mod\u00e9lisation en sciences cognitives - ISTE Group\" \/>\n<meta property=\"og:description\" content=\"Exp\u00e9rimentation et mod\u00e9lisation en sciences cognitives\u00a0montre l\u2019int\u00e9r\u00eat de la programmation pour automatiser ces diff\u00e9rentes \u00e9tapes, dont les t\u00e2ches peuvent devenir fastidieuses.\" \/>\n<meta property=\"og:url\" content=\"https:\/\/www.istegroup.com\/fr\/produit\/experimentation-et-modelisation-en-sciences-cognitives\/\" \/>\n<meta property=\"og:site_name\" content=\"ISTE Group\" \/>\n<meta property=\"article:modified_time\" content=\"2024-01-03T13:42:53+00:00\" \/>\n<meta property=\"og:image\" content=\"https:\/\/www.istegroup.com\/wp-content\/uploads\/2018\/11\/Mathy_Front.jpg\" \/>\n\t<meta property=\"og:image:width\" content=\"605\" \/>\n\t<meta property=\"og:image:height\" content=\"910\" \/>\n\t<meta property=\"og:image:type\" content=\"image\/jpeg\" \/>\n<meta name=\"twitter:card\" content=\"summary_large_image\" \/>\n<meta name=\"twitter:label1\" content=\"Est. reading time\" \/>\n\t<meta name=\"twitter:data1\" content=\"1 minute\" \/>\n<script type=\"application\/ld+json\" class=\"yoast-schema-graph\">{\"@context\":\"https:\/\/schema.org\",\"@graph\":[{\"@type\":\"WebPage\",\"@id\":\"https:\/\/www.istegroup.com\/fr\/produit\/experimentation-et-modelisation-en-sciences-cognitives\/\",\"url\":\"https:\/\/www.istegroup.com\/fr\/produit\/experimentation-et-modelisation-en-sciences-cognitives\/\",\"name\":\"Exp\u00e9rimentation et mod\u00e9lisation en sciences cognitives - ISTE Group\",\"isPartOf\":{\"@id\":\"https:\/\/www.istegroup.com\/#website\"},\"primaryImageOfPage\":{\"@id\":\"https:\/\/www.istegroup.com\/fr\/produit\/experimentation-et-modelisation-en-sciences-cognitives\/#primaryimage\"},\"image\":{\"@id\":\"https:\/\/www.istegroup.com\/fr\/produit\/experimentation-et-modelisation-en-sciences-cognitives\/#primaryimage\"},\"thumbnailUrl\":\"https:\/\/www.istegroup.com\/wp-content\/uploads\/2018\/11\/Mathy_Front.jpg\",\"datePublished\":\"2018-11-23T14:16:01+00:00\",\"dateModified\":\"2024-01-03T13:42:53+00:00\",\"description\":\"Exp\u00e9rimentation et mod\u00e9lisation en sciences cognitives\u00a0montre l\u2019int\u00e9r\u00eat de la programmation pour automatiser ces diff\u00e9rentes \u00e9tapes, dont les t\u00e2ches peuvent devenir fastidieuses.\",\"breadcrumb\":{\"@id\":\"https:\/\/www.istegroup.com\/fr\/produit\/experimentation-et-modelisation-en-sciences-cognitives\/#breadcrumb\"},\"inLanguage\":\"en-US\",\"potentialAction\":[{\"@type\":\"ReadAction\",\"target\":[\"https:\/\/www.istegroup.com\/fr\/produit\/experimentation-et-modelisation-en-sciences-cognitives\/\"]}]},{\"@type\":\"ImageObject\",\"inLanguage\":\"en-US\",\"@id\":\"https:\/\/www.istegroup.com\/fr\/produit\/experimentation-et-modelisation-en-sciences-cognitives\/#primaryimage\",\"url\":\"https:\/\/www.istegroup.com\/wp-content\/uploads\/2018\/11\/Mathy_Front.jpg\",\"contentUrl\":\"https:\/\/www.istegroup.com\/wp-content\/uploads\/2018\/11\/Mathy_Front.jpg\",\"width\":605,\"height\":910,\"caption\":\"MATLAB\u00ae, SPSS, Excel et E-Prime\"},{\"@type\":\"BreadcrumbList\",\"@id\":\"https:\/\/www.istegroup.com\/fr\/produit\/experimentation-et-modelisation-en-sciences-cognitives\/#breadcrumb\",\"itemListElement\":[{\"@type\":\"ListItem\",\"position\":1,\"name\":\"Home\",\"item\":\"https:\/\/www.istegroup.com\/\"},{\"@type\":\"ListItem\",\"position\":2,\"name\":\"Shop\",\"item\":\"https:\/\/www.istegroup.com\/fr\/nouveautes\/\"},{\"@type\":\"ListItem\",\"position\":3,\"name\":\"Exp\u00e9rimentation et mod\u00e9lisation en sciences cognitives\"}]},{\"@type\":\"WebSite\",\"@id\":\"https:\/\/www.istegroup.com\/#website\",\"url\":\"https:\/\/www.istegroup.com\/\",\"name\":\"ISTE Group\",\"description\":\"Publishing Knowledge\",\"potentialAction\":[{\"@type\":\"SearchAction\",\"target\":{\"@type\":\"EntryPoint\",\"urlTemplate\":\"https:\/\/www.istegroup.com\/?s={search_term_string}\"},\"query-input\":{\"@type\":\"PropertyValueSpecification\",\"valueRequired\":true,\"valueName\":\"search_term_string\"}}],\"inLanguage\":\"en-US\"}]}<\/script>\n<!-- \/ Yoast SEO plugin. -->","yoast_head_json":{"title":"Exp\u00e9rimentation et mod\u00e9lisation en sciences cognitives - ISTE Group","description":"Exp\u00e9rimentation et mod\u00e9lisation en sciences cognitives\u00a0montre l\u2019int\u00e9r\u00eat de la programmation pour automatiser ces diff\u00e9rentes \u00e9tapes, dont les t\u00e2ches peuvent devenir fastidieuses.","robots":{"index":"index","follow":"follow","max-snippet":"max-snippet:-1","max-image-preview":"max-image-preview:large","max-video-preview":"max-video-preview:-1"},"canonical":"https:\/\/www.istegroup.com\/fr\/produit\/experimentation-et-modelisation-en-sciences-cognitives\/","og_locale":"en_US","og_type":"article","og_title":"Exp\u00e9rimentation et mod\u00e9lisation en sciences cognitives - ISTE Group","og_description":"Exp\u00e9rimentation et mod\u00e9lisation en sciences cognitives\u00a0montre l\u2019int\u00e9r\u00eat de la programmation pour automatiser ces diff\u00e9rentes \u00e9tapes, dont les t\u00e2ches peuvent devenir fastidieuses.","og_url":"https:\/\/www.istegroup.com\/fr\/produit\/experimentation-et-modelisation-en-sciences-cognitives\/","og_site_name":"ISTE Group","article_modified_time":"2024-01-03T13:42:53+00:00","og_image":[{"width":605,"height":910,"url":"https:\/\/www.istegroup.com\/wp-content\/uploads\/2018\/11\/Mathy_Front.jpg","type":"image\/jpeg"}],"twitter_card":"summary_large_image","twitter_misc":{"Est. reading time":"1 minute"},"schema":{"@context":"https:\/\/schema.org","@graph":[{"@type":"WebPage","@id":"https:\/\/www.istegroup.com\/fr\/produit\/experimentation-et-modelisation-en-sciences-cognitives\/","url":"https:\/\/www.istegroup.com\/fr\/produit\/experimentation-et-modelisation-en-sciences-cognitives\/","name":"Exp\u00e9rimentation et mod\u00e9lisation en sciences cognitives - ISTE Group","isPartOf":{"@id":"https:\/\/www.istegroup.com\/#website"},"primaryImageOfPage":{"@id":"https:\/\/www.istegroup.com\/fr\/produit\/experimentation-et-modelisation-en-sciences-cognitives\/#primaryimage"},"image":{"@id":"https:\/\/www.istegroup.com\/fr\/produit\/experimentation-et-modelisation-en-sciences-cognitives\/#primaryimage"},"thumbnailUrl":"https:\/\/www.istegroup.com\/wp-content\/uploads\/2018\/11\/Mathy_Front.jpg","datePublished":"2018-11-23T14:16:01+00:00","dateModified":"2024-01-03T13:42:53+00:00","description":"Exp\u00e9rimentation et mod\u00e9lisation en sciences cognitives\u00a0montre l\u2019int\u00e9r\u00eat de la programmation pour automatiser ces diff\u00e9rentes \u00e9tapes, dont les t\u00e2ches peuvent devenir fastidieuses.","breadcrumb":{"@id":"https:\/\/www.istegroup.com\/fr\/produit\/experimentation-et-modelisation-en-sciences-cognitives\/#breadcrumb"},"inLanguage":"en-US","potentialAction":[{"@type":"ReadAction","target":["https:\/\/www.istegroup.com\/fr\/produit\/experimentation-et-modelisation-en-sciences-cognitives\/"]}]},{"@type":"ImageObject","inLanguage":"en-US","@id":"https:\/\/www.istegroup.com\/fr\/produit\/experimentation-et-modelisation-en-sciences-cognitives\/#primaryimage","url":"https:\/\/www.istegroup.com\/wp-content\/uploads\/2018\/11\/Mathy_Front.jpg","contentUrl":"https:\/\/www.istegroup.com\/wp-content\/uploads\/2018\/11\/Mathy_Front.jpg","width":605,"height":910,"caption":"MATLAB\u00ae, SPSS, Excel et E-Prime"},{"@type":"BreadcrumbList","@id":"https:\/\/www.istegroup.com\/fr\/produit\/experimentation-et-modelisation-en-sciences-cognitives\/#breadcrumb","itemListElement":[{"@type":"ListItem","position":1,"name":"Home","item":"https:\/\/www.istegroup.com\/"},{"@type":"ListItem","position":2,"name":"Shop","item":"https:\/\/www.istegroup.com\/fr\/nouveautes\/"},{"@type":"ListItem","position":3,"name":"Exp\u00e9rimentation et mod\u00e9lisation en sciences cognitives"}]},{"@type":"WebSite","@id":"https:\/\/www.istegroup.com\/#website","url":"https:\/\/www.istegroup.com\/","name":"ISTE Group","description":"Publishing Knowledge","potentialAction":[{"@type":"SearchAction","target":{"@type":"EntryPoint","urlTemplate":"https:\/\/www.istegroup.com\/?s={search_term_string}"},"query-input":{"@type":"PropertyValueSpecification","valueRequired":true,"valueName":"search_term_string"}}],"inLanguage":"en-US"}]}},"_links":{"self":[{"href":"https:\/\/www.istegroup.com\/en\/wp-json\/wp\/v2\/product\/16244","targetHints":{"allow":["GET"]}}],"collection":[{"href":"https:\/\/www.istegroup.com\/en\/wp-json\/wp\/v2\/product"}],"about":[{"href":"https:\/\/www.istegroup.com\/en\/wp-json\/wp\/v2\/types\/product"}],"wp:featuredmedia":[{"embeddable":true,"href":"https:\/\/www.istegroup.com\/en\/wp-json\/wp\/v2\/media\/16252"}],"wp:attachment":[{"href":"https:\/\/www.istegroup.com\/en\/wp-json\/wp\/v2\/media?parent=16244"}],"wp:term":[{"taxonomy":"product_brand","embeddable":true,"href":"https:\/\/www.istegroup.com\/en\/wp-json\/wp\/v2\/product_brand?post=16244"},{"taxonomy":"product_cat","embeddable":true,"href":"https:\/\/www.istegroup.com\/en\/wp-json\/wp\/v2\/product_cat?post=16244"},{"taxonomy":"product_tag","embeddable":true,"href":"https:\/\/www.istegroup.com\/en\/wp-json\/wp\/v2\/product_tag?post=16244"}],"curies":[{"name":"wp","href":"https:\/\/api.w.org\/{rel}","templated":true}]}}