{"id":16237,"date":"2018-11-23T15:09:40","date_gmt":"2018-11-23T14:09:40","guid":{"rendered":"https:\/\/www.istegroup.com\/?post_type=product&#038;p=16237"},"modified":"2024-01-03T13:42:53","modified_gmt":"2024-01-03T13:42:53","slug":"la-mesure-du-trouble-mental","status":"publish","type":"product","link":"https:\/\/www.istegroup.com\/en\/produit\/la-mesure-du-trouble-mental\/","title":{"rendered":"La mesure du trouble mental"},"content":{"rendered":"<p>Le recours aux tests est devenu incontournable dans le diagnostic et l\u2019\u00e9valuation des troubles mentaux. La publication de manuels a permis d\u2019en standardiser la forme en psychiatrie comme en psychologie.<\/p>\n<p>Rarement examin\u00e9s, les origines de ces tests, leur essor et leur impact sur la vie des patients font ici l\u2019objet d\u2019une \u00e9tude qui s\u2019appuie sur le regard des sciences sociales.<\/p>\n<p><em>La mesure du trouble mental<\/em>\u00a0retrace les fondements de ces outils, en vue d\u2019interroger la plus-value de leur emploi dans l\u2019\u00e9tude des troubles mentaux, et examine les raisons qui ont men\u00e9 au succ\u00e8s de ce type de mesures bien au-del\u00e0 du champ des sciences. L\u2019usage concret de ces tests est \u00e9galement \u00e9tudi\u00e9 aupr\u00e8s des patients et de leurs proches, dans le cas du diagnostic de la maladie d\u2019Alzheimer, mais \u00e9galement au sein du monde du travail.<\/p>\n","protected":false},"excerpt":{"rendered":"<p>Le recours aux tests est devenu incontournable dans le diagnostic et l\u2019\u00e9valuation des troubles mentaux. La publication de manuels a permis d\u2019en standardiser la forme en psychiatrie comme en psychologie. Rarement examin\u00e9s, les origines de ces tests, leur essor et leur impact sur la vie des patients font ici l\u2019objet d\u2019une \u00e9tude qui s\u2019appuie sur [&hellip;]<\/p>\n","protected":false},"featured_media":16243,"template":"","meta":{"_acf_changed":false,"_links_to":"","_links_to_target":""},"product_brand":[],"product_cat":[3262],"product_tag":[],"class_list":{"0":"post-16237","1":"product","2":"type-product","3":"status-publish","4":"has-post-thumbnail","6":"product_cat-non-classe","8":"first","9":"instock","10":"shipping-taxable","11":"purchasable","12":"product-type-variable"},"acf":[],"yoast_head":"<!-- This site is optimized with the Yoast SEO plugin v27.2 - https:\/\/yoast.com\/product\/yoast-seo-wordpress\/ -->\n<title>La mesure du trouble mental - ISTE Group<\/title>\n<meta name=\"description\" content=\"La mesure du trouble mental\u00a0retrace les fondements de ces outils, en vue d\u2019interroger la plus-value de leur emploi dans l\u2019\u00e9tude des troubles mentaux, et examine les raisons qui ont men\u00e9 au succ\u00e8s de ce type de mesures bien au-del\u00e0 du champ des sciences.\" \/>\n<meta name=\"robots\" content=\"index, follow, max-snippet:-1, max-image-preview:large, max-video-preview:-1\" \/>\n<link rel=\"canonical\" href=\"https:\/\/www.istegroup.com\/en\/produit\/la-mesure-du-trouble-mental\/\" \/>\n<meta property=\"og:locale\" content=\"en_US\" \/>\n<meta property=\"og:type\" content=\"article\" \/>\n<meta property=\"og:title\" content=\"La mesure du trouble mental - ISTE Group\" \/>\n<meta property=\"og:description\" content=\"La mesure du trouble mental\u00a0retrace les fondements de ces outils, en vue d\u2019interroger la plus-value de leur emploi dans l\u2019\u00e9tude des troubles mentaux, et examine les raisons qui ont men\u00e9 au succ\u00e8s de ce type de mesures bien au-del\u00e0 du champ des sciences.\" \/>\n<meta property=\"og:url\" content=\"https:\/\/www.istegroup.com\/en\/produit\/la-mesure-du-trouble-mental\/\" \/>\n<meta property=\"og:site_name\" content=\"ISTE Group\" \/>\n<meta property=\"article:modified_time\" content=\"2024-01-03T13:42:53+00:00\" \/>\n<meta property=\"og:image\" content=\"https:\/\/www.istegroup.com\/wp-content\/uploads\/2018\/11\/Le-Moigne_Front.jpg\" \/>\n\t<meta property=\"og:image:width\" content=\"605\" \/>\n\t<meta property=\"og:image:height\" content=\"910\" \/>\n\t<meta property=\"og:image:type\" content=\"image\/jpeg\" \/>\n<meta name=\"twitter:card\" content=\"summary_large_image\" \/>\n<meta name=\"twitter:label1\" content=\"Est. reading time\" \/>\n\t<meta name=\"twitter:data1\" content=\"1 minute\" \/>\n<script type=\"application\/ld+json\" class=\"yoast-schema-graph\">{\"@context\":\"https:\/\/schema.org\",\"@graph\":[{\"@type\":\"WebPage\",\"@id\":\"https:\/\/www.istegroup.com\/en\/produit\/la-mesure-du-trouble-mental\/\",\"url\":\"https:\/\/www.istegroup.com\/en\/produit\/la-mesure-du-trouble-mental\/\",\"name\":\"La mesure du trouble mental - ISTE Group\",\"isPartOf\":{\"@id\":\"https:\/\/www.istegroup.com\/#website\"},\"primaryImageOfPage\":{\"@id\":\"https:\/\/www.istegroup.com\/en\/produit\/la-mesure-du-trouble-mental\/#primaryimage\"},\"image\":{\"@id\":\"https:\/\/www.istegroup.com\/en\/produit\/la-mesure-du-trouble-mental\/#primaryimage\"},\"thumbnailUrl\":\"https:\/\/www.istegroup.com\/wp-content\/uploads\/2018\/11\/Le-Moigne_Front.jpg\",\"datePublished\":\"2018-11-23T14:09:40+00:00\",\"dateModified\":\"2024-01-03T13:42:53+00:00\",\"description\":\"La mesure du trouble mental\u00a0retrace les fondements de ces outils, en vue d\u2019interroger la plus-value de leur emploi dans l\u2019\u00e9tude des troubles mentaux, et examine les raisons qui ont men\u00e9 au succ\u00e8s de ce type de mesures bien au-del\u00e0 du champ des sciences.\",\"breadcrumb\":{\"@id\":\"https:\/\/www.istegroup.com\/en\/produit\/la-mesure-du-trouble-mental\/#breadcrumb\"},\"inLanguage\":\"en-US\",\"potentialAction\":[{\"@type\":\"ReadAction\",\"target\":[\"https:\/\/www.istegroup.com\/en\/produit\/la-mesure-du-trouble-mental\/\"]}]},{\"@type\":\"ImageObject\",\"inLanguage\":\"en-US\",\"@id\":\"https:\/\/www.istegroup.com\/en\/produit\/la-mesure-du-trouble-mental\/#primaryimage\",\"url\":\"https:\/\/www.istegroup.com\/wp-content\/uploads\/2018\/11\/Le-Moigne_Front.jpg\",\"contentUrl\":\"https:\/\/www.istegroup.com\/wp-content\/uploads\/2018\/11\/Le-Moigne_Front.jpg\",\"width\":605,\"height\":910,\"caption\":\"Psychiatrie, sciences et soci\u00e9t\u00e9\"},{\"@type\":\"BreadcrumbList\",\"@id\":\"https:\/\/www.istegroup.com\/en\/produit\/la-mesure-du-trouble-mental\/#breadcrumb\",\"itemListElement\":[{\"@type\":\"ListItem\",\"position\":1,\"name\":\"Home\",\"item\":\"https:\/\/www.istegroup.com\/\"},{\"@type\":\"ListItem\",\"position\":2,\"name\":\"Shop\",\"item\":\"https:\/\/www.istegroup.com\/fr\/nouveautes\/\"},{\"@type\":\"ListItem\",\"position\":3,\"name\":\"La mesure du trouble mental\"}]},{\"@type\":\"WebSite\",\"@id\":\"https:\/\/www.istegroup.com\/#website\",\"url\":\"https:\/\/www.istegroup.com\/\",\"name\":\"ISTE Group\",\"description\":\"Publishing Knowledge\",\"potentialAction\":[{\"@type\":\"SearchAction\",\"target\":{\"@type\":\"EntryPoint\",\"urlTemplate\":\"https:\/\/www.istegroup.com\/?s={search_term_string}\"},\"query-input\":{\"@type\":\"PropertyValueSpecification\",\"valueRequired\":true,\"valueName\":\"search_term_string\"}}],\"inLanguage\":\"en-US\"}]}<\/script>\n<!-- \/ Yoast SEO plugin. -->","yoast_head_json":{"title":"La mesure du trouble mental - ISTE Group","description":"La mesure du trouble mental\u00a0retrace les fondements de ces outils, en vue d\u2019interroger la plus-value de leur emploi dans l\u2019\u00e9tude des troubles mentaux, et examine les raisons qui ont men\u00e9 au succ\u00e8s de ce type de mesures bien au-del\u00e0 du champ des sciences.","robots":{"index":"index","follow":"follow","max-snippet":"max-snippet:-1","max-image-preview":"max-image-preview:large","max-video-preview":"max-video-preview:-1"},"canonical":"https:\/\/www.istegroup.com\/en\/produit\/la-mesure-du-trouble-mental\/","og_locale":"en_US","og_type":"article","og_title":"La mesure du trouble mental - ISTE Group","og_description":"La mesure du trouble mental\u00a0retrace les fondements de ces outils, en vue d\u2019interroger la plus-value de leur emploi dans l\u2019\u00e9tude des troubles mentaux, et examine les raisons qui ont men\u00e9 au succ\u00e8s de ce type de mesures bien au-del\u00e0 du champ des sciences.","og_url":"https:\/\/www.istegroup.com\/en\/produit\/la-mesure-du-trouble-mental\/","og_site_name":"ISTE Group","article_modified_time":"2024-01-03T13:42:53+00:00","og_image":[{"width":605,"height":910,"url":"https:\/\/www.istegroup.com\/wp-content\/uploads\/2018\/11\/Le-Moigne_Front.jpg","type":"image\/jpeg"}],"twitter_card":"summary_large_image","twitter_misc":{"Est. reading time":"1 minute"},"schema":{"@context":"https:\/\/schema.org","@graph":[{"@type":"WebPage","@id":"https:\/\/www.istegroup.com\/en\/produit\/la-mesure-du-trouble-mental\/","url":"https:\/\/www.istegroup.com\/en\/produit\/la-mesure-du-trouble-mental\/","name":"La mesure du trouble mental - ISTE Group","isPartOf":{"@id":"https:\/\/www.istegroup.com\/#website"},"primaryImageOfPage":{"@id":"https:\/\/www.istegroup.com\/en\/produit\/la-mesure-du-trouble-mental\/#primaryimage"},"image":{"@id":"https:\/\/www.istegroup.com\/en\/produit\/la-mesure-du-trouble-mental\/#primaryimage"},"thumbnailUrl":"https:\/\/www.istegroup.com\/wp-content\/uploads\/2018\/11\/Le-Moigne_Front.jpg","datePublished":"2018-11-23T14:09:40+00:00","dateModified":"2024-01-03T13:42:53+00:00","description":"La mesure du trouble mental\u00a0retrace les fondements de ces outils, en vue d\u2019interroger la plus-value de leur emploi dans l\u2019\u00e9tude des troubles mentaux, et examine les raisons qui ont men\u00e9 au succ\u00e8s de ce type de mesures bien au-del\u00e0 du champ des sciences.","breadcrumb":{"@id":"https:\/\/www.istegroup.com\/en\/produit\/la-mesure-du-trouble-mental\/#breadcrumb"},"inLanguage":"en-US","potentialAction":[{"@type":"ReadAction","target":["https:\/\/www.istegroup.com\/en\/produit\/la-mesure-du-trouble-mental\/"]}]},{"@type":"ImageObject","inLanguage":"en-US","@id":"https:\/\/www.istegroup.com\/en\/produit\/la-mesure-du-trouble-mental\/#primaryimage","url":"https:\/\/www.istegroup.com\/wp-content\/uploads\/2018\/11\/Le-Moigne_Front.jpg","contentUrl":"https:\/\/www.istegroup.com\/wp-content\/uploads\/2018\/11\/Le-Moigne_Front.jpg","width":605,"height":910,"caption":"Psychiatrie, sciences et soci\u00e9t\u00e9"},{"@type":"BreadcrumbList","@id":"https:\/\/www.istegroup.com\/en\/produit\/la-mesure-du-trouble-mental\/#breadcrumb","itemListElement":[{"@type":"ListItem","position":1,"name":"Home","item":"https:\/\/www.istegroup.com\/"},{"@type":"ListItem","position":2,"name":"Shop","item":"https:\/\/www.istegroup.com\/fr\/nouveautes\/"},{"@type":"ListItem","position":3,"name":"La mesure du trouble mental"}]},{"@type":"WebSite","@id":"https:\/\/www.istegroup.com\/#website","url":"https:\/\/www.istegroup.com\/","name":"ISTE Group","description":"Publishing Knowledge","potentialAction":[{"@type":"SearchAction","target":{"@type":"EntryPoint","urlTemplate":"https:\/\/www.istegroup.com\/?s={search_term_string}"},"query-input":{"@type":"PropertyValueSpecification","valueRequired":true,"valueName":"search_term_string"}}],"inLanguage":"en-US"}]}},"_links":{"self":[{"href":"https:\/\/www.istegroup.com\/en\/wp-json\/wp\/v2\/product\/16237","targetHints":{"allow":["GET"]}}],"collection":[{"href":"https:\/\/www.istegroup.com\/en\/wp-json\/wp\/v2\/product"}],"about":[{"href":"https:\/\/www.istegroup.com\/en\/wp-json\/wp\/v2\/types\/product"}],"wp:featuredmedia":[{"embeddable":true,"href":"https:\/\/www.istegroup.com\/en\/wp-json\/wp\/v2\/media\/16243"}],"wp:attachment":[{"href":"https:\/\/www.istegroup.com\/en\/wp-json\/wp\/v2\/media?parent=16237"}],"wp:term":[{"taxonomy":"product_brand","embeddable":true,"href":"https:\/\/www.istegroup.com\/en\/wp-json\/wp\/v2\/product_brand?post=16237"},{"taxonomy":"product_cat","embeddable":true,"href":"https:\/\/www.istegroup.com\/en\/wp-json\/wp\/v2\/product_cat?post=16237"},{"taxonomy":"product_tag","embeddable":true,"href":"https:\/\/www.istegroup.com\/en\/wp-json\/wp\/v2\/product_tag?post=16237"}],"curies":[{"name":"wp","href":"https:\/\/api.w.org\/{rel}","templated":true}]}}