{"id":16227,"date":"2018-11-23T15:05:31","date_gmt":"2018-11-23T14:05:31","guid":{"rendered":"https:\/\/www.istegroup.com\/?post_type=product&#038;p=16227"},"modified":"2024-01-03T13:42:49","modified_gmt":"2024-01-03T13:42:49","slug":"mobilites-face-aux-evenements-hydrometeorologiques-extremes-1","status":"publish","type":"product","link":"https:\/\/www.istegroup.com\/en\/produit\/mobilites-face-aux-evenements-hydrometeorologiques-extremes-1\/","title":{"rendered":"Mobilit\u00e9s face aux \u00e9v\u00e9nements hydrom\u00e9t\u00e9orologiques extr\u00eames 1"},"content":{"rendered":"<p>L\u2019interaction entre mobilit\u00e9 des hommes et dynamique des crues aboutit trop souvent \u00e0 des trag\u00e9dies qui pourraient \u00eatre \u00e9vit\u00e9es.<\/p>\n<p>Cet ouvrage collectif, fruit du travail d\u2019une \u00e9quipe interdisciplinaire, vise \u00e0 explorer les dynamiques sociales et hydrologiques pour comprendre les m\u00e9canismes qui m\u00e8nent soit \u00e0 des catastrophes, soit \u00e0 des \u00e9v\u00e9nements d\u2019impacts limit\u00e9s.<\/p>\n<p>Centr\u00e9 sur les crues rapides qui affectent le bassin m\u00e9diterran\u00e9en, cet ouvrage contribue \u00e0 d\u00e9finir ce qui caract\u00e9rise les \u00e9v\u00e9nements ayant un fort impact social, hydrologique, m\u00e9diatique ou territorial. Il explore les probl\u00e8mes sp\u00e9cifiques de la pr\u00e9vision de ces \u00e9v\u00e9nements et \u00e9tudie leurs cons\u00e9quences en termes de r\u00e9glementation, de d\u00e9veloppement territorial et de mobilit\u00e9 sociale. En termes m\u00e9thodologiques, il traite \u00e9galement de l\u2019int\u00e9r\u00eat d\u2019une approche multiscalaire dans l\u2019analyse sociohydrologique de l\u2019exposition des mobilit\u00e9s sociales aux crues rapides.<\/p>\n","protected":false},"excerpt":{"rendered":"<p>L\u2019interaction entre mobilit\u00e9 des hommes et dynamique des crues aboutit trop souvent \u00e0 des trag\u00e9dies qui pourraient \u00eatre \u00e9vit\u00e9es. Cet ouvrage collectif, fruit du travail d\u2019une \u00e9quipe interdisciplinaire, vise \u00e0 explorer les dynamiques sociales et hydrologiques pour comprendre les m\u00e9canismes qui m\u00e8nent soit \u00e0 des catastrophes, soit \u00e0 des \u00e9v\u00e9nements d\u2019impacts limit\u00e9s. Centr\u00e9 sur les [&hellip;]<\/p>\n","protected":false},"featured_media":16236,"template":"","meta":{"_acf_changed":false,"_links_to":"","_links_to_target":""},"product_brand":[],"product_cat":[3262],"product_tag":[],"class_list":{"0":"post-16227","1":"product","2":"type-product","3":"status-publish","4":"has-post-thumbnail","6":"product_cat-non-classe","8":"first","9":"instock","10":"shipping-taxable","11":"purchasable","12":"product-type-variable"},"acf":[],"yoast_head":"<!-- This site is optimized with the Yoast SEO plugin v27.2 - https:\/\/yoast.com\/product\/yoast-seo-wordpress\/ -->\n<title>Mobilit\u00e9s face aux \u00e9v\u00e9nements hydrom\u00e9t\u00e9orologiques extr\u00eames 1 - ISTE Group<\/title>\n<meta name=\"robots\" content=\"index, follow, max-snippet:-1, max-image-preview:large, max-video-preview:-1\" \/>\n<link rel=\"canonical\" href=\"https:\/\/www.istegroup.com\/fr\/produit\/mobilites-face-aux-evenements-hydrometeorologiques-extremes-1\/\" \/>\n<meta property=\"og:locale\" content=\"en_US\" \/>\n<meta property=\"og:type\" content=\"article\" \/>\n<meta property=\"og:title\" content=\"Mobilit\u00e9s face aux \u00e9v\u00e9nements hydrom\u00e9t\u00e9orologiques extr\u00eames 1 - ISTE Group\" \/>\n<meta property=\"og:description\" content=\"L\u2019interaction entre mobilit\u00e9 des hommes et dynamique des crues aboutit trop souvent \u00e0 des trag\u00e9dies qui pourraient \u00eatre \u00e9vit\u00e9es. Cet ouvrage collectif, fruit du travail d\u2019une \u00e9quipe interdisciplinaire, vise \u00e0 explorer les dynamiques sociales et hydrologiques pour comprendre les m\u00e9canismes qui m\u00e8nent soit \u00e0 des catastrophes, soit \u00e0 des \u00e9v\u00e9nements d\u2019impacts limit\u00e9s. Centr\u00e9 sur les [&hellip;]\" \/>\n<meta property=\"og:url\" content=\"https:\/\/www.istegroup.com\/fr\/produit\/mobilites-face-aux-evenements-hydrometeorologiques-extremes-1\/\" \/>\n<meta property=\"og:site_name\" content=\"ISTE Group\" \/>\n<meta property=\"article:modified_time\" content=\"2024-01-03T13:42:49+00:00\" \/>\n<meta property=\"og:image\" content=\"https:\/\/www.istegroup.com\/wp-content\/uploads\/2018\/11\/Lutoff-1_Front.jpg\" \/>\n\t<meta property=\"og:image:width\" content=\"606\" \/>\n\t<meta property=\"og:image:height\" content=\"910\" \/>\n\t<meta property=\"og:image:type\" content=\"image\/jpeg\" \/>\n<meta name=\"twitter:card\" content=\"summary_large_image\" \/>\n<meta name=\"twitter:label1\" content=\"Est. reading time\" \/>\n\t<meta name=\"twitter:data1\" content=\"1 minute\" \/>\n<script type=\"application\/ld+json\" class=\"yoast-schema-graph\">{\"@context\":\"https:\/\/schema.org\",\"@graph\":[{\"@type\":\"WebPage\",\"@id\":\"https:\/\/www.istegroup.com\/fr\/produit\/mobilites-face-aux-evenements-hydrometeorologiques-extremes-1\/\",\"url\":\"https:\/\/www.istegroup.com\/fr\/produit\/mobilites-face-aux-evenements-hydrometeorologiques-extremes-1\/\",\"name\":\"Mobilit\u00e9s face aux \u00e9v\u00e9nements hydrom\u00e9t\u00e9orologiques extr\u00eames 1 - ISTE Group\",\"isPartOf\":{\"@id\":\"https:\/\/www.istegroup.com\/#website\"},\"primaryImageOfPage\":{\"@id\":\"https:\/\/www.istegroup.com\/fr\/produit\/mobilites-face-aux-evenements-hydrometeorologiques-extremes-1\/#primaryimage\"},\"image\":{\"@id\":\"https:\/\/www.istegroup.com\/fr\/produit\/mobilites-face-aux-evenements-hydrometeorologiques-extremes-1\/#primaryimage\"},\"thumbnailUrl\":\"https:\/\/www.istegroup.com\/wp-content\/uploads\/2018\/11\/Lutoff-1_Front.jpg\",\"datePublished\":\"2018-11-23T14:05:31+00:00\",\"dateModified\":\"2024-01-03T13:42:49+00:00\",\"breadcrumb\":{\"@id\":\"https:\/\/www.istegroup.com\/fr\/produit\/mobilites-face-aux-evenements-hydrometeorologiques-extremes-1\/#breadcrumb\"},\"inLanguage\":\"en-US\",\"potentialAction\":[{\"@type\":\"ReadAction\",\"target\":[\"https:\/\/www.istegroup.com\/fr\/produit\/mobilites-face-aux-evenements-hydrometeorologiques-extremes-1\/\"]}]},{\"@type\":\"ImageObject\",\"inLanguage\":\"en-US\",\"@id\":\"https:\/\/www.istegroup.com\/fr\/produit\/mobilites-face-aux-evenements-hydrometeorologiques-extremes-1\/#primaryimage\",\"url\":\"https:\/\/www.istegroup.com\/wp-content\/uploads\/2018\/11\/Lutoff-1_Front.jpg\",\"contentUrl\":\"https:\/\/www.istegroup.com\/wp-content\/uploads\/2018\/11\/Lutoff-1_Front.jpg\",\"width\":606,\"height\":910,\"caption\":\"D\u00e9finition des \u00e9chelles de r\u00e9f\u00e9rence\"},{\"@type\":\"BreadcrumbList\",\"@id\":\"https:\/\/www.istegroup.com\/fr\/produit\/mobilites-face-aux-evenements-hydrometeorologiques-extremes-1\/#breadcrumb\",\"itemListElement\":[{\"@type\":\"ListItem\",\"position\":1,\"name\":\"Home\",\"item\":\"https:\/\/www.istegroup.com\/\"},{\"@type\":\"ListItem\",\"position\":2,\"name\":\"Shop\",\"item\":\"https:\/\/www.istegroup.com\/fr\/nouveautes\/\"},{\"@type\":\"ListItem\",\"position\":3,\"name\":\"Mobilit\u00e9s face aux \u00e9v\u00e9nements hydrom\u00e9t\u00e9orologiques extr\u00eames 1\"}]},{\"@type\":\"WebSite\",\"@id\":\"https:\/\/www.istegroup.com\/#website\",\"url\":\"https:\/\/www.istegroup.com\/\",\"name\":\"ISTE Group\",\"description\":\"Publishing Knowledge\",\"potentialAction\":[{\"@type\":\"SearchAction\",\"target\":{\"@type\":\"EntryPoint\",\"urlTemplate\":\"https:\/\/www.istegroup.com\/?s={search_term_string}\"},\"query-input\":{\"@type\":\"PropertyValueSpecification\",\"valueRequired\":true,\"valueName\":\"search_term_string\"}}],\"inLanguage\":\"en-US\"}]}<\/script>\n<!-- \/ Yoast SEO plugin. -->","yoast_head_json":{"title":"Mobilit\u00e9s face aux \u00e9v\u00e9nements hydrom\u00e9t\u00e9orologiques extr\u00eames 1 - ISTE Group","robots":{"index":"index","follow":"follow","max-snippet":"max-snippet:-1","max-image-preview":"max-image-preview:large","max-video-preview":"max-video-preview:-1"},"canonical":"https:\/\/www.istegroup.com\/fr\/produit\/mobilites-face-aux-evenements-hydrometeorologiques-extremes-1\/","og_locale":"en_US","og_type":"article","og_title":"Mobilit\u00e9s face aux \u00e9v\u00e9nements hydrom\u00e9t\u00e9orologiques extr\u00eames 1 - ISTE Group","og_description":"L\u2019interaction entre mobilit\u00e9 des hommes et dynamique des crues aboutit trop souvent \u00e0 des trag\u00e9dies qui pourraient \u00eatre \u00e9vit\u00e9es. Cet ouvrage collectif, fruit du travail d\u2019une \u00e9quipe interdisciplinaire, vise \u00e0 explorer les dynamiques sociales et hydrologiques pour comprendre les m\u00e9canismes qui m\u00e8nent soit \u00e0 des catastrophes, soit \u00e0 des \u00e9v\u00e9nements d\u2019impacts limit\u00e9s. Centr\u00e9 sur les [&hellip;]","og_url":"https:\/\/www.istegroup.com\/fr\/produit\/mobilites-face-aux-evenements-hydrometeorologiques-extremes-1\/","og_site_name":"ISTE Group","article_modified_time":"2024-01-03T13:42:49+00:00","og_image":[{"width":606,"height":910,"url":"https:\/\/www.istegroup.com\/wp-content\/uploads\/2018\/11\/Lutoff-1_Front.jpg","type":"image\/jpeg"}],"twitter_card":"summary_large_image","twitter_misc":{"Est. reading time":"1 minute"},"schema":{"@context":"https:\/\/schema.org","@graph":[{"@type":"WebPage","@id":"https:\/\/www.istegroup.com\/fr\/produit\/mobilites-face-aux-evenements-hydrometeorologiques-extremes-1\/","url":"https:\/\/www.istegroup.com\/fr\/produit\/mobilites-face-aux-evenements-hydrometeorologiques-extremes-1\/","name":"Mobilit\u00e9s face aux \u00e9v\u00e9nements hydrom\u00e9t\u00e9orologiques extr\u00eames 1 - ISTE Group","isPartOf":{"@id":"https:\/\/www.istegroup.com\/#website"},"primaryImageOfPage":{"@id":"https:\/\/www.istegroup.com\/fr\/produit\/mobilites-face-aux-evenements-hydrometeorologiques-extremes-1\/#primaryimage"},"image":{"@id":"https:\/\/www.istegroup.com\/fr\/produit\/mobilites-face-aux-evenements-hydrometeorologiques-extremes-1\/#primaryimage"},"thumbnailUrl":"https:\/\/www.istegroup.com\/wp-content\/uploads\/2018\/11\/Lutoff-1_Front.jpg","datePublished":"2018-11-23T14:05:31+00:00","dateModified":"2024-01-03T13:42:49+00:00","breadcrumb":{"@id":"https:\/\/www.istegroup.com\/fr\/produit\/mobilites-face-aux-evenements-hydrometeorologiques-extremes-1\/#breadcrumb"},"inLanguage":"en-US","potentialAction":[{"@type":"ReadAction","target":["https:\/\/www.istegroup.com\/fr\/produit\/mobilites-face-aux-evenements-hydrometeorologiques-extremes-1\/"]}]},{"@type":"ImageObject","inLanguage":"en-US","@id":"https:\/\/www.istegroup.com\/fr\/produit\/mobilites-face-aux-evenements-hydrometeorologiques-extremes-1\/#primaryimage","url":"https:\/\/www.istegroup.com\/wp-content\/uploads\/2018\/11\/Lutoff-1_Front.jpg","contentUrl":"https:\/\/www.istegroup.com\/wp-content\/uploads\/2018\/11\/Lutoff-1_Front.jpg","width":606,"height":910,"caption":"D\u00e9finition des \u00e9chelles de r\u00e9f\u00e9rence"},{"@type":"BreadcrumbList","@id":"https:\/\/www.istegroup.com\/fr\/produit\/mobilites-face-aux-evenements-hydrometeorologiques-extremes-1\/#breadcrumb","itemListElement":[{"@type":"ListItem","position":1,"name":"Home","item":"https:\/\/www.istegroup.com\/"},{"@type":"ListItem","position":2,"name":"Shop","item":"https:\/\/www.istegroup.com\/fr\/nouveautes\/"},{"@type":"ListItem","position":3,"name":"Mobilit\u00e9s face aux \u00e9v\u00e9nements hydrom\u00e9t\u00e9orologiques extr\u00eames 1"}]},{"@type":"WebSite","@id":"https:\/\/www.istegroup.com\/#website","url":"https:\/\/www.istegroup.com\/","name":"ISTE Group","description":"Publishing Knowledge","potentialAction":[{"@type":"SearchAction","target":{"@type":"EntryPoint","urlTemplate":"https:\/\/www.istegroup.com\/?s={search_term_string}"},"query-input":{"@type":"PropertyValueSpecification","valueRequired":true,"valueName":"search_term_string"}}],"inLanguage":"en-US"}]}},"_links":{"self":[{"href":"https:\/\/www.istegroup.com\/en\/wp-json\/wp\/v2\/product\/16227","targetHints":{"allow":["GET"]}}],"collection":[{"href":"https:\/\/www.istegroup.com\/en\/wp-json\/wp\/v2\/product"}],"about":[{"href":"https:\/\/www.istegroup.com\/en\/wp-json\/wp\/v2\/types\/product"}],"wp:featuredmedia":[{"embeddable":true,"href":"https:\/\/www.istegroup.com\/en\/wp-json\/wp\/v2\/media\/16236"}],"wp:attachment":[{"href":"https:\/\/www.istegroup.com\/en\/wp-json\/wp\/v2\/media?parent=16227"}],"wp:term":[{"taxonomy":"product_brand","embeddable":true,"href":"https:\/\/www.istegroup.com\/en\/wp-json\/wp\/v2\/product_brand?post=16227"},{"taxonomy":"product_cat","embeddable":true,"href":"https:\/\/www.istegroup.com\/en\/wp-json\/wp\/v2\/product_cat?post=16227"},{"taxonomy":"product_tag","embeddable":true,"href":"https:\/\/www.istegroup.com\/en\/wp-json\/wp\/v2\/product_tag?post=16227"}],"curies":[{"name":"wp","href":"https:\/\/api.w.org\/{rel}","templated":true}]}}