{"id":16195,"date":"2018-11-23T14:29:44","date_gmt":"2018-11-23T13:29:44","guid":{"rendered":"https:\/\/www.istegroup.com\/?post_type=product&#038;p=16195"},"modified":"2024-01-03T13:42:49","modified_gmt":"2024-01-03T13:42:49","slug":"methodes-statistiques-pour-lanalyse-de-donnees-de-comptage-surdispersees","status":"publish","type":"product","link":"https:\/\/www.istegroup.com\/en\/produit\/methodes-statistiques-pour-lanalyse-de-donnees-de-comptage-surdispersees\/","title":{"rendered":"M\u00e9thodes statistiques pour l\u2019analyse de donn\u00e9es de comptage surdispers\u00e9es"},"content":{"rendered":"<p>La surdispersion est un ph\u00e9nom\u00e8ne couramment rencontr\u00e9 en analyse statistique des donn\u00e9es de comptage. Elle survient dans de nombreux domaines comme l\u2019assurance, l\u2019\u00e9conomie et l\u2019\u00e9pid\u00e9miologie. Ses causes sont vari\u00e9es, par exemple la pr\u00e9sence d\u2019une h\u00e9t\u00e9rog\u00e9n\u00e9it\u00e9 inobserv\u00e9e entre individus ou l\u2019inflation de z\u00e9ros.<\/p>\n<p>Cet ouvrage pr\u00e9sente des m\u00e9thodes et mod\u00e8les statistiques qui permettent de prendre en compte cette surdispersion. Il met l\u02bcaccent notamment sur les avanc\u00e9es r\u00e9centes obtenues dans le domaine des mod\u00e8les de r\u00e9gression \u00e0 inflation de z\u00e9ros. Des applications sur donn\u00e9es r\u00e9elles, trait\u00e9es avec le logiciel R, accompagnent la pr\u00e9sentation. En particulier, un jeu de donn\u00e9es issu du champ de l\u2019\u00e9conomie de la sant\u00e9 sert de fil conducteur dans la majeure partie de l\u2019ouvrage.<\/p>\n<p><em>M\u00e9thodes statistiques pour l\u2019analyse de donn\u00e9es de comptage surdispers\u00e9es<\/em>\u00a0est accessible \u00e0 tout lecteur, statisticien de formation ou non, qui sait mettre en oeuvre les mod\u00e8les de r\u00e9gression lin\u00e9aires et lin\u00e9aires g\u00e9n\u00e9ralis\u00e9s.<\/p>\n","protected":false},"excerpt":{"rendered":"<p>La surdispersion est un ph\u00e9nom\u00e8ne couramment rencontr\u00e9 en analyse statistique des donn\u00e9es de comptage. Elle survient dans de nombreux domaines comme l\u2019assurance, l\u2019\u00e9conomie et l\u2019\u00e9pid\u00e9miologie. Ses causes sont vari\u00e9es, par exemple la pr\u00e9sence d\u2019une h\u00e9t\u00e9rog\u00e9n\u00e9it\u00e9 inobserv\u00e9e entre individus ou l\u2019inflation de z\u00e9ros. Cet ouvrage pr\u00e9sente des m\u00e9thodes et mod\u00e8les statistiques qui permettent de prendre en [&hellip;]<\/p>\n","protected":false},"featured_media":16201,"template":"","meta":{"_acf_changed":false,"_links_to":"","_links_to_target":""},"product_brand":[],"product_cat":[3262],"product_tag":[],"class_list":{"0":"post-16195","1":"product","2":"type-product","3":"status-publish","4":"has-post-thumbnail","6":"product_cat-non-classe","8":"first","9":"instock","10":"shipping-taxable","11":"purchasable","12":"product-type-variable"},"acf":[],"yoast_head":"<!-- This site is optimized with the Yoast SEO plugin v27.2 - https:\/\/yoast.com\/product\/yoast-seo-wordpress\/ -->\n<title>M\u00e9thodes statistiques pour l\u2019analyse de donn\u00e9es de comptage surdispers\u00e9es - ISTE Group<\/title>\n<meta name=\"description\" content=\"Cet ouvrage pr\u00e9sente des m\u00e9thodes et mod\u00e8les statistiques qui permettent de prendre en compte cette surdispersion.\" \/>\n<meta name=\"robots\" content=\"index, follow, max-snippet:-1, max-image-preview:large, max-video-preview:-1\" \/>\n<link rel=\"canonical\" href=\"https:\/\/www.istegroup.com\/en\/produit\/methodes-statistiques-pour-lanalyse-de-donnees-de-comptage-surdispersees\/\" \/>\n<meta property=\"og:locale\" content=\"en_US\" \/>\n<meta property=\"og:type\" content=\"article\" \/>\n<meta property=\"og:title\" content=\"M\u00e9thodes statistiques pour l\u2019analyse de donn\u00e9es de comptage surdispers\u00e9es - ISTE Group\" \/>\n<meta property=\"og:description\" content=\"Cet ouvrage pr\u00e9sente des m\u00e9thodes et mod\u00e8les statistiques qui permettent de prendre en compte cette surdispersion.\" \/>\n<meta property=\"og:url\" content=\"https:\/\/www.istegroup.com\/en\/produit\/methodes-statistiques-pour-lanalyse-de-donnees-de-comptage-surdispersees\/\" \/>\n<meta property=\"og:site_name\" content=\"ISTE Group\" \/>\n<meta property=\"article:modified_time\" content=\"2024-01-03T13:42:49+00:00\" \/>\n<meta property=\"og:image\" content=\"https:\/\/www.istegroup.com\/wp-content\/uploads\/2018\/11\/Dupuy_Front.jpg\" \/>\n\t<meta property=\"og:image:width\" content=\"603\" \/>\n\t<meta property=\"og:image:height\" content=\"908\" \/>\n\t<meta property=\"og:image:type\" content=\"image\/jpeg\" \/>\n<meta name=\"twitter:card\" content=\"summary_large_image\" \/>\n<meta name=\"twitter:label1\" content=\"Est. reading time\" \/>\n\t<meta name=\"twitter:data1\" content=\"1 minute\" \/>\n<script type=\"application\/ld+json\" class=\"yoast-schema-graph\">{\"@context\":\"https:\/\/schema.org\",\"@graph\":[{\"@type\":\"WebPage\",\"@id\":\"https:\/\/www.istegroup.com\/en\/produit\/methodes-statistiques-pour-lanalyse-de-donnees-de-comptage-surdispersees\/\",\"url\":\"https:\/\/www.istegroup.com\/en\/produit\/methodes-statistiques-pour-lanalyse-de-donnees-de-comptage-surdispersees\/\",\"name\":\"M\u00e9thodes statistiques pour l\u2019analyse de donn\u00e9es de comptage surdispers\u00e9es - ISTE Group\",\"isPartOf\":{\"@id\":\"https:\/\/www.istegroup.com\/#website\"},\"primaryImageOfPage\":{\"@id\":\"https:\/\/www.istegroup.com\/en\/produit\/methodes-statistiques-pour-lanalyse-de-donnees-de-comptage-surdispersees\/#primaryimage\"},\"image\":{\"@id\":\"https:\/\/www.istegroup.com\/en\/produit\/methodes-statistiques-pour-lanalyse-de-donnees-de-comptage-surdispersees\/#primaryimage\"},\"thumbnailUrl\":\"https:\/\/www.istegroup.com\/wp-content\/uploads\/2018\/11\/Dupuy_Front.jpg\",\"datePublished\":\"2018-11-23T13:29:44+00:00\",\"dateModified\":\"2024-01-03T13:42:49+00:00\",\"description\":\"Cet ouvrage pr\u00e9sente des m\u00e9thodes et mod\u00e8les statistiques qui permettent de prendre en compte cette surdispersion.\",\"breadcrumb\":{\"@id\":\"https:\/\/www.istegroup.com\/en\/produit\/methodes-statistiques-pour-lanalyse-de-donnees-de-comptage-surdispersees\/#breadcrumb\"},\"inLanguage\":\"en-US\",\"potentialAction\":[{\"@type\":\"ReadAction\",\"target\":[\"https:\/\/www.istegroup.com\/en\/produit\/methodes-statistiques-pour-lanalyse-de-donnees-de-comptage-surdispersees\/\"]}]},{\"@type\":\"ImageObject\",\"inLanguage\":\"en-US\",\"@id\":\"https:\/\/www.istegroup.com\/en\/produit\/methodes-statistiques-pour-lanalyse-de-donnees-de-comptage-surdispersees\/#primaryimage\",\"url\":\"https:\/\/www.istegroup.com\/wp-content\/uploads\/2018\/11\/Dupuy_Front.jpg\",\"contentUrl\":\"https:\/\/www.istegroup.com\/wp-content\/uploads\/2018\/11\/Dupuy_Front.jpg\",\"width\":603,\"height\":908,\"caption\":\"M\u00e9thodes statistiques pour l\u2019analyse de donn\u00e9es de comptage surdispers\u00e9es\"},{\"@type\":\"BreadcrumbList\",\"@id\":\"https:\/\/www.istegroup.com\/en\/produit\/methodes-statistiques-pour-lanalyse-de-donnees-de-comptage-surdispersees\/#breadcrumb\",\"itemListElement\":[{\"@type\":\"ListItem\",\"position\":1,\"name\":\"Home\",\"item\":\"https:\/\/www.istegroup.com\/\"},{\"@type\":\"ListItem\",\"position\":2,\"name\":\"Shop\",\"item\":\"https:\/\/www.istegroup.com\/fr\/nouveautes\/\"},{\"@type\":\"ListItem\",\"position\":3,\"name\":\"M\u00e9thodes statistiques pour l\u2019analyse de donn\u00e9es de comptage surdispers\u00e9es\"}]},{\"@type\":\"WebSite\",\"@id\":\"https:\/\/www.istegroup.com\/#website\",\"url\":\"https:\/\/www.istegroup.com\/\",\"name\":\"ISTE Group\",\"description\":\"Publishing Knowledge\",\"potentialAction\":[{\"@type\":\"SearchAction\",\"target\":{\"@type\":\"EntryPoint\",\"urlTemplate\":\"https:\/\/www.istegroup.com\/?s={search_term_string}\"},\"query-input\":{\"@type\":\"PropertyValueSpecification\",\"valueRequired\":true,\"valueName\":\"search_term_string\"}}],\"inLanguage\":\"en-US\"}]}<\/script>\n<!-- \/ Yoast SEO plugin. -->","yoast_head_json":{"title":"M\u00e9thodes statistiques pour l\u2019analyse de donn\u00e9es de comptage surdispers\u00e9es - ISTE Group","description":"Cet ouvrage pr\u00e9sente des m\u00e9thodes et mod\u00e8les statistiques qui permettent de prendre en compte cette surdispersion.","robots":{"index":"index","follow":"follow","max-snippet":"max-snippet:-1","max-image-preview":"max-image-preview:large","max-video-preview":"max-video-preview:-1"},"canonical":"https:\/\/www.istegroup.com\/en\/produit\/methodes-statistiques-pour-lanalyse-de-donnees-de-comptage-surdispersees\/","og_locale":"en_US","og_type":"article","og_title":"M\u00e9thodes statistiques pour l\u2019analyse de donn\u00e9es de comptage surdispers\u00e9es - ISTE Group","og_description":"Cet ouvrage pr\u00e9sente des m\u00e9thodes et mod\u00e8les statistiques qui permettent de prendre en compte cette surdispersion.","og_url":"https:\/\/www.istegroup.com\/en\/produit\/methodes-statistiques-pour-lanalyse-de-donnees-de-comptage-surdispersees\/","og_site_name":"ISTE Group","article_modified_time":"2024-01-03T13:42:49+00:00","og_image":[{"width":603,"height":908,"url":"https:\/\/www.istegroup.com\/wp-content\/uploads\/2018\/11\/Dupuy_Front.jpg","type":"image\/jpeg"}],"twitter_card":"summary_large_image","twitter_misc":{"Est. reading time":"1 minute"},"schema":{"@context":"https:\/\/schema.org","@graph":[{"@type":"WebPage","@id":"https:\/\/www.istegroup.com\/en\/produit\/methodes-statistiques-pour-lanalyse-de-donnees-de-comptage-surdispersees\/","url":"https:\/\/www.istegroup.com\/en\/produit\/methodes-statistiques-pour-lanalyse-de-donnees-de-comptage-surdispersees\/","name":"M\u00e9thodes statistiques pour l\u2019analyse de donn\u00e9es de comptage surdispers\u00e9es - ISTE Group","isPartOf":{"@id":"https:\/\/www.istegroup.com\/#website"},"primaryImageOfPage":{"@id":"https:\/\/www.istegroup.com\/en\/produit\/methodes-statistiques-pour-lanalyse-de-donnees-de-comptage-surdispersees\/#primaryimage"},"image":{"@id":"https:\/\/www.istegroup.com\/en\/produit\/methodes-statistiques-pour-lanalyse-de-donnees-de-comptage-surdispersees\/#primaryimage"},"thumbnailUrl":"https:\/\/www.istegroup.com\/wp-content\/uploads\/2018\/11\/Dupuy_Front.jpg","datePublished":"2018-11-23T13:29:44+00:00","dateModified":"2024-01-03T13:42:49+00:00","description":"Cet ouvrage pr\u00e9sente des m\u00e9thodes et mod\u00e8les statistiques qui permettent de prendre en compte cette surdispersion.","breadcrumb":{"@id":"https:\/\/www.istegroup.com\/en\/produit\/methodes-statistiques-pour-lanalyse-de-donnees-de-comptage-surdispersees\/#breadcrumb"},"inLanguage":"en-US","potentialAction":[{"@type":"ReadAction","target":["https:\/\/www.istegroup.com\/en\/produit\/methodes-statistiques-pour-lanalyse-de-donnees-de-comptage-surdispersees\/"]}]},{"@type":"ImageObject","inLanguage":"en-US","@id":"https:\/\/www.istegroup.com\/en\/produit\/methodes-statistiques-pour-lanalyse-de-donnees-de-comptage-surdispersees\/#primaryimage","url":"https:\/\/www.istegroup.com\/wp-content\/uploads\/2018\/11\/Dupuy_Front.jpg","contentUrl":"https:\/\/www.istegroup.com\/wp-content\/uploads\/2018\/11\/Dupuy_Front.jpg","width":603,"height":908,"caption":"M\u00e9thodes statistiques pour l\u2019analyse de donn\u00e9es de comptage surdispers\u00e9es"},{"@type":"BreadcrumbList","@id":"https:\/\/www.istegroup.com\/en\/produit\/methodes-statistiques-pour-lanalyse-de-donnees-de-comptage-surdispersees\/#breadcrumb","itemListElement":[{"@type":"ListItem","position":1,"name":"Home","item":"https:\/\/www.istegroup.com\/"},{"@type":"ListItem","position":2,"name":"Shop","item":"https:\/\/www.istegroup.com\/fr\/nouveautes\/"},{"@type":"ListItem","position":3,"name":"M\u00e9thodes statistiques pour l\u2019analyse de donn\u00e9es de comptage surdispers\u00e9es"}]},{"@type":"WebSite","@id":"https:\/\/www.istegroup.com\/#website","url":"https:\/\/www.istegroup.com\/","name":"ISTE Group","description":"Publishing Knowledge","potentialAction":[{"@type":"SearchAction","target":{"@type":"EntryPoint","urlTemplate":"https:\/\/www.istegroup.com\/?s={search_term_string}"},"query-input":{"@type":"PropertyValueSpecification","valueRequired":true,"valueName":"search_term_string"}}],"inLanguage":"en-US"}]}},"_links":{"self":[{"href":"https:\/\/www.istegroup.com\/en\/wp-json\/wp\/v2\/product\/16195","targetHints":{"allow":["GET"]}}],"collection":[{"href":"https:\/\/www.istegroup.com\/en\/wp-json\/wp\/v2\/product"}],"about":[{"href":"https:\/\/www.istegroup.com\/en\/wp-json\/wp\/v2\/types\/product"}],"wp:featuredmedia":[{"embeddable":true,"href":"https:\/\/www.istegroup.com\/en\/wp-json\/wp\/v2\/media\/16201"}],"wp:attachment":[{"href":"https:\/\/www.istegroup.com\/en\/wp-json\/wp\/v2\/media?parent=16195"}],"wp:term":[{"taxonomy":"product_brand","embeddable":true,"href":"https:\/\/www.istegroup.com\/en\/wp-json\/wp\/v2\/product_brand?post=16195"},{"taxonomy":"product_cat","embeddable":true,"href":"https:\/\/www.istegroup.com\/en\/wp-json\/wp\/v2\/product_cat?post=16195"},{"taxonomy":"product_tag","embeddable":true,"href":"https:\/\/www.istegroup.com\/en\/wp-json\/wp\/v2\/product_tag?post=16195"}],"curies":[{"name":"wp","href":"https:\/\/api.w.org\/{rel}","templated":true}]}}