{"id":15625,"date":"2018-11-14T16:09:29","date_gmt":"2018-11-14T15:09:29","guid":{"rendered":"https:\/\/www.istegroup.com\/?post_type=product&#038;p=15625"},"modified":"2024-01-03T13:42:49","modified_gmt":"2024-01-03T13:42:49","slug":"des-profondeurs-oceaniques-au-laboratoire-3","status":"publish","type":"product","link":"https:\/\/www.istegroup.com\/en\/produit\/des-profondeurs-oceaniques-au-laboratoire-3\/","title":{"rendered":"Des profondeurs oc\u00e9aniques au laboratoire 3"},"content":{"rendered":"<p>L\u2019exp\u00e9dition scientifique du H.M.S.\u00a0<em>Challenger<\/em>\u00a0dans les ann\u00e9es 1870 marque le point de d\u00e9part de l\u2019oc\u00e9anographie physique. Cette croisi\u00e8re a sillonn\u00e9 les mers du globe en poursuivant un double objectif : \u00e9tudier la vie animale en profondeur et observer les propri\u00e9t\u00e9s physiques des eaux oc\u00e9aniques.<\/p>\n<p>Le volume 3 s\u2019int\u00e9resse plus particuli\u00e8rement \u00e0 la mesure et \u00e0 la mod\u00e9lisation de la compressibilit\u00e9 des liquides. \u00c0 partir des travaux initi\u00e9s par le physicien Peter Tait, une pr\u00e9sentation d\u00e9taill\u00e9e des \u00e9quations d\u2019\u00e9tat des liquides est propos\u00e9e. L\u2019interpr\u00e9tation physique des param\u00e8tres de ces \u00e9quations est discut\u00e9e et conduit \u00e0 une description de la \u00ab structure \u00bb des milieux liquides.<\/p>\n<p><em>Des profondeurs oc\u00e9aniques au laboratoire<\/em>\u00a0se d\u00e9cline en trois volumes et s\u2019adresse aux lecteurs curieux attir\u00e9s par les voyages, l\u2019histoire et les sciences. Les \u00e9tudiants, les chercheurs et les formateurs en physique, m\u00e9canique des fluides, oc\u00e9anographie, trouveront mati\u00e8re \u00e0 approfondir leurs connaissances.<\/p>\n<p>&nbsp;<\/p>\n<p><strong>La presse en parle<\/strong><\/p>\n<p><a style=\"color: #1e9691\" href=\"https:\/\/www.franceculture.fr\/emissions\/la-methode-scientifique\/la-methode-scientifique-emission-du-jeudi-05-mars-2020\"><em>France Culture, <\/em><em>mars 2020<\/em><\/a><\/p>\n","protected":false},"excerpt":{"rendered":"<p>L\u2019exp\u00e9dition scientifique du H.M.S.\u00a0Challenger\u00a0dans les ann\u00e9es 1870 marque le point de d\u00e9part de l\u2019oc\u00e9anographie physique. Cette croisi\u00e8re a sillonn\u00e9 les mers du globe en poursuivant un double objectif : \u00e9tudier la vie animale en profondeur et observer les propri\u00e9t\u00e9s physiques des eaux oc\u00e9aniques. Le volume 3 s\u2019int\u00e9resse plus particuli\u00e8rement \u00e0 la mesure et \u00e0 la [&hellip;]<\/p>\n","protected":false},"featured_media":15629,"template":"","meta":{"_acf_changed":false,"_links_to":"","_links_to_target":""},"product_brand":[],"product_cat":[3262],"product_tag":[],"class_list":{"0":"post-15625","1":"product","2":"type-product","3":"status-publish","4":"has-post-thumbnail","6":"product_cat-non-classe","8":"first","9":"instock","10":"shipping-taxable","11":"purchasable","12":"product-type-variable"},"acf":[],"yoast_head":"<!-- This site is optimized with the Yoast SEO plugin v27.2 - https:\/\/yoast.com\/product\/yoast-seo-wordpress\/ -->\n<title>Des profondeurs oc\u00e9aniques au laboratoire 3 - ISTE Group<\/title>\n<meta name=\"description\" content=\"Des profondeurs oc\u00e9aniques au laboratoire 3 s\u2019int\u00e9resse plus particuli\u00e8rement \u00e0 la mesure et \u00e0 la mod\u00e9lisation de la compressibilit\u00e9 des liquides.\" \/>\n<meta name=\"robots\" content=\"index, follow, max-snippet:-1, max-image-preview:large, max-video-preview:-1\" \/>\n<link rel=\"canonical\" href=\"https:\/\/www.istegroup.com\/en\/produit\/des-profondeurs-oceaniques-au-laboratoire-3\/\" \/>\n<meta property=\"og:locale\" content=\"en_US\" \/>\n<meta property=\"og:type\" content=\"article\" \/>\n<meta property=\"og:title\" content=\"Des profondeurs oc\u00e9aniques au laboratoire 3 - ISTE Group\" \/>\n<meta property=\"og:description\" content=\"Des profondeurs oc\u00e9aniques au laboratoire 3 s\u2019int\u00e9resse plus particuli\u00e8rement \u00e0 la mesure et \u00e0 la mod\u00e9lisation de la compressibilit\u00e9 des liquides.\" \/>\n<meta property=\"og:url\" content=\"https:\/\/www.istegroup.com\/en\/produit\/des-profondeurs-oceaniques-au-laboratoire-3\/\" \/>\n<meta property=\"og:site_name\" content=\"ISTE Group\" \/>\n<meta property=\"article:modified_time\" content=\"2024-01-03T13:42:49+00:00\" \/>\n<meta property=\"og:image\" content=\"https:\/\/www.istegroup.com\/wp-content\/uploads\/2018\/11\/Aitken-3_Front.jpg\" \/>\n\t<meta property=\"og:image:width\" content=\"607\" \/>\n\t<meta property=\"og:image:height\" content=\"909\" \/>\n\t<meta property=\"og:image:type\" content=\"image\/jpeg\" \/>\n<meta name=\"twitter:card\" content=\"summary_large_image\" \/>\n<meta name=\"twitter:label1\" content=\"Est. reading time\" \/>\n\t<meta name=\"twitter:data1\" content=\"1 minute\" \/>\n<script type=\"application\/ld+json\" class=\"yoast-schema-graph\">{\"@context\":\"https:\/\/schema.org\",\"@graph\":[{\"@type\":\"WebPage\",\"@id\":\"https:\/\/www.istegroup.com\/en\/produit\/des-profondeurs-oceaniques-au-laboratoire-3\/\",\"url\":\"https:\/\/www.istegroup.com\/en\/produit\/des-profondeurs-oceaniques-au-laboratoire-3\/\",\"name\":\"Des profondeurs oc\u00e9aniques au laboratoire 3 - ISTE Group\",\"isPartOf\":{\"@id\":\"https:\/\/www.istegroup.com\/#website\"},\"primaryImageOfPage\":{\"@id\":\"https:\/\/www.istegroup.com\/en\/produit\/des-profondeurs-oceaniques-au-laboratoire-3\/#primaryimage\"},\"image\":{\"@id\":\"https:\/\/www.istegroup.com\/en\/produit\/des-profondeurs-oceaniques-au-laboratoire-3\/#primaryimage\"},\"thumbnailUrl\":\"https:\/\/www.istegroup.com\/wp-content\/uploads\/2018\/11\/Aitken-3_Front.jpg\",\"datePublished\":\"2018-11-14T15:09:29+00:00\",\"dateModified\":\"2024-01-03T13:42:49+00:00\",\"description\":\"Des profondeurs oc\u00e9aniques au laboratoire 3 s\u2019int\u00e9resse plus particuli\u00e8rement \u00e0 la mesure et \u00e0 la mod\u00e9lisation de la compressibilit\u00e9 des liquides.\",\"breadcrumb\":{\"@id\":\"https:\/\/www.istegroup.com\/en\/produit\/des-profondeurs-oceaniques-au-laboratoire-3\/#breadcrumb\"},\"inLanguage\":\"en-US\",\"potentialAction\":[{\"@type\":\"ReadAction\",\"target\":[\"https:\/\/www.istegroup.com\/en\/produit\/des-profondeurs-oceaniques-au-laboratoire-3\/\"]}]},{\"@type\":\"ImageObject\",\"inLanguage\":\"en-US\",\"@id\":\"https:\/\/www.istegroup.com\/en\/produit\/des-profondeurs-oceaniques-au-laboratoire-3\/#primaryimage\",\"url\":\"https:\/\/www.istegroup.com\/wp-content\/uploads\/2018\/11\/Aitken-3_Front.jpg\",\"contentUrl\":\"https:\/\/www.istegroup.com\/wp-content\/uploads\/2018\/11\/Aitken-3_Front.jpg\",\"width\":607,\"height\":909,\"caption\":\"Des travaux de Tait sur la compressibilit\u00e9 de l\u2019eau de mer aux \u00e9quations d\u2019\u00e9tat des liquides\"},{\"@type\":\"BreadcrumbList\",\"@id\":\"https:\/\/www.istegroup.com\/en\/produit\/des-profondeurs-oceaniques-au-laboratoire-3\/#breadcrumb\",\"itemListElement\":[{\"@type\":\"ListItem\",\"position\":1,\"name\":\"Home\",\"item\":\"https:\/\/www.istegroup.com\/\"},{\"@type\":\"ListItem\",\"position\":2,\"name\":\"Shop\",\"item\":\"https:\/\/www.istegroup.com\/fr\/nouveautes\/\"},{\"@type\":\"ListItem\",\"position\":3,\"name\":\"Des profondeurs oc\u00e9aniques au laboratoire 3\"}]},{\"@type\":\"WebSite\",\"@id\":\"https:\/\/www.istegroup.com\/#website\",\"url\":\"https:\/\/www.istegroup.com\/\",\"name\":\"ISTE Group\",\"description\":\"Publishing Knowledge\",\"potentialAction\":[{\"@type\":\"SearchAction\",\"target\":{\"@type\":\"EntryPoint\",\"urlTemplate\":\"https:\/\/www.istegroup.com\/?s={search_term_string}\"},\"query-input\":{\"@type\":\"PropertyValueSpecification\",\"valueRequired\":true,\"valueName\":\"search_term_string\"}}],\"inLanguage\":\"en-US\"}]}<\/script>\n<!-- \/ Yoast SEO plugin. -->","yoast_head_json":{"title":"Des profondeurs oc\u00e9aniques au laboratoire 3 - ISTE Group","description":"Des profondeurs oc\u00e9aniques au laboratoire 3 s\u2019int\u00e9resse plus particuli\u00e8rement \u00e0 la mesure et \u00e0 la mod\u00e9lisation de la compressibilit\u00e9 des liquides.","robots":{"index":"index","follow":"follow","max-snippet":"max-snippet:-1","max-image-preview":"max-image-preview:large","max-video-preview":"max-video-preview:-1"},"canonical":"https:\/\/www.istegroup.com\/en\/produit\/des-profondeurs-oceaniques-au-laboratoire-3\/","og_locale":"en_US","og_type":"article","og_title":"Des profondeurs oc\u00e9aniques au laboratoire 3 - ISTE Group","og_description":"Des profondeurs oc\u00e9aniques au laboratoire 3 s\u2019int\u00e9resse plus particuli\u00e8rement \u00e0 la mesure et \u00e0 la mod\u00e9lisation de la compressibilit\u00e9 des liquides.","og_url":"https:\/\/www.istegroup.com\/en\/produit\/des-profondeurs-oceaniques-au-laboratoire-3\/","og_site_name":"ISTE Group","article_modified_time":"2024-01-03T13:42:49+00:00","og_image":[{"width":607,"height":909,"url":"https:\/\/www.istegroup.com\/wp-content\/uploads\/2018\/11\/Aitken-3_Front.jpg","type":"image\/jpeg"}],"twitter_card":"summary_large_image","twitter_misc":{"Est. reading time":"1 minute"},"schema":{"@context":"https:\/\/schema.org","@graph":[{"@type":"WebPage","@id":"https:\/\/www.istegroup.com\/en\/produit\/des-profondeurs-oceaniques-au-laboratoire-3\/","url":"https:\/\/www.istegroup.com\/en\/produit\/des-profondeurs-oceaniques-au-laboratoire-3\/","name":"Des profondeurs oc\u00e9aniques au laboratoire 3 - ISTE Group","isPartOf":{"@id":"https:\/\/www.istegroup.com\/#website"},"primaryImageOfPage":{"@id":"https:\/\/www.istegroup.com\/en\/produit\/des-profondeurs-oceaniques-au-laboratoire-3\/#primaryimage"},"image":{"@id":"https:\/\/www.istegroup.com\/en\/produit\/des-profondeurs-oceaniques-au-laboratoire-3\/#primaryimage"},"thumbnailUrl":"https:\/\/www.istegroup.com\/wp-content\/uploads\/2018\/11\/Aitken-3_Front.jpg","datePublished":"2018-11-14T15:09:29+00:00","dateModified":"2024-01-03T13:42:49+00:00","description":"Des profondeurs oc\u00e9aniques au laboratoire 3 s\u2019int\u00e9resse plus particuli\u00e8rement \u00e0 la mesure et \u00e0 la mod\u00e9lisation de la compressibilit\u00e9 des liquides.","breadcrumb":{"@id":"https:\/\/www.istegroup.com\/en\/produit\/des-profondeurs-oceaniques-au-laboratoire-3\/#breadcrumb"},"inLanguage":"en-US","potentialAction":[{"@type":"ReadAction","target":["https:\/\/www.istegroup.com\/en\/produit\/des-profondeurs-oceaniques-au-laboratoire-3\/"]}]},{"@type":"ImageObject","inLanguage":"en-US","@id":"https:\/\/www.istegroup.com\/en\/produit\/des-profondeurs-oceaniques-au-laboratoire-3\/#primaryimage","url":"https:\/\/www.istegroup.com\/wp-content\/uploads\/2018\/11\/Aitken-3_Front.jpg","contentUrl":"https:\/\/www.istegroup.com\/wp-content\/uploads\/2018\/11\/Aitken-3_Front.jpg","width":607,"height":909,"caption":"Des travaux de Tait sur la compressibilit\u00e9 de l\u2019eau de mer aux \u00e9quations d\u2019\u00e9tat des liquides"},{"@type":"BreadcrumbList","@id":"https:\/\/www.istegroup.com\/en\/produit\/des-profondeurs-oceaniques-au-laboratoire-3\/#breadcrumb","itemListElement":[{"@type":"ListItem","position":1,"name":"Home","item":"https:\/\/www.istegroup.com\/"},{"@type":"ListItem","position":2,"name":"Shop","item":"https:\/\/www.istegroup.com\/fr\/nouveautes\/"},{"@type":"ListItem","position":3,"name":"Des profondeurs oc\u00e9aniques au laboratoire 3"}]},{"@type":"WebSite","@id":"https:\/\/www.istegroup.com\/#website","url":"https:\/\/www.istegroup.com\/","name":"ISTE Group","description":"Publishing Knowledge","potentialAction":[{"@type":"SearchAction","target":{"@type":"EntryPoint","urlTemplate":"https:\/\/www.istegroup.com\/?s={search_term_string}"},"query-input":{"@type":"PropertyValueSpecification","valueRequired":true,"valueName":"search_term_string"}}],"inLanguage":"en-US"}]}},"_links":{"self":[{"href":"https:\/\/www.istegroup.com\/en\/wp-json\/wp\/v2\/product\/15625","targetHints":{"allow":["GET"]}}],"collection":[{"href":"https:\/\/www.istegroup.com\/en\/wp-json\/wp\/v2\/product"}],"about":[{"href":"https:\/\/www.istegroup.com\/en\/wp-json\/wp\/v2\/types\/product"}],"wp:featuredmedia":[{"embeddable":true,"href":"https:\/\/www.istegroup.com\/en\/wp-json\/wp\/v2\/media\/15629"}],"wp:attachment":[{"href":"https:\/\/www.istegroup.com\/en\/wp-json\/wp\/v2\/media?parent=15625"}],"wp:term":[{"taxonomy":"product_brand","embeddable":true,"href":"https:\/\/www.istegroup.com\/en\/wp-json\/wp\/v2\/product_brand?post=15625"},{"taxonomy":"product_cat","embeddable":true,"href":"https:\/\/www.istegroup.com\/en\/wp-json\/wp\/v2\/product_cat?post=15625"},{"taxonomy":"product_tag","embeddable":true,"href":"https:\/\/www.istegroup.com\/en\/wp-json\/wp\/v2\/product_tag?post=15625"}],"curies":[{"name":"wp","href":"https:\/\/api.w.org\/{rel}","templated":true}]}}