{"id":15601,"date":"2018-11-14T15:37:21","date_gmt":"2018-11-14T14:37:21","guid":{"rendered":"https:\/\/www.istegroup.com\/?post_type=product&#038;p=15601"},"modified":"2024-01-03T13:42:48","modified_gmt":"2024-01-03T13:42:48","slug":"de-luxd-au-livxd","status":"publish","type":"product","link":"https:\/\/www.istegroup.com\/en\/produit\/de-luxd-au-livxd\/","title":{"rendered":"De l\u2019UXD au LivXD"},"content":{"rendered":"<p>En prolongement du\u00a0<em>User eXperience design<\/em>\u00a0(UXD) est introduit le\u00a0<em>Living eXperience Design<\/em>\u00a0(LivXD), ou design des exp\u00e9riences de vie. Il s\u2019\u00e9tend des usages aux pratiques, c\u2019est-\u00e0-dire aux exp\u00e9riences d\u2019un individu ou d\u2019un groupe dans un contexte r\u00e9el dont les dimensions spatiale, urbaine, sociale, temporelle, historique, juridique ou de normes sont prises en compte. Le LivXD conduit \u00e0 penser dans sa globalit\u00e9 la promesse d\u2019exp\u00e9rience pour les personnes auxquelles elle est destin\u00e9e. Aussi, m\u00eame si toutes les situations de la vie font de plus en plus appel \u00e0 des dispositifs num\u00e9riques, le LivXD concerne \u00e9galement une exp\u00e9rience plus large, sans num\u00e9rique.<\/p>\n<p>L\u2019ouvrage progresse depuis la d\u00e9finition du concept de LivXD et l\u2019\u00e9pist\u00e9mologie associ\u00e9e jusqu\u2019aux exp\u00e9rimentations de terrain dans certains domaines privil\u00e9gi\u00e9s : le rapport \u00e0 la cr\u00e9ation et aux oeuvres, la m\u00e9diation et la formation des adultes.<\/p>\n","protected":false},"excerpt":{"rendered":"<p>En prolongement du\u00a0User eXperience design\u00a0(UXD) est introduit le\u00a0Living eXperience Design\u00a0(LivXD), ou design des exp\u00e9riences de vie. Il s\u2019\u00e9tend des usages aux pratiques, c\u2019est-\u00e0-dire aux exp\u00e9riences d\u2019un individu ou d\u2019un groupe dans un contexte r\u00e9el dont les dimensions spatiale, urbaine, sociale, temporelle, historique, juridique ou de normes sont prises en compte. Le LivXD conduit \u00e0 penser [&hellip;]<\/p>\n","protected":false},"featured_media":15609,"template":"","meta":{"_acf_changed":false,"_links_to":"","_links_to_target":""},"product_brand":[],"product_cat":[3262],"product_tag":[],"class_list":{"0":"post-15601","1":"product","2":"type-product","3":"status-publish","4":"has-post-thumbnail","6":"product_cat-non-classe","8":"first","9":"instock","10":"shipping-taxable","11":"purchasable","12":"product-type-variable"},"acf":[],"yoast_head":"<!-- This site is optimized with the Yoast SEO plugin v27.2 - https:\/\/yoast.com\/product\/yoast-seo-wordpress\/ -->\n<title>De l\u2019UXD au LivXD - ISTE Group<\/title>\n<meta name=\"description\" content=\"En prolongement du\u00a0User eXperience design\u00a0(UXD) est introduit le\u00a0Living eXperience Design\u00a0(LivXD), ou design des exp\u00e9riences de vie.\" \/>\n<meta name=\"robots\" content=\"index, follow, max-snippet:-1, max-image-preview:large, max-video-preview:-1\" \/>\n<link rel=\"canonical\" href=\"https:\/\/www.istegroup.com\/en\/produit\/de-luxd-au-livxd\/\" \/>\n<meta property=\"og:locale\" content=\"en_US\" \/>\n<meta property=\"og:type\" content=\"article\" \/>\n<meta property=\"og:title\" content=\"De l\u2019UXD au LivXD - ISTE Group\" \/>\n<meta property=\"og:description\" content=\"En prolongement du\u00a0User eXperience design\u00a0(UXD) est introduit le\u00a0Living eXperience Design\u00a0(LivXD), ou design des exp\u00e9riences de vie.\" \/>\n<meta property=\"og:url\" content=\"https:\/\/www.istegroup.com\/en\/produit\/de-luxd-au-livxd\/\" \/>\n<meta property=\"og:site_name\" content=\"ISTE Group\" \/>\n<meta property=\"article:modified_time\" content=\"2024-01-03T13:42:48+00:00\" \/>\n<meta property=\"og:image\" content=\"https:\/\/www.istegroup.com\/wp-content\/uploads\/2018\/11\/Leleu-Merviel_Front.jpg\" \/>\n\t<meta property=\"og:image:width\" content=\"607\" \/>\n\t<meta property=\"og:image:height\" content=\"910\" \/>\n\t<meta property=\"og:image:type\" content=\"image\/jpeg\" \/>\n<meta name=\"twitter:card\" content=\"summary_large_image\" \/>\n<meta name=\"twitter:label1\" content=\"Est. reading time\" \/>\n\t<meta name=\"twitter:data1\" content=\"1 minute\" \/>\n<script type=\"application\/ld+json\" class=\"yoast-schema-graph\">{\"@context\":\"https:\/\/schema.org\",\"@graph\":[{\"@type\":\"WebPage\",\"@id\":\"https:\/\/www.istegroup.com\/en\/produit\/de-luxd-au-livxd\/\",\"url\":\"https:\/\/www.istegroup.com\/en\/produit\/de-luxd-au-livxd\/\",\"name\":\"De l\u2019UXD au LivXD - ISTE Group\",\"isPartOf\":{\"@id\":\"https:\/\/www.istegroup.com\/#website\"},\"primaryImageOfPage\":{\"@id\":\"https:\/\/www.istegroup.com\/en\/produit\/de-luxd-au-livxd\/#primaryimage\"},\"image\":{\"@id\":\"https:\/\/www.istegroup.com\/en\/produit\/de-luxd-au-livxd\/#primaryimage\"},\"thumbnailUrl\":\"https:\/\/www.istegroup.com\/wp-content\/uploads\/2018\/11\/Leleu-Merviel_Front.jpg\",\"datePublished\":\"2018-11-14T14:37:21+00:00\",\"dateModified\":\"2024-01-03T13:42:48+00:00\",\"description\":\"En prolongement du\u00a0User eXperience design\u00a0(UXD) est introduit le\u00a0Living eXperience Design\u00a0(LivXD), ou design des exp\u00e9riences de vie.\",\"breadcrumb\":{\"@id\":\"https:\/\/www.istegroup.com\/en\/produit\/de-luxd-au-livxd\/#breadcrumb\"},\"inLanguage\":\"en-US\",\"potentialAction\":[{\"@type\":\"ReadAction\",\"target\":[\"https:\/\/www.istegroup.com\/en\/produit\/de-luxd-au-livxd\/\"]}]},{\"@type\":\"ImageObject\",\"inLanguage\":\"en-US\",\"@id\":\"https:\/\/www.istegroup.com\/en\/produit\/de-luxd-au-livxd\/#primaryimage\",\"url\":\"https:\/\/www.istegroup.com\/wp-content\/uploads\/2018\/11\/Leleu-Merviel_Front.jpg\",\"contentUrl\":\"https:\/\/www.istegroup.com\/wp-content\/uploads\/2018\/11\/Leleu-Merviel_Front.jpg\",\"width\":607,\"height\":910,\"caption\":\"Design des exp\u00e9riences de vie\"},{\"@type\":\"BreadcrumbList\",\"@id\":\"https:\/\/www.istegroup.com\/en\/produit\/de-luxd-au-livxd\/#breadcrumb\",\"itemListElement\":[{\"@type\":\"ListItem\",\"position\":1,\"name\":\"Home\",\"item\":\"https:\/\/www.istegroup.com\/\"},{\"@type\":\"ListItem\",\"position\":2,\"name\":\"Shop\",\"item\":\"https:\/\/www.istegroup.com\/fr\/nouveautes\/\"},{\"@type\":\"ListItem\",\"position\":3,\"name\":\"De l\u2019UXD au LivXD\"}]},{\"@type\":\"WebSite\",\"@id\":\"https:\/\/www.istegroup.com\/#website\",\"url\":\"https:\/\/www.istegroup.com\/\",\"name\":\"ISTE Group\",\"description\":\"Publishing Knowledge\",\"potentialAction\":[{\"@type\":\"SearchAction\",\"target\":{\"@type\":\"EntryPoint\",\"urlTemplate\":\"https:\/\/www.istegroup.com\/?s={search_term_string}\"},\"query-input\":{\"@type\":\"PropertyValueSpecification\",\"valueRequired\":true,\"valueName\":\"search_term_string\"}}],\"inLanguage\":\"en-US\"}]}<\/script>\n<!-- \/ Yoast SEO plugin. -->","yoast_head_json":{"title":"De l\u2019UXD au LivXD - ISTE Group","description":"En prolongement du\u00a0User eXperience design\u00a0(UXD) est introduit le\u00a0Living eXperience Design\u00a0(LivXD), ou design des exp\u00e9riences de vie.","robots":{"index":"index","follow":"follow","max-snippet":"max-snippet:-1","max-image-preview":"max-image-preview:large","max-video-preview":"max-video-preview:-1"},"canonical":"https:\/\/www.istegroup.com\/en\/produit\/de-luxd-au-livxd\/","og_locale":"en_US","og_type":"article","og_title":"De l\u2019UXD au LivXD - ISTE Group","og_description":"En prolongement du\u00a0User eXperience design\u00a0(UXD) est introduit le\u00a0Living eXperience Design\u00a0(LivXD), ou design des exp\u00e9riences de vie.","og_url":"https:\/\/www.istegroup.com\/en\/produit\/de-luxd-au-livxd\/","og_site_name":"ISTE Group","article_modified_time":"2024-01-03T13:42:48+00:00","og_image":[{"width":607,"height":910,"url":"https:\/\/www.istegroup.com\/wp-content\/uploads\/2018\/11\/Leleu-Merviel_Front.jpg","type":"image\/jpeg"}],"twitter_card":"summary_large_image","twitter_misc":{"Est. reading time":"1 minute"},"schema":{"@context":"https:\/\/schema.org","@graph":[{"@type":"WebPage","@id":"https:\/\/www.istegroup.com\/en\/produit\/de-luxd-au-livxd\/","url":"https:\/\/www.istegroup.com\/en\/produit\/de-luxd-au-livxd\/","name":"De l\u2019UXD au LivXD - ISTE Group","isPartOf":{"@id":"https:\/\/www.istegroup.com\/#website"},"primaryImageOfPage":{"@id":"https:\/\/www.istegroup.com\/en\/produit\/de-luxd-au-livxd\/#primaryimage"},"image":{"@id":"https:\/\/www.istegroup.com\/en\/produit\/de-luxd-au-livxd\/#primaryimage"},"thumbnailUrl":"https:\/\/www.istegroup.com\/wp-content\/uploads\/2018\/11\/Leleu-Merviel_Front.jpg","datePublished":"2018-11-14T14:37:21+00:00","dateModified":"2024-01-03T13:42:48+00:00","description":"En prolongement du\u00a0User eXperience design\u00a0(UXD) est introduit le\u00a0Living eXperience Design\u00a0(LivXD), ou design des exp\u00e9riences de vie.","breadcrumb":{"@id":"https:\/\/www.istegroup.com\/en\/produit\/de-luxd-au-livxd\/#breadcrumb"},"inLanguage":"en-US","potentialAction":[{"@type":"ReadAction","target":["https:\/\/www.istegroup.com\/en\/produit\/de-luxd-au-livxd\/"]}]},{"@type":"ImageObject","inLanguage":"en-US","@id":"https:\/\/www.istegroup.com\/en\/produit\/de-luxd-au-livxd\/#primaryimage","url":"https:\/\/www.istegroup.com\/wp-content\/uploads\/2018\/11\/Leleu-Merviel_Front.jpg","contentUrl":"https:\/\/www.istegroup.com\/wp-content\/uploads\/2018\/11\/Leleu-Merviel_Front.jpg","width":607,"height":910,"caption":"Design des exp\u00e9riences de vie"},{"@type":"BreadcrumbList","@id":"https:\/\/www.istegroup.com\/en\/produit\/de-luxd-au-livxd\/#breadcrumb","itemListElement":[{"@type":"ListItem","position":1,"name":"Home","item":"https:\/\/www.istegroup.com\/"},{"@type":"ListItem","position":2,"name":"Shop","item":"https:\/\/www.istegroup.com\/fr\/nouveautes\/"},{"@type":"ListItem","position":3,"name":"De l\u2019UXD au LivXD"}]},{"@type":"WebSite","@id":"https:\/\/www.istegroup.com\/#website","url":"https:\/\/www.istegroup.com\/","name":"ISTE Group","description":"Publishing Knowledge","potentialAction":[{"@type":"SearchAction","target":{"@type":"EntryPoint","urlTemplate":"https:\/\/www.istegroup.com\/?s={search_term_string}"},"query-input":{"@type":"PropertyValueSpecification","valueRequired":true,"valueName":"search_term_string"}}],"inLanguage":"en-US"}]}},"_links":{"self":[{"href":"https:\/\/www.istegroup.com\/en\/wp-json\/wp\/v2\/product\/15601","targetHints":{"allow":["GET"]}}],"collection":[{"href":"https:\/\/www.istegroup.com\/en\/wp-json\/wp\/v2\/product"}],"about":[{"href":"https:\/\/www.istegroup.com\/en\/wp-json\/wp\/v2\/types\/product"}],"wp:featuredmedia":[{"embeddable":true,"href":"https:\/\/www.istegroup.com\/en\/wp-json\/wp\/v2\/media\/15609"}],"wp:attachment":[{"href":"https:\/\/www.istegroup.com\/en\/wp-json\/wp\/v2\/media?parent=15601"}],"wp:term":[{"taxonomy":"product_brand","embeddable":true,"href":"https:\/\/www.istegroup.com\/en\/wp-json\/wp\/v2\/product_brand?post=15601"},{"taxonomy":"product_cat","embeddable":true,"href":"https:\/\/www.istegroup.com\/en\/wp-json\/wp\/v2\/product_cat?post=15601"},{"taxonomy":"product_tag","embeddable":true,"href":"https:\/\/www.istegroup.com\/en\/wp-json\/wp\/v2\/product_tag?post=15601"}],"curies":[{"name":"wp","href":"https:\/\/api.w.org\/{rel}","templated":true}]}}