{"id":15592,"date":"2018-11-14T11:55:18","date_gmt":"2018-11-14T10:55:18","guid":{"rendered":"https:\/\/www.istegroup.com\/?post_type=product&#038;p=15592"},"modified":"2024-01-03T13:42:48","modified_gmt":"2024-01-03T13:42:48","slug":"anthropologie-theorique-ou-comment-regarder-un-etre-humain","status":"publish","type":"product","link":"https:\/\/www.istegroup.com\/en\/produit\/anthropologie-theorique-ou-comment-regarder-un-etre-humain\/","title":{"rendered":"Anthropologie th\u00e9orique ou comment regarder un \u00eatre humain"},"content":{"rendered":"<p>L\u2019\u00eatre humain semble constamment pr\u00e9sent en anthropologie. Cependant, cet ouvrage r\u00e9v\u00e8le qu\u2019il n\u2019en a jamais vraiment fait partie.<\/p>\n<p><em>Anthropologie th\u00e9orique ou comment regarder un \u00eatre humain<\/em>\u00a0\u00e9tablit les fondements ou conditions, aussi bien th\u00e9oriques que m\u00e9thodologiques, qui permettent de repr\u00e9senter l\u2019\u00eatre humain comme th\u00e8me d\u2019observation et d\u2019analyse, et non en vue de comprendre des ph\u00e9nom\u00e8nes sociaux et culturels.<\/p>\n<p>En d\u00e9bat avec des anthropologues et des philosophes, cet ouvrage d\u00e9crit et analyse ce qu\u2019est un \u00eatre humain regard\u00e9 en volume. \u00c0 cet effet, un lexique personnalis\u00e9 est utilis\u00e9 autour des notions de volume, de volumographie et de volumologie. La pr\u00e9sence de dessins vient enrichir ces notions.<\/p>\n","protected":false},"excerpt":{"rendered":"<p>L\u2019\u00eatre humain semble constamment pr\u00e9sent en anthropologie. Cependant, cet ouvrage r\u00e9v\u00e8le qu\u2019il n\u2019en a jamais vraiment fait partie. Anthropologie th\u00e9orique ou comment regarder un \u00eatre humain\u00a0\u00e9tablit les fondements ou conditions, aussi bien th\u00e9oriques que m\u00e9thodologiques, qui permettent de repr\u00e9senter l\u2019\u00eatre humain comme th\u00e8me d\u2019observation et d\u2019analyse, et non en vue de comprendre des ph\u00e9nom\u00e8nes sociaux [&hellip;]<\/p>\n","protected":false},"featured_media":15598,"template":"","meta":{"_acf_changed":false,"_links_to":"","_links_to_target":""},"product_brand":[],"product_cat":[3262],"product_tag":[],"class_list":{"0":"post-15592","1":"product","2":"type-product","3":"status-publish","4":"has-post-thumbnail","6":"product_cat-non-classe","8":"first","9":"instock","10":"shipping-taxable","11":"purchasable","12":"product-type-variable"},"acf":[],"yoast_head":"<!-- This site is optimized with the Yoast SEO plugin v27.2 - https:\/\/yoast.com\/product\/yoast-seo-wordpress\/ -->\n<title>Anthropologie th\u00e9orique ou comment regarder un \u00eatre humain - ISTE Group<\/title>\n<meta name=\"robots\" content=\"index, follow, max-snippet:-1, max-image-preview:large, max-video-preview:-1\" \/>\n<link rel=\"canonical\" href=\"https:\/\/www.istegroup.com\/fr\/produit\/anthropologie-theorique-ou-comment-regarder-un-etre-humain\/\" \/>\n<meta property=\"og:locale\" content=\"en_US\" \/>\n<meta property=\"og:type\" content=\"article\" \/>\n<meta property=\"og:title\" content=\"Anthropologie th\u00e9orique ou comment regarder un \u00eatre humain - ISTE Group\" \/>\n<meta property=\"og:description\" content=\"L\u2019\u00eatre humain semble constamment pr\u00e9sent en anthropologie. Cependant, cet ouvrage r\u00e9v\u00e8le qu\u2019il n\u2019en a jamais vraiment fait partie. Anthropologie th\u00e9orique ou comment regarder un \u00eatre humain\u00a0\u00e9tablit les fondements ou conditions, aussi bien th\u00e9oriques que m\u00e9thodologiques, qui permettent de repr\u00e9senter l\u2019\u00eatre humain comme th\u00e8me d\u2019observation et d\u2019analyse, et non en vue de comprendre des ph\u00e9nom\u00e8nes sociaux [&hellip;]\" \/>\n<meta property=\"og:url\" content=\"https:\/\/www.istegroup.com\/fr\/produit\/anthropologie-theorique-ou-comment-regarder-un-etre-humain\/\" \/>\n<meta property=\"og:site_name\" content=\"ISTE Group\" \/>\n<meta property=\"article:modified_time\" content=\"2024-01-03T13:42:48+00:00\" \/>\n<meta property=\"og:image\" content=\"https:\/\/www.istegroup.com\/wp-content\/uploads\/2018\/11\/Piette_Front.jpg\" \/>\n\t<meta property=\"og:image:width\" content=\"607\" \/>\n\t<meta property=\"og:image:height\" content=\"912\" \/>\n\t<meta property=\"og:image:type\" content=\"image\/jpeg\" \/>\n<meta name=\"twitter:card\" content=\"summary_large_image\" \/>\n<meta name=\"twitter:label1\" content=\"Est. reading time\" \/>\n\t<meta name=\"twitter:data1\" content=\"1 minute\" \/>\n<script type=\"application\/ld+json\" class=\"yoast-schema-graph\">{\"@context\":\"https:\/\/schema.org\",\"@graph\":[{\"@type\":\"WebPage\",\"@id\":\"https:\/\/www.istegroup.com\/fr\/produit\/anthropologie-theorique-ou-comment-regarder-un-etre-humain\/\",\"url\":\"https:\/\/www.istegroup.com\/fr\/produit\/anthropologie-theorique-ou-comment-regarder-un-etre-humain\/\",\"name\":\"Anthropologie th\u00e9orique ou comment regarder un \u00eatre humain - ISTE Group\",\"isPartOf\":{\"@id\":\"https:\/\/www.istegroup.com\/#website\"},\"primaryImageOfPage\":{\"@id\":\"https:\/\/www.istegroup.com\/fr\/produit\/anthropologie-theorique-ou-comment-regarder-un-etre-humain\/#primaryimage\"},\"image\":{\"@id\":\"https:\/\/www.istegroup.com\/fr\/produit\/anthropologie-theorique-ou-comment-regarder-un-etre-humain\/#primaryimage\"},\"thumbnailUrl\":\"https:\/\/www.istegroup.com\/wp-content\/uploads\/2018\/11\/Piette_Front.jpg\",\"datePublished\":\"2018-11-14T10:55:18+00:00\",\"dateModified\":\"2024-01-03T13:42:48+00:00\",\"breadcrumb\":{\"@id\":\"https:\/\/www.istegroup.com\/fr\/produit\/anthropologie-theorique-ou-comment-regarder-un-etre-humain\/#breadcrumb\"},\"inLanguage\":\"en-US\",\"potentialAction\":[{\"@type\":\"ReadAction\",\"target\":[\"https:\/\/www.istegroup.com\/fr\/produit\/anthropologie-theorique-ou-comment-regarder-un-etre-humain\/\"]}]},{\"@type\":\"ImageObject\",\"inLanguage\":\"en-US\",\"@id\":\"https:\/\/www.istegroup.com\/fr\/produit\/anthropologie-theorique-ou-comment-regarder-un-etre-humain\/#primaryimage\",\"url\":\"https:\/\/www.istegroup.com\/wp-content\/uploads\/2018\/11\/Piette_Front.jpg\",\"contentUrl\":\"https:\/\/www.istegroup.com\/wp-content\/uploads\/2018\/11\/Piette_Front.jpg\",\"width\":607,\"height\":912,\"caption\":\"Anthropologie th\u00e9orique ou comment regarder un \u00eatre humain\"},{\"@type\":\"BreadcrumbList\",\"@id\":\"https:\/\/www.istegroup.com\/fr\/produit\/anthropologie-theorique-ou-comment-regarder-un-etre-humain\/#breadcrumb\",\"itemListElement\":[{\"@type\":\"ListItem\",\"position\":1,\"name\":\"Home\",\"item\":\"https:\/\/www.istegroup.com\/\"},{\"@type\":\"ListItem\",\"position\":2,\"name\":\"Shop\",\"item\":\"https:\/\/www.istegroup.com\/fr\/nouveautes\/\"},{\"@type\":\"ListItem\",\"position\":3,\"name\":\"Anthropologie th\u00e9orique ou comment regarder un \u00eatre humain\"}]},{\"@type\":\"WebSite\",\"@id\":\"https:\/\/www.istegroup.com\/#website\",\"url\":\"https:\/\/www.istegroup.com\/\",\"name\":\"ISTE Group\",\"description\":\"Publishing Knowledge\",\"potentialAction\":[{\"@type\":\"SearchAction\",\"target\":{\"@type\":\"EntryPoint\",\"urlTemplate\":\"https:\/\/www.istegroup.com\/?s={search_term_string}\"},\"query-input\":{\"@type\":\"PropertyValueSpecification\",\"valueRequired\":true,\"valueName\":\"search_term_string\"}}],\"inLanguage\":\"en-US\"}]}<\/script>\n<!-- \/ Yoast SEO plugin. -->","yoast_head_json":{"title":"Anthropologie th\u00e9orique ou comment regarder un \u00eatre humain - ISTE Group","robots":{"index":"index","follow":"follow","max-snippet":"max-snippet:-1","max-image-preview":"max-image-preview:large","max-video-preview":"max-video-preview:-1"},"canonical":"https:\/\/www.istegroup.com\/fr\/produit\/anthropologie-theorique-ou-comment-regarder-un-etre-humain\/","og_locale":"en_US","og_type":"article","og_title":"Anthropologie th\u00e9orique ou comment regarder un \u00eatre humain - ISTE Group","og_description":"L\u2019\u00eatre humain semble constamment pr\u00e9sent en anthropologie. Cependant, cet ouvrage r\u00e9v\u00e8le qu\u2019il n\u2019en a jamais vraiment fait partie. Anthropologie th\u00e9orique ou comment regarder un \u00eatre humain\u00a0\u00e9tablit les fondements ou conditions, aussi bien th\u00e9oriques que m\u00e9thodologiques, qui permettent de repr\u00e9senter l\u2019\u00eatre humain comme th\u00e8me d\u2019observation et d\u2019analyse, et non en vue de comprendre des ph\u00e9nom\u00e8nes sociaux [&hellip;]","og_url":"https:\/\/www.istegroup.com\/fr\/produit\/anthropologie-theorique-ou-comment-regarder-un-etre-humain\/","og_site_name":"ISTE Group","article_modified_time":"2024-01-03T13:42:48+00:00","og_image":[{"width":607,"height":912,"url":"https:\/\/www.istegroup.com\/wp-content\/uploads\/2018\/11\/Piette_Front.jpg","type":"image\/jpeg"}],"twitter_card":"summary_large_image","twitter_misc":{"Est. reading time":"1 minute"},"schema":{"@context":"https:\/\/schema.org","@graph":[{"@type":"WebPage","@id":"https:\/\/www.istegroup.com\/fr\/produit\/anthropologie-theorique-ou-comment-regarder-un-etre-humain\/","url":"https:\/\/www.istegroup.com\/fr\/produit\/anthropologie-theorique-ou-comment-regarder-un-etre-humain\/","name":"Anthropologie th\u00e9orique ou comment regarder un \u00eatre humain - ISTE Group","isPartOf":{"@id":"https:\/\/www.istegroup.com\/#website"},"primaryImageOfPage":{"@id":"https:\/\/www.istegroup.com\/fr\/produit\/anthropologie-theorique-ou-comment-regarder-un-etre-humain\/#primaryimage"},"image":{"@id":"https:\/\/www.istegroup.com\/fr\/produit\/anthropologie-theorique-ou-comment-regarder-un-etre-humain\/#primaryimage"},"thumbnailUrl":"https:\/\/www.istegroup.com\/wp-content\/uploads\/2018\/11\/Piette_Front.jpg","datePublished":"2018-11-14T10:55:18+00:00","dateModified":"2024-01-03T13:42:48+00:00","breadcrumb":{"@id":"https:\/\/www.istegroup.com\/fr\/produit\/anthropologie-theorique-ou-comment-regarder-un-etre-humain\/#breadcrumb"},"inLanguage":"en-US","potentialAction":[{"@type":"ReadAction","target":["https:\/\/www.istegroup.com\/fr\/produit\/anthropologie-theorique-ou-comment-regarder-un-etre-humain\/"]}]},{"@type":"ImageObject","inLanguage":"en-US","@id":"https:\/\/www.istegroup.com\/fr\/produit\/anthropologie-theorique-ou-comment-regarder-un-etre-humain\/#primaryimage","url":"https:\/\/www.istegroup.com\/wp-content\/uploads\/2018\/11\/Piette_Front.jpg","contentUrl":"https:\/\/www.istegroup.com\/wp-content\/uploads\/2018\/11\/Piette_Front.jpg","width":607,"height":912,"caption":"Anthropologie th\u00e9orique ou comment regarder un \u00eatre humain"},{"@type":"BreadcrumbList","@id":"https:\/\/www.istegroup.com\/fr\/produit\/anthropologie-theorique-ou-comment-regarder-un-etre-humain\/#breadcrumb","itemListElement":[{"@type":"ListItem","position":1,"name":"Home","item":"https:\/\/www.istegroup.com\/"},{"@type":"ListItem","position":2,"name":"Shop","item":"https:\/\/www.istegroup.com\/fr\/nouveautes\/"},{"@type":"ListItem","position":3,"name":"Anthropologie th\u00e9orique ou comment regarder un \u00eatre humain"}]},{"@type":"WebSite","@id":"https:\/\/www.istegroup.com\/#website","url":"https:\/\/www.istegroup.com\/","name":"ISTE Group","description":"Publishing Knowledge","potentialAction":[{"@type":"SearchAction","target":{"@type":"EntryPoint","urlTemplate":"https:\/\/www.istegroup.com\/?s={search_term_string}"},"query-input":{"@type":"PropertyValueSpecification","valueRequired":true,"valueName":"search_term_string"}}],"inLanguage":"en-US"}]}},"_links":{"self":[{"href":"https:\/\/www.istegroup.com\/en\/wp-json\/wp\/v2\/product\/15592","targetHints":{"allow":["GET"]}}],"collection":[{"href":"https:\/\/www.istegroup.com\/en\/wp-json\/wp\/v2\/product"}],"about":[{"href":"https:\/\/www.istegroup.com\/en\/wp-json\/wp\/v2\/types\/product"}],"wp:featuredmedia":[{"embeddable":true,"href":"https:\/\/www.istegroup.com\/en\/wp-json\/wp\/v2\/media\/15598"}],"wp:attachment":[{"href":"https:\/\/www.istegroup.com\/en\/wp-json\/wp\/v2\/media?parent=15592"}],"wp:term":[{"taxonomy":"product_brand","embeddable":true,"href":"https:\/\/www.istegroup.com\/en\/wp-json\/wp\/v2\/product_brand?post=15592"},{"taxonomy":"product_cat","embeddable":true,"href":"https:\/\/www.istegroup.com\/en\/wp-json\/wp\/v2\/product_cat?post=15592"},{"taxonomy":"product_tag","embeddable":true,"href":"https:\/\/www.istegroup.com\/en\/wp-json\/wp\/v2\/product_tag?post=15592"}],"curies":[{"name":"wp","href":"https:\/\/api.w.org\/{rel}","templated":true}]}}