{"id":15566,"date":"2018-11-09T15:09:18","date_gmt":"2018-11-09T14:09:18","guid":{"rendered":"https:\/\/www.istegroup.com\/?post_type=product&#038;p=15566"},"modified":"2024-01-03T13:42:48","modified_gmt":"2024-01-03T13:42:48","slug":"applications-logicielles-certifiables-3","status":"publish","type":"product","link":"https:\/\/www.istegroup.com\/en\/produit\/applications-logicielles-certifiables-3\/","title":{"rendered":"Applications logicielles certifiables 3"},"content":{"rendered":"<p><em>Applications logicielles certifiables<\/em>\u00a0se compose de plusieurs ouvrages qui pr\u00e9sentent le d\u00e9veloppement d\u2019une application logicielle critique.<\/p>\n<p>Ce troisi\u00e8me opus d\u00e9crit le processus de r\u00e9alisation d\u2019une application logicielle en se focalisant sur la phase descendante. Le cycle de vie pris comme r\u00e9f\u00e9rence est le cycle en V. Ce cycle se veut le plus agile possible. La pr\u00e9paration des tests se fait donc lors de la phase descendante et permet d\u2019identifier tr\u00e8s t\u00f4t des d\u00e9fauts. Pour chaque phase, de la sp\u00e9cification \u00e0 la production du code, les activit\u00e9s de conception, de pr\u00e9paration des tests et de v\u00e9rification \u00e0 mettre en place sont \u00e9galement pr\u00e9sent\u00e9es.<\/p>\n<p>Dans cet ouvrage le lecteur trouvera une description essentielle et compl\u00e8te de la r\u00e9alisation d\u2019une application logicielle qui doit \u00eatre mis en oeuvre, afin que celle-ci soit la plus s\u00fbre possible.<\/p>\n","protected":false},"excerpt":{"rendered":"<p>Applications logicielles certifiables\u00a0se compose de plusieurs ouvrages qui pr\u00e9sentent le d\u00e9veloppement d\u2019une application logicielle critique. Ce troisi\u00e8me opus d\u00e9crit le processus de r\u00e9alisation d\u2019une application logicielle en se focalisant sur la phase descendante. Le cycle de vie pris comme r\u00e9f\u00e9rence est le cycle en V. Ce cycle se veut le plus agile possible. La pr\u00e9paration [&hellip;]<\/p>\n","protected":false},"featured_media":15570,"template":"","meta":{"_acf_changed":false,"_links_to":"","_links_to_target":""},"product_brand":[],"product_cat":[3262],"product_tag":[],"class_list":{"0":"post-15566","1":"product","2":"type-product","3":"status-publish","4":"has-post-thumbnail","6":"product_cat-non-classe","8":"first","9":"instock","10":"shipping-taxable","11":"purchasable","12":"product-type-variable"},"acf":[],"yoast_head":"<!-- This site is optimized with the Yoast SEO plugin v27.2 - https:\/\/yoast.com\/product\/yoast-seo-wordpress\/ -->\n<title>Applications logicielles certifiables 3 - ISTE Group<\/title>\n<meta name=\"description\" content=\"Applications logicielles certifiables 3 d\u00e9crit le processus de r\u00e9alisation d\u2019une application logicielle en se focalisant sur la phase descendante.\" \/>\n<meta name=\"robots\" content=\"index, follow, max-snippet:-1, max-image-preview:large, max-video-preview:-1\" \/>\n<link rel=\"canonical\" href=\"https:\/\/www.istegroup.com\/en\/produit\/applications-logicielles-certifiables-3\/\" \/>\n<meta property=\"og:locale\" content=\"en_US\" \/>\n<meta property=\"og:type\" content=\"article\" \/>\n<meta property=\"og:title\" content=\"Applications logicielles certifiables 3 - ISTE Group\" \/>\n<meta property=\"og:description\" content=\"Applications logicielles certifiables 3 d\u00e9crit le processus de r\u00e9alisation d\u2019une application logicielle en se focalisant sur la phase descendante.\" \/>\n<meta property=\"og:url\" content=\"https:\/\/www.istegroup.com\/en\/produit\/applications-logicielles-certifiables-3\/\" \/>\n<meta property=\"og:site_name\" content=\"ISTE Group\" \/>\n<meta property=\"article:modified_time\" content=\"2024-01-03T13:42:48+00:00\" \/>\n<meta property=\"og:image\" content=\"https:\/\/www.istegroup.com\/wp-content\/uploads\/2018\/11\/Boulanger-3_Front.jpg\" \/>\n\t<meta property=\"og:image:width\" content=\"604\" \/>\n\t<meta property=\"og:image:height\" content=\"904\" \/>\n\t<meta property=\"og:image:type\" content=\"image\/jpeg\" \/>\n<meta name=\"twitter:card\" content=\"summary_large_image\" \/>\n<meta name=\"twitter:label1\" content=\"Est. reading time\" \/>\n\t<meta name=\"twitter:data1\" content=\"1 minute\" \/>\n<script type=\"application\/ld+json\" class=\"yoast-schema-graph\">{\"@context\":\"https:\/\/schema.org\",\"@graph\":[{\"@type\":\"WebPage\",\"@id\":\"https:\/\/www.istegroup.com\/en\/produit\/applications-logicielles-certifiables-3\/\",\"url\":\"https:\/\/www.istegroup.com\/en\/produit\/applications-logicielles-certifiables-3\/\",\"name\":\"Applications logicielles certifiables 3 - ISTE Group\",\"isPartOf\":{\"@id\":\"https:\/\/www.istegroup.com\/#website\"},\"primaryImageOfPage\":{\"@id\":\"https:\/\/www.istegroup.com\/en\/produit\/applications-logicielles-certifiables-3\/#primaryimage\"},\"image\":{\"@id\":\"https:\/\/www.istegroup.com\/en\/produit\/applications-logicielles-certifiables-3\/#primaryimage\"},\"thumbnailUrl\":\"https:\/\/www.istegroup.com\/wp-content\/uploads\/2018\/11\/Boulanger-3_Front.jpg\",\"datePublished\":\"2018-11-09T14:09:18+00:00\",\"dateModified\":\"2024-01-03T13:42:48+00:00\",\"description\":\"Applications logicielles certifiables 3 d\u00e9crit le processus de r\u00e9alisation d\u2019une application logicielle en se focalisant sur la phase descendante.\",\"breadcrumb\":{\"@id\":\"https:\/\/www.istegroup.com\/en\/produit\/applications-logicielles-certifiables-3\/#breadcrumb\"},\"inLanguage\":\"en-US\",\"potentialAction\":[{\"@type\":\"ReadAction\",\"target\":[\"https:\/\/www.istegroup.com\/en\/produit\/applications-logicielles-certifiables-3\/\"]}]},{\"@type\":\"ImageObject\",\"inLanguage\":\"en-US\",\"@id\":\"https:\/\/www.istegroup.com\/en\/produit\/applications-logicielles-certifiables-3\/#primaryimage\",\"url\":\"https:\/\/www.istegroup.com\/wp-content\/uploads\/2018\/11\/Boulanger-3_Front.jpg\",\"contentUrl\":\"https:\/\/www.istegroup.com\/wp-content\/uploads\/2018\/11\/Boulanger-3_Front.jpg\",\"width\":604,\"height\":904,\"caption\":\"Cycle descendant\"},{\"@type\":\"BreadcrumbList\",\"@id\":\"https:\/\/www.istegroup.com\/en\/produit\/applications-logicielles-certifiables-3\/#breadcrumb\",\"itemListElement\":[{\"@type\":\"ListItem\",\"position\":1,\"name\":\"Home\",\"item\":\"https:\/\/www.istegroup.com\/\"},{\"@type\":\"ListItem\",\"position\":2,\"name\":\"Shop\",\"item\":\"https:\/\/www.istegroup.com\/fr\/nouveautes\/\"},{\"@type\":\"ListItem\",\"position\":3,\"name\":\"Applications logicielles certifiables 3\"}]},{\"@type\":\"WebSite\",\"@id\":\"https:\/\/www.istegroup.com\/#website\",\"url\":\"https:\/\/www.istegroup.com\/\",\"name\":\"ISTE Group\",\"description\":\"Publishing Knowledge\",\"potentialAction\":[{\"@type\":\"SearchAction\",\"target\":{\"@type\":\"EntryPoint\",\"urlTemplate\":\"https:\/\/www.istegroup.com\/?s={search_term_string}\"},\"query-input\":{\"@type\":\"PropertyValueSpecification\",\"valueRequired\":true,\"valueName\":\"search_term_string\"}}],\"inLanguage\":\"en-US\"}]}<\/script>\n<!-- \/ Yoast SEO plugin. -->","yoast_head_json":{"title":"Applications logicielles certifiables 3 - ISTE Group","description":"Applications logicielles certifiables 3 d\u00e9crit le processus de r\u00e9alisation d\u2019une application logicielle en se focalisant sur la phase descendante.","robots":{"index":"index","follow":"follow","max-snippet":"max-snippet:-1","max-image-preview":"max-image-preview:large","max-video-preview":"max-video-preview:-1"},"canonical":"https:\/\/www.istegroup.com\/en\/produit\/applications-logicielles-certifiables-3\/","og_locale":"en_US","og_type":"article","og_title":"Applications logicielles certifiables 3 - ISTE Group","og_description":"Applications logicielles certifiables 3 d\u00e9crit le processus de r\u00e9alisation d\u2019une application logicielle en se focalisant sur la phase descendante.","og_url":"https:\/\/www.istegroup.com\/en\/produit\/applications-logicielles-certifiables-3\/","og_site_name":"ISTE Group","article_modified_time":"2024-01-03T13:42:48+00:00","og_image":[{"width":604,"height":904,"url":"https:\/\/www.istegroup.com\/wp-content\/uploads\/2018\/11\/Boulanger-3_Front.jpg","type":"image\/jpeg"}],"twitter_card":"summary_large_image","twitter_misc":{"Est. reading time":"1 minute"},"schema":{"@context":"https:\/\/schema.org","@graph":[{"@type":"WebPage","@id":"https:\/\/www.istegroup.com\/en\/produit\/applications-logicielles-certifiables-3\/","url":"https:\/\/www.istegroup.com\/en\/produit\/applications-logicielles-certifiables-3\/","name":"Applications logicielles certifiables 3 - ISTE Group","isPartOf":{"@id":"https:\/\/www.istegroup.com\/#website"},"primaryImageOfPage":{"@id":"https:\/\/www.istegroup.com\/en\/produit\/applications-logicielles-certifiables-3\/#primaryimage"},"image":{"@id":"https:\/\/www.istegroup.com\/en\/produit\/applications-logicielles-certifiables-3\/#primaryimage"},"thumbnailUrl":"https:\/\/www.istegroup.com\/wp-content\/uploads\/2018\/11\/Boulanger-3_Front.jpg","datePublished":"2018-11-09T14:09:18+00:00","dateModified":"2024-01-03T13:42:48+00:00","description":"Applications logicielles certifiables 3 d\u00e9crit le processus de r\u00e9alisation d\u2019une application logicielle en se focalisant sur la phase descendante.","breadcrumb":{"@id":"https:\/\/www.istegroup.com\/en\/produit\/applications-logicielles-certifiables-3\/#breadcrumb"},"inLanguage":"en-US","potentialAction":[{"@type":"ReadAction","target":["https:\/\/www.istegroup.com\/en\/produit\/applications-logicielles-certifiables-3\/"]}]},{"@type":"ImageObject","inLanguage":"en-US","@id":"https:\/\/www.istegroup.com\/en\/produit\/applications-logicielles-certifiables-3\/#primaryimage","url":"https:\/\/www.istegroup.com\/wp-content\/uploads\/2018\/11\/Boulanger-3_Front.jpg","contentUrl":"https:\/\/www.istegroup.com\/wp-content\/uploads\/2018\/11\/Boulanger-3_Front.jpg","width":604,"height":904,"caption":"Cycle descendant"},{"@type":"BreadcrumbList","@id":"https:\/\/www.istegroup.com\/en\/produit\/applications-logicielles-certifiables-3\/#breadcrumb","itemListElement":[{"@type":"ListItem","position":1,"name":"Home","item":"https:\/\/www.istegroup.com\/"},{"@type":"ListItem","position":2,"name":"Shop","item":"https:\/\/www.istegroup.com\/fr\/nouveautes\/"},{"@type":"ListItem","position":3,"name":"Applications logicielles certifiables 3"}]},{"@type":"WebSite","@id":"https:\/\/www.istegroup.com\/#website","url":"https:\/\/www.istegroup.com\/","name":"ISTE Group","description":"Publishing Knowledge","potentialAction":[{"@type":"SearchAction","target":{"@type":"EntryPoint","urlTemplate":"https:\/\/www.istegroup.com\/?s={search_term_string}"},"query-input":{"@type":"PropertyValueSpecification","valueRequired":true,"valueName":"search_term_string"}}],"inLanguage":"en-US"}]}},"_links":{"self":[{"href":"https:\/\/www.istegroup.com\/en\/wp-json\/wp\/v2\/product\/15566","targetHints":{"allow":["GET"]}}],"collection":[{"href":"https:\/\/www.istegroup.com\/en\/wp-json\/wp\/v2\/product"}],"about":[{"href":"https:\/\/www.istegroup.com\/en\/wp-json\/wp\/v2\/types\/product"}],"wp:featuredmedia":[{"embeddable":true,"href":"https:\/\/www.istegroup.com\/en\/wp-json\/wp\/v2\/media\/15570"}],"wp:attachment":[{"href":"https:\/\/www.istegroup.com\/en\/wp-json\/wp\/v2\/media?parent=15566"}],"wp:term":[{"taxonomy":"product_brand","embeddable":true,"href":"https:\/\/www.istegroup.com\/en\/wp-json\/wp\/v2\/product_brand?post=15566"},{"taxonomy":"product_cat","embeddable":true,"href":"https:\/\/www.istegroup.com\/en\/wp-json\/wp\/v2\/product_cat?post=15566"},{"taxonomy":"product_tag","embeddable":true,"href":"https:\/\/www.istegroup.com\/en\/wp-json\/wp\/v2\/product_tag?post=15566"}],"curies":[{"name":"wp","href":"https:\/\/api.w.org\/{rel}","templated":true}]}}