{"id":15415,"date":"2018-11-02T16:00:17","date_gmt":"2018-11-02T15:00:17","guid":{"rendered":"https:\/\/www.istegroup.com\/?post_type=product&#038;p=15415"},"modified":"2024-01-03T13:42:44","modified_gmt":"2024-01-03T13:42:44","slug":"formes-des-aides-pour-le-numerique","status":"publish","type":"product","link":"https:\/\/www.istegroup.com\/en\/produit\/formes-des-aides-pour-le-numerique\/","title":{"rendered":"Formes des aides pour le num\u00e9rique"},"content":{"rendered":"<p>\u00c0 l\u2019heure o\u00f9 la communaut\u00e9 scientifique s\u2019interroge sur les humanit\u00e9s num\u00e9riques, initiant un tournant au niveau des conditions de production et de diffusion des savoirs,\u00a0<em>Formes des aides pour le num\u00e9rique<\/em>\u00a0propose, \u00e0 travers l\u2019approche de la notion d\u2019aide en contexte d\u2019apprentissage, une mani\u00e8re originale de positionner le r\u00f4le des ressources num\u00e9riques dans les activit\u00e9s associ\u00e9es \u00e0 l\u2019enseignant, \u00e0 l\u2019apprenant et au chercheur en SHS.<\/p>\n<p>Objet de recherche questionnant plusieurs cadres th\u00e9oriques et objet d\u2019\u00e9tude pouvant donner lieu \u00e0 des prototypes\/applications informatiques, l\u2019aide num\u00e9rique est pr\u00e9sent\u00e9e comme un r\u00e9sultat et un processus int\u00e9grant diff\u00e9rentes ressources num\u00e9riques. Certaines de ces ressources sont existantes, d\u2019autres sont \u00e0 adapter et d\u2019autres enfin restent \u00e0 imaginer. L\u2019objectif est, d\u2019une part, de faciliter des activit\u00e9s pouvant \u00eatre r\u00e9alis\u00e9es seul, et, d\u2019autre part, de r\u00e9aliser de nouvelles activit\u00e9s avec la collaboration d\u2019autres acteurs.<\/p>\n","protected":false},"excerpt":{"rendered":"<p>\u00c0 l\u2019heure o\u00f9 la communaut\u00e9 scientifique s\u2019interroge sur les humanit\u00e9s num\u00e9riques, initiant un tournant au niveau des conditions de production et de diffusion des savoirs,\u00a0Formes des aides pour le num\u00e9rique\u00a0propose, \u00e0 travers l\u2019approche de la notion d\u2019aide en contexte d\u2019apprentissage, une mani\u00e8re originale de positionner le r\u00f4le des ressources num\u00e9riques dans les activit\u00e9s associ\u00e9es \u00e0 [&hellip;]<\/p>\n","protected":false},"featured_media":15421,"template":"","meta":{"_acf_changed":false,"_links_to":"","_links_to_target":""},"product_brand":[],"product_cat":[3262],"product_tag":[],"class_list":{"0":"post-15415","1":"product","2":"type-product","3":"status-publish","4":"has-post-thumbnail","6":"product_cat-non-classe","8":"first","9":"instock","10":"shipping-taxable","11":"purchasable","12":"product-type-variable"},"acf":[],"yoast_head":"<!-- This site is optimized with the Yoast SEO plugin v27.2 - https:\/\/yoast.com\/product\/yoast-seo-wordpress\/ -->\n<title>Formes des aides pour le num\u00e9rique - ISTE Group<\/title>\n<meta name=\"description\" content=\"Formes des aides pour le num\u00e9rique\u00a0propose une mani\u00e8re originale de positionner le r\u00f4le des ressources num\u00e9riques dans les activit\u00e9s associ\u00e9es \u00e0 l\u2019enseignant, \u00e0 l\u2019apprenant et au chercheur en SHS.\" \/>\n<meta name=\"robots\" content=\"index, follow, max-snippet:-1, max-image-preview:large, max-video-preview:-1\" \/>\n<link rel=\"canonical\" href=\"https:\/\/www.istegroup.com\/fr\/produit\/formes-des-aides-pour-le-numerique\/\" \/>\n<meta property=\"og:locale\" content=\"en_US\" \/>\n<meta property=\"og:type\" content=\"article\" \/>\n<meta property=\"og:title\" content=\"Formes des aides pour le num\u00e9rique - ISTE Group\" \/>\n<meta property=\"og:description\" content=\"Formes des aides pour le num\u00e9rique\u00a0propose une mani\u00e8re originale de positionner le r\u00f4le des ressources num\u00e9riques dans les activit\u00e9s associ\u00e9es \u00e0 l\u2019enseignant, \u00e0 l\u2019apprenant et au chercheur en SHS.\" \/>\n<meta property=\"og:url\" content=\"https:\/\/www.istegroup.com\/fr\/produit\/formes-des-aides-pour-le-numerique\/\" \/>\n<meta property=\"og:site_name\" content=\"ISTE Group\" \/>\n<meta property=\"article:modified_time\" content=\"2024-01-03T13:42:44+00:00\" \/>\n<meta property=\"og:image\" content=\"https:\/\/www.istegroup.com\/wp-content\/uploads\/2018\/11\/Pelissier_Front-scaled.jpg\" \/>\n\t<meta property=\"og:image:width\" content=\"1656\" \/>\n\t<meta property=\"og:image:height\" content=\"2560\" \/>\n\t<meta property=\"og:image:type\" content=\"image\/jpeg\" \/>\n<meta name=\"twitter:card\" content=\"summary_large_image\" \/>\n<meta name=\"twitter:label1\" content=\"Est. reading time\" \/>\n\t<meta name=\"twitter:data1\" content=\"1 minute\" \/>\n<script type=\"application\/ld+json\" class=\"yoast-schema-graph\">{\"@context\":\"https:\/\/schema.org\",\"@graph\":[{\"@type\":\"WebPage\",\"@id\":\"https:\/\/www.istegroup.com\/fr\/produit\/formes-des-aides-pour-le-numerique\/\",\"url\":\"https:\/\/www.istegroup.com\/fr\/produit\/formes-des-aides-pour-le-numerique\/\",\"name\":\"Formes des aides pour le num\u00e9rique - ISTE Group\",\"isPartOf\":{\"@id\":\"https:\/\/www.istegroup.com\/#website\"},\"primaryImageOfPage\":{\"@id\":\"https:\/\/www.istegroup.com\/fr\/produit\/formes-des-aides-pour-le-numerique\/#primaryimage\"},\"image\":{\"@id\":\"https:\/\/www.istegroup.com\/fr\/produit\/formes-des-aides-pour-le-numerique\/#primaryimage\"},\"thumbnailUrl\":\"https:\/\/www.istegroup.com\/wp-content\/uploads\/2018\/11\/Pelissier_Front-scaled.jpg\",\"datePublished\":\"2018-11-02T15:00:17+00:00\",\"dateModified\":\"2024-01-03T13:42:44+00:00\",\"description\":\"Formes des aides pour le num\u00e9rique\u00a0propose une mani\u00e8re originale de positionner le r\u00f4le des ressources num\u00e9riques dans les activit\u00e9s associ\u00e9es \u00e0 l\u2019enseignant, \u00e0 l\u2019apprenant et au chercheur en SHS.\",\"breadcrumb\":{\"@id\":\"https:\/\/www.istegroup.com\/fr\/produit\/formes-des-aides-pour-le-numerique\/#breadcrumb\"},\"inLanguage\":\"en-US\",\"potentialAction\":[{\"@type\":\"ReadAction\",\"target\":[\"https:\/\/www.istegroup.com\/fr\/produit\/formes-des-aides-pour-le-numerique\/\"]}]},{\"@type\":\"ImageObject\",\"inLanguage\":\"en-US\",\"@id\":\"https:\/\/www.istegroup.com\/fr\/produit\/formes-des-aides-pour-le-numerique\/#primaryimage\",\"url\":\"https:\/\/www.istegroup.com\/wp-content\/uploads\/2018\/11\/Pelissier_Front-scaled.jpg\",\"contentUrl\":\"https:\/\/www.istegroup.com\/wp-content\/uploads\/2018\/11\/Pelissier_Front-scaled.jpg\",\"width\":1656,\"height\":2560,\"caption\":\"Formes des aides pour le num\u00e9rique\"},{\"@type\":\"BreadcrumbList\",\"@id\":\"https:\/\/www.istegroup.com\/fr\/produit\/formes-des-aides-pour-le-numerique\/#breadcrumb\",\"itemListElement\":[{\"@type\":\"ListItem\",\"position\":1,\"name\":\"Home\",\"item\":\"https:\/\/www.istegroup.com\/\"},{\"@type\":\"ListItem\",\"position\":2,\"name\":\"Shop\",\"item\":\"https:\/\/www.istegroup.com\/fr\/nouveautes\/\"},{\"@type\":\"ListItem\",\"position\":3,\"name\":\"Formes des aides pour le num\u00e9rique\"}]},{\"@type\":\"WebSite\",\"@id\":\"https:\/\/www.istegroup.com\/#website\",\"url\":\"https:\/\/www.istegroup.com\/\",\"name\":\"ISTE Group\",\"description\":\"Publishing Knowledge\",\"potentialAction\":[{\"@type\":\"SearchAction\",\"target\":{\"@type\":\"EntryPoint\",\"urlTemplate\":\"https:\/\/www.istegroup.com\/?s={search_term_string}\"},\"query-input\":{\"@type\":\"PropertyValueSpecification\",\"valueRequired\":true,\"valueName\":\"search_term_string\"}}],\"inLanguage\":\"en-US\"}]}<\/script>\n<!-- \/ Yoast SEO plugin. -->","yoast_head_json":{"title":"Formes des aides pour le num\u00e9rique - ISTE Group","description":"Formes des aides pour le num\u00e9rique\u00a0propose une mani\u00e8re originale de positionner le r\u00f4le des ressources num\u00e9riques dans les activit\u00e9s associ\u00e9es \u00e0 l\u2019enseignant, \u00e0 l\u2019apprenant et au chercheur en SHS.","robots":{"index":"index","follow":"follow","max-snippet":"max-snippet:-1","max-image-preview":"max-image-preview:large","max-video-preview":"max-video-preview:-1"},"canonical":"https:\/\/www.istegroup.com\/fr\/produit\/formes-des-aides-pour-le-numerique\/","og_locale":"en_US","og_type":"article","og_title":"Formes des aides pour le num\u00e9rique - ISTE Group","og_description":"Formes des aides pour le num\u00e9rique\u00a0propose une mani\u00e8re originale de positionner le r\u00f4le des ressources num\u00e9riques dans les activit\u00e9s associ\u00e9es \u00e0 l\u2019enseignant, \u00e0 l\u2019apprenant et au chercheur en SHS.","og_url":"https:\/\/www.istegroup.com\/fr\/produit\/formes-des-aides-pour-le-numerique\/","og_site_name":"ISTE Group","article_modified_time":"2024-01-03T13:42:44+00:00","og_image":[{"width":1656,"height":2560,"url":"https:\/\/www.istegroup.com\/wp-content\/uploads\/2018\/11\/Pelissier_Front-scaled.jpg","type":"image\/jpeg"}],"twitter_card":"summary_large_image","twitter_misc":{"Est. reading time":"1 minute"},"schema":{"@context":"https:\/\/schema.org","@graph":[{"@type":"WebPage","@id":"https:\/\/www.istegroup.com\/fr\/produit\/formes-des-aides-pour-le-numerique\/","url":"https:\/\/www.istegroup.com\/fr\/produit\/formes-des-aides-pour-le-numerique\/","name":"Formes des aides pour le num\u00e9rique - ISTE Group","isPartOf":{"@id":"https:\/\/www.istegroup.com\/#website"},"primaryImageOfPage":{"@id":"https:\/\/www.istegroup.com\/fr\/produit\/formes-des-aides-pour-le-numerique\/#primaryimage"},"image":{"@id":"https:\/\/www.istegroup.com\/fr\/produit\/formes-des-aides-pour-le-numerique\/#primaryimage"},"thumbnailUrl":"https:\/\/www.istegroup.com\/wp-content\/uploads\/2018\/11\/Pelissier_Front-scaled.jpg","datePublished":"2018-11-02T15:00:17+00:00","dateModified":"2024-01-03T13:42:44+00:00","description":"Formes des aides pour le num\u00e9rique\u00a0propose une mani\u00e8re originale de positionner le r\u00f4le des ressources num\u00e9riques dans les activit\u00e9s associ\u00e9es \u00e0 l\u2019enseignant, \u00e0 l\u2019apprenant et au chercheur en SHS.","breadcrumb":{"@id":"https:\/\/www.istegroup.com\/fr\/produit\/formes-des-aides-pour-le-numerique\/#breadcrumb"},"inLanguage":"en-US","potentialAction":[{"@type":"ReadAction","target":["https:\/\/www.istegroup.com\/fr\/produit\/formes-des-aides-pour-le-numerique\/"]}]},{"@type":"ImageObject","inLanguage":"en-US","@id":"https:\/\/www.istegroup.com\/fr\/produit\/formes-des-aides-pour-le-numerique\/#primaryimage","url":"https:\/\/www.istegroup.com\/wp-content\/uploads\/2018\/11\/Pelissier_Front-scaled.jpg","contentUrl":"https:\/\/www.istegroup.com\/wp-content\/uploads\/2018\/11\/Pelissier_Front-scaled.jpg","width":1656,"height":2560,"caption":"Formes des aides pour le num\u00e9rique"},{"@type":"BreadcrumbList","@id":"https:\/\/www.istegroup.com\/fr\/produit\/formes-des-aides-pour-le-numerique\/#breadcrumb","itemListElement":[{"@type":"ListItem","position":1,"name":"Home","item":"https:\/\/www.istegroup.com\/"},{"@type":"ListItem","position":2,"name":"Shop","item":"https:\/\/www.istegroup.com\/fr\/nouveautes\/"},{"@type":"ListItem","position":3,"name":"Formes des aides pour le num\u00e9rique"}]},{"@type":"WebSite","@id":"https:\/\/www.istegroup.com\/#website","url":"https:\/\/www.istegroup.com\/","name":"ISTE Group","description":"Publishing Knowledge","potentialAction":[{"@type":"SearchAction","target":{"@type":"EntryPoint","urlTemplate":"https:\/\/www.istegroup.com\/?s={search_term_string}"},"query-input":{"@type":"PropertyValueSpecification","valueRequired":true,"valueName":"search_term_string"}}],"inLanguage":"en-US"}]}},"_links":{"self":[{"href":"https:\/\/www.istegroup.com\/en\/wp-json\/wp\/v2\/product\/15415","targetHints":{"allow":["GET"]}}],"collection":[{"href":"https:\/\/www.istegroup.com\/en\/wp-json\/wp\/v2\/product"}],"about":[{"href":"https:\/\/www.istegroup.com\/en\/wp-json\/wp\/v2\/types\/product"}],"wp:featuredmedia":[{"embeddable":true,"href":"https:\/\/www.istegroup.com\/en\/wp-json\/wp\/v2\/media\/15421"}],"wp:attachment":[{"href":"https:\/\/www.istegroup.com\/en\/wp-json\/wp\/v2\/media?parent=15415"}],"wp:term":[{"taxonomy":"product_brand","embeddable":true,"href":"https:\/\/www.istegroup.com\/en\/wp-json\/wp\/v2\/product_brand?post=15415"},{"taxonomy":"product_cat","embeddable":true,"href":"https:\/\/www.istegroup.com\/en\/wp-json\/wp\/v2\/product_cat?post=15415"},{"taxonomy":"product_tag","embeddable":true,"href":"https:\/\/www.istegroup.com\/en\/wp-json\/wp\/v2\/product_tag?post=15415"}],"curies":[{"name":"wp","href":"https:\/\/api.w.org\/{rel}","templated":true}]}}