{"id":15406,"date":"2018-11-02T15:52:48","date_gmt":"2018-11-02T14:52:48","guid":{"rendered":"https:\/\/www.istegroup.com\/?post_type=product&#038;p=15406"},"modified":"2024-01-03T13:42:44","modified_gmt":"2024-01-03T13:42:44","slug":"approches-statistique-cartographique-et-numerique-de-sante","status":"publish","type":"product","link":"https:\/\/www.istegroup.com\/en\/produit\/approches-statistique-cartographique-et-numerique-de-sante\/","title":{"rendered":"Approches statistique, cartographique et num\u00e9rique de sant\u00e9"},"content":{"rendered":"<p>La sant\u00e9 des personnes d\u00e9pend des conditions de vie et de l\u2019environnement choisis ou subis. Ainsi, il est pertinent de caract\u00e9riser la sant\u00e9 par l\u2019optimisation du territoire.<\/p>\n<p>C\u2019est \u00e0 travers le regard crois\u00e9 d\u2019un math\u00e9maticien-g\u00e9ographe, sp\u00e9cialiste des questions environnementales, et d\u2019un professeur de m\u00e9decine, sp\u00e9cialiste des donn\u00e9es de sant\u00e9, que cet ouvrage traite des territoires de sant\u00e9 et du concept de sant\u00e9 des territoires.<\/p>\n<p>Il \u00e9tudie les territoires de sant\u00e9 en partant de l\u2019analyse des donn\u00e9es g\u00e9ographiques (donn\u00e9es de sant\u00e9, donn\u00e9es d\u00e9mographiques, donn\u00e9es environnementales et syst\u00e8mes de donn\u00e9es de sant\u00e9) vers l\u2019analyse de nouveaux domaines de sant\u00e9 (sant\u00e9 3.0), \u00e0 savoir les territoires num\u00e9riques de sant\u00e9. Des outils conceptuels y sont utilis\u00e9s pour questionner les changements environnementaux \u2013 tels que les statistiques sur la sant\u00e9, la cartographie, les mod\u00e8les math\u00e9matiques et les mod\u00e8les d\u2019optimisation.<\/p>\n","protected":false},"excerpt":{"rendered":"<p>La sant\u00e9 des personnes d\u00e9pend des conditions de vie et de l\u2019environnement choisis ou subis. Ainsi, il est pertinent de caract\u00e9riser la sant\u00e9 par l\u2019optimisation du territoire. C\u2019est \u00e0 travers le regard crois\u00e9 d\u2019un math\u00e9maticien-g\u00e9ographe, sp\u00e9cialiste des questions environnementales, et d\u2019un professeur de m\u00e9decine, sp\u00e9cialiste des donn\u00e9es de sant\u00e9, que cet ouvrage traite des territoires [&hellip;]<\/p>\n","protected":false},"featured_media":15414,"template":"","meta":{"_acf_changed":false,"_links_to":"","_links_to_target":""},"product_brand":[],"product_cat":[3262],"product_tag":[],"class_list":{"0":"post-15406","1":"product","2":"type-product","3":"status-publish","4":"has-post-thumbnail","6":"product_cat-non-classe","8":"first","9":"instock","10":"shipping-taxable","11":"purchasable","12":"product-type-variable"},"acf":[],"yoast_head":"<!-- This site is optimized with the Yoast SEO plugin v27.2 - https:\/\/yoast.com\/product\/yoast-seo-wordpress\/ -->\n<title>Approches statistique, cartographique et num\u00e9rique de sant\u00e9 - ISTE Group<\/title>\n<meta name=\"description\" content=\"Il \u00e9tudie les territoires de sant\u00e9 en partant de l\u2019analyse des donn\u00e9es g\u00e9ographiques vers l\u2019analyse de nouveaux domaines de sant\u00e9, \u00e0 savoir les territoires num\u00e9riques de sant\u00e9.\" \/>\n<meta name=\"robots\" content=\"index, follow, max-snippet:-1, max-image-preview:large, max-video-preview:-1\" \/>\n<link rel=\"canonical\" href=\"https:\/\/www.istegroup.com\/fr\/produit\/approches-statistique-cartographique-et-numerique-de-sante\/\" \/>\n<meta property=\"og:locale\" content=\"en_US\" \/>\n<meta property=\"og:type\" content=\"article\" \/>\n<meta property=\"og:title\" content=\"Approches statistique, cartographique et num\u00e9rique de sant\u00e9 - ISTE Group\" \/>\n<meta property=\"og:description\" content=\"Il \u00e9tudie les territoires de sant\u00e9 en partant de l\u2019analyse des donn\u00e9es g\u00e9ographiques vers l\u2019analyse de nouveaux domaines de sant\u00e9, \u00e0 savoir les territoires num\u00e9riques de sant\u00e9.\" \/>\n<meta property=\"og:url\" content=\"https:\/\/www.istegroup.com\/fr\/produit\/approches-statistique-cartographique-et-numerique-de-sante\/\" \/>\n<meta property=\"og:site_name\" content=\"ISTE Group\" \/>\n<meta property=\"article:modified_time\" content=\"2024-01-03T13:42:44+00:00\" \/>\n<meta property=\"og:image\" content=\"https:\/\/www.istegroup.com\/wp-content\/uploads\/2018\/11\/Maignant_Front-scaled.jpg\" \/>\n\t<meta property=\"og:image:width\" content=\"1671\" \/>\n\t<meta property=\"og:image:height\" content=\"2560\" \/>\n\t<meta property=\"og:image:type\" content=\"image\/jpeg\" \/>\n<meta name=\"twitter:card\" content=\"summary_large_image\" \/>\n<meta name=\"twitter:label1\" content=\"Est. reading time\" \/>\n\t<meta name=\"twitter:data1\" content=\"1 minute\" \/>\n<script type=\"application\/ld+json\" class=\"yoast-schema-graph\">{\"@context\":\"https:\/\/schema.org\",\"@graph\":[{\"@type\":\"WebPage\",\"@id\":\"https:\/\/www.istegroup.com\/fr\/produit\/approches-statistique-cartographique-et-numerique-de-sante\/\",\"url\":\"https:\/\/www.istegroup.com\/fr\/produit\/approches-statistique-cartographique-et-numerique-de-sante\/\",\"name\":\"Approches statistique, cartographique et num\u00e9rique de sant\u00e9 - ISTE Group\",\"isPartOf\":{\"@id\":\"https:\/\/www.istegroup.com\/#website\"},\"primaryImageOfPage\":{\"@id\":\"https:\/\/www.istegroup.com\/fr\/produit\/approches-statistique-cartographique-et-numerique-de-sante\/#primaryimage\"},\"image\":{\"@id\":\"https:\/\/www.istegroup.com\/fr\/produit\/approches-statistique-cartographique-et-numerique-de-sante\/#primaryimage\"},\"thumbnailUrl\":\"https:\/\/www.istegroup.com\/wp-content\/uploads\/2018\/11\/Maignant_Front-scaled.jpg\",\"datePublished\":\"2018-11-02T14:52:48+00:00\",\"dateModified\":\"2024-01-03T13:42:44+00:00\",\"description\":\"Il \u00e9tudie les territoires de sant\u00e9 en partant de l\u2019analyse des donn\u00e9es g\u00e9ographiques vers l\u2019analyse de nouveaux domaines de sant\u00e9, \u00e0 savoir les territoires num\u00e9riques de sant\u00e9.\",\"breadcrumb\":{\"@id\":\"https:\/\/www.istegroup.com\/fr\/produit\/approches-statistique-cartographique-et-numerique-de-sante\/#breadcrumb\"},\"inLanguage\":\"en-US\",\"potentialAction\":[{\"@type\":\"ReadAction\",\"target\":[\"https:\/\/www.istegroup.com\/fr\/produit\/approches-statistique-cartographique-et-numerique-de-sante\/\"]}]},{\"@type\":\"ImageObject\",\"inLanguage\":\"en-US\",\"@id\":\"https:\/\/www.istegroup.com\/fr\/produit\/approches-statistique-cartographique-et-numerique-de-sante\/#primaryimage\",\"url\":\"https:\/\/www.istegroup.com\/wp-content\/uploads\/2018\/11\/Maignant_Front-scaled.jpg\",\"contentUrl\":\"https:\/\/www.istegroup.com\/wp-content\/uploads\/2018\/11\/Maignant_Front-scaled.jpg\",\"width\":1671,\"height\":2560,\"caption\":\"Approches statistique, cartographique et num\u00e9rique de sant\u00e9\"},{\"@type\":\"BreadcrumbList\",\"@id\":\"https:\/\/www.istegroup.com\/fr\/produit\/approches-statistique-cartographique-et-numerique-de-sante\/#breadcrumb\",\"itemListElement\":[{\"@type\":\"ListItem\",\"position\":1,\"name\":\"Home\",\"item\":\"https:\/\/www.istegroup.com\/\"},{\"@type\":\"ListItem\",\"position\":2,\"name\":\"Shop\",\"item\":\"https:\/\/www.istegroup.com\/fr\/nouveautes\/\"},{\"@type\":\"ListItem\",\"position\":3,\"name\":\"Approches statistique, cartographique et num\u00e9rique de sant\u00e9\"}]},{\"@type\":\"WebSite\",\"@id\":\"https:\/\/www.istegroup.com\/#website\",\"url\":\"https:\/\/www.istegroup.com\/\",\"name\":\"ISTE Group\",\"description\":\"Publishing Knowledge\",\"potentialAction\":[{\"@type\":\"SearchAction\",\"target\":{\"@type\":\"EntryPoint\",\"urlTemplate\":\"https:\/\/www.istegroup.com\/?s={search_term_string}\"},\"query-input\":{\"@type\":\"PropertyValueSpecification\",\"valueRequired\":true,\"valueName\":\"search_term_string\"}}],\"inLanguage\":\"en-US\"}]}<\/script>\n<!-- \/ Yoast SEO plugin. -->","yoast_head_json":{"title":"Approches statistique, cartographique et num\u00e9rique de sant\u00e9 - ISTE Group","description":"Il \u00e9tudie les territoires de sant\u00e9 en partant de l\u2019analyse des donn\u00e9es g\u00e9ographiques vers l\u2019analyse de nouveaux domaines de sant\u00e9, \u00e0 savoir les territoires num\u00e9riques de sant\u00e9.","robots":{"index":"index","follow":"follow","max-snippet":"max-snippet:-1","max-image-preview":"max-image-preview:large","max-video-preview":"max-video-preview:-1"},"canonical":"https:\/\/www.istegroup.com\/fr\/produit\/approches-statistique-cartographique-et-numerique-de-sante\/","og_locale":"en_US","og_type":"article","og_title":"Approches statistique, cartographique et num\u00e9rique de sant\u00e9 - ISTE Group","og_description":"Il \u00e9tudie les territoires de sant\u00e9 en partant de l\u2019analyse des donn\u00e9es g\u00e9ographiques vers l\u2019analyse de nouveaux domaines de sant\u00e9, \u00e0 savoir les territoires num\u00e9riques de sant\u00e9.","og_url":"https:\/\/www.istegroup.com\/fr\/produit\/approches-statistique-cartographique-et-numerique-de-sante\/","og_site_name":"ISTE Group","article_modified_time":"2024-01-03T13:42:44+00:00","og_image":[{"width":1671,"height":2560,"url":"https:\/\/www.istegroup.com\/wp-content\/uploads\/2018\/11\/Maignant_Front-scaled.jpg","type":"image\/jpeg"}],"twitter_card":"summary_large_image","twitter_misc":{"Est. reading time":"1 minute"},"schema":{"@context":"https:\/\/schema.org","@graph":[{"@type":"WebPage","@id":"https:\/\/www.istegroup.com\/fr\/produit\/approches-statistique-cartographique-et-numerique-de-sante\/","url":"https:\/\/www.istegroup.com\/fr\/produit\/approches-statistique-cartographique-et-numerique-de-sante\/","name":"Approches statistique, cartographique et num\u00e9rique de sant\u00e9 - ISTE Group","isPartOf":{"@id":"https:\/\/www.istegroup.com\/#website"},"primaryImageOfPage":{"@id":"https:\/\/www.istegroup.com\/fr\/produit\/approches-statistique-cartographique-et-numerique-de-sante\/#primaryimage"},"image":{"@id":"https:\/\/www.istegroup.com\/fr\/produit\/approches-statistique-cartographique-et-numerique-de-sante\/#primaryimage"},"thumbnailUrl":"https:\/\/www.istegroup.com\/wp-content\/uploads\/2018\/11\/Maignant_Front-scaled.jpg","datePublished":"2018-11-02T14:52:48+00:00","dateModified":"2024-01-03T13:42:44+00:00","description":"Il \u00e9tudie les territoires de sant\u00e9 en partant de l\u2019analyse des donn\u00e9es g\u00e9ographiques vers l\u2019analyse de nouveaux domaines de sant\u00e9, \u00e0 savoir les territoires num\u00e9riques de sant\u00e9.","breadcrumb":{"@id":"https:\/\/www.istegroup.com\/fr\/produit\/approches-statistique-cartographique-et-numerique-de-sante\/#breadcrumb"},"inLanguage":"en-US","potentialAction":[{"@type":"ReadAction","target":["https:\/\/www.istegroup.com\/fr\/produit\/approches-statistique-cartographique-et-numerique-de-sante\/"]}]},{"@type":"ImageObject","inLanguage":"en-US","@id":"https:\/\/www.istegroup.com\/fr\/produit\/approches-statistique-cartographique-et-numerique-de-sante\/#primaryimage","url":"https:\/\/www.istegroup.com\/wp-content\/uploads\/2018\/11\/Maignant_Front-scaled.jpg","contentUrl":"https:\/\/www.istegroup.com\/wp-content\/uploads\/2018\/11\/Maignant_Front-scaled.jpg","width":1671,"height":2560,"caption":"Approches statistique, cartographique et num\u00e9rique de sant\u00e9"},{"@type":"BreadcrumbList","@id":"https:\/\/www.istegroup.com\/fr\/produit\/approches-statistique-cartographique-et-numerique-de-sante\/#breadcrumb","itemListElement":[{"@type":"ListItem","position":1,"name":"Home","item":"https:\/\/www.istegroup.com\/"},{"@type":"ListItem","position":2,"name":"Shop","item":"https:\/\/www.istegroup.com\/fr\/nouveautes\/"},{"@type":"ListItem","position":3,"name":"Approches statistique, cartographique et num\u00e9rique de sant\u00e9"}]},{"@type":"WebSite","@id":"https:\/\/www.istegroup.com\/#website","url":"https:\/\/www.istegroup.com\/","name":"ISTE Group","description":"Publishing Knowledge","potentialAction":[{"@type":"SearchAction","target":{"@type":"EntryPoint","urlTemplate":"https:\/\/www.istegroup.com\/?s={search_term_string}"},"query-input":{"@type":"PropertyValueSpecification","valueRequired":true,"valueName":"search_term_string"}}],"inLanguage":"en-US"}]}},"_links":{"self":[{"href":"https:\/\/www.istegroup.com\/en\/wp-json\/wp\/v2\/product\/15406","targetHints":{"allow":["GET"]}}],"collection":[{"href":"https:\/\/www.istegroup.com\/en\/wp-json\/wp\/v2\/product"}],"about":[{"href":"https:\/\/www.istegroup.com\/en\/wp-json\/wp\/v2\/types\/product"}],"wp:featuredmedia":[{"embeddable":true,"href":"https:\/\/www.istegroup.com\/en\/wp-json\/wp\/v2\/media\/15414"}],"wp:attachment":[{"href":"https:\/\/www.istegroup.com\/en\/wp-json\/wp\/v2\/media?parent=15406"}],"wp:term":[{"taxonomy":"product_brand","embeddable":true,"href":"https:\/\/www.istegroup.com\/en\/wp-json\/wp\/v2\/product_brand?post=15406"},{"taxonomy":"product_cat","embeddable":true,"href":"https:\/\/www.istegroup.com\/en\/wp-json\/wp\/v2\/product_cat?post=15406"},{"taxonomy":"product_tag","embeddable":true,"href":"https:\/\/www.istegroup.com\/en\/wp-json\/wp\/v2\/product_tag?post=15406"}],"curies":[{"name":"wp","href":"https:\/\/api.w.org\/{rel}","templated":true}]}}