{"id":15358,"date":"2018-11-02T15:13:21","date_gmt":"2018-11-02T14:13:21","guid":{"rendered":"https:\/\/www.istegroup.com\/?post_type=product&#038;p=15358"},"modified":"2024-01-03T13:42:44","modified_gmt":"2024-01-03T13:42:44","slug":"des-traces-numeriques-aux-projections-algorithmiques","status":"publish","type":"product","link":"https:\/\/www.istegroup.com\/en\/produit\/des-traces-numeriques-aux-projections-algorithmiques\/","title":{"rendered":"Des traces num\u00e9riques aux projections algorithmiques"},"content":{"rendered":"<p>Le volume mondial de donn\u00e9es produites pourrait \u00eatre multipli\u00e9 par dix dans les ann\u00e9es \u00e0 venir. Un tel d\u00e9luge de donn\u00e9es influence n\u00e9cessairement les activit\u00e9s humaines et contribue \u00e0 la num\u00e9risation de l\u2019environnement.<\/p>\n<p>Cet ouvrage offre une approche projective de la trace num\u00e9rique, s\u2019appuyant sur un formalisme int\u00e9grant l\u2019individu, le syst\u00e8me et l\u2019algorithme ex\u00e9cut\u00e9. Il expose le formalisme complet d\u00e9crivant les projections algorithmiques et pr\u00e9sente deux concepts in\u00e9dits li\u00e9s aux objets connect\u00e9s : le niveau d\u2019ubiquit\u00e9 d\u2019un lieu et le consentement algorithmique d\u2019un individu.<\/p>\n<p>Les fausses donn\u00e9es, premier vecteur d\u2019ins\u00e9curit\u00e9 num\u00e9rique, matrices de cybercriminalit\u00e9, y sont \u00e9tudi\u00e9es sous l\u2019angle projectif et l\u2019ouvrage se concentre \u00e9galement sur les cyberattaques \u00e0 fort impact construites sur des projections algorithmiques fictives.<\/p>\n","protected":false},"excerpt":{"rendered":"<p>Le volume mondial de donn\u00e9es produites pourrait \u00eatre multipli\u00e9 par dix dans les ann\u00e9es \u00e0 venir. Un tel d\u00e9luge de donn\u00e9es influence n\u00e9cessairement les activit\u00e9s humaines et contribue \u00e0 la num\u00e9risation de l\u2019environnement. Cet ouvrage offre une approche projective de la trace num\u00e9rique, s\u2019appuyant sur un formalisme int\u00e9grant l\u2019individu, le syst\u00e8me et l\u2019algorithme ex\u00e9cut\u00e9. Il [&hellip;]<\/p>\n","protected":false},"featured_media":15366,"template":"","meta":{"_acf_changed":false,"_links_to":"","_links_to_target":""},"product_brand":[],"product_cat":[3262],"product_tag":[],"class_list":{"0":"post-15358","1":"product","2":"type-product","3":"status-publish","4":"has-post-thumbnail","6":"product_cat-non-classe","8":"first","9":"instock","10":"shipping-taxable","11":"purchasable","12":"product-type-variable"},"acf":[],"yoast_head":"<!-- This site is optimized with the Yoast SEO plugin v27.2 - https:\/\/yoast.com\/product\/yoast-seo-wordpress\/ -->\n<title>Des traces num\u00e9riques aux projections algorithmiques - ISTE Group<\/title>\n<meta name=\"description\" content=\"Cet ouvrage offre une approche projective de la trace num\u00e9rique, s\u2019appuyant sur un formalisme int\u00e9grant l\u2019individu, le syst\u00e8me et l\u2019algorithme ex\u00e9cut\u00e9.\" \/>\n<meta name=\"robots\" content=\"index, follow, max-snippet:-1, max-image-preview:large, max-video-preview:-1\" \/>\n<link rel=\"canonical\" href=\"https:\/\/www.istegroup.com\/en\/produit\/des-traces-numeriques-aux-projections-algorithmiques\/\" \/>\n<meta property=\"og:locale\" content=\"en_US\" \/>\n<meta property=\"og:type\" content=\"article\" \/>\n<meta property=\"og:title\" content=\"Des traces num\u00e9riques aux projections algorithmiques - ISTE Group\" \/>\n<meta property=\"og:description\" content=\"Cet ouvrage offre une approche projective de la trace num\u00e9rique, s\u2019appuyant sur un formalisme int\u00e9grant l\u2019individu, le syst\u00e8me et l\u2019algorithme ex\u00e9cut\u00e9.\" \/>\n<meta property=\"og:url\" content=\"https:\/\/www.istegroup.com\/en\/produit\/des-traces-numeriques-aux-projections-algorithmiques\/\" \/>\n<meta property=\"og:site_name\" content=\"ISTE Group\" \/>\n<meta property=\"article:modified_time\" content=\"2024-01-03T13:42:44+00:00\" \/>\n<meta property=\"og:image\" content=\"https:\/\/www.istegroup.com\/wp-content\/uploads\/2018\/11\/Berthier_Front-scaled.jpg\" \/>\n\t<meta property=\"og:image:width\" content=\"1620\" \/>\n\t<meta property=\"og:image:height\" content=\"2560\" \/>\n\t<meta property=\"og:image:type\" content=\"image\/jpeg\" \/>\n<meta name=\"twitter:card\" content=\"summary_large_image\" \/>\n<meta name=\"twitter:label1\" content=\"Est. reading time\" \/>\n\t<meta name=\"twitter:data1\" content=\"1 minute\" \/>\n<script type=\"application\/ld+json\" class=\"yoast-schema-graph\">{\"@context\":\"https:\/\/schema.org\",\"@graph\":[{\"@type\":\"WebPage\",\"@id\":\"https:\/\/www.istegroup.com\/en\/produit\/des-traces-numeriques-aux-projections-algorithmiques\/\",\"url\":\"https:\/\/www.istegroup.com\/en\/produit\/des-traces-numeriques-aux-projections-algorithmiques\/\",\"name\":\"Des traces num\u00e9riques aux projections algorithmiques - ISTE Group\",\"isPartOf\":{\"@id\":\"https:\/\/www.istegroup.com\/#website\"},\"primaryImageOfPage\":{\"@id\":\"https:\/\/www.istegroup.com\/en\/produit\/des-traces-numeriques-aux-projections-algorithmiques\/#primaryimage\"},\"image\":{\"@id\":\"https:\/\/www.istegroup.com\/en\/produit\/des-traces-numeriques-aux-projections-algorithmiques\/#primaryimage\"},\"thumbnailUrl\":\"https:\/\/www.istegroup.com\/wp-content\/uploads\/2018\/11\/Berthier_Front-scaled.jpg\",\"datePublished\":\"2018-11-02T14:13:21+00:00\",\"dateModified\":\"2024-01-03T13:42:44+00:00\",\"description\":\"Cet ouvrage offre une approche projective de la trace num\u00e9rique, s\u2019appuyant sur un formalisme int\u00e9grant l\u2019individu, le syst\u00e8me et l\u2019algorithme ex\u00e9cut\u00e9.\",\"breadcrumb\":{\"@id\":\"https:\/\/www.istegroup.com\/en\/produit\/des-traces-numeriques-aux-projections-algorithmiques\/#breadcrumb\"},\"inLanguage\":\"en-US\",\"potentialAction\":[{\"@type\":\"ReadAction\",\"target\":[\"https:\/\/www.istegroup.com\/en\/produit\/des-traces-numeriques-aux-projections-algorithmiques\/\"]}]},{\"@type\":\"ImageObject\",\"inLanguage\":\"en-US\",\"@id\":\"https:\/\/www.istegroup.com\/en\/produit\/des-traces-numeriques-aux-projections-algorithmiques\/#primaryimage\",\"url\":\"https:\/\/www.istegroup.com\/wp-content\/uploads\/2018\/11\/Berthier_Front-scaled.jpg\",\"contentUrl\":\"https:\/\/www.istegroup.com\/wp-content\/uploads\/2018\/11\/Berthier_Front-scaled.jpg\",\"width\":1620,\"height\":2560,\"caption\":\"Des traces num\u00e9riques aux projections algorithmiques\"},{\"@type\":\"BreadcrumbList\",\"@id\":\"https:\/\/www.istegroup.com\/en\/produit\/des-traces-numeriques-aux-projections-algorithmiques\/#breadcrumb\",\"itemListElement\":[{\"@type\":\"ListItem\",\"position\":1,\"name\":\"Home\",\"item\":\"https:\/\/www.istegroup.com\/\"},{\"@type\":\"ListItem\",\"position\":2,\"name\":\"Shop\",\"item\":\"https:\/\/www.istegroup.com\/fr\/nouveautes\/\"},{\"@type\":\"ListItem\",\"position\":3,\"name\":\"Des traces num\u00e9riques aux projections algorithmiques\"}]},{\"@type\":\"WebSite\",\"@id\":\"https:\/\/www.istegroup.com\/#website\",\"url\":\"https:\/\/www.istegroup.com\/\",\"name\":\"ISTE Group\",\"description\":\"Publishing Knowledge\",\"potentialAction\":[{\"@type\":\"SearchAction\",\"target\":{\"@type\":\"EntryPoint\",\"urlTemplate\":\"https:\/\/www.istegroup.com\/?s={search_term_string}\"},\"query-input\":{\"@type\":\"PropertyValueSpecification\",\"valueRequired\":true,\"valueName\":\"search_term_string\"}}],\"inLanguage\":\"en-US\"}]}<\/script>\n<!-- \/ Yoast SEO plugin. -->","yoast_head_json":{"title":"Des traces num\u00e9riques aux projections algorithmiques - ISTE Group","description":"Cet ouvrage offre une approche projective de la trace num\u00e9rique, s\u2019appuyant sur un formalisme int\u00e9grant l\u2019individu, le syst\u00e8me et l\u2019algorithme ex\u00e9cut\u00e9.","robots":{"index":"index","follow":"follow","max-snippet":"max-snippet:-1","max-image-preview":"max-image-preview:large","max-video-preview":"max-video-preview:-1"},"canonical":"https:\/\/www.istegroup.com\/en\/produit\/des-traces-numeriques-aux-projections-algorithmiques\/","og_locale":"en_US","og_type":"article","og_title":"Des traces num\u00e9riques aux projections algorithmiques - ISTE Group","og_description":"Cet ouvrage offre une approche projective de la trace num\u00e9rique, s\u2019appuyant sur un formalisme int\u00e9grant l\u2019individu, le syst\u00e8me et l\u2019algorithme ex\u00e9cut\u00e9.","og_url":"https:\/\/www.istegroup.com\/en\/produit\/des-traces-numeriques-aux-projections-algorithmiques\/","og_site_name":"ISTE Group","article_modified_time":"2024-01-03T13:42:44+00:00","og_image":[{"width":1620,"height":2560,"url":"https:\/\/www.istegroup.com\/wp-content\/uploads\/2018\/11\/Berthier_Front-scaled.jpg","type":"image\/jpeg"}],"twitter_card":"summary_large_image","twitter_misc":{"Est. reading time":"1 minute"},"schema":{"@context":"https:\/\/schema.org","@graph":[{"@type":"WebPage","@id":"https:\/\/www.istegroup.com\/en\/produit\/des-traces-numeriques-aux-projections-algorithmiques\/","url":"https:\/\/www.istegroup.com\/en\/produit\/des-traces-numeriques-aux-projections-algorithmiques\/","name":"Des traces num\u00e9riques aux projections algorithmiques - ISTE Group","isPartOf":{"@id":"https:\/\/www.istegroup.com\/#website"},"primaryImageOfPage":{"@id":"https:\/\/www.istegroup.com\/en\/produit\/des-traces-numeriques-aux-projections-algorithmiques\/#primaryimage"},"image":{"@id":"https:\/\/www.istegroup.com\/en\/produit\/des-traces-numeriques-aux-projections-algorithmiques\/#primaryimage"},"thumbnailUrl":"https:\/\/www.istegroup.com\/wp-content\/uploads\/2018\/11\/Berthier_Front-scaled.jpg","datePublished":"2018-11-02T14:13:21+00:00","dateModified":"2024-01-03T13:42:44+00:00","description":"Cet ouvrage offre une approche projective de la trace num\u00e9rique, s\u2019appuyant sur un formalisme int\u00e9grant l\u2019individu, le syst\u00e8me et l\u2019algorithme ex\u00e9cut\u00e9.","breadcrumb":{"@id":"https:\/\/www.istegroup.com\/en\/produit\/des-traces-numeriques-aux-projections-algorithmiques\/#breadcrumb"},"inLanguage":"en-US","potentialAction":[{"@type":"ReadAction","target":["https:\/\/www.istegroup.com\/en\/produit\/des-traces-numeriques-aux-projections-algorithmiques\/"]}]},{"@type":"ImageObject","inLanguage":"en-US","@id":"https:\/\/www.istegroup.com\/en\/produit\/des-traces-numeriques-aux-projections-algorithmiques\/#primaryimage","url":"https:\/\/www.istegroup.com\/wp-content\/uploads\/2018\/11\/Berthier_Front-scaled.jpg","contentUrl":"https:\/\/www.istegroup.com\/wp-content\/uploads\/2018\/11\/Berthier_Front-scaled.jpg","width":1620,"height":2560,"caption":"Des traces num\u00e9riques aux projections algorithmiques"},{"@type":"BreadcrumbList","@id":"https:\/\/www.istegroup.com\/en\/produit\/des-traces-numeriques-aux-projections-algorithmiques\/#breadcrumb","itemListElement":[{"@type":"ListItem","position":1,"name":"Home","item":"https:\/\/www.istegroup.com\/"},{"@type":"ListItem","position":2,"name":"Shop","item":"https:\/\/www.istegroup.com\/fr\/nouveautes\/"},{"@type":"ListItem","position":3,"name":"Des traces num\u00e9riques aux projections algorithmiques"}]},{"@type":"WebSite","@id":"https:\/\/www.istegroup.com\/#website","url":"https:\/\/www.istegroup.com\/","name":"ISTE Group","description":"Publishing Knowledge","potentialAction":[{"@type":"SearchAction","target":{"@type":"EntryPoint","urlTemplate":"https:\/\/www.istegroup.com\/?s={search_term_string}"},"query-input":{"@type":"PropertyValueSpecification","valueRequired":true,"valueName":"search_term_string"}}],"inLanguage":"en-US"}]}},"_links":{"self":[{"href":"https:\/\/www.istegroup.com\/en\/wp-json\/wp\/v2\/product\/15358","targetHints":{"allow":["GET"]}}],"collection":[{"href":"https:\/\/www.istegroup.com\/en\/wp-json\/wp\/v2\/product"}],"about":[{"href":"https:\/\/www.istegroup.com\/en\/wp-json\/wp\/v2\/types\/product"}],"wp:featuredmedia":[{"embeddable":true,"href":"https:\/\/www.istegroup.com\/en\/wp-json\/wp\/v2\/media\/15366"}],"wp:attachment":[{"href":"https:\/\/www.istegroup.com\/en\/wp-json\/wp\/v2\/media?parent=15358"}],"wp:term":[{"taxonomy":"product_brand","embeddable":true,"href":"https:\/\/www.istegroup.com\/en\/wp-json\/wp\/v2\/product_brand?post=15358"},{"taxonomy":"product_cat","embeddable":true,"href":"https:\/\/www.istegroup.com\/en\/wp-json\/wp\/v2\/product_cat?post=15358"},{"taxonomy":"product_tag","embeddable":true,"href":"https:\/\/www.istegroup.com\/en\/wp-json\/wp\/v2\/product_tag?post=15358"}],"curies":[{"name":"wp","href":"https:\/\/api.w.org\/{rel}","templated":true}]}}