{"id":15055,"date":"2018-10-24T16:21:06","date_gmt":"2018-10-24T14:21:06","guid":{"rendered":"https:\/\/iste.yhello.co\/?post_type=product&#038;p=15055"},"modified":"2024-01-03T13:42:44","modified_gmt":"2024-01-03T13:42:44","slug":"la-relation-ressource-consommateur","status":"publish","type":"product","link":"https:\/\/www.istegroup.com\/en\/produit\/la-relation-ressource-consommateur\/","title":{"rendered":"La relation ressource-consommateur"},"content":{"rendered":"<p>Cet ouvrage traite des questions math\u00e9matiques soulev\u00e9es par la mod\u00e9lisation de la relation ressource-consommateur appel\u00e9e aussi relation proie-pr\u00e9dateur. Une large place est faite aux questions d\u2019interpr\u00e9tation des r\u00e9sultats math\u00e9matiques et \u00e0 la limite de validit\u00e9 des mod\u00e8les d\u00e9terministes.<\/p>\n<p><em>La relation ressource-consommateur<\/em>\u00a0s\u2019adresse \u00e0 la fois \u00e0 des biologistes et \u00e0 des math\u00e9maticiens. Pour les premiers, les aspects techniques sont \u00e9vit\u00e9s au maximum et remplac\u00e9s par de nombreuses simulations.\u00a0Pour les seconds, de nombreuses pr\u00e9cisions historiques et un chapitre sur des aspects r\u00e9cents de la th\u00e9orie des syst\u00e8mes lents-rapides ont \u00e9t\u00e9 inclus. Les aspects math\u00e9matiques de la discussion autour du mod\u00e8le \u00ab ratio-d\u00e9pendant \u00bb d\u2019Arditi-Ginzburg oppos\u00e9 au mod\u00e8le classique \u00ab ressource-d\u00e9pendant \u00bb sont pr\u00e9sent\u00e9s en d\u00e9tail.<\/p>\n","protected":false},"excerpt":{"rendered":"<p>Cet ouvrage traite des questions math\u00e9matiques soulev\u00e9es par la mod\u00e9lisation de la relation ressource-consommateur appel\u00e9e aussi relation proie-pr\u00e9dateur. Une large place est faite aux questions d\u2019interpr\u00e9tation des r\u00e9sultats math\u00e9matiques et \u00e0 la limite de validit\u00e9 des mod\u00e8les d\u00e9terministes. La relation ressource-consommateur\u00a0s\u2019adresse \u00e0 la fois \u00e0 des biologistes et \u00e0 des math\u00e9maticiens. Pour les premiers, les [&hellip;]<\/p>\n","protected":false},"featured_media":15060,"template":"","meta":{"_acf_changed":false,"_links_to":"","_links_to_target":""},"product_brand":[],"product_cat":[3262],"product_tag":[],"class_list":{"0":"post-15055","1":"product","2":"type-product","3":"status-publish","4":"has-post-thumbnail","6":"product_cat-non-classe","8":"first","9":"instock","10":"shipping-taxable","11":"purchasable","12":"product-type-variable"},"acf":[],"yoast_head":"<!-- This site is optimized with the Yoast SEO plugin v27.2 - https:\/\/yoast.com\/product\/yoast-seo-wordpress\/ -->\n<title>La relation ressource-consommateur - ISTE Group<\/title>\n<meta name=\"description\" content=\"Cet ouvrage traite des questions math\u00e9matiques soulev\u00e9es par la mod\u00e9lisation de la relation ressource-consommateur appel\u00e9e aussi relation proie-pr\u00e9dateur.\" \/>\n<meta name=\"robots\" content=\"index, follow, max-snippet:-1, max-image-preview:large, max-video-preview:-1\" \/>\n<link rel=\"canonical\" href=\"https:\/\/www.istegroup.com\/fr\/produit\/la-relation-ressource-consommateur\/\" \/>\n<meta property=\"og:locale\" content=\"en_US\" \/>\n<meta property=\"og:type\" content=\"article\" \/>\n<meta property=\"og:title\" content=\"La relation ressource-consommateur - ISTE Group\" \/>\n<meta property=\"og:description\" content=\"Cet ouvrage traite des questions math\u00e9matiques soulev\u00e9es par la mod\u00e9lisation de la relation ressource-consommateur appel\u00e9e aussi relation proie-pr\u00e9dateur.\" \/>\n<meta property=\"og:url\" content=\"https:\/\/www.istegroup.com\/fr\/produit\/la-relation-ressource-consommateur\/\" \/>\n<meta property=\"og:site_name\" content=\"ISTE Group\" \/>\n<meta property=\"article:modified_time\" content=\"2024-01-03T13:42:44+00:00\" \/>\n<meta property=\"og:image\" content=\"https:\/\/www.istegroup.com\/wp-content\/uploads\/2018\/10\/Lobry_Front-scaled.jpg\" \/>\n\t<meta property=\"og:image:width\" content=\"1674\" \/>\n\t<meta property=\"og:image:height\" content=\"2560\" \/>\n\t<meta property=\"og:image:type\" content=\"image\/jpeg\" \/>\n<meta name=\"twitter:card\" content=\"summary_large_image\" \/>\n<meta name=\"twitter:label1\" content=\"Est. reading time\" \/>\n\t<meta name=\"twitter:data1\" content=\"1 minute\" \/>\n<script type=\"application\/ld+json\" class=\"yoast-schema-graph\">{\"@context\":\"https:\/\/schema.org\",\"@graph\":[{\"@type\":\"WebPage\",\"@id\":\"https:\/\/www.istegroup.com\/fr\/produit\/la-relation-ressource-consommateur\/\",\"url\":\"https:\/\/www.istegroup.com\/fr\/produit\/la-relation-ressource-consommateur\/\",\"name\":\"La relation ressource-consommateur - ISTE Group\",\"isPartOf\":{\"@id\":\"https:\/\/www.istegroup.com\/#website\"},\"primaryImageOfPage\":{\"@id\":\"https:\/\/www.istegroup.com\/fr\/produit\/la-relation-ressource-consommateur\/#primaryimage\"},\"image\":{\"@id\":\"https:\/\/www.istegroup.com\/fr\/produit\/la-relation-ressource-consommateur\/#primaryimage\"},\"thumbnailUrl\":\"https:\/\/www.istegroup.com\/wp-content\/uploads\/2018\/10\/Lobry_Front-scaled.jpg\",\"datePublished\":\"2018-10-24T14:21:06+00:00\",\"dateModified\":\"2024-01-03T13:42:44+00:00\",\"description\":\"Cet ouvrage traite des questions math\u00e9matiques soulev\u00e9es par la mod\u00e9lisation de la relation ressource-consommateur appel\u00e9e aussi relation proie-pr\u00e9dateur.\",\"breadcrumb\":{\"@id\":\"https:\/\/www.istegroup.com\/fr\/produit\/la-relation-ressource-consommateur\/#breadcrumb\"},\"inLanguage\":\"en-US\",\"potentialAction\":[{\"@type\":\"ReadAction\",\"target\":[\"https:\/\/www.istegroup.com\/fr\/produit\/la-relation-ressource-consommateur\/\"]}]},{\"@type\":\"ImageObject\",\"inLanguage\":\"en-US\",\"@id\":\"https:\/\/www.istegroup.com\/fr\/produit\/la-relation-ressource-consommateur\/#primaryimage\",\"url\":\"https:\/\/www.istegroup.com\/wp-content\/uploads\/2018\/10\/Lobry_Front-scaled.jpg\",\"contentUrl\":\"https:\/\/www.istegroup.com\/wp-content\/uploads\/2018\/10\/Lobry_Front-scaled.jpg\",\"width\":1674,\"height\":2560,\"caption\":\"Mod\u00e9lisation math\u00e9matique\"},{\"@type\":\"BreadcrumbList\",\"@id\":\"https:\/\/www.istegroup.com\/fr\/produit\/la-relation-ressource-consommateur\/#breadcrumb\",\"itemListElement\":[{\"@type\":\"ListItem\",\"position\":1,\"name\":\"Home\",\"item\":\"https:\/\/www.istegroup.com\/\"},{\"@type\":\"ListItem\",\"position\":2,\"name\":\"Shop\",\"item\":\"https:\/\/www.istegroup.com\/fr\/nouveautes\/\"},{\"@type\":\"ListItem\",\"position\":3,\"name\":\"La relation ressource-consommateur\"}]},{\"@type\":\"WebSite\",\"@id\":\"https:\/\/www.istegroup.com\/#website\",\"url\":\"https:\/\/www.istegroup.com\/\",\"name\":\"ISTE Group\",\"description\":\"Publishing Knowledge\",\"potentialAction\":[{\"@type\":\"SearchAction\",\"target\":{\"@type\":\"EntryPoint\",\"urlTemplate\":\"https:\/\/www.istegroup.com\/?s={search_term_string}\"},\"query-input\":{\"@type\":\"PropertyValueSpecification\",\"valueRequired\":true,\"valueName\":\"search_term_string\"}}],\"inLanguage\":\"en-US\"}]}<\/script>\n<!-- \/ Yoast SEO plugin. -->","yoast_head_json":{"title":"La relation ressource-consommateur - ISTE Group","description":"Cet ouvrage traite des questions math\u00e9matiques soulev\u00e9es par la mod\u00e9lisation de la relation ressource-consommateur appel\u00e9e aussi relation proie-pr\u00e9dateur.","robots":{"index":"index","follow":"follow","max-snippet":"max-snippet:-1","max-image-preview":"max-image-preview:large","max-video-preview":"max-video-preview:-1"},"canonical":"https:\/\/www.istegroup.com\/fr\/produit\/la-relation-ressource-consommateur\/","og_locale":"en_US","og_type":"article","og_title":"La relation ressource-consommateur - ISTE Group","og_description":"Cet ouvrage traite des questions math\u00e9matiques soulev\u00e9es par la mod\u00e9lisation de la relation ressource-consommateur appel\u00e9e aussi relation proie-pr\u00e9dateur.","og_url":"https:\/\/www.istegroup.com\/fr\/produit\/la-relation-ressource-consommateur\/","og_site_name":"ISTE Group","article_modified_time":"2024-01-03T13:42:44+00:00","og_image":[{"width":1674,"height":2560,"url":"https:\/\/www.istegroup.com\/wp-content\/uploads\/2018\/10\/Lobry_Front-scaled.jpg","type":"image\/jpeg"}],"twitter_card":"summary_large_image","twitter_misc":{"Est. reading time":"1 minute"},"schema":{"@context":"https:\/\/schema.org","@graph":[{"@type":"WebPage","@id":"https:\/\/www.istegroup.com\/fr\/produit\/la-relation-ressource-consommateur\/","url":"https:\/\/www.istegroup.com\/fr\/produit\/la-relation-ressource-consommateur\/","name":"La relation ressource-consommateur - ISTE Group","isPartOf":{"@id":"https:\/\/www.istegroup.com\/#website"},"primaryImageOfPage":{"@id":"https:\/\/www.istegroup.com\/fr\/produit\/la-relation-ressource-consommateur\/#primaryimage"},"image":{"@id":"https:\/\/www.istegroup.com\/fr\/produit\/la-relation-ressource-consommateur\/#primaryimage"},"thumbnailUrl":"https:\/\/www.istegroup.com\/wp-content\/uploads\/2018\/10\/Lobry_Front-scaled.jpg","datePublished":"2018-10-24T14:21:06+00:00","dateModified":"2024-01-03T13:42:44+00:00","description":"Cet ouvrage traite des questions math\u00e9matiques soulev\u00e9es par la mod\u00e9lisation de la relation ressource-consommateur appel\u00e9e aussi relation proie-pr\u00e9dateur.","breadcrumb":{"@id":"https:\/\/www.istegroup.com\/fr\/produit\/la-relation-ressource-consommateur\/#breadcrumb"},"inLanguage":"en-US","potentialAction":[{"@type":"ReadAction","target":["https:\/\/www.istegroup.com\/fr\/produit\/la-relation-ressource-consommateur\/"]}]},{"@type":"ImageObject","inLanguage":"en-US","@id":"https:\/\/www.istegroup.com\/fr\/produit\/la-relation-ressource-consommateur\/#primaryimage","url":"https:\/\/www.istegroup.com\/wp-content\/uploads\/2018\/10\/Lobry_Front-scaled.jpg","contentUrl":"https:\/\/www.istegroup.com\/wp-content\/uploads\/2018\/10\/Lobry_Front-scaled.jpg","width":1674,"height":2560,"caption":"Mod\u00e9lisation math\u00e9matique"},{"@type":"BreadcrumbList","@id":"https:\/\/www.istegroup.com\/fr\/produit\/la-relation-ressource-consommateur\/#breadcrumb","itemListElement":[{"@type":"ListItem","position":1,"name":"Home","item":"https:\/\/www.istegroup.com\/"},{"@type":"ListItem","position":2,"name":"Shop","item":"https:\/\/www.istegroup.com\/fr\/nouveautes\/"},{"@type":"ListItem","position":3,"name":"La relation ressource-consommateur"}]},{"@type":"WebSite","@id":"https:\/\/www.istegroup.com\/#website","url":"https:\/\/www.istegroup.com\/","name":"ISTE Group","description":"Publishing Knowledge","potentialAction":[{"@type":"SearchAction","target":{"@type":"EntryPoint","urlTemplate":"https:\/\/www.istegroup.com\/?s={search_term_string}"},"query-input":{"@type":"PropertyValueSpecification","valueRequired":true,"valueName":"search_term_string"}}],"inLanguage":"en-US"}]}},"_links":{"self":[{"href":"https:\/\/www.istegroup.com\/en\/wp-json\/wp\/v2\/product\/15055","targetHints":{"allow":["GET"]}}],"collection":[{"href":"https:\/\/www.istegroup.com\/en\/wp-json\/wp\/v2\/product"}],"about":[{"href":"https:\/\/www.istegroup.com\/en\/wp-json\/wp\/v2\/types\/product"}],"wp:featuredmedia":[{"embeddable":true,"href":"https:\/\/www.istegroup.com\/en\/wp-json\/wp\/v2\/media\/15060"}],"wp:attachment":[{"href":"https:\/\/www.istegroup.com\/en\/wp-json\/wp\/v2\/media?parent=15055"}],"wp:term":[{"taxonomy":"product_brand","embeddable":true,"href":"https:\/\/www.istegroup.com\/en\/wp-json\/wp\/v2\/product_brand?post=15055"},{"taxonomy":"product_cat","embeddable":true,"href":"https:\/\/www.istegroup.com\/en\/wp-json\/wp\/v2\/product_cat?post=15055"},{"taxonomy":"product_tag","embeddable":true,"href":"https:\/\/www.istegroup.com\/en\/wp-json\/wp\/v2\/product_tag?post=15055"}],"curies":[{"name":"wp","href":"https:\/\/api.w.org\/{rel}","templated":true}]}}