{"id":149,"date":"2017-05-05T10:34:36","date_gmt":"2017-05-05T08:34:36","guid":{"rendered":"https:\/\/iste.yhello.co\/product\/cooperation-coopetition-et-innovation\/"},"modified":"2024-01-03T13:38:38","modified_gmt":"2024-01-03T13:38:38","slug":"cooperation-coopetition-et-innovation","status":"publish","type":"product","link":"https:\/\/www.istegroup.com\/en\/produit\/cooperation-coopetition-et-innovation\/","title":{"rendered":"Coop\u00e9ration, coop\u00e9tition et innovation"},"content":{"rendered":"<p>La coop\u00e9ration est un ph\u00e9nom\u00e8ne pluridimensionnel qui peut \u00eatre abord\u00e9 sous plusieurs angles. Il n\u00e9cessite le d\u00e9cloisonnement des disciplines notamment celles des sciences \u00e9conomiques et des sciences de gestion. L\u2019objectif de cet ouvrage est donc de montrer au travers de diff\u00e9rents corpus th\u00e9oriques emprunt\u00e9s aussi bien \u00e0 l\u2019\u00e9conomie industrielle, \u00e0 l\u2019\u00e9conomie internationale qu\u2019au management strat\u00e9gique, les diff\u00e9rentes approches possibles pour analyser le concept de coop\u00e9ration.<\/p>\n<p><em>Coop\u00e9ration, coop\u00e9tition et innovation<\/em>\u00a0analyse la complexit\u00e9 du ph\u00e9nom\u00e8ne coop\u00e9ratif qui a \u00e9merg\u00e9 il y a d\u00e9j\u00e0 plusieurs d\u00e9cennies jusqu\u2019aux d\u00e9veloppements les plus r\u00e9cents dans les ann\u00e9es 2000 et 2010, en int\u00e9grant notamment les pratiques coop\u00e9titives, les plates-formes (notamment collaboratives) et les nouvelles formes de r\u00e9seaux inter-organisationnels (\u00e9cosyst\u00e8mes d\u2019affaires).<\/p>\n","protected":false},"excerpt":{"rendered":"<p>La coop\u00e9ration est un ph\u00e9nom\u00e8ne pluridimensionnel qui peut \u00eatre abord\u00e9 sous plusieurs angles. Il n\u00e9cessite le d\u00e9cloisonnement des disciplines notamment celles des sciences \u00e9conomiques et des sciences de gestion. L\u2019objectif de cet ouvrage est donc de montrer au travers de diff\u00e9rents corpus th\u00e9oriques emprunt\u00e9s aussi bien \u00e0 l\u2019\u00e9conomie industrielle, \u00e0 l\u2019\u00e9conomie internationale qu\u2019au management strat\u00e9gique, [&hellip;]<\/p>\n","protected":false},"featured_media":150,"template":"","meta":{"_acf_changed":false,"_links_to":"","_links_to_target":""},"product_brand":[],"product_cat":[670,675,702],"product_tag":[131,132,18,19,20,21,22,25,26,27,133,28],"class_list":{"0":"post-149","1":"product","2":"type-product","3":"status-publish","4":"has-post-thumbnail","6":"product_cat-innovation-entrepreneuriat-et-gestion-11041751","7":"product_cat-nouveauts-12519446","8":"product_cat-srie-innovation-et-technologies-403858705","9":"product_tag-cooperation","10":"product_tag-coopetition-et-innovation","11":"product_tag-edition-scientifique","12":"product_tag-editions-francaise","13":"product_tag-editions-technique","14":"product_tag-iste-group","15":"product_tag-istegroup","16":"product_tag-livre-numerique","17":"product_tag-livre-scientifique-francais","18":"product_tag-livre-technique-francais","19":"product_tag-nabyla-daidj","20":"product_tag-ouvrage-scientifique-francais","22":"first","23":"instock","24":"shipping-taxable","25":"purchasable","26":"product-type-variable"},"acf":[],"yoast_head":"<!-- This site is optimized with the Yoast SEO plugin v27.2 - https:\/\/yoast.com\/product\/yoast-seo-wordpress\/ -->\n<title>Coop\u00e9ration, coop\u00e9tition et innovation - ISTE Group<\/title>\n<meta name=\"description\" content=\"Coop\u00e9ration, coop\u00e9tition et innovation\u00a0analyse la complexit\u00e9 du ph\u00e9nom\u00e8ne coop\u00e9ratif qui a \u00e9merg\u00e9 il y a plusieurs d\u00e9cennies jusqu\u2019aux d\u00e9veloppements r\u00e9cents.\" \/>\n<meta name=\"robots\" content=\"index, follow, max-snippet:-1, max-image-preview:large, max-video-preview:-1\" \/>\n<link rel=\"canonical\" href=\"https:\/\/www.istegroup.com\/fr\/produit\/cooperation-coopetition-et-innovation\/\" \/>\n<meta property=\"og:locale\" content=\"en_US\" \/>\n<meta property=\"og:type\" content=\"article\" \/>\n<meta property=\"og:title\" content=\"Coop\u00e9ration, coop\u00e9tition et innovation - ISTE Group\" \/>\n<meta property=\"og:description\" content=\"Coop\u00e9ration, coop\u00e9tition et innovation\u00a0analyse la complexit\u00e9 du ph\u00e9nom\u00e8ne coop\u00e9ratif qui a \u00e9merg\u00e9 il y a plusieurs d\u00e9cennies jusqu\u2019aux d\u00e9veloppements r\u00e9cents.\" \/>\n<meta property=\"og:url\" content=\"https:\/\/www.istegroup.com\/fr\/produit\/cooperation-coopetition-et-innovation\/\" \/>\n<meta property=\"og:site_name\" content=\"ISTE Group\" \/>\n<meta property=\"article:modified_time\" content=\"2024-01-03T13:38:38+00:00\" \/>\n<meta property=\"og:image\" content=\"https:\/\/www.istegroup.com\/wp-content\/uploads\/2017\/07\/21034435857_9458621905-1-scaled.jpg\" \/>\n\t<meta property=\"og:image:width\" content=\"1705\" \/>\n\t<meta property=\"og:image:height\" content=\"2560\" \/>\n\t<meta property=\"og:image:type\" content=\"image\/jpeg\" \/>\n<meta name=\"twitter:card\" content=\"summary_large_image\" \/>\n<meta name=\"twitter:label1\" content=\"Est. reading time\" \/>\n\t<meta name=\"twitter:data1\" content=\"1 minute\" \/>\n<script type=\"application\/ld+json\" class=\"yoast-schema-graph\">{\"@context\":\"https:\/\/schema.org\",\"@graph\":[{\"@type\":\"WebPage\",\"@id\":\"https:\/\/www.istegroup.com\/fr\/produit\/cooperation-coopetition-et-innovation\/\",\"url\":\"https:\/\/www.istegroup.com\/fr\/produit\/cooperation-coopetition-et-innovation\/\",\"name\":\"Coop\u00e9ration, coop\u00e9tition et innovation - ISTE Group\",\"isPartOf\":{\"@id\":\"https:\/\/www.istegroup.com\/#website\"},\"primaryImageOfPage\":{\"@id\":\"https:\/\/www.istegroup.com\/fr\/produit\/cooperation-coopetition-et-innovation\/#primaryimage\"},\"image\":{\"@id\":\"https:\/\/www.istegroup.com\/fr\/produit\/cooperation-coopetition-et-innovation\/#primaryimage\"},\"thumbnailUrl\":\"https:\/\/www.istegroup.com\/wp-content\/uploads\/2017\/07\/21034435857_9458621905-1-scaled.jpg\",\"datePublished\":\"2017-05-05T08:34:36+00:00\",\"dateModified\":\"2024-01-03T13:38:38+00:00\",\"description\":\"Coop\u00e9ration, coop\u00e9tition et innovation\u00a0analyse la complexit\u00e9 du ph\u00e9nom\u00e8ne coop\u00e9ratif qui a \u00e9merg\u00e9 il y a plusieurs d\u00e9cennies jusqu\u2019aux d\u00e9veloppements r\u00e9cents.\",\"breadcrumb\":{\"@id\":\"https:\/\/www.istegroup.com\/fr\/produit\/cooperation-coopetition-et-innovation\/#breadcrumb\"},\"inLanguage\":\"en-US\",\"potentialAction\":[{\"@type\":\"ReadAction\",\"target\":[\"https:\/\/www.istegroup.com\/fr\/produit\/cooperation-coopetition-et-innovation\/\"]}]},{\"@type\":\"ImageObject\",\"inLanguage\":\"en-US\",\"@id\":\"https:\/\/www.istegroup.com\/fr\/produit\/cooperation-coopetition-et-innovation\/#primaryimage\",\"url\":\"https:\/\/www.istegroup.com\/wp-content\/uploads\/2017\/07\/21034435857_9458621905-1-scaled.jpg\",\"contentUrl\":\"https:\/\/www.istegroup.com\/wp-content\/uploads\/2017\/07\/21034435857_9458621905-1-scaled.jpg\",\"width\":1705,\"height\":2560,\"caption\":\"Coop\u00e9ration, coop\u00e9tition et innovation\"},{\"@type\":\"BreadcrumbList\",\"@id\":\"https:\/\/www.istegroup.com\/fr\/produit\/cooperation-coopetition-et-innovation\/#breadcrumb\",\"itemListElement\":[{\"@type\":\"ListItem\",\"position\":1,\"name\":\"Home\",\"item\":\"https:\/\/www.istegroup.com\/\"},{\"@type\":\"ListItem\",\"position\":2,\"name\":\"Shop\",\"item\":\"https:\/\/www.istegroup.com\/fr\/nouveautes\/\"},{\"@type\":\"ListItem\",\"position\":3,\"name\":\"Coop\u00e9ration, coop\u00e9tition et innovation\"}]},{\"@type\":\"WebSite\",\"@id\":\"https:\/\/www.istegroup.com\/#website\",\"url\":\"https:\/\/www.istegroup.com\/\",\"name\":\"ISTE Group\",\"description\":\"Publishing Knowledge\",\"potentialAction\":[{\"@type\":\"SearchAction\",\"target\":{\"@type\":\"EntryPoint\",\"urlTemplate\":\"https:\/\/www.istegroup.com\/?s={search_term_string}\"},\"query-input\":{\"@type\":\"PropertyValueSpecification\",\"valueRequired\":true,\"valueName\":\"search_term_string\"}}],\"inLanguage\":\"en-US\"}]}<\/script>\n<!-- \/ Yoast SEO plugin. -->","yoast_head_json":{"title":"Coop\u00e9ration, coop\u00e9tition et innovation - ISTE Group","description":"Coop\u00e9ration, coop\u00e9tition et innovation\u00a0analyse la complexit\u00e9 du ph\u00e9nom\u00e8ne coop\u00e9ratif qui a \u00e9merg\u00e9 il y a plusieurs d\u00e9cennies jusqu\u2019aux d\u00e9veloppements r\u00e9cents.","robots":{"index":"index","follow":"follow","max-snippet":"max-snippet:-1","max-image-preview":"max-image-preview:large","max-video-preview":"max-video-preview:-1"},"canonical":"https:\/\/www.istegroup.com\/fr\/produit\/cooperation-coopetition-et-innovation\/","og_locale":"en_US","og_type":"article","og_title":"Coop\u00e9ration, coop\u00e9tition et innovation - ISTE Group","og_description":"Coop\u00e9ration, coop\u00e9tition et innovation\u00a0analyse la complexit\u00e9 du ph\u00e9nom\u00e8ne coop\u00e9ratif qui a \u00e9merg\u00e9 il y a plusieurs d\u00e9cennies jusqu\u2019aux d\u00e9veloppements r\u00e9cents.","og_url":"https:\/\/www.istegroup.com\/fr\/produit\/cooperation-coopetition-et-innovation\/","og_site_name":"ISTE Group","article_modified_time":"2024-01-03T13:38:38+00:00","og_image":[{"width":1705,"height":2560,"url":"https:\/\/www.istegroup.com\/wp-content\/uploads\/2017\/07\/21034435857_9458621905-1-scaled.jpg","type":"image\/jpeg"}],"twitter_card":"summary_large_image","twitter_misc":{"Est. reading time":"1 minute"},"schema":{"@context":"https:\/\/schema.org","@graph":[{"@type":"WebPage","@id":"https:\/\/www.istegroup.com\/fr\/produit\/cooperation-coopetition-et-innovation\/","url":"https:\/\/www.istegroup.com\/fr\/produit\/cooperation-coopetition-et-innovation\/","name":"Coop\u00e9ration, coop\u00e9tition et innovation - ISTE Group","isPartOf":{"@id":"https:\/\/www.istegroup.com\/#website"},"primaryImageOfPage":{"@id":"https:\/\/www.istegroup.com\/fr\/produit\/cooperation-coopetition-et-innovation\/#primaryimage"},"image":{"@id":"https:\/\/www.istegroup.com\/fr\/produit\/cooperation-coopetition-et-innovation\/#primaryimage"},"thumbnailUrl":"https:\/\/www.istegroup.com\/wp-content\/uploads\/2017\/07\/21034435857_9458621905-1-scaled.jpg","datePublished":"2017-05-05T08:34:36+00:00","dateModified":"2024-01-03T13:38:38+00:00","description":"Coop\u00e9ration, coop\u00e9tition et innovation\u00a0analyse la complexit\u00e9 du ph\u00e9nom\u00e8ne coop\u00e9ratif qui a \u00e9merg\u00e9 il y a plusieurs d\u00e9cennies jusqu\u2019aux d\u00e9veloppements r\u00e9cents.","breadcrumb":{"@id":"https:\/\/www.istegroup.com\/fr\/produit\/cooperation-coopetition-et-innovation\/#breadcrumb"},"inLanguage":"en-US","potentialAction":[{"@type":"ReadAction","target":["https:\/\/www.istegroup.com\/fr\/produit\/cooperation-coopetition-et-innovation\/"]}]},{"@type":"ImageObject","inLanguage":"en-US","@id":"https:\/\/www.istegroup.com\/fr\/produit\/cooperation-coopetition-et-innovation\/#primaryimage","url":"https:\/\/www.istegroup.com\/wp-content\/uploads\/2017\/07\/21034435857_9458621905-1-scaled.jpg","contentUrl":"https:\/\/www.istegroup.com\/wp-content\/uploads\/2017\/07\/21034435857_9458621905-1-scaled.jpg","width":1705,"height":2560,"caption":"Coop\u00e9ration, coop\u00e9tition et innovation"},{"@type":"BreadcrumbList","@id":"https:\/\/www.istegroup.com\/fr\/produit\/cooperation-coopetition-et-innovation\/#breadcrumb","itemListElement":[{"@type":"ListItem","position":1,"name":"Home","item":"https:\/\/www.istegroup.com\/"},{"@type":"ListItem","position":2,"name":"Shop","item":"https:\/\/www.istegroup.com\/fr\/nouveautes\/"},{"@type":"ListItem","position":3,"name":"Coop\u00e9ration, coop\u00e9tition et innovation"}]},{"@type":"WebSite","@id":"https:\/\/www.istegroup.com\/#website","url":"https:\/\/www.istegroup.com\/","name":"ISTE Group","description":"Publishing Knowledge","potentialAction":[{"@type":"SearchAction","target":{"@type":"EntryPoint","urlTemplate":"https:\/\/www.istegroup.com\/?s={search_term_string}"},"query-input":{"@type":"PropertyValueSpecification","valueRequired":true,"valueName":"search_term_string"}}],"inLanguage":"en-US"}]}},"_links":{"self":[{"href":"https:\/\/www.istegroup.com\/en\/wp-json\/wp\/v2\/product\/149","targetHints":{"allow":["GET"]}}],"collection":[{"href":"https:\/\/www.istegroup.com\/en\/wp-json\/wp\/v2\/product"}],"about":[{"href":"https:\/\/www.istegroup.com\/en\/wp-json\/wp\/v2\/types\/product"}],"wp:featuredmedia":[{"embeddable":true,"href":"https:\/\/www.istegroup.com\/en\/wp-json\/wp\/v2\/media\/150"}],"wp:attachment":[{"href":"https:\/\/www.istegroup.com\/en\/wp-json\/wp\/v2\/media?parent=149"}],"wp:term":[{"taxonomy":"product_brand","embeddable":true,"href":"https:\/\/www.istegroup.com\/en\/wp-json\/wp\/v2\/product_brand?post=149"},{"taxonomy":"product_cat","embeddable":true,"href":"https:\/\/www.istegroup.com\/en\/wp-json\/wp\/v2\/product_cat?post=149"},{"taxonomy":"product_tag","embeddable":true,"href":"https:\/\/www.istegroup.com\/en\/wp-json\/wp\/v2\/product_tag?post=149"}],"curies":[{"name":"wp","href":"https:\/\/api.w.org\/{rel}","templated":true}]}}