{"id":14760,"date":"2018-10-18T10:22:45","date_gmt":"2018-10-18T08:22:45","guid":{"rendered":"https:\/\/iste.yhello.co\/?post_type=product&#038;p=14760"},"modified":"2024-01-03T13:42:43","modified_gmt":"2024-01-03T13:42:43","slug":"amplificateurs-bf-et-rf","status":"publish","type":"product","link":"https:\/\/www.istegroup.com\/en\/produit\/amplificateurs-bf-et-rf\/","title":{"rendered":"Amplificateurs BF et RF"},"content":{"rendered":"<p>Le souhait d\u2019un designer \u00e9lectronique est de trouver rapidement, dans le m\u00eame espace r\u00e9duit et concis, les d\u00e9monstrations th\u00e9oriques relatives aux amplificateurs, accompagn\u00e9es d\u2019une simulation qui valide la th\u00e9orie et permet d\u2019envisager une r\u00e9alisation concr\u00e8te.<\/p>\n<p><em>Amplificateurs BF et RF<\/em>\u00a0r\u00e9pond \u00e0 cet objectif et au souhait tout \u00e0 fait l\u00e9gitime du designer. Un bref rappel est consacr\u00e9 aux diff\u00e9rents mod\u00e8les du transistor. L\u2019analyse des montages classiques sert de tremplin \u00e0 des montages plus complexes. \u00c0 cette analyse s\u2019ajoute l\u2019\u00e9tude des causes de la distorsion, ph\u00e9nom\u00e8ne peu trait\u00e9. L\u2019\u00e9tage\u00a0<em>cascode<\/em>, particuli\u00e8rement important, est ensuite abord\u00e9. Une place primordiale est allou\u00e9e aux \u00e9tages diff\u00e9rentiels, diff\u00e9rentiels basiques, diff\u00e9rentiels cascode mais aussi\u00a0<em>cascomp<\/em>\u00a0et\u00a0<em>cross-quad<\/em>\u00a0dont la d\u00e9monstration math\u00e9matique est extr\u00eamement rare.<\/p>\n<p>L\u2019ouvrage est compl\u00e9t\u00e9 par de nombreux exemples d\u2019amplificateurs en BF ou en RF comme l\u2019amplificateur en classe E.<\/p>\n","protected":false},"excerpt":{"rendered":"<p>Le souhait d\u2019un designer \u00e9lectronique est de trouver rapidement, dans le m\u00eame espace r\u00e9duit et concis, les d\u00e9monstrations th\u00e9oriques relatives aux amplificateurs, accompagn\u00e9es d\u2019une simulation qui valide la th\u00e9orie et permet d\u2019envisager une r\u00e9alisation concr\u00e8te. Amplificateurs BF et RF\u00a0r\u00e9pond \u00e0 cet objectif et au souhait tout \u00e0 fait l\u00e9gitime du designer. Un bref rappel est [&hellip;]<\/p>\n","protected":false},"featured_media":14764,"template":"","meta":{"_acf_changed":false,"_links_to":"","_links_to_target":""},"product_brand":[],"product_cat":[3262],"product_tag":[],"class_list":{"0":"post-14760","1":"product","2":"type-product","3":"status-publish","4":"has-post-thumbnail","6":"product_cat-non-classe","8":"first","9":"instock","10":"shipping-taxable","11":"purchasable","12":"product-type-variable"},"acf":[],"yoast_head":"<!-- This site is optimized with the Yoast SEO plugin v27.2 - https:\/\/yoast.com\/product\/yoast-seo-wordpress\/ -->\n<title>Amplificateurs BF et RF - ISTE Group<\/title>\n<meta name=\"robots\" content=\"index, follow, max-snippet:-1, max-image-preview:large, max-video-preview:-1\" \/>\n<link rel=\"canonical\" href=\"https:\/\/www.istegroup.com\/fr\/produit\/amplificateurs-bf-et-rf\/\" \/>\n<meta property=\"og:locale\" content=\"en_US\" \/>\n<meta property=\"og:type\" content=\"article\" \/>\n<meta property=\"og:title\" content=\"Amplificateurs BF et RF - ISTE Group\" \/>\n<meta property=\"og:description\" content=\"Le souhait d\u2019un designer \u00e9lectronique est de trouver rapidement, dans le m\u00eame espace r\u00e9duit et concis, les d\u00e9monstrations th\u00e9oriques relatives aux amplificateurs, accompagn\u00e9es d\u2019une simulation qui valide la th\u00e9orie et permet d\u2019envisager une r\u00e9alisation concr\u00e8te. Amplificateurs BF et RF\u00a0r\u00e9pond \u00e0 cet objectif et au souhait tout \u00e0 fait l\u00e9gitime du designer. Un bref rappel est [&hellip;]\" \/>\n<meta property=\"og:url\" content=\"https:\/\/www.istegroup.com\/fr\/produit\/amplificateurs-bf-et-rf\/\" \/>\n<meta property=\"og:site_name\" content=\"ISTE Group\" \/>\n<meta property=\"article:modified_time\" content=\"2024-01-03T13:42:43+00:00\" \/>\n<meta property=\"og:image\" content=\"https:\/\/www.istegroup.com\/wp-content\/uploads\/2018\/10\/Dieuleveult-1_Front.jpg\" \/>\n\t<meta property=\"og:image:width\" content=\"608\" \/>\n\t<meta property=\"og:image:height\" content=\"912\" \/>\n\t<meta property=\"og:image:type\" content=\"image\/jpeg\" \/>\n<meta name=\"twitter:card\" content=\"summary_large_image\" \/>\n<meta name=\"twitter:label1\" content=\"Est. reading time\" \/>\n\t<meta name=\"twitter:data1\" content=\"1 minute\" \/>\n<script type=\"application\/ld+json\" class=\"yoast-schema-graph\">{\"@context\":\"https:\/\/schema.org\",\"@graph\":[{\"@type\":\"WebPage\",\"@id\":\"https:\/\/www.istegroup.com\/fr\/produit\/amplificateurs-bf-et-rf\/\",\"url\":\"https:\/\/www.istegroup.com\/fr\/produit\/amplificateurs-bf-et-rf\/\",\"name\":\"Amplificateurs BF et RF - ISTE Group\",\"isPartOf\":{\"@id\":\"https:\/\/www.istegroup.com\/#website\"},\"primaryImageOfPage\":{\"@id\":\"https:\/\/www.istegroup.com\/fr\/produit\/amplificateurs-bf-et-rf\/#primaryimage\"},\"image\":{\"@id\":\"https:\/\/www.istegroup.com\/fr\/produit\/amplificateurs-bf-et-rf\/#primaryimage\"},\"thumbnailUrl\":\"https:\/\/www.istegroup.com\/wp-content\/uploads\/2018\/10\/Dieuleveult-1_Front.jpg\",\"datePublished\":\"2018-10-18T08:22:45+00:00\",\"dateModified\":\"2024-01-03T13:42:43+00:00\",\"breadcrumb\":{\"@id\":\"https:\/\/www.istegroup.com\/fr\/produit\/amplificateurs-bf-et-rf\/#breadcrumb\"},\"inLanguage\":\"en-US\",\"potentialAction\":[{\"@type\":\"ReadAction\",\"target\":[\"https:\/\/www.istegroup.com\/fr\/produit\/amplificateurs-bf-et-rf\/\"]}]},{\"@type\":\"ImageObject\",\"inLanguage\":\"en-US\",\"@id\":\"https:\/\/www.istegroup.com\/fr\/produit\/amplificateurs-bf-et-rf\/#primaryimage\",\"url\":\"https:\/\/www.istegroup.com\/wp-content\/uploads\/2018\/10\/Dieuleveult-1_Front.jpg\",\"contentUrl\":\"https:\/\/www.istegroup.com\/wp-content\/uploads\/2018\/10\/Dieuleveult-1_Front.jpg\",\"width\":608,\"height\":912,\"caption\":\"Optimisation par simulation\"},{\"@type\":\"BreadcrumbList\",\"@id\":\"https:\/\/www.istegroup.com\/fr\/produit\/amplificateurs-bf-et-rf\/#breadcrumb\",\"itemListElement\":[{\"@type\":\"ListItem\",\"position\":1,\"name\":\"Home\",\"item\":\"https:\/\/www.istegroup.com\/\"},{\"@type\":\"ListItem\",\"position\":2,\"name\":\"Shop\",\"item\":\"https:\/\/www.istegroup.com\/fr\/nouveautes\/\"},{\"@type\":\"ListItem\",\"position\":3,\"name\":\"Amplificateurs BF et RF\"}]},{\"@type\":\"WebSite\",\"@id\":\"https:\/\/www.istegroup.com\/#website\",\"url\":\"https:\/\/www.istegroup.com\/\",\"name\":\"ISTE Group\",\"description\":\"Publishing Knowledge\",\"potentialAction\":[{\"@type\":\"SearchAction\",\"target\":{\"@type\":\"EntryPoint\",\"urlTemplate\":\"https:\/\/www.istegroup.com\/?s={search_term_string}\"},\"query-input\":{\"@type\":\"PropertyValueSpecification\",\"valueRequired\":true,\"valueName\":\"search_term_string\"}}],\"inLanguage\":\"en-US\"}]}<\/script>\n<!-- \/ Yoast SEO plugin. -->","yoast_head_json":{"title":"Amplificateurs BF et RF - ISTE Group","robots":{"index":"index","follow":"follow","max-snippet":"max-snippet:-1","max-image-preview":"max-image-preview:large","max-video-preview":"max-video-preview:-1"},"canonical":"https:\/\/www.istegroup.com\/fr\/produit\/amplificateurs-bf-et-rf\/","og_locale":"en_US","og_type":"article","og_title":"Amplificateurs BF et RF - ISTE Group","og_description":"Le souhait d\u2019un designer \u00e9lectronique est de trouver rapidement, dans le m\u00eame espace r\u00e9duit et concis, les d\u00e9monstrations th\u00e9oriques relatives aux amplificateurs, accompagn\u00e9es d\u2019une simulation qui valide la th\u00e9orie et permet d\u2019envisager une r\u00e9alisation concr\u00e8te. Amplificateurs BF et RF\u00a0r\u00e9pond \u00e0 cet objectif et au souhait tout \u00e0 fait l\u00e9gitime du designer. Un bref rappel est [&hellip;]","og_url":"https:\/\/www.istegroup.com\/fr\/produit\/amplificateurs-bf-et-rf\/","og_site_name":"ISTE Group","article_modified_time":"2024-01-03T13:42:43+00:00","og_image":[{"width":608,"height":912,"url":"https:\/\/www.istegroup.com\/wp-content\/uploads\/2018\/10\/Dieuleveult-1_Front.jpg","type":"image\/jpeg"}],"twitter_card":"summary_large_image","twitter_misc":{"Est. reading time":"1 minute"},"schema":{"@context":"https:\/\/schema.org","@graph":[{"@type":"WebPage","@id":"https:\/\/www.istegroup.com\/fr\/produit\/amplificateurs-bf-et-rf\/","url":"https:\/\/www.istegroup.com\/fr\/produit\/amplificateurs-bf-et-rf\/","name":"Amplificateurs BF et RF - ISTE Group","isPartOf":{"@id":"https:\/\/www.istegroup.com\/#website"},"primaryImageOfPage":{"@id":"https:\/\/www.istegroup.com\/fr\/produit\/amplificateurs-bf-et-rf\/#primaryimage"},"image":{"@id":"https:\/\/www.istegroup.com\/fr\/produit\/amplificateurs-bf-et-rf\/#primaryimage"},"thumbnailUrl":"https:\/\/www.istegroup.com\/wp-content\/uploads\/2018\/10\/Dieuleveult-1_Front.jpg","datePublished":"2018-10-18T08:22:45+00:00","dateModified":"2024-01-03T13:42:43+00:00","breadcrumb":{"@id":"https:\/\/www.istegroup.com\/fr\/produit\/amplificateurs-bf-et-rf\/#breadcrumb"},"inLanguage":"en-US","potentialAction":[{"@type":"ReadAction","target":["https:\/\/www.istegroup.com\/fr\/produit\/amplificateurs-bf-et-rf\/"]}]},{"@type":"ImageObject","inLanguage":"en-US","@id":"https:\/\/www.istegroup.com\/fr\/produit\/amplificateurs-bf-et-rf\/#primaryimage","url":"https:\/\/www.istegroup.com\/wp-content\/uploads\/2018\/10\/Dieuleveult-1_Front.jpg","contentUrl":"https:\/\/www.istegroup.com\/wp-content\/uploads\/2018\/10\/Dieuleveult-1_Front.jpg","width":608,"height":912,"caption":"Optimisation par simulation"},{"@type":"BreadcrumbList","@id":"https:\/\/www.istegroup.com\/fr\/produit\/amplificateurs-bf-et-rf\/#breadcrumb","itemListElement":[{"@type":"ListItem","position":1,"name":"Home","item":"https:\/\/www.istegroup.com\/"},{"@type":"ListItem","position":2,"name":"Shop","item":"https:\/\/www.istegroup.com\/fr\/nouveautes\/"},{"@type":"ListItem","position":3,"name":"Amplificateurs BF et RF"}]},{"@type":"WebSite","@id":"https:\/\/www.istegroup.com\/#website","url":"https:\/\/www.istegroup.com\/","name":"ISTE Group","description":"Publishing Knowledge","potentialAction":[{"@type":"SearchAction","target":{"@type":"EntryPoint","urlTemplate":"https:\/\/www.istegroup.com\/?s={search_term_string}"},"query-input":{"@type":"PropertyValueSpecification","valueRequired":true,"valueName":"search_term_string"}}],"inLanguage":"en-US"}]}},"_links":{"self":[{"href":"https:\/\/www.istegroup.com\/en\/wp-json\/wp\/v2\/product\/14760","targetHints":{"allow":["GET"]}}],"collection":[{"href":"https:\/\/www.istegroup.com\/en\/wp-json\/wp\/v2\/product"}],"about":[{"href":"https:\/\/www.istegroup.com\/en\/wp-json\/wp\/v2\/types\/product"}],"wp:featuredmedia":[{"embeddable":true,"href":"https:\/\/www.istegroup.com\/en\/wp-json\/wp\/v2\/media\/14764"}],"wp:attachment":[{"href":"https:\/\/www.istegroup.com\/en\/wp-json\/wp\/v2\/media?parent=14760"}],"wp:term":[{"taxonomy":"product_brand","embeddable":true,"href":"https:\/\/www.istegroup.com\/en\/wp-json\/wp\/v2\/product_brand?post=14760"},{"taxonomy":"product_cat","embeddable":true,"href":"https:\/\/www.istegroup.com\/en\/wp-json\/wp\/v2\/product_cat?post=14760"},{"taxonomy":"product_tag","embeddable":true,"href":"https:\/\/www.istegroup.com\/en\/wp-json\/wp\/v2\/product_tag?post=14760"}],"curies":[{"name":"wp","href":"https:\/\/api.w.org\/{rel}","templated":true}]}}