{"id":14753,"date":"2018-10-18T10:05:50","date_gmt":"2018-10-18T08:05:50","guid":{"rendered":"https:\/\/iste.yhello.co\/?post_type=product&#038;p=14753"},"modified":"2024-01-03T13:42:43","modified_gmt":"2024-01-03T13:42:43","slug":"oscillateurs-bf-et-rf","status":"publish","type":"product","link":"https:\/\/www.istegroup.com\/en\/produit\/oscillateurs-bf-et-rf\/","title":{"rendered":"Oscillateurs BF et RF"},"content":{"rendered":"<p>Dans cet ouvrage, un bref rappel est consacr\u00e9 aux param\u00e8tres importants caract\u00e9risant les oscillateurs. Une m\u00e9thode de calcul simple et syst\u00e9matique est ensuite expos\u00e9e et appliqu\u00e9e \u00e0 tous les types d\u2019oscillateurs.<\/p>\n<p>De tr\u00e8s nombreux exemples d\u2019oscillateurs BF, b\u00e2tis autour d\u2019amplificateurs op\u00e9rationnels, sont pr\u00e9sent\u00e9s. Une attention particuli\u00e8re est port\u00e9e sur des structures permettant de r\u00e9duire la distorsion de mani\u00e8re importante. En RF, les oscillateurs \u00e0 sortie asym\u00e9trique, con\u00e7us autour d\u2019un unique transistor, Colpitts, Clapp ou Vackar \u00e0 r\u00e9sonnance s\u00e9rie ou parall\u00e8le, sont largement trait\u00e9s. Diff\u00e9rents oscillateurs sym\u00e9triques, cr\u00e9\u00e9s autour d\u2019une paire diff\u00e9rentielle, terminent la description des structures usuelles en mettant l\u2019accent sur une topologie pr\u00e9f\u00e9rable.<\/p>\n<p>Les m\u00e9thodes d\u2019optimisation et d\u2019am\u00e9lioration du bruit de phase sont clairement pos\u00e9es et accompagn\u00e9es d\u2019exemples, qui pourront \u00eatre repris et transpos\u00e9s, et de simulations validant les d\u00e9monstrations. Le dernier chapitre pr\u00e9sente une nouvelle structure d\u2019oscillateur RF tr\u00e8s prometteuse, baptis\u00e9e Bora, qui donne des r\u00e9sultats exceptionnels.<\/p>\n","protected":false},"excerpt":{"rendered":"<p>Dans cet ouvrage, un bref rappel est consacr\u00e9 aux param\u00e8tres importants caract\u00e9risant les oscillateurs. Une m\u00e9thode de calcul simple et syst\u00e9matique est ensuite expos\u00e9e et appliqu\u00e9e \u00e0 tous les types d\u2019oscillateurs. De tr\u00e8s nombreux exemples d\u2019oscillateurs BF, b\u00e2tis autour d\u2019amplificateurs op\u00e9rationnels, sont pr\u00e9sent\u00e9s. Une attention particuli\u00e8re est port\u00e9e sur des structures permettant de r\u00e9duire la [&hellip;]<\/p>\n","protected":false},"featured_media":14759,"template":"","meta":{"_acf_changed":false,"_links_to":"","_links_to_target":""},"product_brand":[],"product_cat":[3262],"product_tag":[],"class_list":{"0":"post-14753","1":"product","2":"type-product","3":"status-publish","4":"has-post-thumbnail","6":"product_cat-non-classe","8":"first","9":"instock","10":"shipping-taxable","11":"purchasable","12":"product-type-variable"},"acf":[],"yoast_head":"<!-- This site is optimized with the Yoast SEO plugin v27.2 - https:\/\/yoast.com\/product\/yoast-seo-wordpress\/ -->\n<title>Oscillateurs BF et RF - ISTE Group<\/title>\n<meta name=\"description\" content=\"Dans cet ouvrage, un bref rappel est consacr\u00e9 aux param\u00e8tres importants caract\u00e9risant les oscillateurs. Une m\u00e9thode de calcul simple et syst\u00e9matique est ensuite expos\u00e9e et appliqu\u00e9e \u00e0 tous les types d\u2019oscillateurs.\" \/>\n<meta name=\"robots\" content=\"index, follow, max-snippet:-1, max-image-preview:large, max-video-preview:-1\" \/>\n<link rel=\"canonical\" href=\"https:\/\/www.istegroup.com\/fr\/produit\/oscillateurs-bf-et-rf\/\" \/>\n<meta property=\"og:locale\" content=\"en_US\" \/>\n<meta property=\"og:type\" content=\"article\" \/>\n<meta property=\"og:title\" content=\"Oscillateurs BF et RF - ISTE Group\" \/>\n<meta property=\"og:description\" content=\"Dans cet ouvrage, un bref rappel est consacr\u00e9 aux param\u00e8tres importants caract\u00e9risant les oscillateurs. Une m\u00e9thode de calcul simple et syst\u00e9matique est ensuite expos\u00e9e et appliqu\u00e9e \u00e0 tous les types d\u2019oscillateurs.\" \/>\n<meta property=\"og:url\" content=\"https:\/\/www.istegroup.com\/fr\/produit\/oscillateurs-bf-et-rf\/\" \/>\n<meta property=\"og:site_name\" content=\"ISTE Group\" \/>\n<meta property=\"article:modified_time\" content=\"2024-01-03T13:42:43+00:00\" \/>\n<meta property=\"og:image\" content=\"https:\/\/www.istegroup.com\/wp-content\/uploads\/2018\/10\/Dieuleveult-2_Front.jpg\" \/>\n\t<meta property=\"og:image:width\" content=\"608\" \/>\n\t<meta property=\"og:image:height\" content=\"913\" \/>\n\t<meta property=\"og:image:type\" content=\"image\/jpeg\" \/>\n<meta name=\"twitter:card\" content=\"summary_large_image\" \/>\n<meta name=\"twitter:label1\" content=\"Est. reading time\" \/>\n\t<meta name=\"twitter:data1\" content=\"1 minute\" \/>\n<script type=\"application\/ld+json\" class=\"yoast-schema-graph\">{\"@context\":\"https:\/\/schema.org\",\"@graph\":[{\"@type\":\"WebPage\",\"@id\":\"https:\/\/www.istegroup.com\/fr\/produit\/oscillateurs-bf-et-rf\/\",\"url\":\"https:\/\/www.istegroup.com\/fr\/produit\/oscillateurs-bf-et-rf\/\",\"name\":\"Oscillateurs BF et RF - ISTE Group\",\"isPartOf\":{\"@id\":\"https:\/\/www.istegroup.com\/#website\"},\"primaryImageOfPage\":{\"@id\":\"https:\/\/www.istegroup.com\/fr\/produit\/oscillateurs-bf-et-rf\/#primaryimage\"},\"image\":{\"@id\":\"https:\/\/www.istegroup.com\/fr\/produit\/oscillateurs-bf-et-rf\/#primaryimage\"},\"thumbnailUrl\":\"https:\/\/www.istegroup.com\/wp-content\/uploads\/2018\/10\/Dieuleveult-2_Front.jpg\",\"datePublished\":\"2018-10-18T08:05:50+00:00\",\"dateModified\":\"2024-01-03T13:42:43+00:00\",\"description\":\"Dans cet ouvrage, un bref rappel est consacr\u00e9 aux param\u00e8tres importants caract\u00e9risant les oscillateurs. Une m\u00e9thode de calcul simple et syst\u00e9matique est ensuite expos\u00e9e et appliqu\u00e9e \u00e0 tous les types d\u2019oscillateurs.\",\"breadcrumb\":{\"@id\":\"https:\/\/www.istegroup.com\/fr\/produit\/oscillateurs-bf-et-rf\/#breadcrumb\"},\"inLanguage\":\"en-US\",\"potentialAction\":[{\"@type\":\"ReadAction\",\"target\":[\"https:\/\/www.istegroup.com\/fr\/produit\/oscillateurs-bf-et-rf\/\"]}]},{\"@type\":\"ImageObject\",\"inLanguage\":\"en-US\",\"@id\":\"https:\/\/www.istegroup.com\/fr\/produit\/oscillateurs-bf-et-rf\/#primaryimage\",\"url\":\"https:\/\/www.istegroup.com\/wp-content\/uploads\/2018\/10\/Dieuleveult-2_Front.jpg\",\"contentUrl\":\"https:\/\/www.istegroup.com\/wp-content\/uploads\/2018\/10\/Dieuleveult-2_Front.jpg\",\"width\":608,\"height\":913,\"caption\":\"Optimisation par simulation\"},{\"@type\":\"BreadcrumbList\",\"@id\":\"https:\/\/www.istegroup.com\/fr\/produit\/oscillateurs-bf-et-rf\/#breadcrumb\",\"itemListElement\":[{\"@type\":\"ListItem\",\"position\":1,\"name\":\"Home\",\"item\":\"https:\/\/www.istegroup.com\/\"},{\"@type\":\"ListItem\",\"position\":2,\"name\":\"Shop\",\"item\":\"https:\/\/www.istegroup.com\/fr\/nouveautes\/\"},{\"@type\":\"ListItem\",\"position\":3,\"name\":\"Oscillateurs BF et RF\"}]},{\"@type\":\"WebSite\",\"@id\":\"https:\/\/www.istegroup.com\/#website\",\"url\":\"https:\/\/www.istegroup.com\/\",\"name\":\"ISTE Group\",\"description\":\"Publishing Knowledge\",\"potentialAction\":[{\"@type\":\"SearchAction\",\"target\":{\"@type\":\"EntryPoint\",\"urlTemplate\":\"https:\/\/www.istegroup.com\/?s={search_term_string}\"},\"query-input\":{\"@type\":\"PropertyValueSpecification\",\"valueRequired\":true,\"valueName\":\"search_term_string\"}}],\"inLanguage\":\"en-US\"}]}<\/script>\n<!-- \/ Yoast SEO plugin. -->","yoast_head_json":{"title":"Oscillateurs BF et RF - ISTE Group","description":"Dans cet ouvrage, un bref rappel est consacr\u00e9 aux param\u00e8tres importants caract\u00e9risant les oscillateurs. Une m\u00e9thode de calcul simple et syst\u00e9matique est ensuite expos\u00e9e et appliqu\u00e9e \u00e0 tous les types d\u2019oscillateurs.","robots":{"index":"index","follow":"follow","max-snippet":"max-snippet:-1","max-image-preview":"max-image-preview:large","max-video-preview":"max-video-preview:-1"},"canonical":"https:\/\/www.istegroup.com\/fr\/produit\/oscillateurs-bf-et-rf\/","og_locale":"en_US","og_type":"article","og_title":"Oscillateurs BF et RF - ISTE Group","og_description":"Dans cet ouvrage, un bref rappel est consacr\u00e9 aux param\u00e8tres importants caract\u00e9risant les oscillateurs. Une m\u00e9thode de calcul simple et syst\u00e9matique est ensuite expos\u00e9e et appliqu\u00e9e \u00e0 tous les types d\u2019oscillateurs.","og_url":"https:\/\/www.istegroup.com\/fr\/produit\/oscillateurs-bf-et-rf\/","og_site_name":"ISTE Group","article_modified_time":"2024-01-03T13:42:43+00:00","og_image":[{"width":608,"height":913,"url":"https:\/\/www.istegroup.com\/wp-content\/uploads\/2018\/10\/Dieuleveult-2_Front.jpg","type":"image\/jpeg"}],"twitter_card":"summary_large_image","twitter_misc":{"Est. reading time":"1 minute"},"schema":{"@context":"https:\/\/schema.org","@graph":[{"@type":"WebPage","@id":"https:\/\/www.istegroup.com\/fr\/produit\/oscillateurs-bf-et-rf\/","url":"https:\/\/www.istegroup.com\/fr\/produit\/oscillateurs-bf-et-rf\/","name":"Oscillateurs BF et RF - ISTE Group","isPartOf":{"@id":"https:\/\/www.istegroup.com\/#website"},"primaryImageOfPage":{"@id":"https:\/\/www.istegroup.com\/fr\/produit\/oscillateurs-bf-et-rf\/#primaryimage"},"image":{"@id":"https:\/\/www.istegroup.com\/fr\/produit\/oscillateurs-bf-et-rf\/#primaryimage"},"thumbnailUrl":"https:\/\/www.istegroup.com\/wp-content\/uploads\/2018\/10\/Dieuleveult-2_Front.jpg","datePublished":"2018-10-18T08:05:50+00:00","dateModified":"2024-01-03T13:42:43+00:00","description":"Dans cet ouvrage, un bref rappel est consacr\u00e9 aux param\u00e8tres importants caract\u00e9risant les oscillateurs. Une m\u00e9thode de calcul simple et syst\u00e9matique est ensuite expos\u00e9e et appliqu\u00e9e \u00e0 tous les types d\u2019oscillateurs.","breadcrumb":{"@id":"https:\/\/www.istegroup.com\/fr\/produit\/oscillateurs-bf-et-rf\/#breadcrumb"},"inLanguage":"en-US","potentialAction":[{"@type":"ReadAction","target":["https:\/\/www.istegroup.com\/fr\/produit\/oscillateurs-bf-et-rf\/"]}]},{"@type":"ImageObject","inLanguage":"en-US","@id":"https:\/\/www.istegroup.com\/fr\/produit\/oscillateurs-bf-et-rf\/#primaryimage","url":"https:\/\/www.istegroup.com\/wp-content\/uploads\/2018\/10\/Dieuleveult-2_Front.jpg","contentUrl":"https:\/\/www.istegroup.com\/wp-content\/uploads\/2018\/10\/Dieuleveult-2_Front.jpg","width":608,"height":913,"caption":"Optimisation par simulation"},{"@type":"BreadcrumbList","@id":"https:\/\/www.istegroup.com\/fr\/produit\/oscillateurs-bf-et-rf\/#breadcrumb","itemListElement":[{"@type":"ListItem","position":1,"name":"Home","item":"https:\/\/www.istegroup.com\/"},{"@type":"ListItem","position":2,"name":"Shop","item":"https:\/\/www.istegroup.com\/fr\/nouveautes\/"},{"@type":"ListItem","position":3,"name":"Oscillateurs BF et RF"}]},{"@type":"WebSite","@id":"https:\/\/www.istegroup.com\/#website","url":"https:\/\/www.istegroup.com\/","name":"ISTE Group","description":"Publishing Knowledge","potentialAction":[{"@type":"SearchAction","target":{"@type":"EntryPoint","urlTemplate":"https:\/\/www.istegroup.com\/?s={search_term_string}"},"query-input":{"@type":"PropertyValueSpecification","valueRequired":true,"valueName":"search_term_string"}}],"inLanguage":"en-US"}]}},"_links":{"self":[{"href":"https:\/\/www.istegroup.com\/en\/wp-json\/wp\/v2\/product\/14753","targetHints":{"allow":["GET"]}}],"collection":[{"href":"https:\/\/www.istegroup.com\/en\/wp-json\/wp\/v2\/product"}],"about":[{"href":"https:\/\/www.istegroup.com\/en\/wp-json\/wp\/v2\/types\/product"}],"wp:featuredmedia":[{"embeddable":true,"href":"https:\/\/www.istegroup.com\/en\/wp-json\/wp\/v2\/media\/14759"}],"wp:attachment":[{"href":"https:\/\/www.istegroup.com\/en\/wp-json\/wp\/v2\/media?parent=14753"}],"wp:term":[{"taxonomy":"product_brand","embeddable":true,"href":"https:\/\/www.istegroup.com\/en\/wp-json\/wp\/v2\/product_brand?post=14753"},{"taxonomy":"product_cat","embeddable":true,"href":"https:\/\/www.istegroup.com\/en\/wp-json\/wp\/v2\/product_cat?post=14753"},{"taxonomy":"product_tag","embeddable":true,"href":"https:\/\/www.istegroup.com\/en\/wp-json\/wp\/v2\/product_tag?post=14753"}],"curies":[{"name":"wp","href":"https:\/\/api.w.org\/{rel}","templated":true}]}}