{"id":14748,"date":"2018-10-17T16:53:17","date_gmt":"2018-10-17T14:53:17","guid":{"rendered":"https:\/\/iste.yhello.co\/?post_type=product&#038;p=14748"},"modified":"2024-01-03T13:42:43","modified_gmt":"2024-01-03T13:42:43","slug":"lintelligence-economique-du-futur-2","status":"publish","type":"product","link":"https:\/\/www.istegroup.com\/en\/produit\/lintelligence-economique-du-futur-2\/","title":{"rendered":"L\u2019intelligence \u00e9conomique du futur 2"},"content":{"rendered":"<p>L\u2019information sous toutes ses formes se situe au\u00a0c\u0153ur de la d\u00e9marche d\u2019intelligence \u00e9conomique. Elle est aussi un vecteur puissant d\u2019innovation et, plus que jamais, des rapports de forces \u00e9conomiques et soci\u00e9taux.\u00a0<em>L&#8217;intelligence \u00e9conomique du futur 2<\/em>\u00a0analyse ses diff\u00e9rents aspects, depuis les traitements et recherches classiques en passant par les aspects psychologique et \u00e9pig\u00e9n\u00e9tique de son d\u00e9veloppement. Ceci conduit \u00e0 une vision nouvelle de son int\u00e9gration dans les organisations. En outre, les nouvelles technologies offrent de multiples acc\u00e8s \u00e0 l\u2019information, entre autres par les r\u00e9seaux sociaux qui sont ici analys\u00e9s de mani\u00e8re critique.<\/p>\n<p>Dans un monde complexe o\u00f9 g\u00e9opolitique et nouvelle guerre de l\u2019information prennent une part de plus en plus importante, il devient imp\u00e9ratif de mieux appr\u00e9hender et comprendre son environnement, afin de d\u00e9velopper une pens\u00e9e critique qui permettra de conforter les diff\u00e9rents aspects globaux de la s\u00e9curit\u00e9 en intelligence \u00e9conomique.<\/p>\n","protected":false},"excerpt":{"rendered":"<p>L\u2019information sous toutes ses formes se situe au\u00a0c\u0153ur de la d\u00e9marche d\u2019intelligence \u00e9conomique. Elle est aussi un vecteur puissant d\u2019innovation et, plus que jamais, des rapports de forces \u00e9conomiques et soci\u00e9taux.\u00a0L&#8217;intelligence \u00e9conomique du futur 2\u00a0analyse ses diff\u00e9rents aspects, depuis les traitements et recherches classiques en passant par les aspects psychologique et \u00e9pig\u00e9n\u00e9tique de son d\u00e9veloppement. [&hellip;]<\/p>\n","protected":false},"featured_media":14752,"template":"","meta":{"_acf_changed":false,"_links_to":"","_links_to_target":""},"product_brand":[],"product_cat":[3262],"product_tag":[],"class_list":{"0":"post-14748","1":"product","2":"type-product","3":"status-publish","4":"has-post-thumbnail","6":"product_cat-non-classe","8":"first","9":"instock","10":"shipping-taxable","11":"purchasable","12":"product-type-variable"},"acf":[],"yoast_head":"<!-- This site is optimized with the Yoast SEO plugin v27.2 - https:\/\/yoast.com\/product\/yoast-seo-wordpress\/ -->\n<title>L\u2019intelligence \u00e9conomique du futur 2 - ISTE Group<\/title>\n<meta name=\"description\" content=\"L&#039;intelligence \u00e9conomique du futur 2\u00a0analyse ses diff\u00e9rents aspects, depuis les traitements et recherches classiques en passant par les aspects psychologique et \u00e9pig\u00e9n\u00e9tique de son d\u00e9veloppement.\" \/>\n<meta name=\"robots\" content=\"index, follow, max-snippet:-1, max-image-preview:large, max-video-preview:-1\" \/>\n<link rel=\"canonical\" href=\"https:\/\/www.istegroup.com\/en\/produit\/lintelligence-economique-du-futur-2\/\" \/>\n<meta property=\"og:locale\" content=\"en_US\" \/>\n<meta property=\"og:type\" content=\"article\" \/>\n<meta property=\"og:title\" content=\"L\u2019intelligence \u00e9conomique du futur 2 - ISTE Group\" \/>\n<meta property=\"og:description\" content=\"L&#039;intelligence \u00e9conomique du futur 2\u00a0analyse ses diff\u00e9rents aspects, depuis les traitements et recherches classiques en passant par les aspects psychologique et \u00e9pig\u00e9n\u00e9tique de son d\u00e9veloppement.\" \/>\n<meta property=\"og:url\" content=\"https:\/\/www.istegroup.com\/en\/produit\/lintelligence-economique-du-futur-2\/\" \/>\n<meta property=\"og:site_name\" content=\"ISTE Group\" \/>\n<meta property=\"article:modified_time\" content=\"2024-01-03T13:42:43+00:00\" \/>\n<meta property=\"og:image\" content=\"https:\/\/www.istegroup.com\/wp-content\/uploads\/2018\/10\/Dou-2_Front.jpg\" \/>\n\t<meta property=\"og:image:width\" content=\"608\" \/>\n\t<meta property=\"og:image:height\" content=\"912\" \/>\n\t<meta property=\"og:image:type\" content=\"image\/jpeg\" \/>\n<meta name=\"twitter:card\" content=\"summary_large_image\" \/>\n<meta name=\"twitter:label1\" content=\"Est. reading time\" \/>\n\t<meta name=\"twitter:data1\" content=\"1 minute\" \/>\n<script type=\"application\/ld+json\" class=\"yoast-schema-graph\">{\"@context\":\"https:\/\/schema.org\",\"@graph\":[{\"@type\":\"WebPage\",\"@id\":\"https:\/\/www.istegroup.com\/en\/produit\/lintelligence-economique-du-futur-2\/\",\"url\":\"https:\/\/www.istegroup.com\/en\/produit\/lintelligence-economique-du-futur-2\/\",\"name\":\"L\u2019intelligence \u00e9conomique du futur 2 - ISTE Group\",\"isPartOf\":{\"@id\":\"https:\/\/www.istegroup.com\/#website\"},\"primaryImageOfPage\":{\"@id\":\"https:\/\/www.istegroup.com\/en\/produit\/lintelligence-economique-du-futur-2\/#primaryimage\"},\"image\":{\"@id\":\"https:\/\/www.istegroup.com\/en\/produit\/lintelligence-economique-du-futur-2\/#primaryimage\"},\"thumbnailUrl\":\"https:\/\/www.istegroup.com\/wp-content\/uploads\/2018\/10\/Dou-2_Front.jpg\",\"datePublished\":\"2018-10-17T14:53:17+00:00\",\"dateModified\":\"2024-01-03T13:42:43+00:00\",\"description\":\"L'intelligence \u00e9conomique du futur 2\u00a0analyse ses diff\u00e9rents aspects, depuis les traitements et recherches classiques en passant par les aspects psychologique et \u00e9pig\u00e9n\u00e9tique de son d\u00e9veloppement.\",\"breadcrumb\":{\"@id\":\"https:\/\/www.istegroup.com\/en\/produit\/lintelligence-economique-du-futur-2\/#breadcrumb\"},\"inLanguage\":\"en-US\",\"potentialAction\":[{\"@type\":\"ReadAction\",\"target\":[\"https:\/\/www.istegroup.com\/en\/produit\/lintelligence-economique-du-futur-2\/\"]}]},{\"@type\":\"ImageObject\",\"inLanguage\":\"en-US\",\"@id\":\"https:\/\/www.istegroup.com\/en\/produit\/lintelligence-economique-du-futur-2\/#primaryimage\",\"url\":\"https:\/\/www.istegroup.com\/wp-content\/uploads\/2018\/10\/Dou-2_Front.jpg\",\"contentUrl\":\"https:\/\/www.istegroup.com\/wp-content\/uploads\/2018\/10\/Dou-2_Front.jpg\",\"width\":608,\"height\":912,\"caption\":\"Une nouvelle approche de la fonction information\"},{\"@type\":\"BreadcrumbList\",\"@id\":\"https:\/\/www.istegroup.com\/en\/produit\/lintelligence-economique-du-futur-2\/#breadcrumb\",\"itemListElement\":[{\"@type\":\"ListItem\",\"position\":1,\"name\":\"Home\",\"item\":\"https:\/\/www.istegroup.com\/\"},{\"@type\":\"ListItem\",\"position\":2,\"name\":\"Shop\",\"item\":\"https:\/\/www.istegroup.com\/fr\/nouveautes\/\"},{\"@type\":\"ListItem\",\"position\":3,\"name\":\"L\u2019intelligence \u00e9conomique du futur 2\"}]},{\"@type\":\"WebSite\",\"@id\":\"https:\/\/www.istegroup.com\/#website\",\"url\":\"https:\/\/www.istegroup.com\/\",\"name\":\"ISTE Group\",\"description\":\"Publishing Knowledge\",\"potentialAction\":[{\"@type\":\"SearchAction\",\"target\":{\"@type\":\"EntryPoint\",\"urlTemplate\":\"https:\/\/www.istegroup.com\/?s={search_term_string}\"},\"query-input\":{\"@type\":\"PropertyValueSpecification\",\"valueRequired\":true,\"valueName\":\"search_term_string\"}}],\"inLanguage\":\"en-US\"}]}<\/script>\n<!-- \/ Yoast SEO plugin. -->","yoast_head_json":{"title":"L\u2019intelligence \u00e9conomique du futur 2 - ISTE Group","description":"L'intelligence \u00e9conomique du futur 2\u00a0analyse ses diff\u00e9rents aspects, depuis les traitements et recherches classiques en passant par les aspects psychologique et \u00e9pig\u00e9n\u00e9tique de son d\u00e9veloppement.","robots":{"index":"index","follow":"follow","max-snippet":"max-snippet:-1","max-image-preview":"max-image-preview:large","max-video-preview":"max-video-preview:-1"},"canonical":"https:\/\/www.istegroup.com\/en\/produit\/lintelligence-economique-du-futur-2\/","og_locale":"en_US","og_type":"article","og_title":"L\u2019intelligence \u00e9conomique du futur 2 - ISTE Group","og_description":"L'intelligence \u00e9conomique du futur 2\u00a0analyse ses diff\u00e9rents aspects, depuis les traitements et recherches classiques en passant par les aspects psychologique et \u00e9pig\u00e9n\u00e9tique de son d\u00e9veloppement.","og_url":"https:\/\/www.istegroup.com\/en\/produit\/lintelligence-economique-du-futur-2\/","og_site_name":"ISTE Group","article_modified_time":"2024-01-03T13:42:43+00:00","og_image":[{"width":608,"height":912,"url":"https:\/\/www.istegroup.com\/wp-content\/uploads\/2018\/10\/Dou-2_Front.jpg","type":"image\/jpeg"}],"twitter_card":"summary_large_image","twitter_misc":{"Est. reading time":"1 minute"},"schema":{"@context":"https:\/\/schema.org","@graph":[{"@type":"WebPage","@id":"https:\/\/www.istegroup.com\/en\/produit\/lintelligence-economique-du-futur-2\/","url":"https:\/\/www.istegroup.com\/en\/produit\/lintelligence-economique-du-futur-2\/","name":"L\u2019intelligence \u00e9conomique du futur 2 - ISTE Group","isPartOf":{"@id":"https:\/\/www.istegroup.com\/#website"},"primaryImageOfPage":{"@id":"https:\/\/www.istegroup.com\/en\/produit\/lintelligence-economique-du-futur-2\/#primaryimage"},"image":{"@id":"https:\/\/www.istegroup.com\/en\/produit\/lintelligence-economique-du-futur-2\/#primaryimage"},"thumbnailUrl":"https:\/\/www.istegroup.com\/wp-content\/uploads\/2018\/10\/Dou-2_Front.jpg","datePublished":"2018-10-17T14:53:17+00:00","dateModified":"2024-01-03T13:42:43+00:00","description":"L'intelligence \u00e9conomique du futur 2\u00a0analyse ses diff\u00e9rents aspects, depuis les traitements et recherches classiques en passant par les aspects psychologique et \u00e9pig\u00e9n\u00e9tique de son d\u00e9veloppement.","breadcrumb":{"@id":"https:\/\/www.istegroup.com\/en\/produit\/lintelligence-economique-du-futur-2\/#breadcrumb"},"inLanguage":"en-US","potentialAction":[{"@type":"ReadAction","target":["https:\/\/www.istegroup.com\/en\/produit\/lintelligence-economique-du-futur-2\/"]}]},{"@type":"ImageObject","inLanguage":"en-US","@id":"https:\/\/www.istegroup.com\/en\/produit\/lintelligence-economique-du-futur-2\/#primaryimage","url":"https:\/\/www.istegroup.com\/wp-content\/uploads\/2018\/10\/Dou-2_Front.jpg","contentUrl":"https:\/\/www.istegroup.com\/wp-content\/uploads\/2018\/10\/Dou-2_Front.jpg","width":608,"height":912,"caption":"Une nouvelle approche de la fonction information"},{"@type":"BreadcrumbList","@id":"https:\/\/www.istegroup.com\/en\/produit\/lintelligence-economique-du-futur-2\/#breadcrumb","itemListElement":[{"@type":"ListItem","position":1,"name":"Home","item":"https:\/\/www.istegroup.com\/"},{"@type":"ListItem","position":2,"name":"Shop","item":"https:\/\/www.istegroup.com\/fr\/nouveautes\/"},{"@type":"ListItem","position":3,"name":"L\u2019intelligence \u00e9conomique du futur 2"}]},{"@type":"WebSite","@id":"https:\/\/www.istegroup.com\/#website","url":"https:\/\/www.istegroup.com\/","name":"ISTE Group","description":"Publishing Knowledge","potentialAction":[{"@type":"SearchAction","target":{"@type":"EntryPoint","urlTemplate":"https:\/\/www.istegroup.com\/?s={search_term_string}"},"query-input":{"@type":"PropertyValueSpecification","valueRequired":true,"valueName":"search_term_string"}}],"inLanguage":"en-US"}]}},"_links":{"self":[{"href":"https:\/\/www.istegroup.com\/en\/wp-json\/wp\/v2\/product\/14748","targetHints":{"allow":["GET"]}}],"collection":[{"href":"https:\/\/www.istegroup.com\/en\/wp-json\/wp\/v2\/product"}],"about":[{"href":"https:\/\/www.istegroup.com\/en\/wp-json\/wp\/v2\/types\/product"}],"wp:featuredmedia":[{"embeddable":true,"href":"https:\/\/www.istegroup.com\/en\/wp-json\/wp\/v2\/media\/14752"}],"wp:attachment":[{"href":"https:\/\/www.istegroup.com\/en\/wp-json\/wp\/v2\/media?parent=14748"}],"wp:term":[{"taxonomy":"product_brand","embeddable":true,"href":"https:\/\/www.istegroup.com\/en\/wp-json\/wp\/v2\/product_brand?post=14748"},{"taxonomy":"product_cat","embeddable":true,"href":"https:\/\/www.istegroup.com\/en\/wp-json\/wp\/v2\/product_cat?post=14748"},{"taxonomy":"product_tag","embeddable":true,"href":"https:\/\/www.istegroup.com\/en\/wp-json\/wp\/v2\/product_tag?post=14748"}],"curies":[{"name":"wp","href":"https:\/\/api.w.org\/{rel}","templated":true}]}}