{"id":145,"date":"2017-07-28T10:34:29","date_gmt":"2017-07-28T08:34:29","guid":{"rendered":"https:\/\/iste.yhello.co\/product\/contraintes-de-conception-des-dispositifs-nfc\/"},"modified":"2024-01-03T13:38:38","modified_gmt":"2024-01-03T13:38:38","slug":"contraintes-de-conception-des-dispositifs-nfc","status":"publish","type":"product","link":"https:\/\/www.istegroup.com\/en\/produit\/contraintes-de-conception-des-dispositifs-nfc\/","title":{"rendered":"Contraintes de conception des dispositifs NFC"},"content":{"rendered":"<p>La communication en champ proche (<em>near field communication, NFC<\/em>) peut appara\u00eetre comme une technique simple et intuitive d\u2019\u00e9change de donn\u00e9es entre p\u00e9riph\u00e9riques. En r\u00e9alit\u00e9, ces structures sans contact qui combinent composants et antennes doivent respecter des contraintes de fonctionnement importantes et sp\u00e9cifiques.<\/p>\n<p>Illustr\u00e9 par de nombreux exemples technologiques d\u00e9taill\u00e9s, cet ouvrage expose les multiples contraintes de conformit\u00e9s normatives (ISO, CEN, NFC Forum, EMVCo, etc.), et r\u00e8glementaires (ERC, FCC, ETSI, pollutions radiofr\u00e9quences, privaut\u00e9s, \u00e9cologiques, etc.) ainsi que les contraintes applicatives, typologiques, fonctionnelles, structurelles, environnementales ou d\u2019interop\u00e9rabilit\u00e9s que doit supporter un dispositif NFC.<\/p>\n<p><em>Contraintes de conception des dispositifs NFC<\/em>\u00a0pr\u00e9sente \u00e9galement les techniques qui permettent de se lib\u00e9rer des contraintes technologiques des fonctionnalit\u00e9s NFC courantes rencontr\u00e9es dans les applications bancaires, de transports publics, administratives, automobiles, industrielles, des objets communicants ou de l\u2019Internet des objets.<\/p>\n","protected":false},"excerpt":{"rendered":"<p>La communication en champ proche (near field communication, NFC) peut appara\u00eetre comme une technique simple et intuitive d\u2019\u00e9change de donn\u00e9es entre p\u00e9riph\u00e9riques. En r\u00e9alit\u00e9, ces structures sans contact qui combinent composants et antennes doivent respecter des contraintes de fonctionnement importantes et sp\u00e9cifiques. Illustr\u00e9 par de nombreux exemples technologiques d\u00e9taill\u00e9s, cet ouvrage expose les multiples contraintes [&hellip;]<\/p>\n","protected":false},"featured_media":146,"template":"","meta":{"_acf_changed":false,"_links_to":"","_links_to_target":""},"product_brand":[],"product_cat":[677],"product_tag":[942,800,170,943,956,957,958,959,31,18,19,218,20,960,21,22,26,27,211,952,961,212,38,28,29,854,962,963,454],"class_list":{"0":"post-145","1":"product","2":"type-product","3":"status-publish","4":"has-post-thumbnail","6":"product_cat-ondes-12506522","7":"product_tag-antennes","8":"product_tag-application","9":"product_tag-communication","10":"product_tag-conception","11":"product_tag-conformites","12":"product_tag-contrainte","13":"product_tag-contraintes-de-conception-des-dispositifs-nfc","14":"product_tag-dispositif","15":"product_tag-ebook","16":"product_tag-edition-scientifique","17":"product_tag-editions-francaise","18":"product_tag-editions-ouvrage","19":"product_tag-editions-technique","20":"product_tag-interoperabilites","21":"product_tag-iste-group","22":"product_tag-istegroup","23":"product_tag-livre-scientifique-francais","24":"product_tag-livre-technique-francais","25":"product_tag-nfc","26":"product_tag-nfc-device","27":"product_tag-normatives","28":"product_tag-ouvrage","29":"product_tag-ouvrage-numerique","30":"product_tag-ouvrage-scientifique-francais","31":"product_tag-ouvrage-technique","32":"product_tag-principes","33":"product_tag-recommandations","34":"product_tag-reglementaires","35":"product_tag-systemes","37":"first","38":"instock","39":"shipping-taxable","40":"purchasable","41":"product-type-variable"},"acf":[],"yoast_head":"<!-- This site is optimized with the Yoast SEO plugin v27.2 - https:\/\/yoast.com\/product\/yoast-seo-wordpress\/ -->\n<title>Contraintes de conception des dispositifs NFC - ISTE Group<\/title>\n<meta name=\"description\" content=\"Illustr\u00e9 par des exemples d\u00e9taill\u00e9s, l&#039;ouvrage expose les contraintes de conformit\u00e9s normatives et r\u00e8glementaires que doivent supporter des dispositifs NFC.\" \/>\n<meta name=\"robots\" content=\"index, follow, max-snippet:-1, max-image-preview:large, max-video-preview:-1\" \/>\n<link rel=\"canonical\" href=\"https:\/\/www.istegroup.com\/fr\/produit\/contraintes-de-conception-des-dispositifs-nfc\/\" \/>\n<meta property=\"og:locale\" content=\"en_US\" \/>\n<meta property=\"og:type\" content=\"article\" \/>\n<meta property=\"og:title\" content=\"Contraintes de conception des dispositifs NFC - ISTE Group\" \/>\n<meta property=\"og:description\" content=\"Illustr\u00e9 par des exemples d\u00e9taill\u00e9s, l&#039;ouvrage expose les contraintes de conformit\u00e9s normatives et r\u00e8glementaires que doivent supporter des dispositifs NFC.\" \/>\n<meta property=\"og:url\" content=\"https:\/\/www.istegroup.com\/fr\/produit\/contraintes-de-conception-des-dispositifs-nfc\/\" \/>\n<meta property=\"og:site_name\" content=\"ISTE Group\" \/>\n<meta property=\"article:modified_time\" content=\"2024-01-03T13:38:38+00:00\" \/>\n<meta property=\"og:image\" content=\"https:\/\/www.istegroup.com\/wp-content\/uploads\/2017\/07\/4684346180_1813658372-1.jpg\" \/>\n\t<meta property=\"og:image:width\" content=\"300\" \/>\n\t<meta property=\"og:image:height\" content=\"452\" \/>\n\t<meta property=\"og:image:type\" content=\"image\/jpeg\" \/>\n<meta name=\"twitter:card\" content=\"summary_large_image\" \/>\n<meta name=\"twitter:label1\" content=\"Est. reading time\" \/>\n\t<meta name=\"twitter:data1\" content=\"1 minute\" \/>\n<script type=\"application\/ld+json\" class=\"yoast-schema-graph\">{\"@context\":\"https:\/\/schema.org\",\"@graph\":[{\"@type\":\"WebPage\",\"@id\":\"https:\/\/www.istegroup.com\/fr\/produit\/contraintes-de-conception-des-dispositifs-nfc\/\",\"url\":\"https:\/\/www.istegroup.com\/fr\/produit\/contraintes-de-conception-des-dispositifs-nfc\/\",\"name\":\"Contraintes de conception des dispositifs NFC - ISTE Group\",\"isPartOf\":{\"@id\":\"https:\/\/www.istegroup.com\/#website\"},\"primaryImageOfPage\":{\"@id\":\"https:\/\/www.istegroup.com\/fr\/produit\/contraintes-de-conception-des-dispositifs-nfc\/#primaryimage\"},\"image\":{\"@id\":\"https:\/\/www.istegroup.com\/fr\/produit\/contraintes-de-conception-des-dispositifs-nfc\/#primaryimage\"},\"thumbnailUrl\":\"https:\/\/www.istegroup.com\/wp-content\/uploads\/2017\/07\/4684346180_1813658372-1.jpg\",\"datePublished\":\"2017-07-28T08:34:29+00:00\",\"dateModified\":\"2024-01-03T13:38:38+00:00\",\"description\":\"Illustr\u00e9 par des exemples d\u00e9taill\u00e9s, l'ouvrage expose les contraintes de conformit\u00e9s normatives et r\u00e8glementaires que doivent supporter des dispositifs NFC.\",\"breadcrumb\":{\"@id\":\"https:\/\/www.istegroup.com\/fr\/produit\/contraintes-de-conception-des-dispositifs-nfc\/#breadcrumb\"},\"inLanguage\":\"en-US\",\"potentialAction\":[{\"@type\":\"ReadAction\",\"target\":[\"https:\/\/www.istegroup.com\/fr\/produit\/contraintes-de-conception-des-dispositifs-nfc\/\"]}]},{\"@type\":\"ImageObject\",\"inLanguage\":\"en-US\",\"@id\":\"https:\/\/www.istegroup.com\/fr\/produit\/contraintes-de-conception-des-dispositifs-nfc\/#primaryimage\",\"url\":\"https:\/\/www.istegroup.com\/wp-content\/uploads\/2017\/07\/4684346180_1813658372-1.jpg\",\"contentUrl\":\"https:\/\/www.istegroup.com\/wp-content\/uploads\/2017\/07\/4684346180_1813658372-1.jpg\",\"width\":300,\"height\":452,\"caption\":\"Contraintes de conception des dispositifs NFC\"},{\"@type\":\"BreadcrumbList\",\"@id\":\"https:\/\/www.istegroup.com\/fr\/produit\/contraintes-de-conception-des-dispositifs-nfc\/#breadcrumb\",\"itemListElement\":[{\"@type\":\"ListItem\",\"position\":1,\"name\":\"Home\",\"item\":\"https:\/\/www.istegroup.com\/\"},{\"@type\":\"ListItem\",\"position\":2,\"name\":\"Shop\",\"item\":\"https:\/\/www.istegroup.com\/fr\/nouveautes\/\"},{\"@type\":\"ListItem\",\"position\":3,\"name\":\"Contraintes de conception des dispositifs NFC\"}]},{\"@type\":\"WebSite\",\"@id\":\"https:\/\/www.istegroup.com\/#website\",\"url\":\"https:\/\/www.istegroup.com\/\",\"name\":\"ISTE Group\",\"description\":\"Publishing Knowledge\",\"potentialAction\":[{\"@type\":\"SearchAction\",\"target\":{\"@type\":\"EntryPoint\",\"urlTemplate\":\"https:\/\/www.istegroup.com\/?s={search_term_string}\"},\"query-input\":{\"@type\":\"PropertyValueSpecification\",\"valueRequired\":true,\"valueName\":\"search_term_string\"}}],\"inLanguage\":\"en-US\"}]}<\/script>\n<!-- \/ Yoast SEO plugin. -->","yoast_head_json":{"title":"Contraintes de conception des dispositifs NFC - ISTE Group","description":"Illustr\u00e9 par des exemples d\u00e9taill\u00e9s, l'ouvrage expose les contraintes de conformit\u00e9s normatives et r\u00e8glementaires que doivent supporter des dispositifs NFC.","robots":{"index":"index","follow":"follow","max-snippet":"max-snippet:-1","max-image-preview":"max-image-preview:large","max-video-preview":"max-video-preview:-1"},"canonical":"https:\/\/www.istegroup.com\/fr\/produit\/contraintes-de-conception-des-dispositifs-nfc\/","og_locale":"en_US","og_type":"article","og_title":"Contraintes de conception des dispositifs NFC - ISTE Group","og_description":"Illustr\u00e9 par des exemples d\u00e9taill\u00e9s, l'ouvrage expose les contraintes de conformit\u00e9s normatives et r\u00e8glementaires que doivent supporter des dispositifs NFC.","og_url":"https:\/\/www.istegroup.com\/fr\/produit\/contraintes-de-conception-des-dispositifs-nfc\/","og_site_name":"ISTE Group","article_modified_time":"2024-01-03T13:38:38+00:00","og_image":[{"width":300,"height":452,"url":"https:\/\/www.istegroup.com\/wp-content\/uploads\/2017\/07\/4684346180_1813658372-1.jpg","type":"image\/jpeg"}],"twitter_card":"summary_large_image","twitter_misc":{"Est. reading time":"1 minute"},"schema":{"@context":"https:\/\/schema.org","@graph":[{"@type":"WebPage","@id":"https:\/\/www.istegroup.com\/fr\/produit\/contraintes-de-conception-des-dispositifs-nfc\/","url":"https:\/\/www.istegroup.com\/fr\/produit\/contraintes-de-conception-des-dispositifs-nfc\/","name":"Contraintes de conception des dispositifs NFC - ISTE Group","isPartOf":{"@id":"https:\/\/www.istegroup.com\/#website"},"primaryImageOfPage":{"@id":"https:\/\/www.istegroup.com\/fr\/produit\/contraintes-de-conception-des-dispositifs-nfc\/#primaryimage"},"image":{"@id":"https:\/\/www.istegroup.com\/fr\/produit\/contraintes-de-conception-des-dispositifs-nfc\/#primaryimage"},"thumbnailUrl":"https:\/\/www.istegroup.com\/wp-content\/uploads\/2017\/07\/4684346180_1813658372-1.jpg","datePublished":"2017-07-28T08:34:29+00:00","dateModified":"2024-01-03T13:38:38+00:00","description":"Illustr\u00e9 par des exemples d\u00e9taill\u00e9s, l'ouvrage expose les contraintes de conformit\u00e9s normatives et r\u00e8glementaires que doivent supporter des dispositifs NFC.","breadcrumb":{"@id":"https:\/\/www.istegroup.com\/fr\/produit\/contraintes-de-conception-des-dispositifs-nfc\/#breadcrumb"},"inLanguage":"en-US","potentialAction":[{"@type":"ReadAction","target":["https:\/\/www.istegroup.com\/fr\/produit\/contraintes-de-conception-des-dispositifs-nfc\/"]}]},{"@type":"ImageObject","inLanguage":"en-US","@id":"https:\/\/www.istegroup.com\/fr\/produit\/contraintes-de-conception-des-dispositifs-nfc\/#primaryimage","url":"https:\/\/www.istegroup.com\/wp-content\/uploads\/2017\/07\/4684346180_1813658372-1.jpg","contentUrl":"https:\/\/www.istegroup.com\/wp-content\/uploads\/2017\/07\/4684346180_1813658372-1.jpg","width":300,"height":452,"caption":"Contraintes de conception des dispositifs NFC"},{"@type":"BreadcrumbList","@id":"https:\/\/www.istegroup.com\/fr\/produit\/contraintes-de-conception-des-dispositifs-nfc\/#breadcrumb","itemListElement":[{"@type":"ListItem","position":1,"name":"Home","item":"https:\/\/www.istegroup.com\/"},{"@type":"ListItem","position":2,"name":"Shop","item":"https:\/\/www.istegroup.com\/fr\/nouveautes\/"},{"@type":"ListItem","position":3,"name":"Contraintes de conception des dispositifs NFC"}]},{"@type":"WebSite","@id":"https:\/\/www.istegroup.com\/#website","url":"https:\/\/www.istegroup.com\/","name":"ISTE Group","description":"Publishing Knowledge","potentialAction":[{"@type":"SearchAction","target":{"@type":"EntryPoint","urlTemplate":"https:\/\/www.istegroup.com\/?s={search_term_string}"},"query-input":{"@type":"PropertyValueSpecification","valueRequired":true,"valueName":"search_term_string"}}],"inLanguage":"en-US"}]}},"_links":{"self":[{"href":"https:\/\/www.istegroup.com\/en\/wp-json\/wp\/v2\/product\/145","targetHints":{"allow":["GET"]}}],"collection":[{"href":"https:\/\/www.istegroup.com\/en\/wp-json\/wp\/v2\/product"}],"about":[{"href":"https:\/\/www.istegroup.com\/en\/wp-json\/wp\/v2\/types\/product"}],"wp:featuredmedia":[{"embeddable":true,"href":"https:\/\/www.istegroup.com\/en\/wp-json\/wp\/v2\/media\/146"}],"wp:attachment":[{"href":"https:\/\/www.istegroup.com\/en\/wp-json\/wp\/v2\/media?parent=145"}],"wp:term":[{"taxonomy":"product_brand","embeddable":true,"href":"https:\/\/www.istegroup.com\/en\/wp-json\/wp\/v2\/product_brand?post=145"},{"taxonomy":"product_cat","embeddable":true,"href":"https:\/\/www.istegroup.com\/en\/wp-json\/wp\/v2\/product_cat?post=145"},{"taxonomy":"product_tag","embeddable":true,"href":"https:\/\/www.istegroup.com\/en\/wp-json\/wp\/v2\/product_tag?post=145"}],"curies":[{"name":"wp","href":"https:\/\/api.w.org\/{rel}","templated":true}]}}