{"id":14499,"date":"2018-09-12T12:44:17","date_gmt":"2018-09-12T10:44:17","guid":{"rendered":"https:\/\/iste.yhello.co\/?post_type=product&#038;p=14499"},"modified":"2024-01-03T13:42:39","modified_gmt":"2024-01-03T13:42:39","slug":"methodes-numeriques-avancees-sous-matlab-2","status":"publish","type":"product","link":"https:\/\/www.istegroup.com\/en\/produit\/methodes-numeriques-avancees-sous-matlab-2\/","title":{"rendered":"M\u00e9thodes num\u00e9riques avanc\u00e9es sous Matlab\u00ae 2"},"content":{"rendered":"<p>L\u2019objectif de cet ouvrage est d\u2019introduire et d\u2019\u00e9tudier les m\u00e9thodes num\u00e9riques de base et celles avanc\u00e9es pour pouvoir faire du calcul scientifique. Ce dernier d\u00e9signe la mise en oeuvre des d\u00e9marches adapt\u00e9es au traitement d\u2019un probl\u00e8me scientifique issu de la physique ou de l\u2019ing\u00e9nierie.<\/p>\n<p><em>M\u00e9thodes num\u00e9riques avanc\u00e9es sous Matlab\u00ae 2<\/em>\u00a0est constitu\u00e9 de deux parties. La premi\u00e8re pr\u00e9sente la r\u00e9solution des \u00e9quations non lin\u00e9aires et des \u00e9quations diff\u00e9rentielles. La seconde traite des diff\u00e9rentes m\u00e9thodes num\u00e9riques utilis\u00e9es pour la r\u00e9solution des \u00e9quations aux d\u00e9riv\u00e9es partielles.<\/p>\n<p>Chaque chapitre d\u00e9bute par des rappels et des d\u00e9finitions illustr\u00e9es par des exemples num\u00e9riques vari\u00e9s et des repr\u00e9sentations graphiques. \u00c0 la fin de chaque chapitre, on initie le lecteur aux diff\u00e9rentes commandes du logiciel Matlab relatif aux m\u00e9thodes expos\u00e9es. Comme dans de nombreux domaines, la pratique joue un r\u00f4le essentiel dans la compr\u00e9hension et la ma\u00eetrise de ces m\u00e9thodes.<\/p>\n","protected":false},"excerpt":{"rendered":"<p>L\u2019objectif de cet ouvrage est d\u2019introduire et d\u2019\u00e9tudier les m\u00e9thodes num\u00e9riques de base et celles avanc\u00e9es pour pouvoir faire du calcul scientifique. Ce dernier d\u00e9signe la mise en oeuvre des d\u00e9marches adapt\u00e9es au traitement d\u2019un probl\u00e8me scientifique issu de la physique ou de l\u2019ing\u00e9nierie. M\u00e9thodes num\u00e9riques avanc\u00e9es sous Matlab\u00ae 2\u00a0est constitu\u00e9 de deux parties. La [&hellip;]<\/p>\n","protected":false},"featured_media":14503,"template":"","meta":{"_acf_changed":false,"_links_to":"","_links_to_target":""},"product_brand":[],"product_cat":[3262],"product_tag":[],"class_list":{"0":"post-14499","1":"product","2":"type-product","3":"status-publish","4":"has-post-thumbnail","6":"product_cat-non-classe","8":"first","9":"instock","10":"shipping-taxable","11":"purchasable","12":"product-type-variable"},"acf":[],"yoast_head":"<!-- This site is optimized with the Yoast SEO plugin v27.2 - https:\/\/yoast.com\/product\/yoast-seo-wordpress\/ -->\n<title>M\u00e9thodes num\u00e9riques avanc\u00e9es sous Matlab\u00ae 2 - ISTE Group<\/title>\n<meta name=\"description\" content=\"L\u2019objectif de cet ouvrage est d\u2019introduire et d\u2019\u00e9tudier les m\u00e9thodes num\u00e9riques de base et celles avanc\u00e9es pour pouvoir faire du calcul scientifique.\" \/>\n<meta name=\"robots\" content=\"index, follow, max-snippet:-1, max-image-preview:large, max-video-preview:-1\" \/>\n<link rel=\"canonical\" href=\"https:\/\/www.istegroup.com\/fr\/produit\/methodes-numeriques-avancees-sous-matlab-2\/\" \/>\n<meta property=\"og:locale\" content=\"en_US\" \/>\n<meta property=\"og:type\" content=\"article\" \/>\n<meta property=\"og:title\" content=\"M\u00e9thodes num\u00e9riques avanc\u00e9es sous Matlab\u00ae 2 - ISTE Group\" \/>\n<meta property=\"og:description\" content=\"L\u2019objectif de cet ouvrage est d\u2019introduire et d\u2019\u00e9tudier les m\u00e9thodes num\u00e9riques de base et celles avanc\u00e9es pour pouvoir faire du calcul scientifique.\" \/>\n<meta property=\"og:url\" content=\"https:\/\/www.istegroup.com\/fr\/produit\/methodes-numeriques-avancees-sous-matlab-2\/\" \/>\n<meta property=\"og:site_name\" content=\"ISTE Group\" \/>\n<meta property=\"article:modified_time\" content=\"2024-01-03T13:42:39+00:00\" \/>\n<meta property=\"og:image\" content=\"https:\/\/www.istegroup.com\/wp-content\/uploads\/2018\/09\/Radi-2_Front-scaled.jpg\" \/>\n\t<meta property=\"og:image:width\" content=\"1637\" \/>\n\t<meta property=\"og:image:height\" content=\"2560\" \/>\n\t<meta property=\"og:image:type\" content=\"image\/jpeg\" \/>\n<meta name=\"twitter:card\" content=\"summary_large_image\" \/>\n<meta name=\"twitter:label1\" content=\"Est. reading time\" \/>\n\t<meta name=\"twitter:data1\" content=\"1 minute\" \/>\n<script type=\"application\/ld+json\" class=\"yoast-schema-graph\">{\"@context\":\"https:\/\/schema.org\",\"@graph\":[{\"@type\":\"WebPage\",\"@id\":\"https:\/\/www.istegroup.com\/fr\/produit\/methodes-numeriques-avancees-sous-matlab-2\/\",\"url\":\"https:\/\/www.istegroup.com\/fr\/produit\/methodes-numeriques-avancees-sous-matlab-2\/\",\"name\":\"M\u00e9thodes num\u00e9riques avanc\u00e9es sous Matlab\u00ae 2 - ISTE Group\",\"isPartOf\":{\"@id\":\"https:\/\/www.istegroup.com\/#website\"},\"primaryImageOfPage\":{\"@id\":\"https:\/\/www.istegroup.com\/fr\/produit\/methodes-numeriques-avancees-sous-matlab-2\/#primaryimage\"},\"image\":{\"@id\":\"https:\/\/www.istegroup.com\/fr\/produit\/methodes-numeriques-avancees-sous-matlab-2\/#primaryimage\"},\"thumbnailUrl\":\"https:\/\/www.istegroup.com\/wp-content\/uploads\/2018\/09\/Radi-2_Front-scaled.jpg\",\"datePublished\":\"2018-09-12T10:44:17+00:00\",\"dateModified\":\"2024-01-03T13:42:39+00:00\",\"description\":\"L\u2019objectif de cet ouvrage est d\u2019introduire et d\u2019\u00e9tudier les m\u00e9thodes num\u00e9riques de base et celles avanc\u00e9es pour pouvoir faire du calcul scientifique.\",\"breadcrumb\":{\"@id\":\"https:\/\/www.istegroup.com\/fr\/produit\/methodes-numeriques-avancees-sous-matlab-2\/#breadcrumb\"},\"inLanguage\":\"en-US\",\"potentialAction\":[{\"@type\":\"ReadAction\",\"target\":[\"https:\/\/www.istegroup.com\/fr\/produit\/methodes-numeriques-avancees-sous-matlab-2\/\"]}]},{\"@type\":\"ImageObject\",\"inLanguage\":\"en-US\",\"@id\":\"https:\/\/www.istegroup.com\/fr\/produit\/methodes-numeriques-avancees-sous-matlab-2\/#primaryimage\",\"url\":\"https:\/\/www.istegroup.com\/wp-content\/uploads\/2018\/09\/Radi-2_Front-scaled.jpg\",\"contentUrl\":\"https:\/\/www.istegroup.com\/wp-content\/uploads\/2018\/09\/Radi-2_Front-scaled.jpg\",\"width\":1637,\"height\":2560,\"caption\":\"R\u00e9solution des \u00e9quations non lin\u00e9aires, diff\u00e9rentielles et aux d\u00e9riv\u00e9es partielles\"},{\"@type\":\"BreadcrumbList\",\"@id\":\"https:\/\/www.istegroup.com\/fr\/produit\/methodes-numeriques-avancees-sous-matlab-2\/#breadcrumb\",\"itemListElement\":[{\"@type\":\"ListItem\",\"position\":1,\"name\":\"Home\",\"item\":\"https:\/\/www.istegroup.com\/\"},{\"@type\":\"ListItem\",\"position\":2,\"name\":\"Shop\",\"item\":\"https:\/\/www.istegroup.com\/fr\/nouveautes\/\"},{\"@type\":\"ListItem\",\"position\":3,\"name\":\"M\u00e9thodes num\u00e9riques avanc\u00e9es sous Matlab\u00ae 2\"}]},{\"@type\":\"WebSite\",\"@id\":\"https:\/\/www.istegroup.com\/#website\",\"url\":\"https:\/\/www.istegroup.com\/\",\"name\":\"ISTE Group\",\"description\":\"Publishing Knowledge\",\"potentialAction\":[{\"@type\":\"SearchAction\",\"target\":{\"@type\":\"EntryPoint\",\"urlTemplate\":\"https:\/\/www.istegroup.com\/?s={search_term_string}\"},\"query-input\":{\"@type\":\"PropertyValueSpecification\",\"valueRequired\":true,\"valueName\":\"search_term_string\"}}],\"inLanguage\":\"en-US\"}]}<\/script>\n<!-- \/ Yoast SEO plugin. -->","yoast_head_json":{"title":"M\u00e9thodes num\u00e9riques avanc\u00e9es sous Matlab\u00ae 2 - ISTE Group","description":"L\u2019objectif de cet ouvrage est d\u2019introduire et d\u2019\u00e9tudier les m\u00e9thodes num\u00e9riques de base et celles avanc\u00e9es pour pouvoir faire du calcul scientifique.","robots":{"index":"index","follow":"follow","max-snippet":"max-snippet:-1","max-image-preview":"max-image-preview:large","max-video-preview":"max-video-preview:-1"},"canonical":"https:\/\/www.istegroup.com\/fr\/produit\/methodes-numeriques-avancees-sous-matlab-2\/","og_locale":"en_US","og_type":"article","og_title":"M\u00e9thodes num\u00e9riques avanc\u00e9es sous Matlab\u00ae 2 - ISTE Group","og_description":"L\u2019objectif de cet ouvrage est d\u2019introduire et d\u2019\u00e9tudier les m\u00e9thodes num\u00e9riques de base et celles avanc\u00e9es pour pouvoir faire du calcul scientifique.","og_url":"https:\/\/www.istegroup.com\/fr\/produit\/methodes-numeriques-avancees-sous-matlab-2\/","og_site_name":"ISTE Group","article_modified_time":"2024-01-03T13:42:39+00:00","og_image":[{"width":1637,"height":2560,"url":"https:\/\/www.istegroup.com\/wp-content\/uploads\/2018\/09\/Radi-2_Front-scaled.jpg","type":"image\/jpeg"}],"twitter_card":"summary_large_image","twitter_misc":{"Est. reading time":"1 minute"},"schema":{"@context":"https:\/\/schema.org","@graph":[{"@type":"WebPage","@id":"https:\/\/www.istegroup.com\/fr\/produit\/methodes-numeriques-avancees-sous-matlab-2\/","url":"https:\/\/www.istegroup.com\/fr\/produit\/methodes-numeriques-avancees-sous-matlab-2\/","name":"M\u00e9thodes num\u00e9riques avanc\u00e9es sous Matlab\u00ae 2 - ISTE Group","isPartOf":{"@id":"https:\/\/www.istegroup.com\/#website"},"primaryImageOfPage":{"@id":"https:\/\/www.istegroup.com\/fr\/produit\/methodes-numeriques-avancees-sous-matlab-2\/#primaryimage"},"image":{"@id":"https:\/\/www.istegroup.com\/fr\/produit\/methodes-numeriques-avancees-sous-matlab-2\/#primaryimage"},"thumbnailUrl":"https:\/\/www.istegroup.com\/wp-content\/uploads\/2018\/09\/Radi-2_Front-scaled.jpg","datePublished":"2018-09-12T10:44:17+00:00","dateModified":"2024-01-03T13:42:39+00:00","description":"L\u2019objectif de cet ouvrage est d\u2019introduire et d\u2019\u00e9tudier les m\u00e9thodes num\u00e9riques de base et celles avanc\u00e9es pour pouvoir faire du calcul scientifique.","breadcrumb":{"@id":"https:\/\/www.istegroup.com\/fr\/produit\/methodes-numeriques-avancees-sous-matlab-2\/#breadcrumb"},"inLanguage":"en-US","potentialAction":[{"@type":"ReadAction","target":["https:\/\/www.istegroup.com\/fr\/produit\/methodes-numeriques-avancees-sous-matlab-2\/"]}]},{"@type":"ImageObject","inLanguage":"en-US","@id":"https:\/\/www.istegroup.com\/fr\/produit\/methodes-numeriques-avancees-sous-matlab-2\/#primaryimage","url":"https:\/\/www.istegroup.com\/wp-content\/uploads\/2018\/09\/Radi-2_Front-scaled.jpg","contentUrl":"https:\/\/www.istegroup.com\/wp-content\/uploads\/2018\/09\/Radi-2_Front-scaled.jpg","width":1637,"height":2560,"caption":"R\u00e9solution des \u00e9quations non lin\u00e9aires, diff\u00e9rentielles et aux d\u00e9riv\u00e9es partielles"},{"@type":"BreadcrumbList","@id":"https:\/\/www.istegroup.com\/fr\/produit\/methodes-numeriques-avancees-sous-matlab-2\/#breadcrumb","itemListElement":[{"@type":"ListItem","position":1,"name":"Home","item":"https:\/\/www.istegroup.com\/"},{"@type":"ListItem","position":2,"name":"Shop","item":"https:\/\/www.istegroup.com\/fr\/nouveautes\/"},{"@type":"ListItem","position":3,"name":"M\u00e9thodes num\u00e9riques avanc\u00e9es sous Matlab\u00ae 2"}]},{"@type":"WebSite","@id":"https:\/\/www.istegroup.com\/#website","url":"https:\/\/www.istegroup.com\/","name":"ISTE Group","description":"Publishing Knowledge","potentialAction":[{"@type":"SearchAction","target":{"@type":"EntryPoint","urlTemplate":"https:\/\/www.istegroup.com\/?s={search_term_string}"},"query-input":{"@type":"PropertyValueSpecification","valueRequired":true,"valueName":"search_term_string"}}],"inLanguage":"en-US"}]}},"_links":{"self":[{"href":"https:\/\/www.istegroup.com\/en\/wp-json\/wp\/v2\/product\/14499","targetHints":{"allow":["GET"]}}],"collection":[{"href":"https:\/\/www.istegroup.com\/en\/wp-json\/wp\/v2\/product"}],"about":[{"href":"https:\/\/www.istegroup.com\/en\/wp-json\/wp\/v2\/types\/product"}],"wp:featuredmedia":[{"embeddable":true,"href":"https:\/\/www.istegroup.com\/en\/wp-json\/wp\/v2\/media\/14503"}],"wp:attachment":[{"href":"https:\/\/www.istegroup.com\/en\/wp-json\/wp\/v2\/media?parent=14499"}],"wp:term":[{"taxonomy":"product_brand","embeddable":true,"href":"https:\/\/www.istegroup.com\/en\/wp-json\/wp\/v2\/product_brand?post=14499"},{"taxonomy":"product_cat","embeddable":true,"href":"https:\/\/www.istegroup.com\/en\/wp-json\/wp\/v2\/product_cat?post=14499"},{"taxonomy":"product_tag","embeddable":true,"href":"https:\/\/www.istegroup.com\/en\/wp-json\/wp\/v2\/product_tag?post=14499"}],"curies":[{"name":"wp","href":"https:\/\/api.w.org\/{rel}","templated":true}]}}