{"id":14487,"date":"2018-09-12T12:32:00","date_gmt":"2018-09-12T10:32:00","guid":{"rendered":"https:\/\/iste.yhello.co\/?post_type=product&#038;p=14487"},"modified":"2024-01-03T13:42:38","modified_gmt":"2024-01-03T13:42:38","slug":"les-ressources-genetiques-marines-rd-et-droit-1","status":"publish","type":"product","link":"https:\/\/www.istegroup.com\/en\/produit\/les-ressources-genetiques-marines-rd-et-droit-1\/","title":{"rendered":"Les ressources g\u00e9n\u00e9tiques marines, R&amp;D et droit 1"},"content":{"rendered":"<p>Les progr\u00e8s de la R&amp;D en sciences du vivant ont permis de r\u00e9v\u00e9ler la richesse et la fragilit\u00e9 du vivant et l\u2019utilit\u00e9 des ressources g\u00e9n\u00e9tiques marines.<\/p>\n<p>Cet ouvrage \u00e9tudie ces ressources en tant qu\u2019objets d\u2019usage actuel de nature complexe auxquels aucun r\u00e9gime sp\u00e9cifique ne s\u2019applique. En amont de la cha\u00eene de R&amp;D, les conventions fixent des cadres inadapt\u00e9s ou incomplets. En aval de la cha\u00eene de R&amp;D, les brevets d\u2019invention permettent \u00e0 leurs titulaires d\u2019exercer un monopole d\u2019exploitation sur pl\u00e9thore de cr\u00e9ations biotechnologiques aux revendications extensives, questionnant la nature commune de la biodiversit\u00e9 et des connaissances associ\u00e9es.<\/p>\n<p><em>Les ressources g\u00e9n\u00e9tiques marines, R&amp;D et droit 1<\/em>\u00a0plonge le lecteur dans un univers juridique en construction et apporte des r\u00e9ponses sur la nature du vivant, la bioprospection marine, les communs, mais aussi et surtout, sur la protection de l\u2019extraordinaire biodiversit\u00e9 marine.<\/p>\n","protected":false},"excerpt":{"rendered":"<p>Les progr\u00e8s de la R&amp;D en sciences du vivant ont permis de r\u00e9v\u00e9ler la richesse et la fragilit\u00e9 du vivant et l\u2019utilit\u00e9 des ressources g\u00e9n\u00e9tiques marines. Cet ouvrage \u00e9tudie ces ressources en tant qu\u2019objets d\u2019usage actuel de nature complexe auxquels aucun r\u00e9gime sp\u00e9cifique ne s\u2019applique. En amont de la cha\u00eene de R&amp;D, les conventions fixent [&hellip;]<\/p>\n","protected":false},"featured_media":14493,"template":"","meta":{"_acf_changed":false,"_links_to":"","_links_to_target":""},"product_brand":[],"product_cat":[3262],"product_tag":[],"class_list":{"0":"post-14487","1":"product","2":"type-product","3":"status-publish","4":"has-post-thumbnail","6":"product_cat-non-classe","8":"first","9":"instock","10":"shipping-taxable","11":"purchasable","12":"product-type-variable"},"acf":[],"yoast_head":"<!-- This site is optimized with the Yoast SEO plugin v27.2 - https:\/\/yoast.com\/product\/yoast-seo-wordpress\/ -->\n<title>Les ressources g\u00e9n\u00e9tiques marines, R&amp;D et droit 1 - ISTE Group<\/title>\n<meta name=\"description\" content=\"Les ressources g\u00e9n\u00e9tiques marines, R&amp;D et droit 1\u00a0plonge le lecteur dans un univers juridique en construction et apporte des r\u00e9ponses sur la nature du vivant, la bioprospection marine, les communs, mais aussi et surtout, sur la protection de l\u2019extraordinaire biodiversit\u00e9 marine.\" \/>\n<meta name=\"robots\" content=\"index, follow, max-snippet:-1, max-image-preview:large, max-video-preview:-1\" \/>\n<link rel=\"canonical\" href=\"https:\/\/www.istegroup.com\/fr\/produit\/les-ressources-genetiques-marines-rd-et-droit-1\/\" \/>\n<meta property=\"og:locale\" content=\"en_US\" \/>\n<meta property=\"og:type\" content=\"article\" \/>\n<meta property=\"og:title\" content=\"Les ressources g\u00e9n\u00e9tiques marines, R&amp;D et droit 1 - ISTE Group\" \/>\n<meta property=\"og:description\" content=\"Les ressources g\u00e9n\u00e9tiques marines, R&amp;D et droit 1\u00a0plonge le lecteur dans un univers juridique en construction et apporte des r\u00e9ponses sur la nature du vivant, la bioprospection marine, les communs, mais aussi et surtout, sur la protection de l\u2019extraordinaire biodiversit\u00e9 marine.\" \/>\n<meta property=\"og:url\" content=\"https:\/\/www.istegroup.com\/fr\/produit\/les-ressources-genetiques-marines-rd-et-droit-1\/\" \/>\n<meta property=\"og:site_name\" content=\"ISTE Group\" \/>\n<meta property=\"article:modified_time\" content=\"2024-01-03T13:42:38+00:00\" \/>\n<meta property=\"og:image\" content=\"https:\/\/www.istegroup.com\/wp-content\/uploads\/2018\/09\/Guilloux-1_Front-scaled.jpg\" \/>\n\t<meta property=\"og:image:width\" content=\"1709\" \/>\n\t<meta property=\"og:image:height\" content=\"2560\" \/>\n\t<meta property=\"og:image:type\" content=\"image\/jpeg\" \/>\n<meta name=\"twitter:card\" content=\"summary_large_image\" \/>\n<meta name=\"twitter:label1\" content=\"Est. reading time\" \/>\n\t<meta name=\"twitter:data1\" content=\"1 minute\" \/>\n<script type=\"application\/ld+json\" class=\"yoast-schema-graph\">{\"@context\":\"https:\/\/schema.org\",\"@graph\":[{\"@type\":\"WebPage\",\"@id\":\"https:\/\/www.istegroup.com\/fr\/produit\/les-ressources-genetiques-marines-rd-et-droit-1\/\",\"url\":\"https:\/\/www.istegroup.com\/fr\/produit\/les-ressources-genetiques-marines-rd-et-droit-1\/\",\"name\":\"Les ressources g\u00e9n\u00e9tiques marines, R&amp;D et droit 1 - ISTE Group\",\"isPartOf\":{\"@id\":\"https:\/\/www.istegroup.com\/#website\"},\"primaryImageOfPage\":{\"@id\":\"https:\/\/www.istegroup.com\/fr\/produit\/les-ressources-genetiques-marines-rd-et-droit-1\/#primaryimage\"},\"image\":{\"@id\":\"https:\/\/www.istegroup.com\/fr\/produit\/les-ressources-genetiques-marines-rd-et-droit-1\/#primaryimage\"},\"thumbnailUrl\":\"https:\/\/www.istegroup.com\/wp-content\/uploads\/2018\/09\/Guilloux-1_Front-scaled.jpg\",\"datePublished\":\"2018-09-12T10:32:00+00:00\",\"dateModified\":\"2024-01-03T13:42:38+00:00\",\"description\":\"Les ressources g\u00e9n\u00e9tiques marines, R&amp;D et droit 1\u00a0plonge le lecteur dans un univers juridique en construction et apporte des r\u00e9ponses sur la nature du vivant, la bioprospection marine, les communs, mais aussi et surtout, sur la protection de l\u2019extraordinaire biodiversit\u00e9 marine.\",\"breadcrumb\":{\"@id\":\"https:\/\/www.istegroup.com\/fr\/produit\/les-ressources-genetiques-marines-rd-et-droit-1\/#breadcrumb\"},\"inLanguage\":\"en-US\",\"potentialAction\":[{\"@type\":\"ReadAction\",\"target\":[\"https:\/\/www.istegroup.com\/fr\/produit\/les-ressources-genetiques-marines-rd-et-droit-1\/\"]}]},{\"@type\":\"ImageObject\",\"inLanguage\":\"en-US\",\"@id\":\"https:\/\/www.istegroup.com\/fr\/produit\/les-ressources-genetiques-marines-rd-et-droit-1\/#primaryimage\",\"url\":\"https:\/\/www.istegroup.com\/wp-content\/uploads\/2018\/09\/Guilloux-1_Front-scaled.jpg\",\"contentUrl\":\"https:\/\/www.istegroup.com\/wp-content\/uploads\/2018\/09\/Guilloux-1_Front-scaled.jpg\",\"width\":1709,\"height\":2560,\"caption\":\"Des objets complexes d\u2019usage\"},{\"@type\":\"BreadcrumbList\",\"@id\":\"https:\/\/www.istegroup.com\/fr\/produit\/les-ressources-genetiques-marines-rd-et-droit-1\/#breadcrumb\",\"itemListElement\":[{\"@type\":\"ListItem\",\"position\":1,\"name\":\"Home\",\"item\":\"https:\/\/www.istegroup.com\/\"},{\"@type\":\"ListItem\",\"position\":2,\"name\":\"Shop\",\"item\":\"https:\/\/www.istegroup.com\/fr\/nouveautes\/\"},{\"@type\":\"ListItem\",\"position\":3,\"name\":\"Les ressources g\u00e9n\u00e9tiques marines, R&amp;D et droit 1\"}]},{\"@type\":\"WebSite\",\"@id\":\"https:\/\/www.istegroup.com\/#website\",\"url\":\"https:\/\/www.istegroup.com\/\",\"name\":\"ISTE Group\",\"description\":\"Publishing Knowledge\",\"potentialAction\":[{\"@type\":\"SearchAction\",\"target\":{\"@type\":\"EntryPoint\",\"urlTemplate\":\"https:\/\/www.istegroup.com\/?s={search_term_string}\"},\"query-input\":{\"@type\":\"PropertyValueSpecification\",\"valueRequired\":true,\"valueName\":\"search_term_string\"}}],\"inLanguage\":\"en-US\"}]}<\/script>\n<!-- \/ Yoast SEO plugin. -->","yoast_head_json":{"title":"Les ressources g\u00e9n\u00e9tiques marines, R&amp;D et droit 1 - ISTE Group","description":"Les ressources g\u00e9n\u00e9tiques marines, R&amp;D et droit 1\u00a0plonge le lecteur dans un univers juridique en construction et apporte des r\u00e9ponses sur la nature du vivant, la bioprospection marine, les communs, mais aussi et surtout, sur la protection de l\u2019extraordinaire biodiversit\u00e9 marine.","robots":{"index":"index","follow":"follow","max-snippet":"max-snippet:-1","max-image-preview":"max-image-preview:large","max-video-preview":"max-video-preview:-1"},"canonical":"https:\/\/www.istegroup.com\/fr\/produit\/les-ressources-genetiques-marines-rd-et-droit-1\/","og_locale":"en_US","og_type":"article","og_title":"Les ressources g\u00e9n\u00e9tiques marines, R&amp;D et droit 1 - ISTE Group","og_description":"Les ressources g\u00e9n\u00e9tiques marines, R&amp;D et droit 1\u00a0plonge le lecteur dans un univers juridique en construction et apporte des r\u00e9ponses sur la nature du vivant, la bioprospection marine, les communs, mais aussi et surtout, sur la protection de l\u2019extraordinaire biodiversit\u00e9 marine.","og_url":"https:\/\/www.istegroup.com\/fr\/produit\/les-ressources-genetiques-marines-rd-et-droit-1\/","og_site_name":"ISTE Group","article_modified_time":"2024-01-03T13:42:38+00:00","og_image":[{"width":1709,"height":2560,"url":"https:\/\/www.istegroup.com\/wp-content\/uploads\/2018\/09\/Guilloux-1_Front-scaled.jpg","type":"image\/jpeg"}],"twitter_card":"summary_large_image","twitter_misc":{"Est. reading time":"1 minute"},"schema":{"@context":"https:\/\/schema.org","@graph":[{"@type":"WebPage","@id":"https:\/\/www.istegroup.com\/fr\/produit\/les-ressources-genetiques-marines-rd-et-droit-1\/","url":"https:\/\/www.istegroup.com\/fr\/produit\/les-ressources-genetiques-marines-rd-et-droit-1\/","name":"Les ressources g\u00e9n\u00e9tiques marines, R&amp;D et droit 1 - ISTE Group","isPartOf":{"@id":"https:\/\/www.istegroup.com\/#website"},"primaryImageOfPage":{"@id":"https:\/\/www.istegroup.com\/fr\/produit\/les-ressources-genetiques-marines-rd-et-droit-1\/#primaryimage"},"image":{"@id":"https:\/\/www.istegroup.com\/fr\/produit\/les-ressources-genetiques-marines-rd-et-droit-1\/#primaryimage"},"thumbnailUrl":"https:\/\/www.istegroup.com\/wp-content\/uploads\/2018\/09\/Guilloux-1_Front-scaled.jpg","datePublished":"2018-09-12T10:32:00+00:00","dateModified":"2024-01-03T13:42:38+00:00","description":"Les ressources g\u00e9n\u00e9tiques marines, R&amp;D et droit 1\u00a0plonge le lecteur dans un univers juridique en construction et apporte des r\u00e9ponses sur la nature du vivant, la bioprospection marine, les communs, mais aussi et surtout, sur la protection de l\u2019extraordinaire biodiversit\u00e9 marine.","breadcrumb":{"@id":"https:\/\/www.istegroup.com\/fr\/produit\/les-ressources-genetiques-marines-rd-et-droit-1\/#breadcrumb"},"inLanguage":"en-US","potentialAction":[{"@type":"ReadAction","target":["https:\/\/www.istegroup.com\/fr\/produit\/les-ressources-genetiques-marines-rd-et-droit-1\/"]}]},{"@type":"ImageObject","inLanguage":"en-US","@id":"https:\/\/www.istegroup.com\/fr\/produit\/les-ressources-genetiques-marines-rd-et-droit-1\/#primaryimage","url":"https:\/\/www.istegroup.com\/wp-content\/uploads\/2018\/09\/Guilloux-1_Front-scaled.jpg","contentUrl":"https:\/\/www.istegroup.com\/wp-content\/uploads\/2018\/09\/Guilloux-1_Front-scaled.jpg","width":1709,"height":2560,"caption":"Des objets complexes d\u2019usage"},{"@type":"BreadcrumbList","@id":"https:\/\/www.istegroup.com\/fr\/produit\/les-ressources-genetiques-marines-rd-et-droit-1\/#breadcrumb","itemListElement":[{"@type":"ListItem","position":1,"name":"Home","item":"https:\/\/www.istegroup.com\/"},{"@type":"ListItem","position":2,"name":"Shop","item":"https:\/\/www.istegroup.com\/fr\/nouveautes\/"},{"@type":"ListItem","position":3,"name":"Les ressources g\u00e9n\u00e9tiques marines, R&amp;D et droit 1"}]},{"@type":"WebSite","@id":"https:\/\/www.istegroup.com\/#website","url":"https:\/\/www.istegroup.com\/","name":"ISTE Group","description":"Publishing Knowledge","potentialAction":[{"@type":"SearchAction","target":{"@type":"EntryPoint","urlTemplate":"https:\/\/www.istegroup.com\/?s={search_term_string}"},"query-input":{"@type":"PropertyValueSpecification","valueRequired":true,"valueName":"search_term_string"}}],"inLanguage":"en-US"}]}},"_links":{"self":[{"href":"https:\/\/www.istegroup.com\/en\/wp-json\/wp\/v2\/product\/14487","targetHints":{"allow":["GET"]}}],"collection":[{"href":"https:\/\/www.istegroup.com\/en\/wp-json\/wp\/v2\/product"}],"about":[{"href":"https:\/\/www.istegroup.com\/en\/wp-json\/wp\/v2\/types\/product"}],"wp:featuredmedia":[{"embeddable":true,"href":"https:\/\/www.istegroup.com\/en\/wp-json\/wp\/v2\/media\/14493"}],"wp:attachment":[{"href":"https:\/\/www.istegroup.com\/en\/wp-json\/wp\/v2\/media?parent=14487"}],"wp:term":[{"taxonomy":"product_brand","embeddable":true,"href":"https:\/\/www.istegroup.com\/en\/wp-json\/wp\/v2\/product_brand?post=14487"},{"taxonomy":"product_cat","embeddable":true,"href":"https:\/\/www.istegroup.com\/en\/wp-json\/wp\/v2\/product_cat?post=14487"},{"taxonomy":"product_tag","embeddable":true,"href":"https:\/\/www.istegroup.com\/en\/wp-json\/wp\/v2\/product_tag?post=14487"}],"curies":[{"name":"wp","href":"https:\/\/api.w.org\/{rel}","templated":true}]}}