{"id":14469,"date":"2018-09-12T11:35:56","date_gmt":"2018-09-12T09:35:56","guid":{"rendered":"https:\/\/iste.yhello.co\/?post_type=product&#038;p=14469"},"modified":"2024-01-03T13:42:38","modified_gmt":"2024-01-03T13:42:38","slug":"alteration-des-ovoproduits","status":"publish","type":"product","link":"https:\/\/www.istegroup.com\/en\/produit\/alteration-des-ovoproduits\/","title":{"rendered":"Alt\u00e9ration des ovoproduits"},"content":{"rendered":"<p>Cet ouvrage se focalise sur les capacit\u00e9s (av\u00e9r\u00e9es ou potentielles) des derni\u00e8res techniques issues de la m\u00e9tabolomique pour le diagnostic pr\u00e9coce de l\u2019alt\u00e9ration des ovoproduits durant leurs proc\u00e9d\u00e9s de production et de pr\u00e9servation.<\/p>\n<p>Sont pr\u00e9sent\u00e9s dans un premier temps la matrice ovoproduit, les sources connues d\u2019alt\u00e9ration biotiques et abiotiques et les bio-marqueurs associ\u00e9s. Les capacit\u00e9s (exploratoire et de caract\u00e9risation) des derni\u00e8res techniques issues de la m\u00e9tabolomique, \u00e0 la fois invasives et non-invasives, sont ensuite explor\u00e9es : la chromatographie coupl\u00e9e ou non \u00e0 la spectrom\u00e9trie de masse ou \u00e0 la r\u00e9sonance magn\u00e9tique nucl\u00e9aire (RMN), la spectrom\u00e9trie de masse, la spectroscopie vibrationnelle telle que le FTIR, le NIR ou le Raman.<\/p>\n<p><em>Alt\u00e9ration des ovoproduits<\/em>\u00a0propose une discussion sur le potentiel d\u2019utilisation en industrie des prochaines g\u00e9n\u00e9rations de sondes d\u00e9riv\u00e9es de ces techniques (les syst\u00e8mes Nessi) et traite \u00e9galement des syst\u00e8mes de paillasse d\u00e9riv\u00e9s de ces techniques (NIR, Raman, chromatographie, spectrom\u00e9trie de masse et RMN).<\/p>\n","protected":false},"excerpt":{"rendered":"<p>Cet ouvrage se focalise sur les capacit\u00e9s (av\u00e9r\u00e9es ou potentielles) des derni\u00e8res techniques issues de la m\u00e9tabolomique pour le diagnostic pr\u00e9coce de l\u2019alt\u00e9ration des ovoproduits durant leurs proc\u00e9d\u00e9s de production et de pr\u00e9servation. Sont pr\u00e9sent\u00e9s dans un premier temps la matrice ovoproduit, les sources connues d\u2019alt\u00e9ration biotiques et abiotiques et les bio-marqueurs associ\u00e9s. Les capacit\u00e9s [&hellip;]<\/p>\n","protected":false},"featured_media":14481,"template":"","meta":{"_acf_changed":false,"_links_to":"","_links_to_target":""},"product_brand":[],"product_cat":[3262],"product_tag":[],"class_list":{"0":"post-14469","1":"product","2":"type-product","3":"status-publish","4":"has-post-thumbnail","6":"product_cat-non-classe","8":"first","9":"instock","10":"shipping-taxable","11":"purchasable","12":"product-type-variable"},"acf":[],"yoast_head":"<!-- This site is optimized with the Yoast SEO plugin v27.2 - https:\/\/yoast.com\/product\/yoast-seo-wordpress\/ -->\n<title>Alt\u00e9ration des ovoproduits - ISTE Group<\/title>\n<meta name=\"description\" content=\"Cet ouvrage se focalise sur les capacit\u00e9s des derni\u00e8res techniques issues de la m\u00e9tabolomique pour le diagnostic pr\u00e9coce de l\u2019alt\u00e9ration des ovoproduits durant leurs proc\u00e9d\u00e9s de production et de pr\u00e9servation.\" \/>\n<meta name=\"robots\" content=\"index, follow, max-snippet:-1, max-image-preview:large, max-video-preview:-1\" \/>\n<link rel=\"canonical\" href=\"https:\/\/www.istegroup.com\/fr\/produit\/alteration-des-ovoproduits\/\" \/>\n<meta property=\"og:locale\" content=\"en_US\" \/>\n<meta property=\"og:type\" content=\"article\" \/>\n<meta property=\"og:title\" content=\"Alt\u00e9ration des ovoproduits - ISTE Group\" \/>\n<meta property=\"og:description\" content=\"Cet ouvrage se focalise sur les capacit\u00e9s des derni\u00e8res techniques issues de la m\u00e9tabolomique pour le diagnostic pr\u00e9coce de l\u2019alt\u00e9ration des ovoproduits durant leurs proc\u00e9d\u00e9s de production et de pr\u00e9servation.\" \/>\n<meta property=\"og:url\" content=\"https:\/\/www.istegroup.com\/fr\/produit\/alteration-des-ovoproduits\/\" \/>\n<meta property=\"og:site_name\" content=\"ISTE Group\" \/>\n<meta property=\"article:modified_time\" content=\"2024-01-03T13:42:38+00:00\" \/>\n<meta property=\"og:image\" content=\"https:\/\/www.istegroup.com\/wp-content\/uploads\/2018\/09\/Goncalves_Front-scaled.jpg\" \/>\n\t<meta property=\"og:image:width\" content=\"1664\" \/>\n\t<meta property=\"og:image:height\" content=\"2560\" \/>\n\t<meta property=\"og:image:type\" content=\"image\/jpeg\" \/>\n<meta name=\"twitter:card\" content=\"summary_large_image\" \/>\n<meta name=\"twitter:label1\" content=\"Est. reading time\" \/>\n\t<meta name=\"twitter:data1\" content=\"1 minute\" \/>\n<script type=\"application\/ld+json\" class=\"yoast-schema-graph\">{\"@context\":\"https:\/\/schema.org\",\"@graph\":[{\"@type\":\"WebPage\",\"@id\":\"https:\/\/www.istegroup.com\/fr\/produit\/alteration-des-ovoproduits\/\",\"url\":\"https:\/\/www.istegroup.com\/fr\/produit\/alteration-des-ovoproduits\/\",\"name\":\"Alt\u00e9ration des ovoproduits - ISTE Group\",\"isPartOf\":{\"@id\":\"https:\/\/www.istegroup.com\/#website\"},\"primaryImageOfPage\":{\"@id\":\"https:\/\/www.istegroup.com\/fr\/produit\/alteration-des-ovoproduits\/#primaryimage\"},\"image\":{\"@id\":\"https:\/\/www.istegroup.com\/fr\/produit\/alteration-des-ovoproduits\/#primaryimage\"},\"thumbnailUrl\":\"https:\/\/www.istegroup.com\/wp-content\/uploads\/2018\/09\/Goncalves_Front-scaled.jpg\",\"datePublished\":\"2018-09-12T09:35:56+00:00\",\"dateModified\":\"2024-01-03T13:42:38+00:00\",\"description\":\"Cet ouvrage se focalise sur les capacit\u00e9s des derni\u00e8res techniques issues de la m\u00e9tabolomique pour le diagnostic pr\u00e9coce de l\u2019alt\u00e9ration des ovoproduits durant leurs proc\u00e9d\u00e9s de production et de pr\u00e9servation.\",\"breadcrumb\":{\"@id\":\"https:\/\/www.istegroup.com\/fr\/produit\/alteration-des-ovoproduits\/#breadcrumb\"},\"inLanguage\":\"en-US\",\"potentialAction\":[{\"@type\":\"ReadAction\",\"target\":[\"https:\/\/www.istegroup.com\/fr\/produit\/alteration-des-ovoproduits\/\"]}]},{\"@type\":\"ImageObject\",\"inLanguage\":\"en-US\",\"@id\":\"https:\/\/www.istegroup.com\/fr\/produit\/alteration-des-ovoproduits\/#primaryimage\",\"url\":\"https:\/\/www.istegroup.com\/wp-content\/uploads\/2018\/09\/Goncalves_Front-scaled.jpg\",\"contentUrl\":\"https:\/\/www.istegroup.com\/wp-content\/uploads\/2018\/09\/Goncalves_Front-scaled.jpg\",\"width\":1664,\"height\":2560,\"caption\":\"De la m\u00e9tabolomique au contr\u00f4le en ligne\"},{\"@type\":\"BreadcrumbList\",\"@id\":\"https:\/\/www.istegroup.com\/fr\/produit\/alteration-des-ovoproduits\/#breadcrumb\",\"itemListElement\":[{\"@type\":\"ListItem\",\"position\":1,\"name\":\"Home\",\"item\":\"https:\/\/www.istegroup.com\/\"},{\"@type\":\"ListItem\",\"position\":2,\"name\":\"Shop\",\"item\":\"https:\/\/www.istegroup.com\/fr\/nouveautes\/\"},{\"@type\":\"ListItem\",\"position\":3,\"name\":\"Alt\u00e9ration des ovoproduits\"}]},{\"@type\":\"WebSite\",\"@id\":\"https:\/\/www.istegroup.com\/#website\",\"url\":\"https:\/\/www.istegroup.com\/\",\"name\":\"ISTE Group\",\"description\":\"Publishing Knowledge\",\"potentialAction\":[{\"@type\":\"SearchAction\",\"target\":{\"@type\":\"EntryPoint\",\"urlTemplate\":\"https:\/\/www.istegroup.com\/?s={search_term_string}\"},\"query-input\":{\"@type\":\"PropertyValueSpecification\",\"valueRequired\":true,\"valueName\":\"search_term_string\"}}],\"inLanguage\":\"en-US\"}]}<\/script>\n<!-- \/ Yoast SEO plugin. -->","yoast_head_json":{"title":"Alt\u00e9ration des ovoproduits - ISTE Group","description":"Cet ouvrage se focalise sur les capacit\u00e9s des derni\u00e8res techniques issues de la m\u00e9tabolomique pour le diagnostic pr\u00e9coce de l\u2019alt\u00e9ration des ovoproduits durant leurs proc\u00e9d\u00e9s de production et de pr\u00e9servation.","robots":{"index":"index","follow":"follow","max-snippet":"max-snippet:-1","max-image-preview":"max-image-preview:large","max-video-preview":"max-video-preview:-1"},"canonical":"https:\/\/www.istegroup.com\/fr\/produit\/alteration-des-ovoproduits\/","og_locale":"en_US","og_type":"article","og_title":"Alt\u00e9ration des ovoproduits - ISTE Group","og_description":"Cet ouvrage se focalise sur les capacit\u00e9s des derni\u00e8res techniques issues de la m\u00e9tabolomique pour le diagnostic pr\u00e9coce de l\u2019alt\u00e9ration des ovoproduits durant leurs proc\u00e9d\u00e9s de production et de pr\u00e9servation.","og_url":"https:\/\/www.istegroup.com\/fr\/produit\/alteration-des-ovoproduits\/","og_site_name":"ISTE Group","article_modified_time":"2024-01-03T13:42:38+00:00","og_image":[{"width":1664,"height":2560,"url":"https:\/\/www.istegroup.com\/wp-content\/uploads\/2018\/09\/Goncalves_Front-scaled.jpg","type":"image\/jpeg"}],"twitter_card":"summary_large_image","twitter_misc":{"Est. reading time":"1 minute"},"schema":{"@context":"https:\/\/schema.org","@graph":[{"@type":"WebPage","@id":"https:\/\/www.istegroup.com\/fr\/produit\/alteration-des-ovoproduits\/","url":"https:\/\/www.istegroup.com\/fr\/produit\/alteration-des-ovoproduits\/","name":"Alt\u00e9ration des ovoproduits - ISTE Group","isPartOf":{"@id":"https:\/\/www.istegroup.com\/#website"},"primaryImageOfPage":{"@id":"https:\/\/www.istegroup.com\/fr\/produit\/alteration-des-ovoproduits\/#primaryimage"},"image":{"@id":"https:\/\/www.istegroup.com\/fr\/produit\/alteration-des-ovoproduits\/#primaryimage"},"thumbnailUrl":"https:\/\/www.istegroup.com\/wp-content\/uploads\/2018\/09\/Goncalves_Front-scaled.jpg","datePublished":"2018-09-12T09:35:56+00:00","dateModified":"2024-01-03T13:42:38+00:00","description":"Cet ouvrage se focalise sur les capacit\u00e9s des derni\u00e8res techniques issues de la m\u00e9tabolomique pour le diagnostic pr\u00e9coce de l\u2019alt\u00e9ration des ovoproduits durant leurs proc\u00e9d\u00e9s de production et de pr\u00e9servation.","breadcrumb":{"@id":"https:\/\/www.istegroup.com\/fr\/produit\/alteration-des-ovoproduits\/#breadcrumb"},"inLanguage":"en-US","potentialAction":[{"@type":"ReadAction","target":["https:\/\/www.istegroup.com\/fr\/produit\/alteration-des-ovoproduits\/"]}]},{"@type":"ImageObject","inLanguage":"en-US","@id":"https:\/\/www.istegroup.com\/fr\/produit\/alteration-des-ovoproduits\/#primaryimage","url":"https:\/\/www.istegroup.com\/wp-content\/uploads\/2018\/09\/Goncalves_Front-scaled.jpg","contentUrl":"https:\/\/www.istegroup.com\/wp-content\/uploads\/2018\/09\/Goncalves_Front-scaled.jpg","width":1664,"height":2560,"caption":"De la m\u00e9tabolomique au contr\u00f4le en ligne"},{"@type":"BreadcrumbList","@id":"https:\/\/www.istegroup.com\/fr\/produit\/alteration-des-ovoproduits\/#breadcrumb","itemListElement":[{"@type":"ListItem","position":1,"name":"Home","item":"https:\/\/www.istegroup.com\/"},{"@type":"ListItem","position":2,"name":"Shop","item":"https:\/\/www.istegroup.com\/fr\/nouveautes\/"},{"@type":"ListItem","position":3,"name":"Alt\u00e9ration des ovoproduits"}]},{"@type":"WebSite","@id":"https:\/\/www.istegroup.com\/#website","url":"https:\/\/www.istegroup.com\/","name":"ISTE Group","description":"Publishing Knowledge","potentialAction":[{"@type":"SearchAction","target":{"@type":"EntryPoint","urlTemplate":"https:\/\/www.istegroup.com\/?s={search_term_string}"},"query-input":{"@type":"PropertyValueSpecification","valueRequired":true,"valueName":"search_term_string"}}],"inLanguage":"en-US"}]}},"_links":{"self":[{"href":"https:\/\/www.istegroup.com\/en\/wp-json\/wp\/v2\/product\/14469","targetHints":{"allow":["GET"]}}],"collection":[{"href":"https:\/\/www.istegroup.com\/en\/wp-json\/wp\/v2\/product"}],"about":[{"href":"https:\/\/www.istegroup.com\/en\/wp-json\/wp\/v2\/types\/product"}],"wp:featuredmedia":[{"embeddable":true,"href":"https:\/\/www.istegroup.com\/en\/wp-json\/wp\/v2\/media\/14481"}],"wp:attachment":[{"href":"https:\/\/www.istegroup.com\/en\/wp-json\/wp\/v2\/media?parent=14469"}],"wp:term":[{"taxonomy":"product_brand","embeddable":true,"href":"https:\/\/www.istegroup.com\/en\/wp-json\/wp\/v2\/product_brand?post=14469"},{"taxonomy":"product_cat","embeddable":true,"href":"https:\/\/www.istegroup.com\/en\/wp-json\/wp\/v2\/product_cat?post=14469"},{"taxonomy":"product_tag","embeddable":true,"href":"https:\/\/www.istegroup.com\/en\/wp-json\/wp\/v2\/product_tag?post=14469"}],"curies":[{"name":"wp","href":"https:\/\/api.w.org\/{rel}","templated":true}]}}