{"id":143,"date":"2017-07-28T10:34:25","date_gmt":"2017-07-28T08:34:25","guid":{"rendered":"https:\/\/iste.yhello.co\/product\/conception-dantennes-pour-dispositifs-nfc\/"},"modified":"2024-01-03T13:38:37","modified_gmt":"2024-01-03T13:38:37","slug":"conception-dantennes-pour-dispositifs-nfc","status":"publish","type":"product","link":"https:\/\/www.istegroup.com\/en\/produit\/conception-dantennes-pour-dispositifs-nfc\/","title":{"rendered":"Conception d\u2019antennes pour dispositifs NFC"},"content":{"rendered":"<p>La communication en champ proche (<em>near field communication,\u00a0<\/em>NFC) permet l&#8217;\u00e9change d\u2019informations entre des p\u00e9riph\u00e9riques proches.<\/p>\n<p>L\u2019antenne est l\u2019\u00e9l\u00e9ment indispensable pour transformer un dispositif \u00e9lectronique en syst\u00e8me NFC. Th\u00e9orique et pratique, cet ouvrage pr\u00e9sente en d\u00e9tail les technologies de conception des diff\u00e9rentes antennes. Elles doivent r\u00e9pondre aux normes NFC ISO 18 092 et 21 481 ainsi qu\u2019aux sp\u00e9cifications du NFC Forum pour les applications industrielles, de EMVCo pour les applications bancaires et paiements et du CEN pour les transports publics.<\/p>\n<p>Particuli\u00e8rement p\u00e9dagogique,\u00a0<em>Conception d\u2019antennes pour dispositifs NFC<\/em>\u00a0permet \u00e0 de nouveaux concepteurs de syst\u00e8mes d\u2019objets communicants et IoT (<em>Internet of Things<\/em>) d\u2019acc\u00e9der aux arcanes de la conception des antennes NFC.<\/p>\n","protected":false},"excerpt":{"rendered":"<p>La communication en champ proche (near field communication,\u00a0NFC) permet l&#8217;\u00e9change d\u2019informations entre des p\u00e9riph\u00e9riques proches. L\u2019antenne est l\u2019\u00e9l\u00e9ment indispensable pour transformer un dispositif \u00e9lectronique en syst\u00e8me NFC. Th\u00e9orique et pratique, cet ouvrage pr\u00e9sente en d\u00e9tail les technologies de conception des diff\u00e9rentes antennes. Elles doivent r\u00e9pondre aux normes NFC ISO 18 092 et 21 481 ainsi [&hellip;]<\/p>\n","protected":false},"featured_media":144,"template":"","meta":{"_acf_changed":false,"_links_to":"","_links_to_target":""},"product_brand":[],"product_cat":[677],"product_tag":[942,170,943,944,945,946,947,948,949,31,955,18,19,218,20,950,21,22,26,27,99,951,390,211,952,28,29,953,954],"class_list":{"0":"post-143","1":"product","2":"type-product","3":"status-publish","4":"has-post-thumbnail","6":"product_cat-ondes-12506522","7":"product_tag-antennes","8":"product_tag-communication","9":"product_tag-conception","10":"product_tag-conception-dantennes","11":"product_tag-conception-dantennes-pour-dispositifs-nfc","12":"product_tag-contraintes","13":"product_tag-design","14":"product_tag-dispositifs","15":"product_tag-dominique-paret","16":"product_tag-ebook","17":"product_tag-echange-dinformations","18":"product_tag-edition-scientifique","19":"product_tag-editions-francaise","20":"product_tag-editions-ouvrage","21":"product_tag-editions-technique","22":"product_tag-initiator","23":"product_tag-iste-group","24":"product_tag-istegroup","25":"product_tag-livre-scientifique-francais","26":"product_tag-livre-technique-francais","27":"product_tag-livres-numeriques","28":"product_tag-loading-effect","29":"product_tag-methodes","30":"product_tag-nfc","31":"product_tag-nfc-device","32":"product_tag-ouvrage-scientifique-francais","33":"product_tag-ouvrage-technique","34":"product_tag-tags","35":"product_tag-target","37":"first","38":"instock","39":"shipping-taxable","40":"purchasable","41":"product-type-variable"},"acf":[],"yoast_head":"<!-- This site is optimized with the Yoast SEO plugin v27.2 - https:\/\/yoast.com\/product\/yoast-seo-wordpress\/ -->\n<title>Conception d\u2019antennes pour dispositifs NFC - ISTE Group<\/title>\n<meta name=\"description\" content=\"L&#039;ouvrage permet \u00e0 de nouveaux concepteurs de syst\u00e8mes d\u2019objets communicants et IoT (Internet of Things) d\u2019acc\u00e9der aux arcanes de la conception des antennes NFC\" \/>\n<meta name=\"robots\" content=\"index, follow, max-snippet:-1, max-image-preview:large, max-video-preview:-1\" \/>\n<link rel=\"canonical\" href=\"https:\/\/www.istegroup.com\/fr\/produit\/conception-dantennes-pour-dispositifs-nfc\/\" \/>\n<meta property=\"og:locale\" content=\"en_US\" \/>\n<meta property=\"og:type\" content=\"article\" \/>\n<meta property=\"og:title\" content=\"Conception d\u2019antennes pour dispositifs NFC - ISTE Group\" \/>\n<meta property=\"og:description\" content=\"L&#039;ouvrage permet \u00e0 de nouveaux concepteurs de syst\u00e8mes d\u2019objets communicants et IoT (Internet of Things) d\u2019acc\u00e9der aux arcanes de la conception des antennes NFC\" \/>\n<meta property=\"og:url\" content=\"https:\/\/www.istegroup.com\/fr\/produit\/conception-dantennes-pour-dispositifs-nfc\/\" \/>\n<meta property=\"og:site_name\" content=\"ISTE Group\" \/>\n<meta property=\"article:modified_time\" content=\"2024-01-03T13:38:37+00:00\" \/>\n<meta property=\"og:image\" content=\"https:\/\/www.istegroup.com\/wp-content\/uploads\/2017\/07\/4483258884_1813452484-1.jpg\" \/>\n\t<meta property=\"og:image:width\" content=\"300\" \/>\n\t<meta property=\"og:image:height\" content=\"451\" \/>\n\t<meta property=\"og:image:type\" content=\"image\/jpeg\" \/>\n<meta name=\"twitter:card\" content=\"summary_large_image\" \/>\n<meta name=\"twitter:label1\" content=\"Est. reading time\" \/>\n\t<meta name=\"twitter:data1\" content=\"1 minute\" \/>\n<script type=\"application\/ld+json\" class=\"yoast-schema-graph\">{\"@context\":\"https:\/\/schema.org\",\"@graph\":[{\"@type\":\"WebPage\",\"@id\":\"https:\/\/www.istegroup.com\/fr\/produit\/conception-dantennes-pour-dispositifs-nfc\/\",\"url\":\"https:\/\/www.istegroup.com\/fr\/produit\/conception-dantennes-pour-dispositifs-nfc\/\",\"name\":\"Conception d\u2019antennes pour dispositifs NFC - ISTE Group\",\"isPartOf\":{\"@id\":\"https:\/\/www.istegroup.com\/#website\"},\"primaryImageOfPage\":{\"@id\":\"https:\/\/www.istegroup.com\/fr\/produit\/conception-dantennes-pour-dispositifs-nfc\/#primaryimage\"},\"image\":{\"@id\":\"https:\/\/www.istegroup.com\/fr\/produit\/conception-dantennes-pour-dispositifs-nfc\/#primaryimage\"},\"thumbnailUrl\":\"https:\/\/www.istegroup.com\/wp-content\/uploads\/2017\/07\/4483258884_1813452484-1.jpg\",\"datePublished\":\"2017-07-28T08:34:25+00:00\",\"dateModified\":\"2024-01-03T13:38:37+00:00\",\"description\":\"L'ouvrage permet \u00e0 de nouveaux concepteurs de syst\u00e8mes d\u2019objets communicants et IoT (Internet of Things) d\u2019acc\u00e9der aux arcanes de la conception des antennes NFC\",\"breadcrumb\":{\"@id\":\"https:\/\/www.istegroup.com\/fr\/produit\/conception-dantennes-pour-dispositifs-nfc\/#breadcrumb\"},\"inLanguage\":\"en-US\",\"potentialAction\":[{\"@type\":\"ReadAction\",\"target\":[\"https:\/\/www.istegroup.com\/fr\/produit\/conception-dantennes-pour-dispositifs-nfc\/\"]}]},{\"@type\":\"ImageObject\",\"inLanguage\":\"en-US\",\"@id\":\"https:\/\/www.istegroup.com\/fr\/produit\/conception-dantennes-pour-dispositifs-nfc\/#primaryimage\",\"url\":\"https:\/\/www.istegroup.com\/wp-content\/uploads\/2017\/07\/4483258884_1813452484-1.jpg\",\"contentUrl\":\"https:\/\/www.istegroup.com\/wp-content\/uploads\/2017\/07\/4483258884_1813452484-1.jpg\",\"width\":300,\"height\":451,\"caption\":\"Conception d\u2019antennes pour dispositifs NFC\"},{\"@type\":\"BreadcrumbList\",\"@id\":\"https:\/\/www.istegroup.com\/fr\/produit\/conception-dantennes-pour-dispositifs-nfc\/#breadcrumb\",\"itemListElement\":[{\"@type\":\"ListItem\",\"position\":1,\"name\":\"Home\",\"item\":\"https:\/\/www.istegroup.com\/\"},{\"@type\":\"ListItem\",\"position\":2,\"name\":\"Shop\",\"item\":\"https:\/\/www.istegroup.com\/fr\/nouveautes\/\"},{\"@type\":\"ListItem\",\"position\":3,\"name\":\"Conception d\u2019antennes pour dispositifs NFC\"}]},{\"@type\":\"WebSite\",\"@id\":\"https:\/\/www.istegroup.com\/#website\",\"url\":\"https:\/\/www.istegroup.com\/\",\"name\":\"ISTE Group\",\"description\":\"Publishing Knowledge\",\"potentialAction\":[{\"@type\":\"SearchAction\",\"target\":{\"@type\":\"EntryPoint\",\"urlTemplate\":\"https:\/\/www.istegroup.com\/?s={search_term_string}\"},\"query-input\":{\"@type\":\"PropertyValueSpecification\",\"valueRequired\":true,\"valueName\":\"search_term_string\"}}],\"inLanguage\":\"en-US\"}]}<\/script>\n<!-- \/ Yoast SEO plugin. -->","yoast_head_json":{"title":"Conception d\u2019antennes pour dispositifs NFC - ISTE Group","description":"L'ouvrage permet \u00e0 de nouveaux concepteurs de syst\u00e8mes d\u2019objets communicants et IoT (Internet of Things) d\u2019acc\u00e9der aux arcanes de la conception des antennes NFC","robots":{"index":"index","follow":"follow","max-snippet":"max-snippet:-1","max-image-preview":"max-image-preview:large","max-video-preview":"max-video-preview:-1"},"canonical":"https:\/\/www.istegroup.com\/fr\/produit\/conception-dantennes-pour-dispositifs-nfc\/","og_locale":"en_US","og_type":"article","og_title":"Conception d\u2019antennes pour dispositifs NFC - ISTE Group","og_description":"L'ouvrage permet \u00e0 de nouveaux concepteurs de syst\u00e8mes d\u2019objets communicants et IoT (Internet of Things) d\u2019acc\u00e9der aux arcanes de la conception des antennes NFC","og_url":"https:\/\/www.istegroup.com\/fr\/produit\/conception-dantennes-pour-dispositifs-nfc\/","og_site_name":"ISTE Group","article_modified_time":"2024-01-03T13:38:37+00:00","og_image":[{"width":300,"height":451,"url":"https:\/\/www.istegroup.com\/wp-content\/uploads\/2017\/07\/4483258884_1813452484-1.jpg","type":"image\/jpeg"}],"twitter_card":"summary_large_image","twitter_misc":{"Est. reading time":"1 minute"},"schema":{"@context":"https:\/\/schema.org","@graph":[{"@type":"WebPage","@id":"https:\/\/www.istegroup.com\/fr\/produit\/conception-dantennes-pour-dispositifs-nfc\/","url":"https:\/\/www.istegroup.com\/fr\/produit\/conception-dantennes-pour-dispositifs-nfc\/","name":"Conception d\u2019antennes pour dispositifs NFC - ISTE Group","isPartOf":{"@id":"https:\/\/www.istegroup.com\/#website"},"primaryImageOfPage":{"@id":"https:\/\/www.istegroup.com\/fr\/produit\/conception-dantennes-pour-dispositifs-nfc\/#primaryimage"},"image":{"@id":"https:\/\/www.istegroup.com\/fr\/produit\/conception-dantennes-pour-dispositifs-nfc\/#primaryimage"},"thumbnailUrl":"https:\/\/www.istegroup.com\/wp-content\/uploads\/2017\/07\/4483258884_1813452484-1.jpg","datePublished":"2017-07-28T08:34:25+00:00","dateModified":"2024-01-03T13:38:37+00:00","description":"L'ouvrage permet \u00e0 de nouveaux concepteurs de syst\u00e8mes d\u2019objets communicants et IoT (Internet of Things) d\u2019acc\u00e9der aux arcanes de la conception des antennes NFC","breadcrumb":{"@id":"https:\/\/www.istegroup.com\/fr\/produit\/conception-dantennes-pour-dispositifs-nfc\/#breadcrumb"},"inLanguage":"en-US","potentialAction":[{"@type":"ReadAction","target":["https:\/\/www.istegroup.com\/fr\/produit\/conception-dantennes-pour-dispositifs-nfc\/"]}]},{"@type":"ImageObject","inLanguage":"en-US","@id":"https:\/\/www.istegroup.com\/fr\/produit\/conception-dantennes-pour-dispositifs-nfc\/#primaryimage","url":"https:\/\/www.istegroup.com\/wp-content\/uploads\/2017\/07\/4483258884_1813452484-1.jpg","contentUrl":"https:\/\/www.istegroup.com\/wp-content\/uploads\/2017\/07\/4483258884_1813452484-1.jpg","width":300,"height":451,"caption":"Conception d\u2019antennes pour dispositifs NFC"},{"@type":"BreadcrumbList","@id":"https:\/\/www.istegroup.com\/fr\/produit\/conception-dantennes-pour-dispositifs-nfc\/#breadcrumb","itemListElement":[{"@type":"ListItem","position":1,"name":"Home","item":"https:\/\/www.istegroup.com\/"},{"@type":"ListItem","position":2,"name":"Shop","item":"https:\/\/www.istegroup.com\/fr\/nouveautes\/"},{"@type":"ListItem","position":3,"name":"Conception d\u2019antennes pour dispositifs NFC"}]},{"@type":"WebSite","@id":"https:\/\/www.istegroup.com\/#website","url":"https:\/\/www.istegroup.com\/","name":"ISTE Group","description":"Publishing Knowledge","potentialAction":[{"@type":"SearchAction","target":{"@type":"EntryPoint","urlTemplate":"https:\/\/www.istegroup.com\/?s={search_term_string}"},"query-input":{"@type":"PropertyValueSpecification","valueRequired":true,"valueName":"search_term_string"}}],"inLanguage":"en-US"}]}},"_links":{"self":[{"href":"https:\/\/www.istegroup.com\/en\/wp-json\/wp\/v2\/product\/143","targetHints":{"allow":["GET"]}}],"collection":[{"href":"https:\/\/www.istegroup.com\/en\/wp-json\/wp\/v2\/product"}],"about":[{"href":"https:\/\/www.istegroup.com\/en\/wp-json\/wp\/v2\/types\/product"}],"wp:featuredmedia":[{"embeddable":true,"href":"https:\/\/www.istegroup.com\/en\/wp-json\/wp\/v2\/media\/144"}],"wp:attachment":[{"href":"https:\/\/www.istegroup.com\/en\/wp-json\/wp\/v2\/media?parent=143"}],"wp:term":[{"taxonomy":"product_brand","embeddable":true,"href":"https:\/\/www.istegroup.com\/en\/wp-json\/wp\/v2\/product_brand?post=143"},{"taxonomy":"product_cat","embeddable":true,"href":"https:\/\/www.istegroup.com\/en\/wp-json\/wp\/v2\/product_cat?post=143"},{"taxonomy":"product_tag","embeddable":true,"href":"https:\/\/www.istegroup.com\/en\/wp-json\/wp\/v2\/product_tag?post=143"}],"curies":[{"name":"wp","href":"https:\/\/api.w.org\/{rel}","templated":true}]}}