{"id":14172,"date":"2018-08-30T17:38:40","date_gmt":"2018-08-30T15:38:40","guid":{"rendered":"https:\/\/iste.yhello.co\/?post_type=product&#038;p=14172"},"modified":"2025-03-04T09:15:35","modified_gmt":"2025-03-04T09:15:35","slug":"principes-fondamentaux-de-chimie-therapeutique","status":"publish","type":"product","link":"https:\/\/www.istegroup.com\/en\/produit\/principes-fondamentaux-de-chimie-therapeutique\/","title":{"rendered":"Principes fondamentaux de chimie th\u00e9rapeutique"},"content":{"rendered":"<p>Consacr\u00e9 aux principes fondamentaux de la chimie th\u00e9rapeutique, cet ouvrage donne une d\u00e9finition du m\u00e9dicament, d\u00e9crit la vie du principe actif et analyse les propri\u00e9t\u00e9s physicochimiques des m\u00e9dicaments (pKa, lipophilie, solubilit\u00e9 et surface polaire), leurs \u00e9valuations et leurs int\u00e9r\u00eats dans le\u00a0<em>drug-design<\/em>.<\/p>\n<p>Il pr\u00e9sente le principe de prodrogue en d\u00e9crivant ses diff\u00e9rents types (biopr\u00e9curseurs, prodrogues \u00e0 vecteur) ainsi que ses applications pour le\u00a0<em>drug-design<\/em>\u00a0et dans les th\u00e9ories ADEPT et GDEPT. La notion de pharmacophore 2D et 3D est examin\u00e9e en d\u00e9tail et les r\u00e8gles de Lipinsky compl\u00e8tent la description des principes fondamentaux. Enfin, il analyse de mani\u00e8re minutieuse la pharmacop\u00e9e europ\u00e9enne et pr\u00e9cise le r\u00f4le de celle-ci dans le domaine industriel.<\/p>\n<p><em>Principes fondamentaux de chimie th\u00e9rapeutique<\/em>\u00a0s\u2019adresse aussi bien aux \u00e9tudiants de pharmacie qu\u2019\u00e0 ceux de diff\u00e9rents masters ayant pour th\u00e8me la conception et l\u2019analyse, la pharmacocin\u00e9tique, et dans une certaine mesure la pharmacologie du m\u00e9dicament.<\/p>\n","protected":false},"excerpt":{"rendered":"<p class=\"qtranxs-available-languages-message qtranxs-available-languages-message-en\">Sorry, this entry is only available in <a href=\"https:\/\/www.istegroup.com\/fr\/wp-json\/wp\/v2\/product\/14172\" class=\"qtranxs-available-language-link qtranxs-available-language-link-fr\" title=\"FR\">FR<\/a>.<\/p>\n","protected":false},"featured_media":14178,"template":"","meta":{"_acf_changed":false,"_links_to":"","_links_to_target":""},"product_brand":[],"product_cat":[3262],"product_tag":[],"class_list":{"0":"post-14172","1":"product","2":"type-product","3":"status-publish","4":"has-post-thumbnail","6":"product_cat-non-classe","8":"first","9":"instock","10":"shipping-taxable","11":"purchasable","12":"product-type-variable"},"acf":[],"yoast_head":"<!-- This site is optimized with the Yoast SEO plugin v27.2 - https:\/\/yoast.com\/product\/yoast-seo-wordpress\/ -->\n<title>Principes fondamentaux de chimie th\u00e9rapeutique - ISTE Group<\/title>\n<meta name=\"description\" content=\"Consacr\u00e9 aux principes fondamentaux de la chimie th\u00e9rapeutique, cet ouvrage donne une d\u00e9finition du m\u00e9dicament, d\u00e9crit la vie du principe actif et analyse les propri\u00e9t\u00e9s physicochimiques des m\u00e9dicaments, leurs \u00e9valuations et leurs int\u00e9r\u00eats dans le\u00a0drug-design.\" \/>\n<meta name=\"robots\" content=\"index, follow, max-snippet:-1, max-image-preview:large, max-video-preview:-1\" \/>\n<link rel=\"canonical\" href=\"https:\/\/www.istegroup.com\/produit\/principes-fondamentaux-de-chimie-therapeutique\/\" \/>\n<meta property=\"og:locale\" content=\"en_US\" \/>\n<meta property=\"og:type\" content=\"article\" \/>\n<meta property=\"og:title\" content=\"Principes fondamentaux de chimie th\u00e9rapeutique - ISTE Group\" \/>\n<meta property=\"og:description\" content=\"Consacr\u00e9 aux principes fondamentaux de la chimie th\u00e9rapeutique, cet ouvrage donne une d\u00e9finition du m\u00e9dicament, d\u00e9crit la vie du principe actif et analyse les propri\u00e9t\u00e9s physicochimiques des m\u00e9dicaments, leurs \u00e9valuations et leurs int\u00e9r\u00eats dans le\u00a0drug-design.\" \/>\n<meta property=\"og:url\" content=\"https:\/\/www.istegroup.com\/produit\/principes-fondamentaux-de-chimie-therapeutique\/\" \/>\n<meta property=\"og:site_name\" content=\"ISTE Group\" \/>\n<meta property=\"article:modified_time\" content=\"2025-03-04T09:15:35+00:00\" \/>\n<meta property=\"og:image\" content=\"https:\/\/www.istegroup.com\/wp-content\/uploads\/2018\/08\/front_barret.jpg\" \/>\n\t<meta property=\"og:image:width\" content=\"605\" \/>\n\t<meta property=\"og:image:height\" content=\"916\" \/>\n\t<meta property=\"og:image:type\" content=\"image\/jpeg\" \/>\n<meta name=\"twitter:card\" content=\"summary_large_image\" \/>\n<meta name=\"twitter:label1\" content=\"Est. reading time\" \/>\n\t<meta name=\"twitter:data1\" content=\"1 minute\" \/>\n<script type=\"application\/ld+json\" class=\"yoast-schema-graph\">{\"@context\":\"https:\/\/schema.org\",\"@graph\":[{\"@type\":\"WebPage\",\"@id\":\"https:\/\/www.istegroup.com\/produit\/principes-fondamentaux-de-chimie-therapeutique\/\",\"url\":\"https:\/\/www.istegroup.com\/produit\/principes-fondamentaux-de-chimie-therapeutique\/\",\"name\":\"Principes fondamentaux de chimie th\u00e9rapeutique - ISTE Group\",\"isPartOf\":{\"@id\":\"https:\/\/www.istegroup.com\/#website\"},\"primaryImageOfPage\":{\"@id\":\"https:\/\/www.istegroup.com\/produit\/principes-fondamentaux-de-chimie-therapeutique\/#primaryimage\"},\"image\":{\"@id\":\"https:\/\/www.istegroup.com\/produit\/principes-fondamentaux-de-chimie-therapeutique\/#primaryimage\"},\"thumbnailUrl\":\"https:\/\/www.istegroup.com\/wp-content\/uploads\/2018\/08\/front_barret.jpg\",\"datePublished\":\"2018-08-30T15:38:40+00:00\",\"dateModified\":\"2025-03-04T09:15:35+00:00\",\"description\":\"Consacr\u00e9 aux principes fondamentaux de la chimie th\u00e9rapeutique, cet ouvrage donne une d\u00e9finition du m\u00e9dicament, d\u00e9crit la vie du principe actif et analyse les propri\u00e9t\u00e9s physicochimiques des m\u00e9dicaments, leurs \u00e9valuations et leurs int\u00e9r\u00eats dans le\u00a0drug-design.\",\"breadcrumb\":{\"@id\":\"https:\/\/www.istegroup.com\/produit\/principes-fondamentaux-de-chimie-therapeutique\/#breadcrumb\"},\"inLanguage\":\"en-US\",\"potentialAction\":[{\"@type\":\"ReadAction\",\"target\":[\"https:\/\/www.istegroup.com\/produit\/principes-fondamentaux-de-chimie-therapeutique\/\"]}]},{\"@type\":\"ImageObject\",\"inLanguage\":\"en-US\",\"@id\":\"https:\/\/www.istegroup.com\/produit\/principes-fondamentaux-de-chimie-therapeutique\/#primaryimage\",\"url\":\"https:\/\/www.istegroup.com\/wp-content\/uploads\/2018\/08\/front_barret.jpg\",\"contentUrl\":\"https:\/\/www.istegroup.com\/wp-content\/uploads\/2018\/08\/front_barret.jpg\",\"width\":605,\"height\":916,\"caption\":\"M\u00e9dicaments, propri\u00e9t\u00e9s physico-chimiques, prodrogues, pharmacophore\"},{\"@type\":\"BreadcrumbList\",\"@id\":\"https:\/\/www.istegroup.com\/produit\/principes-fondamentaux-de-chimie-therapeutique\/#breadcrumb\",\"itemListElement\":[{\"@type\":\"ListItem\",\"position\":1,\"name\":\"Home\",\"item\":\"https:\/\/www.istegroup.com\/\"},{\"@type\":\"ListItem\",\"position\":2,\"name\":\"Shop\",\"item\":\"https:\/\/www.istegroup.com\/fr\/nouveautes\/\"},{\"@type\":\"ListItem\",\"position\":3,\"name\":\"Principes fondamentaux de chimie th\u00e9rapeutique\"}]},{\"@type\":\"WebSite\",\"@id\":\"https:\/\/www.istegroup.com\/#website\",\"url\":\"https:\/\/www.istegroup.com\/\",\"name\":\"ISTE Group\",\"description\":\"Publishing Knowledge\",\"potentialAction\":[{\"@type\":\"SearchAction\",\"target\":{\"@type\":\"EntryPoint\",\"urlTemplate\":\"https:\/\/www.istegroup.com\/?s={search_term_string}\"},\"query-input\":{\"@type\":\"PropertyValueSpecification\",\"valueRequired\":true,\"valueName\":\"search_term_string\"}}],\"inLanguage\":\"en-US\"}]}<\/script>\n<!-- \/ Yoast SEO plugin. -->","yoast_head_json":{"title":"Principes fondamentaux de chimie th\u00e9rapeutique - ISTE Group","description":"Consacr\u00e9 aux principes fondamentaux de la chimie th\u00e9rapeutique, cet ouvrage donne une d\u00e9finition du m\u00e9dicament, d\u00e9crit la vie du principe actif et analyse les propri\u00e9t\u00e9s physicochimiques des m\u00e9dicaments, leurs \u00e9valuations et leurs int\u00e9r\u00eats dans le\u00a0drug-design.","robots":{"index":"index","follow":"follow","max-snippet":"max-snippet:-1","max-image-preview":"max-image-preview:large","max-video-preview":"max-video-preview:-1"},"canonical":"https:\/\/www.istegroup.com\/produit\/principes-fondamentaux-de-chimie-therapeutique\/","og_locale":"en_US","og_type":"article","og_title":"Principes fondamentaux de chimie th\u00e9rapeutique - ISTE Group","og_description":"Consacr\u00e9 aux principes fondamentaux de la chimie th\u00e9rapeutique, cet ouvrage donne une d\u00e9finition du m\u00e9dicament, d\u00e9crit la vie du principe actif et analyse les propri\u00e9t\u00e9s physicochimiques des m\u00e9dicaments, leurs \u00e9valuations et leurs int\u00e9r\u00eats dans le\u00a0drug-design.","og_url":"https:\/\/www.istegroup.com\/produit\/principes-fondamentaux-de-chimie-therapeutique\/","og_site_name":"ISTE Group","article_modified_time":"2025-03-04T09:15:35+00:00","og_image":[{"width":605,"height":916,"url":"https:\/\/www.istegroup.com\/wp-content\/uploads\/2018\/08\/front_barret.jpg","type":"image\/jpeg"}],"twitter_card":"summary_large_image","twitter_misc":{"Est. reading time":"1 minute"},"schema":{"@context":"https:\/\/schema.org","@graph":[{"@type":"WebPage","@id":"https:\/\/www.istegroup.com\/produit\/principes-fondamentaux-de-chimie-therapeutique\/","url":"https:\/\/www.istegroup.com\/produit\/principes-fondamentaux-de-chimie-therapeutique\/","name":"Principes fondamentaux de chimie th\u00e9rapeutique - ISTE Group","isPartOf":{"@id":"https:\/\/www.istegroup.com\/#website"},"primaryImageOfPage":{"@id":"https:\/\/www.istegroup.com\/produit\/principes-fondamentaux-de-chimie-therapeutique\/#primaryimage"},"image":{"@id":"https:\/\/www.istegroup.com\/produit\/principes-fondamentaux-de-chimie-therapeutique\/#primaryimage"},"thumbnailUrl":"https:\/\/www.istegroup.com\/wp-content\/uploads\/2018\/08\/front_barret.jpg","datePublished":"2018-08-30T15:38:40+00:00","dateModified":"2025-03-04T09:15:35+00:00","description":"Consacr\u00e9 aux principes fondamentaux de la chimie th\u00e9rapeutique, cet ouvrage donne une d\u00e9finition du m\u00e9dicament, d\u00e9crit la vie du principe actif et analyse les propri\u00e9t\u00e9s physicochimiques des m\u00e9dicaments, leurs \u00e9valuations et leurs int\u00e9r\u00eats dans le\u00a0drug-design.","breadcrumb":{"@id":"https:\/\/www.istegroup.com\/produit\/principes-fondamentaux-de-chimie-therapeutique\/#breadcrumb"},"inLanguage":"en-US","potentialAction":[{"@type":"ReadAction","target":["https:\/\/www.istegroup.com\/produit\/principes-fondamentaux-de-chimie-therapeutique\/"]}]},{"@type":"ImageObject","inLanguage":"en-US","@id":"https:\/\/www.istegroup.com\/produit\/principes-fondamentaux-de-chimie-therapeutique\/#primaryimage","url":"https:\/\/www.istegroup.com\/wp-content\/uploads\/2018\/08\/front_barret.jpg","contentUrl":"https:\/\/www.istegroup.com\/wp-content\/uploads\/2018\/08\/front_barret.jpg","width":605,"height":916,"caption":"M\u00e9dicaments, propri\u00e9t\u00e9s physico-chimiques, prodrogues, pharmacophore"},{"@type":"BreadcrumbList","@id":"https:\/\/www.istegroup.com\/produit\/principes-fondamentaux-de-chimie-therapeutique\/#breadcrumb","itemListElement":[{"@type":"ListItem","position":1,"name":"Home","item":"https:\/\/www.istegroup.com\/"},{"@type":"ListItem","position":2,"name":"Shop","item":"https:\/\/www.istegroup.com\/fr\/nouveautes\/"},{"@type":"ListItem","position":3,"name":"Principes fondamentaux de chimie th\u00e9rapeutique"}]},{"@type":"WebSite","@id":"https:\/\/www.istegroup.com\/#website","url":"https:\/\/www.istegroup.com\/","name":"ISTE Group","description":"Publishing Knowledge","potentialAction":[{"@type":"SearchAction","target":{"@type":"EntryPoint","urlTemplate":"https:\/\/www.istegroup.com\/?s={search_term_string}"},"query-input":{"@type":"PropertyValueSpecification","valueRequired":true,"valueName":"search_term_string"}}],"inLanguage":"en-US"}]}},"_links":{"self":[{"href":"https:\/\/www.istegroup.com\/en\/wp-json\/wp\/v2\/product\/14172","targetHints":{"allow":["GET"]}}],"collection":[{"href":"https:\/\/www.istegroup.com\/en\/wp-json\/wp\/v2\/product"}],"about":[{"href":"https:\/\/www.istegroup.com\/en\/wp-json\/wp\/v2\/types\/product"}],"wp:featuredmedia":[{"embeddable":true,"href":"https:\/\/www.istegroup.com\/en\/wp-json\/wp\/v2\/media\/14178"}],"wp:attachment":[{"href":"https:\/\/www.istegroup.com\/en\/wp-json\/wp\/v2\/media?parent=14172"}],"wp:term":[{"taxonomy":"product_brand","embeddable":true,"href":"https:\/\/www.istegroup.com\/en\/wp-json\/wp\/v2\/product_brand?post=14172"},{"taxonomy":"product_cat","embeddable":true,"href":"https:\/\/www.istegroup.com\/en\/wp-json\/wp\/v2\/product_cat?post=14172"},{"taxonomy":"product_tag","embeddable":true,"href":"https:\/\/www.istegroup.com\/en\/wp-json\/wp\/v2\/product_tag?post=14172"}],"curies":[{"name":"wp","href":"https:\/\/api.w.org\/{rel}","templated":true}]}}