{"id":14146,"date":"2018-08-24T16:00:43","date_gmt":"2018-08-24T14:00:43","guid":{"rendered":"https:\/\/iste.yhello.co\/?post_type=product&#038;p=14146"},"modified":"2024-01-03T13:42:34","modified_gmt":"2024-01-03T13:42:34","slug":"les-poissons-des-lagunes-et-des-estuaires-de-mediterranee-2","status":"publish","type":"product","link":"https:\/\/www.istegroup.com\/en\/produit\/les-poissons-des-lagunes-et-des-estuaires-de-mediterranee-2\/","title":{"rendered":"Les poissons des lagunes et des estuaires de M\u00e9diterran\u00e9e 2"},"content":{"rendered":"<p>Couvrant l\u2019ensemble des aspects syst\u00e9matiques, biologiques, \u00e9cologiques, \u00e9thologiques, g\u00e9n\u00e9tiques et halieutiques,\u00a0<em>Les poissons des lagunes et des estuaires de M\u00e9diterran\u00e9e 2<\/em>\u00a0est un ouvrage de r\u00e9f\u00e9rence en ichtyologie m\u00e9diterran\u00e9enne. Il dresse une pr\u00e9sentation d\u00e9taill\u00e9e des connaissances scientifiques, historiques et actuelles, acquises dans ces domaines pour 25 esp\u00e8ces de poissons s\u00e9dentaires qui bouclent leur cycle vital au sein de ces syst\u00e8mes aquatiques margino-littoraux, parfois qualifi\u00e9s de \u00ab milieux extr\u00eames \u00bb.<\/p>\n<p>Cet ouvrage, servi par une information bibliographique foisonnante (1200 r\u00e9f\u00e9rences), permet \u00e0 tout lecteur d\u2019acc\u00e9der rapidement aux donn\u00e9es th\u00e9matiques qui l\u2019int\u00e9ressent au niveau de la famille, du genre et de l\u2019esp\u00e8ce.<\/p>\n<p><em>Les poissons des lagunes et des estuaires de M\u00e9diterran\u00e9e 2<\/em>\u00a0est destin\u00e9 aux enseignants et chercheurs, qu\u2019ils soient \u00e9cobiologistes, halieutes, g\u00e9ographes ou historiens et \u00e0 leurs \u00e9tudiants, ainsi qu\u2019aux ing\u00e9nieurs et techniciens charg\u00e9s de l\u2019am\u00e9nagement, de la gestion et de la protection des milieux naturels et de leurs peuplements.<\/p>\n","protected":false},"excerpt":{"rendered":"<p>Couvrant l\u2019ensemble des aspects syst\u00e9matiques, biologiques, \u00e9cologiques, \u00e9thologiques, g\u00e9n\u00e9tiques et halieutiques,\u00a0Les poissons des lagunes et des estuaires de M\u00e9diterran\u00e9e 2\u00a0est un ouvrage de r\u00e9f\u00e9rence en ichtyologie m\u00e9diterran\u00e9enne. Il dresse une pr\u00e9sentation d\u00e9taill\u00e9e des connaissances scientifiques, historiques et actuelles, acquises dans ces domaines pour 25 esp\u00e8ces de poissons s\u00e9dentaires qui bouclent leur cycle vital au sein [&hellip;]<\/p>\n","protected":false},"featured_media":14149,"template":"","meta":{"_acf_changed":false,"_links_to":"","_links_to_target":""},"product_brand":[],"product_cat":[3262],"product_tag":[],"class_list":{"0":"post-14146","1":"product","2":"type-product","3":"status-publish","4":"has-post-thumbnail","6":"product_cat-non-classe","8":"first","9":"instock","10":"shipping-taxable","11":"purchasable","12":"product-type-variable"},"acf":[],"yoast_head":"<!-- This site is optimized with the Yoast SEO plugin v27.2 - https:\/\/yoast.com\/product\/yoast-seo-wordpress\/ -->\n<title>Les poissons des lagunes et des estuaires de M\u00e9diterran\u00e9e 2 - ISTE Group<\/title>\n<meta name=\"description\" content=\"Cet ouvrage dresse une pr\u00e9sentation d\u00e9taill\u00e9e des connaissances scientifiques, historiques et actuelles, acquises dans ces domaines pour 25 esp\u00e8ces de poissons s\u00e9dentaires qui bouclent leur cycle vital au sein de ces syst\u00e8mes aquatiques margino-littoraux, parfois qualifi\u00e9s de \u00ab milieux extr\u00eames \u00bb.\" \/>\n<meta name=\"robots\" content=\"index, follow, max-snippet:-1, max-image-preview:large, max-video-preview:-1\" \/>\n<link rel=\"canonical\" href=\"https:\/\/www.istegroup.com\/fr\/produit\/les-poissons-des-lagunes-et-des-estuaires-de-mediterranee-2\/\" \/>\n<meta property=\"og:locale\" content=\"en_US\" \/>\n<meta property=\"og:type\" content=\"article\" \/>\n<meta property=\"og:title\" content=\"Les poissons des lagunes et des estuaires de M\u00e9diterran\u00e9e 2 - ISTE Group\" \/>\n<meta property=\"og:description\" content=\"Cet ouvrage dresse une pr\u00e9sentation d\u00e9taill\u00e9e des connaissances scientifiques, historiques et actuelles, acquises dans ces domaines pour 25 esp\u00e8ces de poissons s\u00e9dentaires qui bouclent leur cycle vital au sein de ces syst\u00e8mes aquatiques margino-littoraux, parfois qualifi\u00e9s de \u00ab milieux extr\u00eames \u00bb.\" \/>\n<meta property=\"og:url\" content=\"https:\/\/www.istegroup.com\/fr\/produit\/les-poissons-des-lagunes-et-des-estuaires-de-mediterranee-2\/\" \/>\n<meta property=\"og:site_name\" content=\"ISTE Group\" \/>\n<meta property=\"article:modified_time\" content=\"2024-01-03T13:42:34+00:00\" \/>\n<meta property=\"og:image\" content=\"https:\/\/www.istegroup.com\/wp-content\/uploads\/2018\/08\/Kara-2_Front-scaled.jpg\" \/>\n\t<meta property=\"og:image:width\" content=\"1707\" \/>\n\t<meta property=\"og:image:height\" content=\"2560\" \/>\n\t<meta property=\"og:image:type\" content=\"image\/jpeg\" \/>\n<meta name=\"twitter:card\" content=\"summary_large_image\" \/>\n<meta name=\"twitter:label1\" content=\"Est. reading time\" \/>\n\t<meta name=\"twitter:data1\" content=\"1 minute\" \/>\n<script type=\"application\/ld+json\" class=\"yoast-schema-graph\">{\"@context\":\"https:\/\/schema.org\",\"@graph\":[{\"@type\":\"WebPage\",\"@id\":\"https:\/\/www.istegroup.com\/fr\/produit\/les-poissons-des-lagunes-et-des-estuaires-de-mediterranee-2\/\",\"url\":\"https:\/\/www.istegroup.com\/fr\/produit\/les-poissons-des-lagunes-et-des-estuaires-de-mediterranee-2\/\",\"name\":\"Les poissons des lagunes et des estuaires de M\u00e9diterran\u00e9e 2 - ISTE Group\",\"isPartOf\":{\"@id\":\"https:\/\/www.istegroup.com\/#website\"},\"primaryImageOfPage\":{\"@id\":\"https:\/\/www.istegroup.com\/fr\/produit\/les-poissons-des-lagunes-et-des-estuaires-de-mediterranee-2\/#primaryimage\"},\"image\":{\"@id\":\"https:\/\/www.istegroup.com\/fr\/produit\/les-poissons-des-lagunes-et-des-estuaires-de-mediterranee-2\/#primaryimage\"},\"thumbnailUrl\":\"https:\/\/www.istegroup.com\/wp-content\/uploads\/2018\/08\/Kara-2_Front-scaled.jpg\",\"datePublished\":\"2018-08-24T14:00:43+00:00\",\"dateModified\":\"2024-01-03T13:42:34+00:00\",\"description\":\"Cet ouvrage dresse une pr\u00e9sentation d\u00e9taill\u00e9e des connaissances scientifiques, historiques et actuelles, acquises dans ces domaines pour 25 esp\u00e8ces de poissons s\u00e9dentaires qui bouclent leur cycle vital au sein de ces syst\u00e8mes aquatiques margino-littoraux, parfois qualifi\u00e9s de \u00ab milieux extr\u00eames \u00bb.\",\"breadcrumb\":{\"@id\":\"https:\/\/www.istegroup.com\/fr\/produit\/les-poissons-des-lagunes-et-des-estuaires-de-mediterranee-2\/#breadcrumb\"},\"inLanguage\":\"en-US\",\"potentialAction\":[{\"@type\":\"ReadAction\",\"target\":[\"https:\/\/www.istegroup.com\/fr\/produit\/les-poissons-des-lagunes-et-des-estuaires-de-mediterranee-2\/\"]}]},{\"@type\":\"ImageObject\",\"inLanguage\":\"en-US\",\"@id\":\"https:\/\/www.istegroup.com\/fr\/produit\/les-poissons-des-lagunes-et-des-estuaires-de-mediterranee-2\/#primaryimage\",\"url\":\"https:\/\/www.istegroup.com\/wp-content\/uploads\/2018\/08\/Kara-2_Front-scaled.jpg\",\"contentUrl\":\"https:\/\/www.istegroup.com\/wp-content\/uploads\/2018\/08\/Kara-2_Front-scaled.jpg\",\"width\":1707,\"height\":2560,\"caption\":\"Les poissons s\u00e9dentaires\"},{\"@type\":\"BreadcrumbList\",\"@id\":\"https:\/\/www.istegroup.com\/fr\/produit\/les-poissons-des-lagunes-et-des-estuaires-de-mediterranee-2\/#breadcrumb\",\"itemListElement\":[{\"@type\":\"ListItem\",\"position\":1,\"name\":\"Home\",\"item\":\"https:\/\/www.istegroup.com\/\"},{\"@type\":\"ListItem\",\"position\":2,\"name\":\"Shop\",\"item\":\"https:\/\/www.istegroup.com\/fr\/nouveautes\/\"},{\"@type\":\"ListItem\",\"position\":3,\"name\":\"Les poissons des lagunes et des estuaires de M\u00e9diterran\u00e9e 2\"}]},{\"@type\":\"WebSite\",\"@id\":\"https:\/\/www.istegroup.com\/#website\",\"url\":\"https:\/\/www.istegroup.com\/\",\"name\":\"ISTE Group\",\"description\":\"Publishing Knowledge\",\"potentialAction\":[{\"@type\":\"SearchAction\",\"target\":{\"@type\":\"EntryPoint\",\"urlTemplate\":\"https:\/\/www.istegroup.com\/?s={search_term_string}\"},\"query-input\":{\"@type\":\"PropertyValueSpecification\",\"valueRequired\":true,\"valueName\":\"search_term_string\"}}],\"inLanguage\":\"en-US\"}]}<\/script>\n<!-- \/ Yoast SEO plugin. -->","yoast_head_json":{"title":"Les poissons des lagunes et des estuaires de M\u00e9diterran\u00e9e 2 - ISTE Group","description":"Cet ouvrage dresse une pr\u00e9sentation d\u00e9taill\u00e9e des connaissances scientifiques, historiques et actuelles, acquises dans ces domaines pour 25 esp\u00e8ces de poissons s\u00e9dentaires qui bouclent leur cycle vital au sein de ces syst\u00e8mes aquatiques margino-littoraux, parfois qualifi\u00e9s de \u00ab milieux extr\u00eames \u00bb.","robots":{"index":"index","follow":"follow","max-snippet":"max-snippet:-1","max-image-preview":"max-image-preview:large","max-video-preview":"max-video-preview:-1"},"canonical":"https:\/\/www.istegroup.com\/fr\/produit\/les-poissons-des-lagunes-et-des-estuaires-de-mediterranee-2\/","og_locale":"en_US","og_type":"article","og_title":"Les poissons des lagunes et des estuaires de M\u00e9diterran\u00e9e 2 - ISTE Group","og_description":"Cet ouvrage dresse une pr\u00e9sentation d\u00e9taill\u00e9e des connaissances scientifiques, historiques et actuelles, acquises dans ces domaines pour 25 esp\u00e8ces de poissons s\u00e9dentaires qui bouclent leur cycle vital au sein de ces syst\u00e8mes aquatiques margino-littoraux, parfois qualifi\u00e9s de \u00ab milieux extr\u00eames \u00bb.","og_url":"https:\/\/www.istegroup.com\/fr\/produit\/les-poissons-des-lagunes-et-des-estuaires-de-mediterranee-2\/","og_site_name":"ISTE Group","article_modified_time":"2024-01-03T13:42:34+00:00","og_image":[{"width":1707,"height":2560,"url":"https:\/\/www.istegroup.com\/wp-content\/uploads\/2018\/08\/Kara-2_Front-scaled.jpg","type":"image\/jpeg"}],"twitter_card":"summary_large_image","twitter_misc":{"Est. reading time":"1 minute"},"schema":{"@context":"https:\/\/schema.org","@graph":[{"@type":"WebPage","@id":"https:\/\/www.istegroup.com\/fr\/produit\/les-poissons-des-lagunes-et-des-estuaires-de-mediterranee-2\/","url":"https:\/\/www.istegroup.com\/fr\/produit\/les-poissons-des-lagunes-et-des-estuaires-de-mediterranee-2\/","name":"Les poissons des lagunes et des estuaires de M\u00e9diterran\u00e9e 2 - ISTE Group","isPartOf":{"@id":"https:\/\/www.istegroup.com\/#website"},"primaryImageOfPage":{"@id":"https:\/\/www.istegroup.com\/fr\/produit\/les-poissons-des-lagunes-et-des-estuaires-de-mediterranee-2\/#primaryimage"},"image":{"@id":"https:\/\/www.istegroup.com\/fr\/produit\/les-poissons-des-lagunes-et-des-estuaires-de-mediterranee-2\/#primaryimage"},"thumbnailUrl":"https:\/\/www.istegroup.com\/wp-content\/uploads\/2018\/08\/Kara-2_Front-scaled.jpg","datePublished":"2018-08-24T14:00:43+00:00","dateModified":"2024-01-03T13:42:34+00:00","description":"Cet ouvrage dresse une pr\u00e9sentation d\u00e9taill\u00e9e des connaissances scientifiques, historiques et actuelles, acquises dans ces domaines pour 25 esp\u00e8ces de poissons s\u00e9dentaires qui bouclent leur cycle vital au sein de ces syst\u00e8mes aquatiques margino-littoraux, parfois qualifi\u00e9s de \u00ab milieux extr\u00eames \u00bb.","breadcrumb":{"@id":"https:\/\/www.istegroup.com\/fr\/produit\/les-poissons-des-lagunes-et-des-estuaires-de-mediterranee-2\/#breadcrumb"},"inLanguage":"en-US","potentialAction":[{"@type":"ReadAction","target":["https:\/\/www.istegroup.com\/fr\/produit\/les-poissons-des-lagunes-et-des-estuaires-de-mediterranee-2\/"]}]},{"@type":"ImageObject","inLanguage":"en-US","@id":"https:\/\/www.istegroup.com\/fr\/produit\/les-poissons-des-lagunes-et-des-estuaires-de-mediterranee-2\/#primaryimage","url":"https:\/\/www.istegroup.com\/wp-content\/uploads\/2018\/08\/Kara-2_Front-scaled.jpg","contentUrl":"https:\/\/www.istegroup.com\/wp-content\/uploads\/2018\/08\/Kara-2_Front-scaled.jpg","width":1707,"height":2560,"caption":"Les poissons s\u00e9dentaires"},{"@type":"BreadcrumbList","@id":"https:\/\/www.istegroup.com\/fr\/produit\/les-poissons-des-lagunes-et-des-estuaires-de-mediterranee-2\/#breadcrumb","itemListElement":[{"@type":"ListItem","position":1,"name":"Home","item":"https:\/\/www.istegroup.com\/"},{"@type":"ListItem","position":2,"name":"Shop","item":"https:\/\/www.istegroup.com\/fr\/nouveautes\/"},{"@type":"ListItem","position":3,"name":"Les poissons des lagunes et des estuaires de M\u00e9diterran\u00e9e 2"}]},{"@type":"WebSite","@id":"https:\/\/www.istegroup.com\/#website","url":"https:\/\/www.istegroup.com\/","name":"ISTE Group","description":"Publishing Knowledge","potentialAction":[{"@type":"SearchAction","target":{"@type":"EntryPoint","urlTemplate":"https:\/\/www.istegroup.com\/?s={search_term_string}"},"query-input":{"@type":"PropertyValueSpecification","valueRequired":true,"valueName":"search_term_string"}}],"inLanguage":"en-US"}]}},"_links":{"self":[{"href":"https:\/\/www.istegroup.com\/en\/wp-json\/wp\/v2\/product\/14146","targetHints":{"allow":["GET"]}}],"collection":[{"href":"https:\/\/www.istegroup.com\/en\/wp-json\/wp\/v2\/product"}],"about":[{"href":"https:\/\/www.istegroup.com\/en\/wp-json\/wp\/v2\/types\/product"}],"wp:featuredmedia":[{"embeddable":true,"href":"https:\/\/www.istegroup.com\/en\/wp-json\/wp\/v2\/media\/14149"}],"wp:attachment":[{"href":"https:\/\/www.istegroup.com\/en\/wp-json\/wp\/v2\/media?parent=14146"}],"wp:term":[{"taxonomy":"product_brand","embeddable":true,"href":"https:\/\/www.istegroup.com\/en\/wp-json\/wp\/v2\/product_brand?post=14146"},{"taxonomy":"product_cat","embeddable":true,"href":"https:\/\/www.istegroup.com\/en\/wp-json\/wp\/v2\/product_cat?post=14146"},{"taxonomy":"product_tag","embeddable":true,"href":"https:\/\/www.istegroup.com\/en\/wp-json\/wp\/v2\/product_tag?post=14146"}],"curies":[{"name":"wp","href":"https:\/\/api.w.org\/{rel}","templated":true}]}}