{"id":14116,"date":"2018-08-24T15:21:53","date_gmt":"2018-08-24T13:21:53","guid":{"rendered":"https:\/\/iste.yhello.co\/?post_type=product&#038;p=14116"},"modified":"2024-01-03T13:42:34","modified_gmt":"2024-01-03T13:42:34","slug":"la-connaissance-de-la-vie-aujourdhui","status":"publish","type":"product","link":"https:\/\/www.istegroup.com\/en\/produit\/la-connaissance-de-la-vie-aujourdhui\/","title":{"rendered":"La connaissance de la vie aujourd&#8217;hui"},"content":{"rendered":"<p><em>La connaissance de la vie aujourd\u2019hui<\/em>\u00a0pr\u00e9sente la pens\u00e9e de Jean Gayon, philosophe majeur des sciences en France et reconnu outre-Atlantique, tout particuli\u00e8rement pour ses travaux en philosophie et histoire des sciences de la vie.<\/p>\n<p>L\u2019ouvrage traite des rapports entre philosophie et histoire des sciences, et des principales questions d\u2019histoire et de philosophie de la biologie qui ont jalonn\u00e9 l\u2019itin\u00e9raire intellectuel de Jean Gayon : Darwin, la biologie \u00e9volutive, la g\u00e9n\u00e9tique et la biologie mol\u00e9culaire, l\u2019\u00e9volution humaine et divers aspects des rapports entre biologie et soci\u00e9t\u00e9 \u00e0 l\u2019\u00e9poque contemporaine (racisme, eug\u00e9nisme, biotechnologies, biom\u00e9decine).<\/p>\n<p>Jean Gayon offre des synth\u00e8ses personnelles, en r\u00e9ponse aux questions que Victor Petit lui adresse sans concession. Cette d\u00e9marche associe rigueur scientifique et prise de risques dans des r\u00e9ponses qui vont \u00e0 l\u2019essentiel.<\/p>\n<p>&nbsp;<\/p>\n<p><strong>La presse en parle<\/strong><\/p>\n<p>Ce livre posthume de Jean Gayon est exceptionnel par l\u2019ampleur du panorama qu\u2019il donne des probl\u00e8mes de la philosophie de la biologie, par l\u2019un des plus grands philosophes des sciences fran\u00e7ais (\u2026)<\/p>\n<p><a style=\"color: #1e9691\" href=\"https:\/\/www.en-attendant-nadeau.fr\/2018\/11\/28\/apres-darwin-gayon\/\"><em>EAN En attendant Nadeau<\/em><\/a><\/p>\n<p>\u00ab (\u2026) L&#8217;amateur non-sp\u00e9cialiste pourra d\u00e9couvrir son \u0153uvre dans cet ouvrage au ton singuli\u00e8rement libre, qui en retra\u00e7ant un parcours philosophique et une \u00e9poque de la pens\u00e9e fran\u00e7aise, peint un homme dont la force de caract\u00e8re et la constance dans les engagements intellectuels s&#8217;av\u00e8rent aussi d\u00e9cisives que la curiosit\u00e9 intellectuelle. \u00bb<\/p>\n<p><a style=\"color: #1e9691\" href=\"https:\/\/bibliobs.nouvelobs.com\/idees\/20180807.OBS0635\/hommage-a-jean-gayon-le-grand-darwinien-de-la-philosophie-francaise.html\">Extrait de l&#8217;article de Philippe Huneman et al. paru dans L&#8217;OBS le 10\/08\/2018.<\/a><\/p>\n","protected":false},"excerpt":{"rendered":"<p>La connaissance de la vie aujourd\u2019hui\u00a0pr\u00e9sente la pens\u00e9e de Jean Gayon, philosophe majeur des sciences en France et reconnu outre-Atlantique, tout particuli\u00e8rement pour ses travaux en philosophie et histoire des sciences de la vie. L\u2019ouvrage traite des rapports entre philosophie et histoire des sciences, et des principales questions d\u2019histoire et de philosophie de la biologie [&hellip;]<\/p>\n","protected":false},"featured_media":14123,"template":"","meta":{"_acf_changed":false,"_links_to":"","_links_to_target":""},"product_brand":[],"product_cat":[3262],"product_tag":[],"class_list":{"0":"post-14116","1":"product","2":"type-product","3":"status-publish","4":"has-post-thumbnail","6":"product_cat-non-classe","8":"first","9":"instock","10":"shipping-taxable","11":"purchasable","12":"product-type-variable"},"acf":[],"yoast_head":"<!-- This site is optimized with the Yoast SEO plugin v27.2 - https:\/\/yoast.com\/product\/yoast-seo-wordpress\/ -->\n<title>La connaissance de la vie aujourd&#039;hui - ISTE Group<\/title>\n<meta name=\"description\" content=\"La connaissance de la vie aujourd\u2019hui\u00a0pr\u00e9sente la pens\u00e9e de Jean Gayon, philosophe majeur des sciences en France et reconnu outre-Atlantique, tout particuli\u00e8rement pour ses travaux en philosophie et histoire des sciences de la vie.\" \/>\n<meta name=\"robots\" content=\"index, follow, max-snippet:-1, max-image-preview:large, max-video-preview:-1\" \/>\n<link rel=\"canonical\" href=\"https:\/\/www.istegroup.com\/en\/produit\/la-connaissance-de-la-vie-aujourdhui\/\" \/>\n<meta property=\"og:locale\" content=\"en_US\" \/>\n<meta property=\"og:type\" content=\"article\" \/>\n<meta property=\"og:title\" content=\"La connaissance de la vie aujourd&#039;hui - ISTE Group\" \/>\n<meta property=\"og:description\" content=\"La connaissance de la vie aujourd\u2019hui\u00a0pr\u00e9sente la pens\u00e9e de Jean Gayon, philosophe majeur des sciences en France et reconnu outre-Atlantique, tout particuli\u00e8rement pour ses travaux en philosophie et histoire des sciences de la vie.\" \/>\n<meta property=\"og:url\" content=\"https:\/\/www.istegroup.com\/en\/produit\/la-connaissance-de-la-vie-aujourdhui\/\" \/>\n<meta property=\"og:site_name\" content=\"ISTE Group\" \/>\n<meta property=\"article:modified_time\" content=\"2024-01-03T13:42:34+00:00\" \/>\n<meta property=\"og:image\" content=\"https:\/\/www.istegroup.com\/wp-content\/uploads\/2018\/08\/Gayon_Front-scaled.jpg\" \/>\n\t<meta property=\"og:image:width\" content=\"1696\" \/>\n\t<meta property=\"og:image:height\" content=\"2560\" \/>\n\t<meta property=\"og:image:type\" content=\"image\/jpeg\" \/>\n<meta name=\"twitter:card\" content=\"summary_large_image\" \/>\n<meta name=\"twitter:label1\" content=\"Est. reading time\" \/>\n\t<meta name=\"twitter:data1\" content=\"1 minute\" \/>\n<script type=\"application\/ld+json\" class=\"yoast-schema-graph\">{\"@context\":\"https:\/\/schema.org\",\"@graph\":[{\"@type\":\"WebPage\",\"@id\":\"https:\/\/www.istegroup.com\/en\/produit\/la-connaissance-de-la-vie-aujourdhui\/\",\"url\":\"https:\/\/www.istegroup.com\/en\/produit\/la-connaissance-de-la-vie-aujourdhui\/\",\"name\":\"La connaissance de la vie aujourd'hui - ISTE Group\",\"isPartOf\":{\"@id\":\"https:\/\/www.istegroup.com\/#website\"},\"primaryImageOfPage\":{\"@id\":\"https:\/\/www.istegroup.com\/en\/produit\/la-connaissance-de-la-vie-aujourdhui\/#primaryimage\"},\"image\":{\"@id\":\"https:\/\/www.istegroup.com\/en\/produit\/la-connaissance-de-la-vie-aujourdhui\/#primaryimage\"},\"thumbnailUrl\":\"https:\/\/www.istegroup.com\/wp-content\/uploads\/2018\/08\/Gayon_Front-scaled.jpg\",\"datePublished\":\"2018-08-24T13:21:53+00:00\",\"dateModified\":\"2024-01-03T13:42:34+00:00\",\"description\":\"La connaissance de la vie aujourd\u2019hui\u00a0pr\u00e9sente la pens\u00e9e de Jean Gayon, philosophe majeur des sciences en France et reconnu outre-Atlantique, tout particuli\u00e8rement pour ses travaux en philosophie et histoire des sciences de la vie.\",\"breadcrumb\":{\"@id\":\"https:\/\/www.istegroup.com\/en\/produit\/la-connaissance-de-la-vie-aujourdhui\/#breadcrumb\"},\"inLanguage\":\"en-US\",\"potentialAction\":[{\"@type\":\"ReadAction\",\"target\":[\"https:\/\/www.istegroup.com\/en\/produit\/la-connaissance-de-la-vie-aujourdhui\/\"]}]},{\"@type\":\"ImageObject\",\"inLanguage\":\"en-US\",\"@id\":\"https:\/\/www.istegroup.com\/en\/produit\/la-connaissance-de-la-vie-aujourdhui\/#primaryimage\",\"url\":\"https:\/\/www.istegroup.com\/wp-content\/uploads\/2018\/08\/Gayon_Front-scaled.jpg\",\"contentUrl\":\"https:\/\/www.istegroup.com\/wp-content\/uploads\/2018\/08\/Gayon_Front-scaled.jpg\",\"width\":1696,\"height\":2560,\"caption\":\"La connaissance de la vie aujourd\u2019hui ISTE Group\"},{\"@type\":\"BreadcrumbList\",\"@id\":\"https:\/\/www.istegroup.com\/en\/produit\/la-connaissance-de-la-vie-aujourdhui\/#breadcrumb\",\"itemListElement\":[{\"@type\":\"ListItem\",\"position\":1,\"name\":\"Home\",\"item\":\"https:\/\/www.istegroup.com\/\"},{\"@type\":\"ListItem\",\"position\":2,\"name\":\"Shop\",\"item\":\"https:\/\/www.istegroup.com\/fr\/nouveautes\/\"},{\"@type\":\"ListItem\",\"position\":3,\"name\":\"La connaissance de la vie aujourd&#8217;hui\"}]},{\"@type\":\"WebSite\",\"@id\":\"https:\/\/www.istegroup.com\/#website\",\"url\":\"https:\/\/www.istegroup.com\/\",\"name\":\"ISTE Group\",\"description\":\"Publishing Knowledge\",\"potentialAction\":[{\"@type\":\"SearchAction\",\"target\":{\"@type\":\"EntryPoint\",\"urlTemplate\":\"https:\/\/www.istegroup.com\/?s={search_term_string}\"},\"query-input\":{\"@type\":\"PropertyValueSpecification\",\"valueRequired\":true,\"valueName\":\"search_term_string\"}}],\"inLanguage\":\"en-US\"}]}<\/script>\n<!-- \/ Yoast SEO plugin. -->","yoast_head_json":{"title":"La connaissance de la vie aujourd'hui - ISTE Group","description":"La connaissance de la vie aujourd\u2019hui\u00a0pr\u00e9sente la pens\u00e9e de Jean Gayon, philosophe majeur des sciences en France et reconnu outre-Atlantique, tout particuli\u00e8rement pour ses travaux en philosophie et histoire des sciences de la vie.","robots":{"index":"index","follow":"follow","max-snippet":"max-snippet:-1","max-image-preview":"max-image-preview:large","max-video-preview":"max-video-preview:-1"},"canonical":"https:\/\/www.istegroup.com\/en\/produit\/la-connaissance-de-la-vie-aujourdhui\/","og_locale":"en_US","og_type":"article","og_title":"La connaissance de la vie aujourd'hui - ISTE Group","og_description":"La connaissance de la vie aujourd\u2019hui\u00a0pr\u00e9sente la pens\u00e9e de Jean Gayon, philosophe majeur des sciences en France et reconnu outre-Atlantique, tout particuli\u00e8rement pour ses travaux en philosophie et histoire des sciences de la vie.","og_url":"https:\/\/www.istegroup.com\/en\/produit\/la-connaissance-de-la-vie-aujourdhui\/","og_site_name":"ISTE Group","article_modified_time":"2024-01-03T13:42:34+00:00","og_image":[{"width":1696,"height":2560,"url":"https:\/\/www.istegroup.com\/wp-content\/uploads\/2018\/08\/Gayon_Front-scaled.jpg","type":"image\/jpeg"}],"twitter_card":"summary_large_image","twitter_misc":{"Est. reading time":"1 minute"},"schema":{"@context":"https:\/\/schema.org","@graph":[{"@type":"WebPage","@id":"https:\/\/www.istegroup.com\/en\/produit\/la-connaissance-de-la-vie-aujourdhui\/","url":"https:\/\/www.istegroup.com\/en\/produit\/la-connaissance-de-la-vie-aujourdhui\/","name":"La connaissance de la vie aujourd'hui - ISTE Group","isPartOf":{"@id":"https:\/\/www.istegroup.com\/#website"},"primaryImageOfPage":{"@id":"https:\/\/www.istegroup.com\/en\/produit\/la-connaissance-de-la-vie-aujourdhui\/#primaryimage"},"image":{"@id":"https:\/\/www.istegroup.com\/en\/produit\/la-connaissance-de-la-vie-aujourdhui\/#primaryimage"},"thumbnailUrl":"https:\/\/www.istegroup.com\/wp-content\/uploads\/2018\/08\/Gayon_Front-scaled.jpg","datePublished":"2018-08-24T13:21:53+00:00","dateModified":"2024-01-03T13:42:34+00:00","description":"La connaissance de la vie aujourd\u2019hui\u00a0pr\u00e9sente la pens\u00e9e de Jean Gayon, philosophe majeur des sciences en France et reconnu outre-Atlantique, tout particuli\u00e8rement pour ses travaux en philosophie et histoire des sciences de la vie.","breadcrumb":{"@id":"https:\/\/www.istegroup.com\/en\/produit\/la-connaissance-de-la-vie-aujourdhui\/#breadcrumb"},"inLanguage":"en-US","potentialAction":[{"@type":"ReadAction","target":["https:\/\/www.istegroup.com\/en\/produit\/la-connaissance-de-la-vie-aujourdhui\/"]}]},{"@type":"ImageObject","inLanguage":"en-US","@id":"https:\/\/www.istegroup.com\/en\/produit\/la-connaissance-de-la-vie-aujourdhui\/#primaryimage","url":"https:\/\/www.istegroup.com\/wp-content\/uploads\/2018\/08\/Gayon_Front-scaled.jpg","contentUrl":"https:\/\/www.istegroup.com\/wp-content\/uploads\/2018\/08\/Gayon_Front-scaled.jpg","width":1696,"height":2560,"caption":"La connaissance de la vie aujourd\u2019hui ISTE Group"},{"@type":"BreadcrumbList","@id":"https:\/\/www.istegroup.com\/en\/produit\/la-connaissance-de-la-vie-aujourdhui\/#breadcrumb","itemListElement":[{"@type":"ListItem","position":1,"name":"Home","item":"https:\/\/www.istegroup.com\/"},{"@type":"ListItem","position":2,"name":"Shop","item":"https:\/\/www.istegroup.com\/fr\/nouveautes\/"},{"@type":"ListItem","position":3,"name":"La connaissance de la vie aujourd&#8217;hui"}]},{"@type":"WebSite","@id":"https:\/\/www.istegroup.com\/#website","url":"https:\/\/www.istegroup.com\/","name":"ISTE Group","description":"Publishing Knowledge","potentialAction":[{"@type":"SearchAction","target":{"@type":"EntryPoint","urlTemplate":"https:\/\/www.istegroup.com\/?s={search_term_string}"},"query-input":{"@type":"PropertyValueSpecification","valueRequired":true,"valueName":"search_term_string"}}],"inLanguage":"en-US"}]}},"_links":{"self":[{"href":"https:\/\/www.istegroup.com\/en\/wp-json\/wp\/v2\/product\/14116","targetHints":{"allow":["GET"]}}],"collection":[{"href":"https:\/\/www.istegroup.com\/en\/wp-json\/wp\/v2\/product"}],"about":[{"href":"https:\/\/www.istegroup.com\/en\/wp-json\/wp\/v2\/types\/product"}],"wp:featuredmedia":[{"embeddable":true,"href":"https:\/\/www.istegroup.com\/en\/wp-json\/wp\/v2\/media\/14123"}],"wp:attachment":[{"href":"https:\/\/www.istegroup.com\/en\/wp-json\/wp\/v2\/media?parent=14116"}],"wp:term":[{"taxonomy":"product_brand","embeddable":true,"href":"https:\/\/www.istegroup.com\/en\/wp-json\/wp\/v2\/product_brand?post=14116"},{"taxonomy":"product_cat","embeddable":true,"href":"https:\/\/www.istegroup.com\/en\/wp-json\/wp\/v2\/product_cat?post=14116"},{"taxonomy":"product_tag","embeddable":true,"href":"https:\/\/www.istegroup.com\/en\/wp-json\/wp\/v2\/product_tag?post=14116"}],"curies":[{"name":"wp","href":"https:\/\/api.w.org\/{rel}","templated":true}]}}