{"id":141,"date":"2017-07-28T10:34:19","date_gmt":"2017-07-28T08:34:19","guid":{"rendered":"https:\/\/iste.yhello.co\/product\/complexite-du-systeme-oceanique\/"},"modified":"2024-01-03T13:38:37","modified_gmt":"2024-01-03T13:38:37","slug":"complexite-du-systeme-oceanique","status":"publish","type":"product","link":"https:\/\/www.istegroup.com\/en\/produit\/complexite-du-systeme-oceanique\/","title":{"rendered":"Complexit\u00e9 du syst\u00e8me oc\u00e9anique"},"content":{"rendered":"<p>La s\u00e9rie\u00a0<em>Mer et Oc\u00e9an<\/em>\u00a0propose une approche interdisciplinaire et int\u00e9gr\u00e9e (biologique, physique, chimique) des syst\u00e8mes oc\u00e9aniques : \u00e9tat et fonctionnement des oc\u00e9ans, origine de leur vuln\u00e9rabilit\u00e9, sc\u00e9narios de gestion durable et d\u2019adaptation des soci\u00e9t\u00e9s. Une approche qui permet le passage de cette science fondamentale, bas\u00e9e sur l\u2019analyse des processus, leurs couplages \u00e0 toutes les \u00e9chelles et entre tous les compartiments, \u00e0 une science \u00ab publique \u00bb, finalisable et participative, ouverte aux d\u00e9cideurs et aux gestionnaires.<\/p>\n<p>La complexit\u00e9 est une propri\u00e9t\u00e9 intrins\u00e8que des syst\u00e8mes naturels. Dans le syst\u00e8me oc\u00e9anique, elle est li\u00e9e aux nombreuses interactions avec l\u2019atmosph\u00e8re, la g\u00e9osph\u00e8re et la biosph\u00e8re avec lesquelles il \u00e9change \u00e9nergie et mati\u00e8re.<\/p>\n<p>Cet ouvrage pr\u00e9sente, \u00e0 diff\u00e9rentes \u00e9chelles spatio-temporelles, les m\u00e9canismes hydrodynamiques de ces \u00e9changes et la dynamique des \u00e9l\u00e9ments et compos\u00e9s, qu\u2019ils soient impliqu\u00e9s dans les cycles biog\u00e9ochimiques ou utilis\u00e9s comme traceurs. Par son approche p\u00e9dagogique, il d\u00e9finit les termes, les m\u00e9thodes, les techniques et les outils d\u2019analyse utilis\u00e9s. Puis, il analyse les cons\u00e9quences des changements climatiques, les projections futures, l\u2019impact anthropique et la notion d\u2019\u00e9cosyst\u00e8me introduite avec la composante p\u00e9lagique planctonique.<\/p>\n","protected":false},"excerpt":{"rendered":"<p>La s\u00e9rie\u00a0Mer et Oc\u00e9an\u00a0propose une approche interdisciplinaire et int\u00e9gr\u00e9e (biologique, physique, chimique) des syst\u00e8mes oc\u00e9aniques : \u00e9tat et fonctionnement des oc\u00e9ans, origine de leur vuln\u00e9rabilit\u00e9, sc\u00e9narios de gestion durable et d\u2019adaptation des soci\u00e9t\u00e9s. Une approche qui permet le passage de cette science fondamentale, bas\u00e9e sur l\u2019analyse des processus, leurs couplages \u00e0 toutes les \u00e9chelles et [&hellip;]<\/p>\n","protected":false},"featured_media":142,"template":"","meta":{"_acf_changed":false,"_links_to":"","_links_to_target":""},"product_brand":[],"product_cat":[712,705],"product_tag":[927,928,929,930,31,18,19,218,20,931,932,933,934,935,936,21,22,937,26,27,99,938,38,192,28,29,939,940,941],"class_list":{"0":"post-141","1":"product","2":"type-product","3":"status-publish","4":"has-post-thumbnail","6":"product_cat-srie-mer-et-ocan-189825988","7":"product_cat-systme-terre-environnement-27112280","8":"product_tag-andre-monaco","9":"product_tag-archeologie-marine","10":"product_tag-colonisation-des-oceans","11":"product_tag-complexite-du-systeme-oceanique","12":"product_tag-ebook","13":"product_tag-edition-scientifique","14":"product_tag-editions-francaise","15":"product_tag-editions-ouvrage","16":"product_tag-editions-technique","17":"product_tag-energie-marine","18":"product_tag-environnement-marin","19":"product_tag-glaciologie","20":"product_tag-hydrographie","21":"product_tag-hydrologie","22":"product_tag-ingenierie-oceanique","23":"product_tag-iste-group","24":"product_tag-istegroup","25":"product_tag-limnologie","26":"product_tag-livre-scientifique-francais","27":"product_tag-livre-technique-francais","28":"product_tag-livres-numeriques","29":"product_tag-niveaux-des-mers","30":"product_tag-ouvrage-numerique","31":"product_tag-ouvrage-science","32":"product_tag-ouvrage-scientifique-francais","33":"product_tag-ouvrage-technique","34":"product_tag-patrick-prouzet","35":"product_tag-pollution-des-mers","36":"product_tag-systeme-oceanique","38":"first","39":"instock","40":"shipping-taxable","41":"purchasable","42":"product-type-variable"},"acf":[],"yoast_head":"<!-- This site is optimized with the Yoast SEO plugin v27.2 - https:\/\/yoast.com\/product\/yoast-seo-wordpress\/ -->\n<title>Complexit\u00e9 du syst\u00e8me oc\u00e9anique - ISTE Group<\/title>\n<meta name=\"description\" content=\"Dans le syst\u00e8me oc\u00e9anique, la complexit\u00e9 est li\u00e9e aux interactions avec l\u2019atmosph\u00e8re, la g\u00e9osph\u00e8re et la biosph\u00e8re avec lesquelles il \u00e9change \u00e9nergie et mati\u00e8re\" \/>\n<meta name=\"robots\" content=\"index, follow, max-snippet:-1, max-image-preview:large, max-video-preview:-1\" \/>\n<link rel=\"canonical\" href=\"https:\/\/www.istegroup.com\/fr\/produit\/complexite-du-systeme-oceanique\/\" \/>\n<meta property=\"og:locale\" content=\"en_US\" \/>\n<meta property=\"og:type\" content=\"article\" \/>\n<meta property=\"og:title\" content=\"Complexit\u00e9 du syst\u00e8me oc\u00e9anique - ISTE Group\" \/>\n<meta property=\"og:description\" content=\"Dans le syst\u00e8me oc\u00e9anique, la complexit\u00e9 est li\u00e9e aux interactions avec l\u2019atmosph\u00e8re, la g\u00e9osph\u00e8re et la biosph\u00e8re avec lesquelles il \u00e9change \u00e9nergie et mati\u00e8re\" \/>\n<meta property=\"og:url\" content=\"https:\/\/www.istegroup.com\/fr\/produit\/complexite-du-systeme-oceanique\/\" \/>\n<meta property=\"og:site_name\" content=\"ISTE Group\" \/>\n<meta property=\"article:modified_time\" content=\"2024-01-03T13:38:37+00:00\" \/>\n<meta property=\"og:image\" content=\"https:\/\/www.istegroup.com\/wp-content\/uploads\/2017\/07\/414150189_201020309-1.jpg\" \/>\n\t<meta property=\"og:image:width\" content=\"300\" \/>\n\t<meta property=\"og:image:height\" content=\"450\" \/>\n\t<meta property=\"og:image:type\" content=\"image\/jpeg\" \/>\n<meta name=\"twitter:card\" content=\"summary_large_image\" \/>\n<meta name=\"twitter:label1\" content=\"Est. reading time\" \/>\n\t<meta name=\"twitter:data1\" content=\"1 minute\" \/>\n<script type=\"application\/ld+json\" class=\"yoast-schema-graph\">{\"@context\":\"https:\/\/schema.org\",\"@graph\":[{\"@type\":\"WebPage\",\"@id\":\"https:\/\/www.istegroup.com\/fr\/produit\/complexite-du-systeme-oceanique\/\",\"url\":\"https:\/\/www.istegroup.com\/fr\/produit\/complexite-du-systeme-oceanique\/\",\"name\":\"Complexit\u00e9 du syst\u00e8me oc\u00e9anique - ISTE Group\",\"isPartOf\":{\"@id\":\"https:\/\/www.istegroup.com\/#website\"},\"primaryImageOfPage\":{\"@id\":\"https:\/\/www.istegroup.com\/fr\/produit\/complexite-du-systeme-oceanique\/#primaryimage\"},\"image\":{\"@id\":\"https:\/\/www.istegroup.com\/fr\/produit\/complexite-du-systeme-oceanique\/#primaryimage\"},\"thumbnailUrl\":\"https:\/\/www.istegroup.com\/wp-content\/uploads\/2017\/07\/414150189_201020309-1.jpg\",\"datePublished\":\"2017-07-28T08:34:19+00:00\",\"dateModified\":\"2024-01-03T13:38:37+00:00\",\"description\":\"Dans le syst\u00e8me oc\u00e9anique, la complexit\u00e9 est li\u00e9e aux interactions avec l\u2019atmosph\u00e8re, la g\u00e9osph\u00e8re et la biosph\u00e8re avec lesquelles il \u00e9change \u00e9nergie et mati\u00e8re\",\"breadcrumb\":{\"@id\":\"https:\/\/www.istegroup.com\/fr\/produit\/complexite-du-systeme-oceanique\/#breadcrumb\"},\"inLanguage\":\"en-US\",\"potentialAction\":[{\"@type\":\"ReadAction\",\"target\":[\"https:\/\/www.istegroup.com\/fr\/produit\/complexite-du-systeme-oceanique\/\"]}]},{\"@type\":\"ImageObject\",\"inLanguage\":\"en-US\",\"@id\":\"https:\/\/www.istegroup.com\/fr\/produit\/complexite-du-systeme-oceanique\/#primaryimage\",\"url\":\"https:\/\/www.istegroup.com\/wp-content\/uploads\/2017\/07\/414150189_201020309-1.jpg\",\"contentUrl\":\"https:\/\/www.istegroup.com\/wp-content\/uploads\/2017\/07\/414150189_201020309-1.jpg\",\"width\":300,\"height\":450,\"caption\":\"Complexit\u00e9 du syst\u00e8me oc\u00e9anique\"},{\"@type\":\"BreadcrumbList\",\"@id\":\"https:\/\/www.istegroup.com\/fr\/produit\/complexite-du-systeme-oceanique\/#breadcrumb\",\"itemListElement\":[{\"@type\":\"ListItem\",\"position\":1,\"name\":\"Home\",\"item\":\"https:\/\/www.istegroup.com\/\"},{\"@type\":\"ListItem\",\"position\":2,\"name\":\"Shop\",\"item\":\"https:\/\/www.istegroup.com\/fr\/nouveautes\/\"},{\"@type\":\"ListItem\",\"position\":3,\"name\":\"Complexit\u00e9 du syst\u00e8me oc\u00e9anique\"}]},{\"@type\":\"WebSite\",\"@id\":\"https:\/\/www.istegroup.com\/#website\",\"url\":\"https:\/\/www.istegroup.com\/\",\"name\":\"ISTE Group\",\"description\":\"Publishing Knowledge\",\"potentialAction\":[{\"@type\":\"SearchAction\",\"target\":{\"@type\":\"EntryPoint\",\"urlTemplate\":\"https:\/\/www.istegroup.com\/?s={search_term_string}\"},\"query-input\":{\"@type\":\"PropertyValueSpecification\",\"valueRequired\":true,\"valueName\":\"search_term_string\"}}],\"inLanguage\":\"en-US\"}]}<\/script>\n<!-- \/ Yoast SEO plugin. -->","yoast_head_json":{"title":"Complexit\u00e9 du syst\u00e8me oc\u00e9anique - ISTE Group","description":"Dans le syst\u00e8me oc\u00e9anique, la complexit\u00e9 est li\u00e9e aux interactions avec l\u2019atmosph\u00e8re, la g\u00e9osph\u00e8re et la biosph\u00e8re avec lesquelles il \u00e9change \u00e9nergie et mati\u00e8re","robots":{"index":"index","follow":"follow","max-snippet":"max-snippet:-1","max-image-preview":"max-image-preview:large","max-video-preview":"max-video-preview:-1"},"canonical":"https:\/\/www.istegroup.com\/fr\/produit\/complexite-du-systeme-oceanique\/","og_locale":"en_US","og_type":"article","og_title":"Complexit\u00e9 du syst\u00e8me oc\u00e9anique - ISTE Group","og_description":"Dans le syst\u00e8me oc\u00e9anique, la complexit\u00e9 est li\u00e9e aux interactions avec l\u2019atmosph\u00e8re, la g\u00e9osph\u00e8re et la biosph\u00e8re avec lesquelles il \u00e9change \u00e9nergie et mati\u00e8re","og_url":"https:\/\/www.istegroup.com\/fr\/produit\/complexite-du-systeme-oceanique\/","og_site_name":"ISTE Group","article_modified_time":"2024-01-03T13:38:37+00:00","og_image":[{"width":300,"height":450,"url":"https:\/\/www.istegroup.com\/wp-content\/uploads\/2017\/07\/414150189_201020309-1.jpg","type":"image\/jpeg"}],"twitter_card":"summary_large_image","twitter_misc":{"Est. reading time":"1 minute"},"schema":{"@context":"https:\/\/schema.org","@graph":[{"@type":"WebPage","@id":"https:\/\/www.istegroup.com\/fr\/produit\/complexite-du-systeme-oceanique\/","url":"https:\/\/www.istegroup.com\/fr\/produit\/complexite-du-systeme-oceanique\/","name":"Complexit\u00e9 du syst\u00e8me oc\u00e9anique - ISTE Group","isPartOf":{"@id":"https:\/\/www.istegroup.com\/#website"},"primaryImageOfPage":{"@id":"https:\/\/www.istegroup.com\/fr\/produit\/complexite-du-systeme-oceanique\/#primaryimage"},"image":{"@id":"https:\/\/www.istegroup.com\/fr\/produit\/complexite-du-systeme-oceanique\/#primaryimage"},"thumbnailUrl":"https:\/\/www.istegroup.com\/wp-content\/uploads\/2017\/07\/414150189_201020309-1.jpg","datePublished":"2017-07-28T08:34:19+00:00","dateModified":"2024-01-03T13:38:37+00:00","description":"Dans le syst\u00e8me oc\u00e9anique, la complexit\u00e9 est li\u00e9e aux interactions avec l\u2019atmosph\u00e8re, la g\u00e9osph\u00e8re et la biosph\u00e8re avec lesquelles il \u00e9change \u00e9nergie et mati\u00e8re","breadcrumb":{"@id":"https:\/\/www.istegroup.com\/fr\/produit\/complexite-du-systeme-oceanique\/#breadcrumb"},"inLanguage":"en-US","potentialAction":[{"@type":"ReadAction","target":["https:\/\/www.istegroup.com\/fr\/produit\/complexite-du-systeme-oceanique\/"]}]},{"@type":"ImageObject","inLanguage":"en-US","@id":"https:\/\/www.istegroup.com\/fr\/produit\/complexite-du-systeme-oceanique\/#primaryimage","url":"https:\/\/www.istegroup.com\/wp-content\/uploads\/2017\/07\/414150189_201020309-1.jpg","contentUrl":"https:\/\/www.istegroup.com\/wp-content\/uploads\/2017\/07\/414150189_201020309-1.jpg","width":300,"height":450,"caption":"Complexit\u00e9 du syst\u00e8me oc\u00e9anique"},{"@type":"BreadcrumbList","@id":"https:\/\/www.istegroup.com\/fr\/produit\/complexite-du-systeme-oceanique\/#breadcrumb","itemListElement":[{"@type":"ListItem","position":1,"name":"Home","item":"https:\/\/www.istegroup.com\/"},{"@type":"ListItem","position":2,"name":"Shop","item":"https:\/\/www.istegroup.com\/fr\/nouveautes\/"},{"@type":"ListItem","position":3,"name":"Complexit\u00e9 du syst\u00e8me oc\u00e9anique"}]},{"@type":"WebSite","@id":"https:\/\/www.istegroup.com\/#website","url":"https:\/\/www.istegroup.com\/","name":"ISTE Group","description":"Publishing Knowledge","potentialAction":[{"@type":"SearchAction","target":{"@type":"EntryPoint","urlTemplate":"https:\/\/www.istegroup.com\/?s={search_term_string}"},"query-input":{"@type":"PropertyValueSpecification","valueRequired":true,"valueName":"search_term_string"}}],"inLanguage":"en-US"}]}},"_links":{"self":[{"href":"https:\/\/www.istegroup.com\/en\/wp-json\/wp\/v2\/product\/141","targetHints":{"allow":["GET"]}}],"collection":[{"href":"https:\/\/www.istegroup.com\/en\/wp-json\/wp\/v2\/product"}],"about":[{"href":"https:\/\/www.istegroup.com\/en\/wp-json\/wp\/v2\/types\/product"}],"wp:featuredmedia":[{"embeddable":true,"href":"https:\/\/www.istegroup.com\/en\/wp-json\/wp\/v2\/media\/142"}],"wp:attachment":[{"href":"https:\/\/www.istegroup.com\/en\/wp-json\/wp\/v2\/media?parent=141"}],"wp:term":[{"taxonomy":"product_brand","embeddable":true,"href":"https:\/\/www.istegroup.com\/en\/wp-json\/wp\/v2\/product_brand?post=141"},{"taxonomy":"product_cat","embeddable":true,"href":"https:\/\/www.istegroup.com\/en\/wp-json\/wp\/v2\/product_cat?post=141"},{"taxonomy":"product_tag","embeddable":true,"href":"https:\/\/www.istegroup.com\/en\/wp-json\/wp\/v2\/product_tag?post=141"}],"curies":[{"name":"wp","href":"https:\/\/api.w.org\/{rel}","templated":true}]}}