{"id":14067,"date":"2018-08-24T13:29:01","date_gmt":"2018-08-24T11:29:01","guid":{"rendered":"https:\/\/iste.yhello.co\/?post_type=product&#038;p=14067"},"modified":"2024-01-03T13:42:33","modified_gmt":"2024-01-03T13:42:33","slug":"realite-virtuelle-et-realite-augmentee","status":"publish","type":"product","link":"https:\/\/www.istegroup.com\/en\/produit\/realite-virtuelle-et-realite-augmentee\/","title":{"rendered":"R\u00e9alit\u00e9 virtuelle et r\u00e9alit\u00e9 augment\u00e9e"},"content":{"rendered":"<p>R\u00e9alit\u00e9 virtuelle (RV), r\u00e9alit\u00e9 augment\u00e9e (RA), deux expressions que nous voyons fr\u00e9quemment cit\u00e9es dans les m\u00e9dias, mais qui restent le plus souvent inconnues de la grande majorit\u00e9, tant du grand public que du monde professionnel. En effet, la RV et la RA existent depuis longtemps mais restent jusque-l\u00e0 principalement cantonn\u00e9es au monde de la recherche et au sein de quelques grandes entreprises. L\u2019apparition de nouveaux mat\u00e9riels peu co\u00fbteux (visiocasques, capteurs, etc.) laisse entrevoir de nombreuses applications notamment pour le grand public.<\/p>\n<p><em>R\u00e9alit\u00e9 virtuelle et r\u00e9alit\u00e9 augment\u00e9e\u00a0<\/em>a pour objectif d\u2019aider \u00e0 mieux comprendre ces technologies, leur fonctionnement et surtout les applications qu\u2019elles proposent aux futurs utilisateurs. Afin d\u2019appr\u00e9cier les v\u00e9ritables avanc\u00e9es et distinguer les d\u00e9fis complexes qui restent \u00e0 relever, cet ouvrage d\u00e9finit les concepts fondamentaux, d\u00e9crit des exemples concrets d\u2019utilisation et plonge ces \u00e9volutions r\u00e9centes dans une dynamique temporelle en rappelant les faits majeurs des dix derni\u00e8res ann\u00e9es et en fournissant quelques pistes prospectives pour le futur.<\/p>\n<p>&nbsp;<\/p>\n<p><strong>La presse en parle<\/strong><\/p>\n<p><a style=\"color: #1e9691\" href=\"https:\/\/www.liberation.fr\/debats\/2019\/01\/24\/s-incarner-dans-un-autre-corps_1705158\"><em>Lib\u00e9ration, 2<\/em><em>4 janvier 2019<\/em><\/a><\/p>\n","protected":false},"excerpt":{"rendered":"<p>R\u00e9alit\u00e9 virtuelle (RV), r\u00e9alit\u00e9 augment\u00e9e (RA), deux expressions que nous voyons fr\u00e9quemment cit\u00e9es dans les m\u00e9dias, mais qui restent le plus souvent inconnues de la grande majorit\u00e9, tant du grand public que du monde professionnel. En effet, la RV et la RA existent depuis longtemps mais restent jusque-l\u00e0 principalement cantonn\u00e9es au monde de la recherche [&hellip;]<\/p>\n","protected":false},"featured_media":14077,"template":"","meta":{"_acf_changed":false,"_links_to":"","_links_to_target":""},"product_brand":[],"product_cat":[3262],"product_tag":[],"class_list":{"0":"post-14067","1":"product","2":"type-product","3":"status-publish","4":"has-post-thumbnail","6":"product_cat-non-classe","8":"first","9":"instock","10":"shipping-taxable","11":"purchasable","12":"product-type-variable"},"acf":[],"yoast_head":"<!-- This site is optimized with the Yoast SEO plugin v27.2 - https:\/\/yoast.com\/product\/yoast-seo-wordpress\/ -->\n<title>R\u00e9alit\u00e9 virtuelle et r\u00e9alit\u00e9 augment\u00e9e - ISTE Group<\/title>\n<meta name=\"description\" content=\"R\u00e9alit\u00e9 virtuelle et r\u00e9alit\u00e9 augment\u00e9e\u00a0a pour objectif d\u2019aider \u00e0 mieux comprendre ces technologies, leur fonctionnement et surtout les applications qu\u2019elles proposent aux futurs utilisateurs.\" \/>\n<meta name=\"robots\" content=\"index, follow, max-snippet:-1, max-image-preview:large, max-video-preview:-1\" \/>\n<link rel=\"canonical\" href=\"https:\/\/www.istegroup.com\/en\/produit\/realite-virtuelle-et-realite-augmentee\/\" \/>\n<meta property=\"og:locale\" content=\"en_US\" \/>\n<meta property=\"og:type\" content=\"article\" \/>\n<meta property=\"og:title\" content=\"R\u00e9alit\u00e9 virtuelle et r\u00e9alit\u00e9 augment\u00e9e - ISTE Group\" \/>\n<meta property=\"og:description\" content=\"R\u00e9alit\u00e9 virtuelle et r\u00e9alit\u00e9 augment\u00e9e\u00a0a pour objectif d\u2019aider \u00e0 mieux comprendre ces technologies, leur fonctionnement et surtout les applications qu\u2019elles proposent aux futurs utilisateurs.\" \/>\n<meta property=\"og:url\" content=\"https:\/\/www.istegroup.com\/en\/produit\/realite-virtuelle-et-realite-augmentee\/\" \/>\n<meta property=\"og:site_name\" content=\"ISTE Group\" \/>\n<meta property=\"article:modified_time\" content=\"2024-01-03T13:42:33+00:00\" \/>\n<meta property=\"og:image\" content=\"https:\/\/www.istegroup.com\/wp-content\/uploads\/2018\/08\/Arnaldi_Front-scaled.jpg\" \/>\n\t<meta property=\"og:image:width\" content=\"1705\" \/>\n\t<meta property=\"og:image:height\" content=\"2560\" \/>\n\t<meta property=\"og:image:type\" content=\"image\/jpeg\" \/>\n<meta name=\"twitter:card\" content=\"summary_large_image\" \/>\n<meta name=\"twitter:label1\" content=\"Est. reading time\" \/>\n\t<meta name=\"twitter:data1\" content=\"1 minute\" \/>\n<script type=\"application\/ld+json\" class=\"yoast-schema-graph\">{\"@context\":\"https:\/\/schema.org\",\"@graph\":[{\"@type\":\"WebPage\",\"@id\":\"https:\/\/www.istegroup.com\/en\/produit\/realite-virtuelle-et-realite-augmentee\/\",\"url\":\"https:\/\/www.istegroup.com\/en\/produit\/realite-virtuelle-et-realite-augmentee\/\",\"name\":\"R\u00e9alit\u00e9 virtuelle et r\u00e9alit\u00e9 augment\u00e9e - ISTE Group\",\"isPartOf\":{\"@id\":\"https:\/\/www.istegroup.com\/#website\"},\"primaryImageOfPage\":{\"@id\":\"https:\/\/www.istegroup.com\/en\/produit\/realite-virtuelle-et-realite-augmentee\/#primaryimage\"},\"image\":{\"@id\":\"https:\/\/www.istegroup.com\/en\/produit\/realite-virtuelle-et-realite-augmentee\/#primaryimage\"},\"thumbnailUrl\":\"https:\/\/www.istegroup.com\/wp-content\/uploads\/2018\/08\/Arnaldi_Front-scaled.jpg\",\"datePublished\":\"2018-08-24T11:29:01+00:00\",\"dateModified\":\"2024-01-03T13:42:33+00:00\",\"description\":\"R\u00e9alit\u00e9 virtuelle et r\u00e9alit\u00e9 augment\u00e9e\u00a0a pour objectif d\u2019aider \u00e0 mieux comprendre ces technologies, leur fonctionnement et surtout les applications qu\u2019elles proposent aux futurs utilisateurs.\",\"breadcrumb\":{\"@id\":\"https:\/\/www.istegroup.com\/en\/produit\/realite-virtuelle-et-realite-augmentee\/#breadcrumb\"},\"inLanguage\":\"en-US\",\"potentialAction\":[{\"@type\":\"ReadAction\",\"target\":[\"https:\/\/www.istegroup.com\/en\/produit\/realite-virtuelle-et-realite-augmentee\/\"]}]},{\"@type\":\"ImageObject\",\"inLanguage\":\"en-US\",\"@id\":\"https:\/\/www.istegroup.com\/en\/produit\/realite-virtuelle-et-realite-augmentee\/#primaryimage\",\"url\":\"https:\/\/www.istegroup.com\/wp-content\/uploads\/2018\/08\/Arnaldi_Front-scaled.jpg\",\"contentUrl\":\"https:\/\/www.istegroup.com\/wp-content\/uploads\/2018\/08\/Arnaldi_Front-scaled.jpg\",\"width\":1705,\"height\":2560,\"caption\":\"Mythes et r\u00e9alit\u00e9s\"},{\"@type\":\"BreadcrumbList\",\"@id\":\"https:\/\/www.istegroup.com\/en\/produit\/realite-virtuelle-et-realite-augmentee\/#breadcrumb\",\"itemListElement\":[{\"@type\":\"ListItem\",\"position\":1,\"name\":\"Home\",\"item\":\"https:\/\/www.istegroup.com\/\"},{\"@type\":\"ListItem\",\"position\":2,\"name\":\"Shop\",\"item\":\"https:\/\/www.istegroup.com\/fr\/nouveautes\/\"},{\"@type\":\"ListItem\",\"position\":3,\"name\":\"R\u00e9alit\u00e9 virtuelle et r\u00e9alit\u00e9 augment\u00e9e\"}]},{\"@type\":\"WebSite\",\"@id\":\"https:\/\/www.istegroup.com\/#website\",\"url\":\"https:\/\/www.istegroup.com\/\",\"name\":\"ISTE Group\",\"description\":\"Publishing Knowledge\",\"potentialAction\":[{\"@type\":\"SearchAction\",\"target\":{\"@type\":\"EntryPoint\",\"urlTemplate\":\"https:\/\/www.istegroup.com\/?s={search_term_string}\"},\"query-input\":{\"@type\":\"PropertyValueSpecification\",\"valueRequired\":true,\"valueName\":\"search_term_string\"}}],\"inLanguage\":\"en-US\"}]}<\/script>\n<!-- \/ Yoast SEO plugin. -->","yoast_head_json":{"title":"R\u00e9alit\u00e9 virtuelle et r\u00e9alit\u00e9 augment\u00e9e - ISTE Group","description":"R\u00e9alit\u00e9 virtuelle et r\u00e9alit\u00e9 augment\u00e9e\u00a0a pour objectif d\u2019aider \u00e0 mieux comprendre ces technologies, leur fonctionnement et surtout les applications qu\u2019elles proposent aux futurs utilisateurs.","robots":{"index":"index","follow":"follow","max-snippet":"max-snippet:-1","max-image-preview":"max-image-preview:large","max-video-preview":"max-video-preview:-1"},"canonical":"https:\/\/www.istegroup.com\/en\/produit\/realite-virtuelle-et-realite-augmentee\/","og_locale":"en_US","og_type":"article","og_title":"R\u00e9alit\u00e9 virtuelle et r\u00e9alit\u00e9 augment\u00e9e - ISTE Group","og_description":"R\u00e9alit\u00e9 virtuelle et r\u00e9alit\u00e9 augment\u00e9e\u00a0a pour objectif d\u2019aider \u00e0 mieux comprendre ces technologies, leur fonctionnement et surtout les applications qu\u2019elles proposent aux futurs utilisateurs.","og_url":"https:\/\/www.istegroup.com\/en\/produit\/realite-virtuelle-et-realite-augmentee\/","og_site_name":"ISTE Group","article_modified_time":"2024-01-03T13:42:33+00:00","og_image":[{"width":1705,"height":2560,"url":"https:\/\/www.istegroup.com\/wp-content\/uploads\/2018\/08\/Arnaldi_Front-scaled.jpg","type":"image\/jpeg"}],"twitter_card":"summary_large_image","twitter_misc":{"Est. reading time":"1 minute"},"schema":{"@context":"https:\/\/schema.org","@graph":[{"@type":"WebPage","@id":"https:\/\/www.istegroup.com\/en\/produit\/realite-virtuelle-et-realite-augmentee\/","url":"https:\/\/www.istegroup.com\/en\/produit\/realite-virtuelle-et-realite-augmentee\/","name":"R\u00e9alit\u00e9 virtuelle et r\u00e9alit\u00e9 augment\u00e9e - ISTE Group","isPartOf":{"@id":"https:\/\/www.istegroup.com\/#website"},"primaryImageOfPage":{"@id":"https:\/\/www.istegroup.com\/en\/produit\/realite-virtuelle-et-realite-augmentee\/#primaryimage"},"image":{"@id":"https:\/\/www.istegroup.com\/en\/produit\/realite-virtuelle-et-realite-augmentee\/#primaryimage"},"thumbnailUrl":"https:\/\/www.istegroup.com\/wp-content\/uploads\/2018\/08\/Arnaldi_Front-scaled.jpg","datePublished":"2018-08-24T11:29:01+00:00","dateModified":"2024-01-03T13:42:33+00:00","description":"R\u00e9alit\u00e9 virtuelle et r\u00e9alit\u00e9 augment\u00e9e\u00a0a pour objectif d\u2019aider \u00e0 mieux comprendre ces technologies, leur fonctionnement et surtout les applications qu\u2019elles proposent aux futurs utilisateurs.","breadcrumb":{"@id":"https:\/\/www.istegroup.com\/en\/produit\/realite-virtuelle-et-realite-augmentee\/#breadcrumb"},"inLanguage":"en-US","potentialAction":[{"@type":"ReadAction","target":["https:\/\/www.istegroup.com\/en\/produit\/realite-virtuelle-et-realite-augmentee\/"]}]},{"@type":"ImageObject","inLanguage":"en-US","@id":"https:\/\/www.istegroup.com\/en\/produit\/realite-virtuelle-et-realite-augmentee\/#primaryimage","url":"https:\/\/www.istegroup.com\/wp-content\/uploads\/2018\/08\/Arnaldi_Front-scaled.jpg","contentUrl":"https:\/\/www.istegroup.com\/wp-content\/uploads\/2018\/08\/Arnaldi_Front-scaled.jpg","width":1705,"height":2560,"caption":"Mythes et r\u00e9alit\u00e9s"},{"@type":"BreadcrumbList","@id":"https:\/\/www.istegroup.com\/en\/produit\/realite-virtuelle-et-realite-augmentee\/#breadcrumb","itemListElement":[{"@type":"ListItem","position":1,"name":"Home","item":"https:\/\/www.istegroup.com\/"},{"@type":"ListItem","position":2,"name":"Shop","item":"https:\/\/www.istegroup.com\/fr\/nouveautes\/"},{"@type":"ListItem","position":3,"name":"R\u00e9alit\u00e9 virtuelle et r\u00e9alit\u00e9 augment\u00e9e"}]},{"@type":"WebSite","@id":"https:\/\/www.istegroup.com\/#website","url":"https:\/\/www.istegroup.com\/","name":"ISTE Group","description":"Publishing Knowledge","potentialAction":[{"@type":"SearchAction","target":{"@type":"EntryPoint","urlTemplate":"https:\/\/www.istegroup.com\/?s={search_term_string}"},"query-input":{"@type":"PropertyValueSpecification","valueRequired":true,"valueName":"search_term_string"}}],"inLanguage":"en-US"}]}},"_links":{"self":[{"href":"https:\/\/www.istegroup.com\/en\/wp-json\/wp\/v2\/product\/14067","targetHints":{"allow":["GET"]}}],"collection":[{"href":"https:\/\/www.istegroup.com\/en\/wp-json\/wp\/v2\/product"}],"about":[{"href":"https:\/\/www.istegroup.com\/en\/wp-json\/wp\/v2\/types\/product"}],"wp:featuredmedia":[{"embeddable":true,"href":"https:\/\/www.istegroup.com\/en\/wp-json\/wp\/v2\/media\/14077"}],"wp:attachment":[{"href":"https:\/\/www.istegroup.com\/en\/wp-json\/wp\/v2\/media?parent=14067"}],"wp:term":[{"taxonomy":"product_brand","embeddable":true,"href":"https:\/\/www.istegroup.com\/en\/wp-json\/wp\/v2\/product_brand?post=14067"},{"taxonomy":"product_cat","embeddable":true,"href":"https:\/\/www.istegroup.com\/en\/wp-json\/wp\/v2\/product_cat?post=14067"},{"taxonomy":"product_tag","embeddable":true,"href":"https:\/\/www.istegroup.com\/en\/wp-json\/wp\/v2\/product_tag?post=14067"}],"curies":[{"name":"wp","href":"https:\/\/api.w.org\/{rel}","templated":true}]}}