{"id":13924,"date":"2018-07-17T14:14:40","date_gmt":"2018-07-17T12:14:40","guid":{"rendered":"https:\/\/iste.yhello.co\/?post_type=product&#038;p=13924"},"modified":"2024-01-03T13:42:33","modified_gmt":"2024-01-03T13:42:33","slug":"intuition-creativite-innovation","status":"publish","type":"product","link":"https:\/\/www.istegroup.com\/en\/produit\/intuition-creativite-innovation\/","title":{"rendered":"Intuition, cr\u00e9ativit\u00e9, innovation"},"content":{"rendered":"<p>Aujourd\u2019hui plus que jamais, l\u2019approche classique de la rationalit\u00e9 montre ses limites et celle de l\u2019intuition se r\u00e9v\u00e8le \u00eatre une approche compl\u00e9mentaire possible. Accessible \u00e0 tous, elle peut devenir une nouvelle alli\u00e9e au quotidien et fournir une aide collective, connective et individuelle.<\/p>\n<p>Explicable \u00e0 la lumi\u00e8re du triptyque vibration, musique et \u00e9motions, l\u2019intuition est abord\u00e9e d\u2019un point de vue scientifique dans le premier chapitre. Cette approche est compl\u00e9t\u00e9e par des exercices pratiques dans les six chapitres suivants, qui permettent d\u2019exp\u00e9rimenter l\u2019intuition. Leur objectif est de faire baisser les r\u00e9sistances et de r\u00e9duire les freins existant dans notre rapport \u00e0 l\u2019intuition.<\/p>\n<p>Cet ouvrage s\u2019adresse \u00e0 toute personne qui souhaite d\u00e9couvrir, d\u00e9velopper ou amplifier son intuition, sa cr\u00e9ativit\u00e9 et ses capacit\u00e9s d\u2019innovation. Le triptyque intuition, cr\u00e9ativit\u00e9 et innovation est d\u00e9velopp\u00e9 d\u2019un point de vue humain et m\u00e9thodologique, en montrant les liens fertiles qui existent entre ces trois domaines.<\/p>\n","protected":false},"excerpt":{"rendered":"<p>Aujourd\u2019hui plus que jamais, l\u2019approche classique de la rationalit\u00e9 montre ses limites et celle de l\u2019intuition se r\u00e9v\u00e8le \u00eatre une approche compl\u00e9mentaire possible. Accessible \u00e0 tous, elle peut devenir une nouvelle alli\u00e9e au quotidien et fournir une aide collective, connective et individuelle. Explicable \u00e0 la lumi\u00e8re du triptyque vibration, musique et \u00e9motions, l\u2019intuition est abord\u00e9e [&hellip;]<\/p>\n","protected":false},"featured_media":13931,"template":"","meta":{"_acf_changed":false,"_links_to":"","_links_to_target":""},"product_brand":[],"product_cat":[3262],"product_tag":[],"class_list":{"0":"post-13924","1":"product","2":"type-product","3":"status-publish","4":"has-post-thumbnail","6":"product_cat-non-classe","8":"first","9":"instock","10":"shipping-taxable","11":"purchasable","12":"product-type-variable"},"acf":[],"yoast_head":"<!-- This site is optimized with the Yoast SEO plugin v27.2 - https:\/\/yoast.com\/product\/yoast-seo-wordpress\/ -->\n<title>Intuition, cr\u00e9ativit\u00e9, innovation - ISTE Group<\/title>\n<meta name=\"description\" content=\"Cet ouvrage s\u2019adresse \u00e0 toute personne qui souhaite d\u00e9couvrir, d\u00e9velopper ou amplifier son intuition, sa cr\u00e9ativit\u00e9 et ses capacit\u00e9s d\u2019innovation.\" \/>\n<meta name=\"robots\" content=\"index, follow, max-snippet:-1, max-image-preview:large, max-video-preview:-1\" \/>\n<link rel=\"canonical\" href=\"https:\/\/www.istegroup.com\/en\/produit\/intuition-creativite-innovation\/\" \/>\n<meta property=\"og:locale\" content=\"en_US\" \/>\n<meta property=\"og:type\" content=\"article\" \/>\n<meta property=\"og:title\" content=\"Intuition, cr\u00e9ativit\u00e9, innovation - ISTE Group\" \/>\n<meta property=\"og:description\" content=\"Cet ouvrage s\u2019adresse \u00e0 toute personne qui souhaite d\u00e9couvrir, d\u00e9velopper ou amplifier son intuition, sa cr\u00e9ativit\u00e9 et ses capacit\u00e9s d\u2019innovation.\" \/>\n<meta property=\"og:url\" content=\"https:\/\/www.istegroup.com\/en\/produit\/intuition-creativite-innovation\/\" \/>\n<meta property=\"og:site_name\" content=\"ISTE Group\" \/>\n<meta property=\"article:modified_time\" content=\"2024-01-03T13:42:33+00:00\" \/>\n<meta property=\"og:image\" content=\"https:\/\/www.istegroup.com\/wp-content\/uploads\/2018\/07\/Samier-Front-scaled.jpg\" \/>\n\t<meta property=\"og:image:width\" content=\"1635\" \/>\n\t<meta property=\"og:image:height\" content=\"2560\" \/>\n\t<meta property=\"og:image:type\" content=\"image\/jpeg\" \/>\n<meta name=\"twitter:card\" content=\"summary_large_image\" \/>\n<meta name=\"twitter:label1\" content=\"Est. reading time\" \/>\n\t<meta name=\"twitter:data1\" content=\"1 minute\" \/>\n<script type=\"application\/ld+json\" class=\"yoast-schema-graph\">{\"@context\":\"https:\/\/schema.org\",\"@graph\":[{\"@type\":\"WebPage\",\"@id\":\"https:\/\/www.istegroup.com\/en\/produit\/intuition-creativite-innovation\/\",\"url\":\"https:\/\/www.istegroup.com\/en\/produit\/intuition-creativite-innovation\/\",\"name\":\"Intuition, cr\u00e9ativit\u00e9, innovation - ISTE Group\",\"isPartOf\":{\"@id\":\"https:\/\/www.istegroup.com\/#website\"},\"primaryImageOfPage\":{\"@id\":\"https:\/\/www.istegroup.com\/en\/produit\/intuition-creativite-innovation\/#primaryimage\"},\"image\":{\"@id\":\"https:\/\/www.istegroup.com\/en\/produit\/intuition-creativite-innovation\/#primaryimage\"},\"thumbnailUrl\":\"https:\/\/www.istegroup.com\/wp-content\/uploads\/2018\/07\/Samier-Front-scaled.jpg\",\"datePublished\":\"2018-07-17T12:14:40+00:00\",\"dateModified\":\"2024-01-03T13:42:33+00:00\",\"description\":\"Cet ouvrage s\u2019adresse \u00e0 toute personne qui souhaite d\u00e9couvrir, d\u00e9velopper ou amplifier son intuition, sa cr\u00e9ativit\u00e9 et ses capacit\u00e9s d\u2019innovation.\",\"breadcrumb\":{\"@id\":\"https:\/\/www.istegroup.com\/en\/produit\/intuition-creativite-innovation\/#breadcrumb\"},\"inLanguage\":\"en-US\",\"potentialAction\":[{\"@type\":\"ReadAction\",\"target\":[\"https:\/\/www.istegroup.com\/en\/produit\/intuition-creativite-innovation\/\"]}]},{\"@type\":\"ImageObject\",\"inLanguage\":\"en-US\",\"@id\":\"https:\/\/www.istegroup.com\/en\/produit\/intuition-creativite-innovation\/#primaryimage\",\"url\":\"https:\/\/www.istegroup.com\/wp-content\/uploads\/2018\/07\/Samier-Front-scaled.jpg\",\"contentUrl\":\"https:\/\/www.istegroup.com\/wp-content\/uploads\/2018\/07\/Samier-Front-scaled.jpg\",\"width\":1635,\"height\":2560},{\"@type\":\"BreadcrumbList\",\"@id\":\"https:\/\/www.istegroup.com\/en\/produit\/intuition-creativite-innovation\/#breadcrumb\",\"itemListElement\":[{\"@type\":\"ListItem\",\"position\":1,\"name\":\"Home\",\"item\":\"https:\/\/www.istegroup.com\/\"},{\"@type\":\"ListItem\",\"position\":2,\"name\":\"Shop\",\"item\":\"https:\/\/www.istegroup.com\/fr\/nouveautes\/\"},{\"@type\":\"ListItem\",\"position\":3,\"name\":\"Intuition, cr\u00e9ativit\u00e9, innovation\"}]},{\"@type\":\"WebSite\",\"@id\":\"https:\/\/www.istegroup.com\/#website\",\"url\":\"https:\/\/www.istegroup.com\/\",\"name\":\"ISTE Group\",\"description\":\"Publishing Knowledge\",\"potentialAction\":[{\"@type\":\"SearchAction\",\"target\":{\"@type\":\"EntryPoint\",\"urlTemplate\":\"https:\/\/www.istegroup.com\/?s={search_term_string}\"},\"query-input\":{\"@type\":\"PropertyValueSpecification\",\"valueRequired\":true,\"valueName\":\"search_term_string\"}}],\"inLanguage\":\"en-US\"}]}<\/script>\n<!-- \/ Yoast SEO plugin. -->","yoast_head_json":{"title":"Intuition, cr\u00e9ativit\u00e9, innovation - ISTE Group","description":"Cet ouvrage s\u2019adresse \u00e0 toute personne qui souhaite d\u00e9couvrir, d\u00e9velopper ou amplifier son intuition, sa cr\u00e9ativit\u00e9 et ses capacit\u00e9s d\u2019innovation.","robots":{"index":"index","follow":"follow","max-snippet":"max-snippet:-1","max-image-preview":"max-image-preview:large","max-video-preview":"max-video-preview:-1"},"canonical":"https:\/\/www.istegroup.com\/en\/produit\/intuition-creativite-innovation\/","og_locale":"en_US","og_type":"article","og_title":"Intuition, cr\u00e9ativit\u00e9, innovation - ISTE Group","og_description":"Cet ouvrage s\u2019adresse \u00e0 toute personne qui souhaite d\u00e9couvrir, d\u00e9velopper ou amplifier son intuition, sa cr\u00e9ativit\u00e9 et ses capacit\u00e9s d\u2019innovation.","og_url":"https:\/\/www.istegroup.com\/en\/produit\/intuition-creativite-innovation\/","og_site_name":"ISTE Group","article_modified_time":"2024-01-03T13:42:33+00:00","og_image":[{"width":1635,"height":2560,"url":"https:\/\/www.istegroup.com\/wp-content\/uploads\/2018\/07\/Samier-Front-scaled.jpg","type":"image\/jpeg"}],"twitter_card":"summary_large_image","twitter_misc":{"Est. reading time":"1 minute"},"schema":{"@context":"https:\/\/schema.org","@graph":[{"@type":"WebPage","@id":"https:\/\/www.istegroup.com\/en\/produit\/intuition-creativite-innovation\/","url":"https:\/\/www.istegroup.com\/en\/produit\/intuition-creativite-innovation\/","name":"Intuition, cr\u00e9ativit\u00e9, innovation - ISTE Group","isPartOf":{"@id":"https:\/\/www.istegroup.com\/#website"},"primaryImageOfPage":{"@id":"https:\/\/www.istegroup.com\/en\/produit\/intuition-creativite-innovation\/#primaryimage"},"image":{"@id":"https:\/\/www.istegroup.com\/en\/produit\/intuition-creativite-innovation\/#primaryimage"},"thumbnailUrl":"https:\/\/www.istegroup.com\/wp-content\/uploads\/2018\/07\/Samier-Front-scaled.jpg","datePublished":"2018-07-17T12:14:40+00:00","dateModified":"2024-01-03T13:42:33+00:00","description":"Cet ouvrage s\u2019adresse \u00e0 toute personne qui souhaite d\u00e9couvrir, d\u00e9velopper ou amplifier son intuition, sa cr\u00e9ativit\u00e9 et ses capacit\u00e9s d\u2019innovation.","breadcrumb":{"@id":"https:\/\/www.istegroup.com\/en\/produit\/intuition-creativite-innovation\/#breadcrumb"},"inLanguage":"en-US","potentialAction":[{"@type":"ReadAction","target":["https:\/\/www.istegroup.com\/en\/produit\/intuition-creativite-innovation\/"]}]},{"@type":"ImageObject","inLanguage":"en-US","@id":"https:\/\/www.istegroup.com\/en\/produit\/intuition-creativite-innovation\/#primaryimage","url":"https:\/\/www.istegroup.com\/wp-content\/uploads\/2018\/07\/Samier-Front-scaled.jpg","contentUrl":"https:\/\/www.istegroup.com\/wp-content\/uploads\/2018\/07\/Samier-Front-scaled.jpg","width":1635,"height":2560},{"@type":"BreadcrumbList","@id":"https:\/\/www.istegroup.com\/en\/produit\/intuition-creativite-innovation\/#breadcrumb","itemListElement":[{"@type":"ListItem","position":1,"name":"Home","item":"https:\/\/www.istegroup.com\/"},{"@type":"ListItem","position":2,"name":"Shop","item":"https:\/\/www.istegroup.com\/fr\/nouveautes\/"},{"@type":"ListItem","position":3,"name":"Intuition, cr\u00e9ativit\u00e9, innovation"}]},{"@type":"WebSite","@id":"https:\/\/www.istegroup.com\/#website","url":"https:\/\/www.istegroup.com\/","name":"ISTE Group","description":"Publishing Knowledge","potentialAction":[{"@type":"SearchAction","target":{"@type":"EntryPoint","urlTemplate":"https:\/\/www.istegroup.com\/?s={search_term_string}"},"query-input":{"@type":"PropertyValueSpecification","valueRequired":true,"valueName":"search_term_string"}}],"inLanguage":"en-US"}]}},"_links":{"self":[{"href":"https:\/\/www.istegroup.com\/en\/wp-json\/wp\/v2\/product\/13924","targetHints":{"allow":["GET"]}}],"collection":[{"href":"https:\/\/www.istegroup.com\/en\/wp-json\/wp\/v2\/product"}],"about":[{"href":"https:\/\/www.istegroup.com\/en\/wp-json\/wp\/v2\/types\/product"}],"wp:featuredmedia":[{"embeddable":true,"href":"https:\/\/www.istegroup.com\/en\/wp-json\/wp\/v2\/media\/13931"}],"wp:attachment":[{"href":"https:\/\/www.istegroup.com\/en\/wp-json\/wp\/v2\/media?parent=13924"}],"wp:term":[{"taxonomy":"product_brand","embeddable":true,"href":"https:\/\/www.istegroup.com\/en\/wp-json\/wp\/v2\/product_brand?post=13924"},{"taxonomy":"product_cat","embeddable":true,"href":"https:\/\/www.istegroup.com\/en\/wp-json\/wp\/v2\/product_cat?post=13924"},{"taxonomy":"product_tag","embeddable":true,"href":"https:\/\/www.istegroup.com\/en\/wp-json\/wp\/v2\/product_tag?post=13924"}],"curies":[{"name":"wp","href":"https:\/\/api.w.org\/{rel}","templated":true}]}}