{"id":13916,"date":"2018-07-16T13:26:41","date_gmt":"2018-07-16T11:26:41","guid":{"rendered":"https:\/\/iste.yhello.co\/?post_type=product&#038;p=13916"},"modified":"2024-01-03T13:42:33","modified_gmt":"2024-01-03T13:42:33","slug":"knowledge-management","status":"publish","type":"product","link":"https:\/\/www.istegroup.com\/en\/produit\/knowledge-management\/","title":{"rendered":"Knowledge Management"},"content":{"rendered":"<p>Le\u00a0<em>Knowledge Management<\/em>\u00a0(ou \u00ab gestion des connaissances \u00bb) est un enjeu strat\u00e9gique pour les entreprises priv\u00e9es et publiques, ainsi que pour les organismes de normalisation tels que l\u2019Organisation internationale de normalisation (ISO) et l\u2019Agence internationale de l\u2019\u00e9nergie atomique (AIEA), qui l\u2019ont r\u00e9cemment int\u00e9gr\u00e9 dans leurs exigences. Cependant, le\u00a0<em>Knowledge Management<\/em>\u00a0reste un concept mal d\u00e9fini, et les processus \u00e0 mettre en oeuvre dans les entreprises ne sont pas tous bien connus.<\/p>\n<p>Cet ouvrage fournit un guide conceptuel et m\u00e9thodologique sur le sujet. Il est le r\u00e9sultat de plus de vingt ann\u00e9es de recherche dans diff\u00e9rents laboratoires et de retour d\u2019exp\u00e9rience d\u2019applications r\u00e9alis\u00e9es dans un large \u00e9ventail d\u2019entreprises publiques et priv\u00e9es \u00e0 travers le monde. Avec des sections d\u00e9di\u00e9es aux points de vue th\u00e9oriques et pratiques, il pr\u00e9sente une vision globale et coh\u00e9rente des principaux concepts sur lesquels doit s\u2019appuyer le\u00a0<em>Knowledge Management.<\/em><\/p>\n","protected":false},"excerpt":{"rendered":"<p>Le\u00a0Knowledge Management\u00a0(ou \u00ab gestion des connaissances \u00bb) est un enjeu strat\u00e9gique pour les entreprises priv\u00e9es et publiques, ainsi que pour les organismes de normalisation tels que l\u2019Organisation internationale de normalisation (ISO) et l\u2019Agence internationale de l\u2019\u00e9nergie atomique (AIEA), qui l\u2019ont r\u00e9cemment int\u00e9gr\u00e9 dans leurs exigences. Cependant, le\u00a0Knowledge Management\u00a0reste un concept mal d\u00e9fini, et les processus [&hellip;]<\/p>\n","protected":false},"featured_media":13923,"template":"","meta":{"_acf_changed":false,"_links_to":"","_links_to_target":""},"product_brand":[],"product_cat":[3262],"product_tag":[],"class_list":{"0":"post-13916","1":"product","2":"type-product","3":"status-publish","4":"has-post-thumbnail","6":"product_cat-non-classe","8":"first","9":"instock","10":"shipping-taxable","11":"purchasable","12":"product-type-variable"},"acf":[],"yoast_head":"<!-- This site is optimized with the Yoast SEO plugin v27.2 - https:\/\/yoast.com\/product\/yoast-seo-wordpress\/ -->\n<title>Knowledge Management - ISTE Group<\/title>\n<meta name=\"description\" content=\"Le\u00a0Knowledge Management est un enjeu strat\u00e9gique pour les entreprises priv\u00e9es et publiques, ainsi que pour les organismes de normalisation tels que l\u2019Organisation internationale de normalisation (ISO) et l\u2019Agence internationale de l\u2019\u00e9nergie atomique (AIEA), qui l\u2019ont r\u00e9cemment int\u00e9gr\u00e9 dans leurs exigences.\" \/>\n<meta name=\"robots\" content=\"index, follow, max-snippet:-1, max-image-preview:large, max-video-preview:-1\" \/>\n<link rel=\"canonical\" href=\"https:\/\/www.istegroup.com\/en\/produit\/knowledge-management\/\" \/>\n<meta property=\"og:locale\" content=\"en_US\" \/>\n<meta property=\"og:type\" content=\"article\" \/>\n<meta property=\"og:title\" content=\"Knowledge Management - ISTE Group\" \/>\n<meta property=\"og:description\" content=\"Le\u00a0Knowledge Management est un enjeu strat\u00e9gique pour les entreprises priv\u00e9es et publiques, ainsi que pour les organismes de normalisation tels que l\u2019Organisation internationale de normalisation (ISO) et l\u2019Agence internationale de l\u2019\u00e9nergie atomique (AIEA), qui l\u2019ont r\u00e9cemment int\u00e9gr\u00e9 dans leurs exigences.\" \/>\n<meta property=\"og:url\" content=\"https:\/\/www.istegroup.com\/en\/produit\/knowledge-management\/\" \/>\n<meta property=\"og:site_name\" content=\"ISTE Group\" \/>\n<meta property=\"article:modified_time\" content=\"2024-01-03T13:42:33+00:00\" \/>\n<meta property=\"og:image\" content=\"https:\/\/www.istegroup.com\/wp-content\/uploads\/2018\/07\/Ermine_Front-scaled.jpg\" \/>\n\t<meta property=\"og:image:width\" content=\"1694\" \/>\n\t<meta property=\"og:image:height\" content=\"2560\" \/>\n\t<meta property=\"og:image:type\" content=\"image\/jpeg\" \/>\n<meta name=\"twitter:card\" content=\"summary_large_image\" \/>\n<meta name=\"twitter:label1\" content=\"Est. reading time\" \/>\n\t<meta name=\"twitter:data1\" content=\"1 minute\" \/>\n<script type=\"application\/ld+json\" class=\"yoast-schema-graph\">{\"@context\":\"https:\/\/schema.org\",\"@graph\":[{\"@type\":\"WebPage\",\"@id\":\"https:\/\/www.istegroup.com\/en\/produit\/knowledge-management\/\",\"url\":\"https:\/\/www.istegroup.com\/en\/produit\/knowledge-management\/\",\"name\":\"Knowledge Management - ISTE Group\",\"isPartOf\":{\"@id\":\"https:\/\/www.istegroup.com\/#website\"},\"primaryImageOfPage\":{\"@id\":\"https:\/\/www.istegroup.com\/en\/produit\/knowledge-management\/#primaryimage\"},\"image\":{\"@id\":\"https:\/\/www.istegroup.com\/en\/produit\/knowledge-management\/#primaryimage\"},\"thumbnailUrl\":\"https:\/\/www.istegroup.com\/wp-content\/uploads\/2018\/07\/Ermine_Front-scaled.jpg\",\"datePublished\":\"2018-07-16T11:26:41+00:00\",\"dateModified\":\"2024-01-03T13:42:33+00:00\",\"description\":\"Le\u00a0Knowledge Management est un enjeu strat\u00e9gique pour les entreprises priv\u00e9es et publiques, ainsi que pour les organismes de normalisation tels que l\u2019Organisation internationale de normalisation (ISO) et l\u2019Agence internationale de l\u2019\u00e9nergie atomique (AIEA), qui l\u2019ont r\u00e9cemment int\u00e9gr\u00e9 dans leurs exigences.\",\"breadcrumb\":{\"@id\":\"https:\/\/www.istegroup.com\/en\/produit\/knowledge-management\/#breadcrumb\"},\"inLanguage\":\"en-US\",\"potentialAction\":[{\"@type\":\"ReadAction\",\"target\":[\"https:\/\/www.istegroup.com\/en\/produit\/knowledge-management\/\"]}]},{\"@type\":\"ImageObject\",\"inLanguage\":\"en-US\",\"@id\":\"https:\/\/www.istegroup.com\/en\/produit\/knowledge-management\/#primaryimage\",\"url\":\"https:\/\/www.istegroup.com\/wp-content\/uploads\/2018\/07\/Ermine_Front-scaled.jpg\",\"contentUrl\":\"https:\/\/www.istegroup.com\/wp-content\/uploads\/2018\/07\/Ermine_Front-scaled.jpg\",\"width\":1694,\"height\":2560,\"caption\":\"La boucle cr\u00e9ative\"},{\"@type\":\"BreadcrumbList\",\"@id\":\"https:\/\/www.istegroup.com\/en\/produit\/knowledge-management\/#breadcrumb\",\"itemListElement\":[{\"@type\":\"ListItem\",\"position\":1,\"name\":\"Home\",\"item\":\"https:\/\/www.istegroup.com\/\"},{\"@type\":\"ListItem\",\"position\":2,\"name\":\"Shop\",\"item\":\"https:\/\/www.istegroup.com\/fr\/nouveautes\/\"},{\"@type\":\"ListItem\",\"position\":3,\"name\":\"Knowledge Management\"}]},{\"@type\":\"WebSite\",\"@id\":\"https:\/\/www.istegroup.com\/#website\",\"url\":\"https:\/\/www.istegroup.com\/\",\"name\":\"ISTE Group\",\"description\":\"Publishing Knowledge\",\"potentialAction\":[{\"@type\":\"SearchAction\",\"target\":{\"@type\":\"EntryPoint\",\"urlTemplate\":\"https:\/\/www.istegroup.com\/?s={search_term_string}\"},\"query-input\":{\"@type\":\"PropertyValueSpecification\",\"valueRequired\":true,\"valueName\":\"search_term_string\"}}],\"inLanguage\":\"en-US\"}]}<\/script>\n<!-- \/ Yoast SEO plugin. -->","yoast_head_json":{"title":"Knowledge Management - ISTE Group","description":"Le\u00a0Knowledge Management est un enjeu strat\u00e9gique pour les entreprises priv\u00e9es et publiques, ainsi que pour les organismes de normalisation tels que l\u2019Organisation internationale de normalisation (ISO) et l\u2019Agence internationale de l\u2019\u00e9nergie atomique (AIEA), qui l\u2019ont r\u00e9cemment int\u00e9gr\u00e9 dans leurs exigences.","robots":{"index":"index","follow":"follow","max-snippet":"max-snippet:-1","max-image-preview":"max-image-preview:large","max-video-preview":"max-video-preview:-1"},"canonical":"https:\/\/www.istegroup.com\/en\/produit\/knowledge-management\/","og_locale":"en_US","og_type":"article","og_title":"Knowledge Management - ISTE Group","og_description":"Le\u00a0Knowledge Management est un enjeu strat\u00e9gique pour les entreprises priv\u00e9es et publiques, ainsi que pour les organismes de normalisation tels que l\u2019Organisation internationale de normalisation (ISO) et l\u2019Agence internationale de l\u2019\u00e9nergie atomique (AIEA), qui l\u2019ont r\u00e9cemment int\u00e9gr\u00e9 dans leurs exigences.","og_url":"https:\/\/www.istegroup.com\/en\/produit\/knowledge-management\/","og_site_name":"ISTE Group","article_modified_time":"2024-01-03T13:42:33+00:00","og_image":[{"width":1694,"height":2560,"url":"https:\/\/www.istegroup.com\/wp-content\/uploads\/2018\/07\/Ermine_Front-scaled.jpg","type":"image\/jpeg"}],"twitter_card":"summary_large_image","twitter_misc":{"Est. reading time":"1 minute"},"schema":{"@context":"https:\/\/schema.org","@graph":[{"@type":"WebPage","@id":"https:\/\/www.istegroup.com\/en\/produit\/knowledge-management\/","url":"https:\/\/www.istegroup.com\/en\/produit\/knowledge-management\/","name":"Knowledge Management - ISTE Group","isPartOf":{"@id":"https:\/\/www.istegroup.com\/#website"},"primaryImageOfPage":{"@id":"https:\/\/www.istegroup.com\/en\/produit\/knowledge-management\/#primaryimage"},"image":{"@id":"https:\/\/www.istegroup.com\/en\/produit\/knowledge-management\/#primaryimage"},"thumbnailUrl":"https:\/\/www.istegroup.com\/wp-content\/uploads\/2018\/07\/Ermine_Front-scaled.jpg","datePublished":"2018-07-16T11:26:41+00:00","dateModified":"2024-01-03T13:42:33+00:00","description":"Le\u00a0Knowledge Management est un enjeu strat\u00e9gique pour les entreprises priv\u00e9es et publiques, ainsi que pour les organismes de normalisation tels que l\u2019Organisation internationale de normalisation (ISO) et l\u2019Agence internationale de l\u2019\u00e9nergie atomique (AIEA), qui l\u2019ont r\u00e9cemment int\u00e9gr\u00e9 dans leurs exigences.","breadcrumb":{"@id":"https:\/\/www.istegroup.com\/en\/produit\/knowledge-management\/#breadcrumb"},"inLanguage":"en-US","potentialAction":[{"@type":"ReadAction","target":["https:\/\/www.istegroup.com\/en\/produit\/knowledge-management\/"]}]},{"@type":"ImageObject","inLanguage":"en-US","@id":"https:\/\/www.istegroup.com\/en\/produit\/knowledge-management\/#primaryimage","url":"https:\/\/www.istegroup.com\/wp-content\/uploads\/2018\/07\/Ermine_Front-scaled.jpg","contentUrl":"https:\/\/www.istegroup.com\/wp-content\/uploads\/2018\/07\/Ermine_Front-scaled.jpg","width":1694,"height":2560,"caption":"La boucle cr\u00e9ative"},{"@type":"BreadcrumbList","@id":"https:\/\/www.istegroup.com\/en\/produit\/knowledge-management\/#breadcrumb","itemListElement":[{"@type":"ListItem","position":1,"name":"Home","item":"https:\/\/www.istegroup.com\/"},{"@type":"ListItem","position":2,"name":"Shop","item":"https:\/\/www.istegroup.com\/fr\/nouveautes\/"},{"@type":"ListItem","position":3,"name":"Knowledge Management"}]},{"@type":"WebSite","@id":"https:\/\/www.istegroup.com\/#website","url":"https:\/\/www.istegroup.com\/","name":"ISTE Group","description":"Publishing Knowledge","potentialAction":[{"@type":"SearchAction","target":{"@type":"EntryPoint","urlTemplate":"https:\/\/www.istegroup.com\/?s={search_term_string}"},"query-input":{"@type":"PropertyValueSpecification","valueRequired":true,"valueName":"search_term_string"}}],"inLanguage":"en-US"}]}},"_links":{"self":[{"href":"https:\/\/www.istegroup.com\/en\/wp-json\/wp\/v2\/product\/13916","targetHints":{"allow":["GET"]}}],"collection":[{"href":"https:\/\/www.istegroup.com\/en\/wp-json\/wp\/v2\/product"}],"about":[{"href":"https:\/\/www.istegroup.com\/en\/wp-json\/wp\/v2\/types\/product"}],"wp:featuredmedia":[{"embeddable":true,"href":"https:\/\/www.istegroup.com\/en\/wp-json\/wp\/v2\/media\/13923"}],"wp:attachment":[{"href":"https:\/\/www.istegroup.com\/en\/wp-json\/wp\/v2\/media?parent=13916"}],"wp:term":[{"taxonomy":"product_brand","embeddable":true,"href":"https:\/\/www.istegroup.com\/en\/wp-json\/wp\/v2\/product_brand?post=13916"},{"taxonomy":"product_cat","embeddable":true,"href":"https:\/\/www.istegroup.com\/en\/wp-json\/wp\/v2\/product_cat?post=13916"},{"taxonomy":"product_tag","embeddable":true,"href":"https:\/\/www.istegroup.com\/en\/wp-json\/wp\/v2\/product_tag?post=13916"}],"curies":[{"name":"wp","href":"https:\/\/api.w.org\/{rel}","templated":true}]}}