{"id":13787,"date":"2018-07-09T16:50:06","date_gmt":"2018-07-09T14:50:06","guid":{"rendered":"https:\/\/iste.yhello.co\/?post_type=product&#038;p=13787"},"modified":"2024-01-03T13:42:29","modified_gmt":"2024-01-03T13:42:29","slug":"la-telepresence-en-formation","status":"publish","type":"product","link":"https:\/\/www.istegroup.com\/en\/produit\/la-telepresence-en-formation\/","title":{"rendered":"La t\u00e9l\u00e9pr\u00e9sence en formation"},"content":{"rendered":"<p>Les diverses formes de t\u00e9l\u00e9pr\u00e9sence en \u00e9ducation, en formation \u00e0 distance, dans l\u2019accompagnement des \u00e9tudiants, dans l\u2019usage d\u2019environnements d\u2019apprentissage ou encore au sein de dispositifs de robots de t\u00e9l\u00e9pr\u00e9sence se d\u00e9veloppent dans les universit\u00e9s et les \u00e9coles sup\u00e9rieures de formation professionnelle.<\/p>\n<p>Elles constituent l\u2019opportunit\u00e9 de reformuler des questionnements et soul\u00e8vent des probl\u00e9matiques vives. On peut ainsi se demander comment penser l\u2019articulation entre pr\u00e9sence et absence dans ces dispositifs et rendre possible la pr\u00e9sence des absents, ou encore s\u2019interroger sur la fa\u00e7on dont se transforme le travail collaboratif. Les \u00e9ventuels effets sur les processus de m\u00e9diation et sur les perceptions du corps et les identit\u00e9s doivent \u00e9galement \u00eatre examin\u00e9s.<\/p>\n<p><em>La t\u00e9l\u00e9pr\u00e9sence en formation<\/em>\u00a0rassemble des textes qui tentent de travailler ces questions \u00e0 partir de recherches et de pratiques d\u2019accompagnement d\u2019\u00e9tudiants du sup\u00e9rieur, de formation des enseignants et de dispositifs de t\u00e9l\u00e9pr\u00e9sence en France, en Belgique, en Suisse et au Qu\u00e9bec.<\/p>\n","protected":false},"excerpt":{"rendered":"<p>Les diverses formes de t\u00e9l\u00e9pr\u00e9sence en \u00e9ducation, en formation \u00e0 distance, dans l\u2019accompagnement des \u00e9tudiants, dans l\u2019usage d\u2019environnements d\u2019apprentissage ou encore au sein de dispositifs de robots de t\u00e9l\u00e9pr\u00e9sence se d\u00e9veloppent dans les universit\u00e9s et les \u00e9coles sup\u00e9rieures de formation professionnelle. Elles constituent l\u2019opportunit\u00e9 de reformuler des questionnements et soul\u00e8vent des probl\u00e9matiques vives. On peut [&hellip;]<\/p>\n","protected":false},"featured_media":13793,"template":"","meta":{"_acf_changed":false,"_links_to":"","_links_to_target":""},"product_brand":[],"product_cat":[3262],"product_tag":[],"class_list":{"0":"post-13787","1":"product","2":"type-product","3":"status-publish","4":"has-post-thumbnail","6":"product_cat-non-classe","8":"first","9":"instock","10":"shipping-taxable","11":"purchasable","12":"product-type-variable"},"acf":[],"yoast_head":"<!-- This site is optimized with the Yoast SEO plugin v27.2 - https:\/\/yoast.com\/product\/yoast-seo-wordpress\/ -->\n<title>La t\u00e9l\u00e9pr\u00e9sence en formation - ISTE Group<\/title>\n<meta name=\"description\" content=\"Les diverses formes de t\u00e9l\u00e9pr\u00e9sence en \u00e9ducation, en formation \u00e0 distance, dans l\u2019accompagnement des \u00e9tudiants, dans l\u2019usage d\u2019environnements d\u2019apprentissage ou encore au sein de dispositifs de robots de t\u00e9l\u00e9pr\u00e9sence se d\u00e9veloppent dans les universit\u00e9s et les \u00e9coles sup\u00e9rieures de formation professionnelle.\" \/>\n<meta name=\"robots\" content=\"index, follow, max-snippet:-1, max-image-preview:large, max-video-preview:-1\" \/>\n<link rel=\"canonical\" href=\"https:\/\/www.istegroup.com\/fr\/produit\/la-telepresence-en-formation\/\" \/>\n<meta property=\"og:locale\" content=\"en_US\" \/>\n<meta property=\"og:type\" content=\"article\" \/>\n<meta property=\"og:title\" content=\"La t\u00e9l\u00e9pr\u00e9sence en formation - ISTE Group\" \/>\n<meta property=\"og:description\" content=\"Les diverses formes de t\u00e9l\u00e9pr\u00e9sence en \u00e9ducation, en formation \u00e0 distance, dans l\u2019accompagnement des \u00e9tudiants, dans l\u2019usage d\u2019environnements d\u2019apprentissage ou encore au sein de dispositifs de robots de t\u00e9l\u00e9pr\u00e9sence se d\u00e9veloppent dans les universit\u00e9s et les \u00e9coles sup\u00e9rieures de formation professionnelle.\" \/>\n<meta property=\"og:url\" content=\"https:\/\/www.istegroup.com\/fr\/produit\/la-telepresence-en-formation\/\" \/>\n<meta property=\"og:site_name\" content=\"ISTE Group\" \/>\n<meta property=\"article:modified_time\" content=\"2024-01-03T13:42:29+00:00\" \/>\n<meta property=\"og:image\" content=\"https:\/\/www.istegroup.com\/wp-content\/uploads\/2018\/07\/Rinaudo_Front-scaled.jpg\" \/>\n\t<meta property=\"og:image:width\" content=\"1666\" \/>\n\t<meta property=\"og:image:height\" content=\"2560\" \/>\n\t<meta property=\"og:image:type\" content=\"image\/jpeg\" \/>\n<meta name=\"twitter:card\" content=\"summary_large_image\" \/>\n<meta name=\"twitter:label1\" content=\"Est. reading time\" \/>\n\t<meta name=\"twitter:data1\" content=\"1 minute\" \/>\n<script type=\"application\/ld+json\" class=\"yoast-schema-graph\">{\"@context\":\"https:\/\/schema.org\",\"@graph\":[{\"@type\":\"WebPage\",\"@id\":\"https:\/\/www.istegroup.com\/fr\/produit\/la-telepresence-en-formation\/\",\"url\":\"https:\/\/www.istegroup.com\/fr\/produit\/la-telepresence-en-formation\/\",\"name\":\"La t\u00e9l\u00e9pr\u00e9sence en formation - ISTE Group\",\"isPartOf\":{\"@id\":\"https:\/\/www.istegroup.com\/#website\"},\"primaryImageOfPage\":{\"@id\":\"https:\/\/www.istegroup.com\/fr\/produit\/la-telepresence-en-formation\/#primaryimage\"},\"image\":{\"@id\":\"https:\/\/www.istegroup.com\/fr\/produit\/la-telepresence-en-formation\/#primaryimage\"},\"thumbnailUrl\":\"https:\/\/www.istegroup.com\/wp-content\/uploads\/2018\/07\/Rinaudo_Front-scaled.jpg\",\"datePublished\":\"2018-07-09T14:50:06+00:00\",\"dateModified\":\"2024-01-03T13:42:29+00:00\",\"description\":\"Les diverses formes de t\u00e9l\u00e9pr\u00e9sence en \u00e9ducation, en formation \u00e0 distance, dans l\u2019accompagnement des \u00e9tudiants, dans l\u2019usage d\u2019environnements d\u2019apprentissage ou encore au sein de dispositifs de robots de t\u00e9l\u00e9pr\u00e9sence se d\u00e9veloppent dans les universit\u00e9s et les \u00e9coles sup\u00e9rieures de formation professionnelle.\",\"breadcrumb\":{\"@id\":\"https:\/\/www.istegroup.com\/fr\/produit\/la-telepresence-en-formation\/#breadcrumb\"},\"inLanguage\":\"en-US\",\"potentialAction\":[{\"@type\":\"ReadAction\",\"target\":[\"https:\/\/www.istegroup.com\/fr\/produit\/la-telepresence-en-formation\/\"]}]},{\"@type\":\"ImageObject\",\"inLanguage\":\"en-US\",\"@id\":\"https:\/\/www.istegroup.com\/fr\/produit\/la-telepresence-en-formation\/#primaryimage\",\"url\":\"https:\/\/www.istegroup.com\/wp-content\/uploads\/2018\/07\/Rinaudo_Front-scaled.jpg\",\"contentUrl\":\"https:\/\/www.istegroup.com\/wp-content\/uploads\/2018\/07\/Rinaudo_Front-scaled.jpg\",\"width\":1666,\"height\":2560,\"caption\":\"La t\u00e9l\u00e9pr\u00e9sence en formation ISTE Group\"},{\"@type\":\"BreadcrumbList\",\"@id\":\"https:\/\/www.istegroup.com\/fr\/produit\/la-telepresence-en-formation\/#breadcrumb\",\"itemListElement\":[{\"@type\":\"ListItem\",\"position\":1,\"name\":\"Home\",\"item\":\"https:\/\/www.istegroup.com\/\"},{\"@type\":\"ListItem\",\"position\":2,\"name\":\"Shop\",\"item\":\"https:\/\/www.istegroup.com\/fr\/nouveautes\/\"},{\"@type\":\"ListItem\",\"position\":3,\"name\":\"La t\u00e9l\u00e9pr\u00e9sence en formation\"}]},{\"@type\":\"WebSite\",\"@id\":\"https:\/\/www.istegroup.com\/#website\",\"url\":\"https:\/\/www.istegroup.com\/\",\"name\":\"ISTE Group\",\"description\":\"Publishing Knowledge\",\"potentialAction\":[{\"@type\":\"SearchAction\",\"target\":{\"@type\":\"EntryPoint\",\"urlTemplate\":\"https:\/\/www.istegroup.com\/?s={search_term_string}\"},\"query-input\":{\"@type\":\"PropertyValueSpecification\",\"valueRequired\":true,\"valueName\":\"search_term_string\"}}],\"inLanguage\":\"en-US\"}]}<\/script>\n<!-- \/ Yoast SEO plugin. -->","yoast_head_json":{"title":"La t\u00e9l\u00e9pr\u00e9sence en formation - ISTE Group","description":"Les diverses formes de t\u00e9l\u00e9pr\u00e9sence en \u00e9ducation, en formation \u00e0 distance, dans l\u2019accompagnement des \u00e9tudiants, dans l\u2019usage d\u2019environnements d\u2019apprentissage ou encore au sein de dispositifs de robots de t\u00e9l\u00e9pr\u00e9sence se d\u00e9veloppent dans les universit\u00e9s et les \u00e9coles sup\u00e9rieures de formation professionnelle.","robots":{"index":"index","follow":"follow","max-snippet":"max-snippet:-1","max-image-preview":"max-image-preview:large","max-video-preview":"max-video-preview:-1"},"canonical":"https:\/\/www.istegroup.com\/fr\/produit\/la-telepresence-en-formation\/","og_locale":"en_US","og_type":"article","og_title":"La t\u00e9l\u00e9pr\u00e9sence en formation - ISTE Group","og_description":"Les diverses formes de t\u00e9l\u00e9pr\u00e9sence en \u00e9ducation, en formation \u00e0 distance, dans l\u2019accompagnement des \u00e9tudiants, dans l\u2019usage d\u2019environnements d\u2019apprentissage ou encore au sein de dispositifs de robots de t\u00e9l\u00e9pr\u00e9sence se d\u00e9veloppent dans les universit\u00e9s et les \u00e9coles sup\u00e9rieures de formation professionnelle.","og_url":"https:\/\/www.istegroup.com\/fr\/produit\/la-telepresence-en-formation\/","og_site_name":"ISTE Group","article_modified_time":"2024-01-03T13:42:29+00:00","og_image":[{"width":1666,"height":2560,"url":"https:\/\/www.istegroup.com\/wp-content\/uploads\/2018\/07\/Rinaudo_Front-scaled.jpg","type":"image\/jpeg"}],"twitter_card":"summary_large_image","twitter_misc":{"Est. reading time":"1 minute"},"schema":{"@context":"https:\/\/schema.org","@graph":[{"@type":"WebPage","@id":"https:\/\/www.istegroup.com\/fr\/produit\/la-telepresence-en-formation\/","url":"https:\/\/www.istegroup.com\/fr\/produit\/la-telepresence-en-formation\/","name":"La t\u00e9l\u00e9pr\u00e9sence en formation - ISTE Group","isPartOf":{"@id":"https:\/\/www.istegroup.com\/#website"},"primaryImageOfPage":{"@id":"https:\/\/www.istegroup.com\/fr\/produit\/la-telepresence-en-formation\/#primaryimage"},"image":{"@id":"https:\/\/www.istegroup.com\/fr\/produit\/la-telepresence-en-formation\/#primaryimage"},"thumbnailUrl":"https:\/\/www.istegroup.com\/wp-content\/uploads\/2018\/07\/Rinaudo_Front-scaled.jpg","datePublished":"2018-07-09T14:50:06+00:00","dateModified":"2024-01-03T13:42:29+00:00","description":"Les diverses formes de t\u00e9l\u00e9pr\u00e9sence en \u00e9ducation, en formation \u00e0 distance, dans l\u2019accompagnement des \u00e9tudiants, dans l\u2019usage d\u2019environnements d\u2019apprentissage ou encore au sein de dispositifs de robots de t\u00e9l\u00e9pr\u00e9sence se d\u00e9veloppent dans les universit\u00e9s et les \u00e9coles sup\u00e9rieures de formation professionnelle.","breadcrumb":{"@id":"https:\/\/www.istegroup.com\/fr\/produit\/la-telepresence-en-formation\/#breadcrumb"},"inLanguage":"en-US","potentialAction":[{"@type":"ReadAction","target":["https:\/\/www.istegroup.com\/fr\/produit\/la-telepresence-en-formation\/"]}]},{"@type":"ImageObject","inLanguage":"en-US","@id":"https:\/\/www.istegroup.com\/fr\/produit\/la-telepresence-en-formation\/#primaryimage","url":"https:\/\/www.istegroup.com\/wp-content\/uploads\/2018\/07\/Rinaudo_Front-scaled.jpg","contentUrl":"https:\/\/www.istegroup.com\/wp-content\/uploads\/2018\/07\/Rinaudo_Front-scaled.jpg","width":1666,"height":2560,"caption":"La t\u00e9l\u00e9pr\u00e9sence en formation ISTE Group"},{"@type":"BreadcrumbList","@id":"https:\/\/www.istegroup.com\/fr\/produit\/la-telepresence-en-formation\/#breadcrumb","itemListElement":[{"@type":"ListItem","position":1,"name":"Home","item":"https:\/\/www.istegroup.com\/"},{"@type":"ListItem","position":2,"name":"Shop","item":"https:\/\/www.istegroup.com\/fr\/nouveautes\/"},{"@type":"ListItem","position":3,"name":"La t\u00e9l\u00e9pr\u00e9sence en formation"}]},{"@type":"WebSite","@id":"https:\/\/www.istegroup.com\/#website","url":"https:\/\/www.istegroup.com\/","name":"ISTE Group","description":"Publishing Knowledge","potentialAction":[{"@type":"SearchAction","target":{"@type":"EntryPoint","urlTemplate":"https:\/\/www.istegroup.com\/?s={search_term_string}"},"query-input":{"@type":"PropertyValueSpecification","valueRequired":true,"valueName":"search_term_string"}}],"inLanguage":"en-US"}]}},"_links":{"self":[{"href":"https:\/\/www.istegroup.com\/en\/wp-json\/wp\/v2\/product\/13787","targetHints":{"allow":["GET"]}}],"collection":[{"href":"https:\/\/www.istegroup.com\/en\/wp-json\/wp\/v2\/product"}],"about":[{"href":"https:\/\/www.istegroup.com\/en\/wp-json\/wp\/v2\/types\/product"}],"wp:featuredmedia":[{"embeddable":true,"href":"https:\/\/www.istegroup.com\/en\/wp-json\/wp\/v2\/media\/13793"}],"wp:attachment":[{"href":"https:\/\/www.istegroup.com\/en\/wp-json\/wp\/v2\/media?parent=13787"}],"wp:term":[{"taxonomy":"product_brand","embeddable":true,"href":"https:\/\/www.istegroup.com\/en\/wp-json\/wp\/v2\/product_brand?post=13787"},{"taxonomy":"product_cat","embeddable":true,"href":"https:\/\/www.istegroup.com\/en\/wp-json\/wp\/v2\/product_cat?post=13787"},{"taxonomy":"product_tag","embeddable":true,"href":"https:\/\/www.istegroup.com\/en\/wp-json\/wp\/v2\/product_tag?post=13787"}],"curies":[{"name":"wp","href":"https:\/\/api.w.org\/{rel}","templated":true}]}}