{"id":13751,"date":"2018-07-09T16:05:45","date_gmt":"2018-07-09T14:05:45","guid":{"rendered":"https:\/\/iste.yhello.co\/?post_type=product&#038;p=13751"},"modified":"2024-01-03T13:42:29","modified_gmt":"2024-01-03T13:42:29","slug":"introduction-a-la-modelisation-par-equations-structurales","status":"publish","type":"product","link":"https:\/\/www.istegroup.com\/en\/produit\/introduction-a-la-modelisation-par-equations-structurales\/","title":{"rendered":"Introduction \u00e0 la mod\u00e9lisation par \u00e9quations structurales"},"content":{"rendered":"<p>Cet ouvrage pr\u00e9sente la mod\u00e9lisation par \u00e9quations structurales et facilite l\u2019acc\u00e8s des \u00e9tudiants et chercheurs, dans diff\u00e9rents domaines, \u00e0 ce puissant outil statistique. Il permet une initiation didactique \u00e0 la mod\u00e9lisation structurale mais aussi une prise en main du logiciel open-source lavaan qui offre des fonctionnalit\u00e9s techniques riches et compl\u00e8tes.<\/p>\n<p><em>Introduction \u00e0 la mod\u00e9lisation par \u00e9quations structurales\u00a0<\/em>aide ainsi le lecteur \u00e0 acqu\u00e9rir une certaine autonomie dans l\u2019utilisation de la mod\u00e9lisation pour tester des mod\u00e8les en pistes causales et des mod\u00e8les dyadiques, r\u00e9aliser des analyses factorielles confirmatoires, \u00e9valuer des mod\u00e8les plus complexes tels que les mod\u00e8les structuraux g\u00e9n\u00e9raux avec variables latentes et les mod\u00e8les de d\u00e9veloppement latent.<\/p>\n<p>La mod\u00e9lisation structurale y est abord\u00e9e tant du point de vue de son processus, c\u2019est-\u00e0-dire les diff\u00e9rentes \u00e9tapes de son utilisation, que du point de vue de son produit, c\u2019est-\u00e0-dire les r\u00e9sultats qu\u2019elle g\u00e9n\u00e8re et leur lecture.<\/p>\n","protected":false},"excerpt":{"rendered":"<p>Cet ouvrage pr\u00e9sente la mod\u00e9lisation par \u00e9quations structurales et facilite l\u2019acc\u00e8s des \u00e9tudiants et chercheurs, dans diff\u00e9rents domaines, \u00e0 ce puissant outil statistique. Il permet une initiation didactique \u00e0 la mod\u00e9lisation structurale mais aussi une prise en main du logiciel open-source lavaan qui offre des fonctionnalit\u00e9s techniques riches et compl\u00e8tes. Introduction \u00e0 la mod\u00e9lisation par [&hellip;]<\/p>\n","protected":false},"featured_media":13759,"template":"","meta":{"_acf_changed":false,"_links_to":"","_links_to_target":""},"product_brand":[],"product_cat":[3262],"product_tag":[],"class_list":{"0":"post-13751","1":"product","2":"type-product","3":"status-publish","4":"has-post-thumbnail","6":"product_cat-non-classe","8":"first","9":"instock","10":"shipping-taxable","11":"purchasable","12":"product-type-variable"},"acf":[],"yoast_head":"<!-- This site is optimized with the Yoast SEO plugin v27.2 - https:\/\/yoast.com\/product\/yoast-seo-wordpress\/ -->\n<title>Introduction \u00e0 la mod\u00e9lisation par \u00e9quations structurales - ISTE Group<\/title>\n<meta name=\"description\" content=\"Cet ouvrage pr\u00e9sente la mod\u00e9lisation par \u00e9quations structurales et facilite l\u2019acc\u00e8s des \u00e9tudiants et chercheurs, dans diff\u00e9rents domaines, \u00e0 ce puissant outil statistique.\" \/>\n<meta name=\"robots\" content=\"index, follow, max-snippet:-1, max-image-preview:large, max-video-preview:-1\" \/>\n<link rel=\"canonical\" href=\"https:\/\/www.istegroup.com\/fr\/produit\/introduction-a-la-modelisation-par-equations-structurales\/\" \/>\n<meta property=\"og:locale\" content=\"en_US\" \/>\n<meta property=\"og:type\" content=\"article\" \/>\n<meta property=\"og:title\" content=\"Introduction \u00e0 la mod\u00e9lisation par \u00e9quations structurales - ISTE Group\" \/>\n<meta property=\"og:description\" content=\"Cet ouvrage pr\u00e9sente la mod\u00e9lisation par \u00e9quations structurales et facilite l\u2019acc\u00e8s des \u00e9tudiants et chercheurs, dans diff\u00e9rents domaines, \u00e0 ce puissant outil statistique.\" \/>\n<meta property=\"og:url\" content=\"https:\/\/www.istegroup.com\/fr\/produit\/introduction-a-la-modelisation-par-equations-structurales\/\" \/>\n<meta property=\"og:site_name\" content=\"ISTE Group\" \/>\n<meta property=\"article:modified_time\" content=\"2024-01-03T13:42:29+00:00\" \/>\n<meta property=\"og:image\" content=\"https:\/\/www.istegroup.com\/wp-content\/uploads\/2018\/07\/Gana_Front-scaled.jpg\" \/>\n\t<meta property=\"og:image:width\" content=\"1690\" \/>\n\t<meta property=\"og:image:height\" content=\"2560\" \/>\n\t<meta property=\"og:image:type\" content=\"image\/jpeg\" \/>\n<meta name=\"twitter:card\" content=\"summary_large_image\" \/>\n<meta name=\"twitter:label1\" content=\"Est. reading time\" \/>\n\t<meta name=\"twitter:data1\" content=\"1 minute\" \/>\n<script type=\"application\/ld+json\" class=\"yoast-schema-graph\">{\"@context\":\"https:\/\/schema.org\",\"@graph\":[{\"@type\":\"WebPage\",\"@id\":\"https:\/\/www.istegroup.com\/fr\/produit\/introduction-a-la-modelisation-par-equations-structurales\/\",\"url\":\"https:\/\/www.istegroup.com\/fr\/produit\/introduction-a-la-modelisation-par-equations-structurales\/\",\"name\":\"Introduction \u00e0 la mod\u00e9lisation par \u00e9quations structurales - ISTE Group\",\"isPartOf\":{\"@id\":\"https:\/\/www.istegroup.com\/#website\"},\"primaryImageOfPage\":{\"@id\":\"https:\/\/www.istegroup.com\/fr\/produit\/introduction-a-la-modelisation-par-equations-structurales\/#primaryimage\"},\"image\":{\"@id\":\"https:\/\/www.istegroup.com\/fr\/produit\/introduction-a-la-modelisation-par-equations-structurales\/#primaryimage\"},\"thumbnailUrl\":\"https:\/\/www.istegroup.com\/wp-content\/uploads\/2018\/07\/Gana_Front-scaled.jpg\",\"datePublished\":\"2018-07-09T14:05:45+00:00\",\"dateModified\":\"2024-01-03T13:42:29+00:00\",\"description\":\"Cet ouvrage pr\u00e9sente la mod\u00e9lisation par \u00e9quations structurales et facilite l\u2019acc\u00e8s des \u00e9tudiants et chercheurs, dans diff\u00e9rents domaines, \u00e0 ce puissant outil statistique.\",\"breadcrumb\":{\"@id\":\"https:\/\/www.istegroup.com\/fr\/produit\/introduction-a-la-modelisation-par-equations-structurales\/#breadcrumb\"},\"inLanguage\":\"en-US\",\"potentialAction\":[{\"@type\":\"ReadAction\",\"target\":[\"https:\/\/www.istegroup.com\/fr\/produit\/introduction-a-la-modelisation-par-equations-structurales\/\"]}]},{\"@type\":\"ImageObject\",\"inLanguage\":\"en-US\",\"@id\":\"https:\/\/www.istegroup.com\/fr\/produit\/introduction-a-la-modelisation-par-equations-structurales\/#primaryimage\",\"url\":\"https:\/\/www.istegroup.com\/wp-content\/uploads\/2018\/07\/Gana_Front-scaled.jpg\",\"contentUrl\":\"https:\/\/www.istegroup.com\/wp-content\/uploads\/2018\/07\/Gana_Front-scaled.jpg\",\"width\":1690,\"height\":2560,\"caption\":\"Manuel pratique avec lavaan\"},{\"@type\":\"BreadcrumbList\",\"@id\":\"https:\/\/www.istegroup.com\/fr\/produit\/introduction-a-la-modelisation-par-equations-structurales\/#breadcrumb\",\"itemListElement\":[{\"@type\":\"ListItem\",\"position\":1,\"name\":\"Home\",\"item\":\"https:\/\/www.istegroup.com\/\"},{\"@type\":\"ListItem\",\"position\":2,\"name\":\"Shop\",\"item\":\"https:\/\/www.istegroup.com\/fr\/nouveautes\/\"},{\"@type\":\"ListItem\",\"position\":3,\"name\":\"Introduction \u00e0 la mod\u00e9lisation par \u00e9quations structurales\"}]},{\"@type\":\"WebSite\",\"@id\":\"https:\/\/www.istegroup.com\/#website\",\"url\":\"https:\/\/www.istegroup.com\/\",\"name\":\"ISTE Group\",\"description\":\"Publishing Knowledge\",\"potentialAction\":[{\"@type\":\"SearchAction\",\"target\":{\"@type\":\"EntryPoint\",\"urlTemplate\":\"https:\/\/www.istegroup.com\/?s={search_term_string}\"},\"query-input\":{\"@type\":\"PropertyValueSpecification\",\"valueRequired\":true,\"valueName\":\"search_term_string\"}}],\"inLanguage\":\"en-US\"}]}<\/script>\n<!-- \/ Yoast SEO plugin. -->","yoast_head_json":{"title":"Introduction \u00e0 la mod\u00e9lisation par \u00e9quations structurales - ISTE Group","description":"Cet ouvrage pr\u00e9sente la mod\u00e9lisation par \u00e9quations structurales et facilite l\u2019acc\u00e8s des \u00e9tudiants et chercheurs, dans diff\u00e9rents domaines, \u00e0 ce puissant outil statistique.","robots":{"index":"index","follow":"follow","max-snippet":"max-snippet:-1","max-image-preview":"max-image-preview:large","max-video-preview":"max-video-preview:-1"},"canonical":"https:\/\/www.istegroup.com\/fr\/produit\/introduction-a-la-modelisation-par-equations-structurales\/","og_locale":"en_US","og_type":"article","og_title":"Introduction \u00e0 la mod\u00e9lisation par \u00e9quations structurales - ISTE Group","og_description":"Cet ouvrage pr\u00e9sente la mod\u00e9lisation par \u00e9quations structurales et facilite l\u2019acc\u00e8s des \u00e9tudiants et chercheurs, dans diff\u00e9rents domaines, \u00e0 ce puissant outil statistique.","og_url":"https:\/\/www.istegroup.com\/fr\/produit\/introduction-a-la-modelisation-par-equations-structurales\/","og_site_name":"ISTE Group","article_modified_time":"2024-01-03T13:42:29+00:00","og_image":[{"width":1690,"height":2560,"url":"https:\/\/www.istegroup.com\/wp-content\/uploads\/2018\/07\/Gana_Front-scaled.jpg","type":"image\/jpeg"}],"twitter_card":"summary_large_image","twitter_misc":{"Est. reading time":"1 minute"},"schema":{"@context":"https:\/\/schema.org","@graph":[{"@type":"WebPage","@id":"https:\/\/www.istegroup.com\/fr\/produit\/introduction-a-la-modelisation-par-equations-structurales\/","url":"https:\/\/www.istegroup.com\/fr\/produit\/introduction-a-la-modelisation-par-equations-structurales\/","name":"Introduction \u00e0 la mod\u00e9lisation par \u00e9quations structurales - ISTE Group","isPartOf":{"@id":"https:\/\/www.istegroup.com\/#website"},"primaryImageOfPage":{"@id":"https:\/\/www.istegroup.com\/fr\/produit\/introduction-a-la-modelisation-par-equations-structurales\/#primaryimage"},"image":{"@id":"https:\/\/www.istegroup.com\/fr\/produit\/introduction-a-la-modelisation-par-equations-structurales\/#primaryimage"},"thumbnailUrl":"https:\/\/www.istegroup.com\/wp-content\/uploads\/2018\/07\/Gana_Front-scaled.jpg","datePublished":"2018-07-09T14:05:45+00:00","dateModified":"2024-01-03T13:42:29+00:00","description":"Cet ouvrage pr\u00e9sente la mod\u00e9lisation par \u00e9quations structurales et facilite l\u2019acc\u00e8s des \u00e9tudiants et chercheurs, dans diff\u00e9rents domaines, \u00e0 ce puissant outil statistique.","breadcrumb":{"@id":"https:\/\/www.istegroup.com\/fr\/produit\/introduction-a-la-modelisation-par-equations-structurales\/#breadcrumb"},"inLanguage":"en-US","potentialAction":[{"@type":"ReadAction","target":["https:\/\/www.istegroup.com\/fr\/produit\/introduction-a-la-modelisation-par-equations-structurales\/"]}]},{"@type":"ImageObject","inLanguage":"en-US","@id":"https:\/\/www.istegroup.com\/fr\/produit\/introduction-a-la-modelisation-par-equations-structurales\/#primaryimage","url":"https:\/\/www.istegroup.com\/wp-content\/uploads\/2018\/07\/Gana_Front-scaled.jpg","contentUrl":"https:\/\/www.istegroup.com\/wp-content\/uploads\/2018\/07\/Gana_Front-scaled.jpg","width":1690,"height":2560,"caption":"Manuel pratique avec lavaan"},{"@type":"BreadcrumbList","@id":"https:\/\/www.istegroup.com\/fr\/produit\/introduction-a-la-modelisation-par-equations-structurales\/#breadcrumb","itemListElement":[{"@type":"ListItem","position":1,"name":"Home","item":"https:\/\/www.istegroup.com\/"},{"@type":"ListItem","position":2,"name":"Shop","item":"https:\/\/www.istegroup.com\/fr\/nouveautes\/"},{"@type":"ListItem","position":3,"name":"Introduction \u00e0 la mod\u00e9lisation par \u00e9quations structurales"}]},{"@type":"WebSite","@id":"https:\/\/www.istegroup.com\/#website","url":"https:\/\/www.istegroup.com\/","name":"ISTE Group","description":"Publishing Knowledge","potentialAction":[{"@type":"SearchAction","target":{"@type":"EntryPoint","urlTemplate":"https:\/\/www.istegroup.com\/?s={search_term_string}"},"query-input":{"@type":"PropertyValueSpecification","valueRequired":true,"valueName":"search_term_string"}}],"inLanguage":"en-US"}]}},"_links":{"self":[{"href":"https:\/\/www.istegroup.com\/en\/wp-json\/wp\/v2\/product\/13751","targetHints":{"allow":["GET"]}}],"collection":[{"href":"https:\/\/www.istegroup.com\/en\/wp-json\/wp\/v2\/product"}],"about":[{"href":"https:\/\/www.istegroup.com\/en\/wp-json\/wp\/v2\/types\/product"}],"wp:featuredmedia":[{"embeddable":true,"href":"https:\/\/www.istegroup.com\/en\/wp-json\/wp\/v2\/media\/13759"}],"wp:attachment":[{"href":"https:\/\/www.istegroup.com\/en\/wp-json\/wp\/v2\/media?parent=13751"}],"wp:term":[{"taxonomy":"product_brand","embeddable":true,"href":"https:\/\/www.istegroup.com\/en\/wp-json\/wp\/v2\/product_brand?post=13751"},{"taxonomy":"product_cat","embeddable":true,"href":"https:\/\/www.istegroup.com\/en\/wp-json\/wp\/v2\/product_cat?post=13751"},{"taxonomy":"product_tag","embeddable":true,"href":"https:\/\/www.istegroup.com\/en\/wp-json\/wp\/v2\/product_tag?post=13751"}],"curies":[{"name":"wp","href":"https:\/\/api.w.org\/{rel}","templated":true}]}}