{"id":13713,"date":"2018-07-09T14:52:47","date_gmt":"2018-07-09T12:52:47","guid":{"rendered":"https:\/\/iste.yhello.co\/?post_type=product&#038;p=13713"},"modified":"2024-01-03T13:42:29","modified_gmt":"2024-01-03T13:42:29","slug":"reformulation-et-acquisition-de-la-complexite-linguistique","status":"publish","type":"product","link":"https:\/\/www.istegroup.com\/en\/produit\/reformulation-et-acquisition-de-la-complexite-linguistique\/","title":{"rendered":"Reformulation et acquisition de la complexit\u00e9 linguistique"},"content":{"rendered":"<p><em>Reformulation et acquisition de la complexit\u00e9 linguistique\u00a0<\/em>propose une nouvelle r\u00e9ponse \u00e0 la question de l\u2019appropriation ou de l\u2019acquisition de la langue maternelle, objet complexe, \u00e0 la fois stable et en perp\u00e9tuelle transformation.<\/p>\n<p>Cette r\u00e9ponse est fond\u00e9e sur le principe reformulatoire que les enfants appliquent spontan\u00e9ment. Ce principe est illustr\u00e9, ici, aupr\u00e8s d\u2019enfants qui restituent la m\u00eame histoire. Ils ont 6, 8 et 10 ans et grandissent dans les langues maternelles suivantes : fran\u00e7ais, italien, croate et polonais.<\/p>\n<p>L\u2019ouvrage d\u00e9montre que l\u2019acquisition de toute langue maternelle s\u2019explique par l\u2019application de diverses proc\u00e9dures de reformulation entre \u00e9nonc\u00e9s sources et \u00e9nonc\u00e9s reformul\u00e9s et que ces proc\u00e9dures sont comparables d\u2019une langue \u00e0 l\u2019autre et diff\u00e9rentes d\u2019une tranche d\u2019\u00e2ge \u00e0 l\u2019autre. Il interroge certains ph\u00e9nom\u00e8nes complexes, au niveau lexical ou syntaxique, et analyse comment les enfants, en fonction de leur \u00e2ge, traitent ces ph\u00e9nom\u00e8nes. Enfin, il montre que l\u2019acquisition de la langue maternelle est une entreprise fondamentalement linguistique.<\/p>\n","protected":false},"excerpt":{"rendered":"<p>Reformulation et acquisition de la complexit\u00e9 linguistique\u00a0propose une nouvelle r\u00e9ponse \u00e0 la question de l\u2019appropriation ou de l\u2019acquisition de la langue maternelle, objet complexe, \u00e0 la fois stable et en perp\u00e9tuelle transformation. Cette r\u00e9ponse est fond\u00e9e sur le principe reformulatoire que les enfants appliquent spontan\u00e9ment. Ce principe est illustr\u00e9, ici, aupr\u00e8s d\u2019enfants qui restituent la [&hellip;]<\/p>\n","protected":false},"featured_media":13726,"template":"","meta":{"_acf_changed":false,"_links_to":"","_links_to_target":""},"product_brand":[],"product_cat":[3262],"product_tag":[],"class_list":{"0":"post-13713","1":"product","2":"type-product","3":"status-publish","4":"has-post-thumbnail","6":"product_cat-non-classe","8":"first","9":"instock","10":"shipping-taxable","11":"purchasable","12":"product-type-variable"},"acf":[],"yoast_head":"<!-- This site is optimized with the Yoast SEO plugin v27.2 - https:\/\/yoast.com\/product\/yoast-seo-wordpress\/ -->\n<title>Reformulation et acquisition de la complexit\u00e9 linguistique - ISTE Group<\/title>\n<meta name=\"description\" content=\"Reformulation et acquisition de la complexit\u00e9 linguistique\u00a0propose une nouvelle r\u00e9ponse \u00e0 la question de l\u2019appropriation ou de l\u2019acquisition de la langue maternelle, objet complexe, \u00e0 la fois stable et en perp\u00e9tuelle transformation.\" \/>\n<meta name=\"robots\" content=\"index, follow, max-snippet:-1, max-image-preview:large, max-video-preview:-1\" \/>\n<link rel=\"canonical\" href=\"https:\/\/www.istegroup.com\/fr\/produit\/reformulation-et-acquisition-de-la-complexite-linguistique\/\" \/>\n<meta property=\"og:locale\" content=\"en_US\" \/>\n<meta property=\"og:type\" content=\"article\" \/>\n<meta property=\"og:title\" content=\"Reformulation et acquisition de la complexit\u00e9 linguistique - ISTE Group\" \/>\n<meta property=\"og:description\" content=\"Reformulation et acquisition de la complexit\u00e9 linguistique\u00a0propose une nouvelle r\u00e9ponse \u00e0 la question de l\u2019appropriation ou de l\u2019acquisition de la langue maternelle, objet complexe, \u00e0 la fois stable et en perp\u00e9tuelle transformation.\" \/>\n<meta property=\"og:url\" content=\"https:\/\/www.istegroup.com\/fr\/produit\/reformulation-et-acquisition-de-la-complexite-linguistique\/\" \/>\n<meta property=\"og:site_name\" content=\"ISTE Group\" \/>\n<meta property=\"article:modified_time\" content=\"2024-01-03T13:42:29+00:00\" \/>\n<meta property=\"og:image\" content=\"https:\/\/www.istegroup.com\/wp-content\/uploads\/2018\/07\/Martinot_Front-scaled.jpg\" \/>\n\t<meta property=\"og:image:width\" content=\"1706\" \/>\n\t<meta property=\"og:image:height\" content=\"2560\" \/>\n\t<meta property=\"og:image:type\" content=\"image\/jpeg\" \/>\n<meta name=\"twitter:card\" content=\"summary_large_image\" \/>\n<meta name=\"twitter:label1\" content=\"Est. reading time\" \/>\n\t<meta name=\"twitter:data1\" content=\"1 minute\" \/>\n<script type=\"application\/ld+json\" class=\"yoast-schema-graph\">{\"@context\":\"https:\/\/schema.org\",\"@graph\":[{\"@type\":\"WebPage\",\"@id\":\"https:\/\/www.istegroup.com\/fr\/produit\/reformulation-et-acquisition-de-la-complexite-linguistique\/\",\"url\":\"https:\/\/www.istegroup.com\/fr\/produit\/reformulation-et-acquisition-de-la-complexite-linguistique\/\",\"name\":\"Reformulation et acquisition de la complexit\u00e9 linguistique - ISTE Group\",\"isPartOf\":{\"@id\":\"https:\/\/www.istegroup.com\/#website\"},\"primaryImageOfPage\":{\"@id\":\"https:\/\/www.istegroup.com\/fr\/produit\/reformulation-et-acquisition-de-la-complexite-linguistique\/#primaryimage\"},\"image\":{\"@id\":\"https:\/\/www.istegroup.com\/fr\/produit\/reformulation-et-acquisition-de-la-complexite-linguistique\/#primaryimage\"},\"thumbnailUrl\":\"https:\/\/www.istegroup.com\/wp-content\/uploads\/2018\/07\/Martinot_Front-scaled.jpg\",\"datePublished\":\"2018-07-09T12:52:47+00:00\",\"dateModified\":\"2024-01-03T13:42:29+00:00\",\"description\":\"Reformulation et acquisition de la complexit\u00e9 linguistique\u00a0propose une nouvelle r\u00e9ponse \u00e0 la question de l\u2019appropriation ou de l\u2019acquisition de la langue maternelle, objet complexe, \u00e0 la fois stable et en perp\u00e9tuelle transformation.\",\"breadcrumb\":{\"@id\":\"https:\/\/www.istegroup.com\/fr\/produit\/reformulation-et-acquisition-de-la-complexite-linguistique\/#breadcrumb\"},\"inLanguage\":\"en-US\",\"potentialAction\":[{\"@type\":\"ReadAction\",\"target\":[\"https:\/\/www.istegroup.com\/fr\/produit\/reformulation-et-acquisition-de-la-complexite-linguistique\/\"]}]},{\"@type\":\"ImageObject\",\"inLanguage\":\"en-US\",\"@id\":\"https:\/\/www.istegroup.com\/fr\/produit\/reformulation-et-acquisition-de-la-complexite-linguistique\/#primaryimage\",\"url\":\"https:\/\/www.istegroup.com\/wp-content\/uploads\/2018\/07\/Martinot_Front-scaled.jpg\",\"contentUrl\":\"https:\/\/www.istegroup.com\/wp-content\/uploads\/2018\/07\/Martinot_Front-scaled.jpg\",\"width\":1706,\"height\":2560,\"caption\":\"Perspective interlangue\"},{\"@type\":\"BreadcrumbList\",\"@id\":\"https:\/\/www.istegroup.com\/fr\/produit\/reformulation-et-acquisition-de-la-complexite-linguistique\/#breadcrumb\",\"itemListElement\":[{\"@type\":\"ListItem\",\"position\":1,\"name\":\"Home\",\"item\":\"https:\/\/www.istegroup.com\/\"},{\"@type\":\"ListItem\",\"position\":2,\"name\":\"Shop\",\"item\":\"https:\/\/www.istegroup.com\/fr\/nouveautes\/\"},{\"@type\":\"ListItem\",\"position\":3,\"name\":\"Reformulation et acquisition de la complexit\u00e9 linguistique\"}]},{\"@type\":\"WebSite\",\"@id\":\"https:\/\/www.istegroup.com\/#website\",\"url\":\"https:\/\/www.istegroup.com\/\",\"name\":\"ISTE Group\",\"description\":\"Publishing Knowledge\",\"potentialAction\":[{\"@type\":\"SearchAction\",\"target\":{\"@type\":\"EntryPoint\",\"urlTemplate\":\"https:\/\/www.istegroup.com\/?s={search_term_string}\"},\"query-input\":{\"@type\":\"PropertyValueSpecification\",\"valueRequired\":true,\"valueName\":\"search_term_string\"}}],\"inLanguage\":\"en-US\"}]}<\/script>\n<!-- \/ Yoast SEO plugin. -->","yoast_head_json":{"title":"Reformulation et acquisition de la complexit\u00e9 linguistique - ISTE Group","description":"Reformulation et acquisition de la complexit\u00e9 linguistique\u00a0propose une nouvelle r\u00e9ponse \u00e0 la question de l\u2019appropriation ou de l\u2019acquisition de la langue maternelle, objet complexe, \u00e0 la fois stable et en perp\u00e9tuelle transformation.","robots":{"index":"index","follow":"follow","max-snippet":"max-snippet:-1","max-image-preview":"max-image-preview:large","max-video-preview":"max-video-preview:-1"},"canonical":"https:\/\/www.istegroup.com\/fr\/produit\/reformulation-et-acquisition-de-la-complexite-linguistique\/","og_locale":"en_US","og_type":"article","og_title":"Reformulation et acquisition de la complexit\u00e9 linguistique - ISTE Group","og_description":"Reformulation et acquisition de la complexit\u00e9 linguistique\u00a0propose une nouvelle r\u00e9ponse \u00e0 la question de l\u2019appropriation ou de l\u2019acquisition de la langue maternelle, objet complexe, \u00e0 la fois stable et en perp\u00e9tuelle transformation.","og_url":"https:\/\/www.istegroup.com\/fr\/produit\/reformulation-et-acquisition-de-la-complexite-linguistique\/","og_site_name":"ISTE Group","article_modified_time":"2024-01-03T13:42:29+00:00","og_image":[{"width":1706,"height":2560,"url":"https:\/\/www.istegroup.com\/wp-content\/uploads\/2018\/07\/Martinot_Front-scaled.jpg","type":"image\/jpeg"}],"twitter_card":"summary_large_image","twitter_misc":{"Est. reading time":"1 minute"},"schema":{"@context":"https:\/\/schema.org","@graph":[{"@type":"WebPage","@id":"https:\/\/www.istegroup.com\/fr\/produit\/reformulation-et-acquisition-de-la-complexite-linguistique\/","url":"https:\/\/www.istegroup.com\/fr\/produit\/reformulation-et-acquisition-de-la-complexite-linguistique\/","name":"Reformulation et acquisition de la complexit\u00e9 linguistique - ISTE Group","isPartOf":{"@id":"https:\/\/www.istegroup.com\/#website"},"primaryImageOfPage":{"@id":"https:\/\/www.istegroup.com\/fr\/produit\/reformulation-et-acquisition-de-la-complexite-linguistique\/#primaryimage"},"image":{"@id":"https:\/\/www.istegroup.com\/fr\/produit\/reformulation-et-acquisition-de-la-complexite-linguistique\/#primaryimage"},"thumbnailUrl":"https:\/\/www.istegroup.com\/wp-content\/uploads\/2018\/07\/Martinot_Front-scaled.jpg","datePublished":"2018-07-09T12:52:47+00:00","dateModified":"2024-01-03T13:42:29+00:00","description":"Reformulation et acquisition de la complexit\u00e9 linguistique\u00a0propose une nouvelle r\u00e9ponse \u00e0 la question de l\u2019appropriation ou de l\u2019acquisition de la langue maternelle, objet complexe, \u00e0 la fois stable et en perp\u00e9tuelle transformation.","breadcrumb":{"@id":"https:\/\/www.istegroup.com\/fr\/produit\/reformulation-et-acquisition-de-la-complexite-linguistique\/#breadcrumb"},"inLanguage":"en-US","potentialAction":[{"@type":"ReadAction","target":["https:\/\/www.istegroup.com\/fr\/produit\/reformulation-et-acquisition-de-la-complexite-linguistique\/"]}]},{"@type":"ImageObject","inLanguage":"en-US","@id":"https:\/\/www.istegroup.com\/fr\/produit\/reformulation-et-acquisition-de-la-complexite-linguistique\/#primaryimage","url":"https:\/\/www.istegroup.com\/wp-content\/uploads\/2018\/07\/Martinot_Front-scaled.jpg","contentUrl":"https:\/\/www.istegroup.com\/wp-content\/uploads\/2018\/07\/Martinot_Front-scaled.jpg","width":1706,"height":2560,"caption":"Perspective interlangue"},{"@type":"BreadcrumbList","@id":"https:\/\/www.istegroup.com\/fr\/produit\/reformulation-et-acquisition-de-la-complexite-linguistique\/#breadcrumb","itemListElement":[{"@type":"ListItem","position":1,"name":"Home","item":"https:\/\/www.istegroup.com\/"},{"@type":"ListItem","position":2,"name":"Shop","item":"https:\/\/www.istegroup.com\/fr\/nouveautes\/"},{"@type":"ListItem","position":3,"name":"Reformulation et acquisition de la complexit\u00e9 linguistique"}]},{"@type":"WebSite","@id":"https:\/\/www.istegroup.com\/#website","url":"https:\/\/www.istegroup.com\/","name":"ISTE Group","description":"Publishing Knowledge","potentialAction":[{"@type":"SearchAction","target":{"@type":"EntryPoint","urlTemplate":"https:\/\/www.istegroup.com\/?s={search_term_string}"},"query-input":{"@type":"PropertyValueSpecification","valueRequired":true,"valueName":"search_term_string"}}],"inLanguage":"en-US"}]}},"_links":{"self":[{"href":"https:\/\/www.istegroup.com\/en\/wp-json\/wp\/v2\/product\/13713","targetHints":{"allow":["GET"]}}],"collection":[{"href":"https:\/\/www.istegroup.com\/en\/wp-json\/wp\/v2\/product"}],"about":[{"href":"https:\/\/www.istegroup.com\/en\/wp-json\/wp\/v2\/types\/product"}],"wp:featuredmedia":[{"embeddable":true,"href":"https:\/\/www.istegroup.com\/en\/wp-json\/wp\/v2\/media\/13726"}],"wp:attachment":[{"href":"https:\/\/www.istegroup.com\/en\/wp-json\/wp\/v2\/media?parent=13713"}],"wp:term":[{"taxonomy":"product_brand","embeddable":true,"href":"https:\/\/www.istegroup.com\/en\/wp-json\/wp\/v2\/product_brand?post=13713"},{"taxonomy":"product_cat","embeddable":true,"href":"https:\/\/www.istegroup.com\/en\/wp-json\/wp\/v2\/product_cat?post=13713"},{"taxonomy":"product_tag","embeddable":true,"href":"https:\/\/www.istegroup.com\/en\/wp-json\/wp\/v2\/product_tag?post=13713"}],"curies":[{"name":"wp","href":"https:\/\/api.w.org\/{rel}","templated":true}]}}