{"id":13695,"date":"2018-07-09T14:20:52","date_gmt":"2018-07-09T12:20:52","guid":{"rendered":"https:\/\/iste.yhello.co\/?post_type=product&#038;p=13695"},"modified":"2024-01-03T13:42:28","modified_gmt":"2024-01-03T13:42:28","slug":"fondements-epistemologiques-et-theoriques-de-la-science-de-linformation-documentation","status":"publish","type":"product","link":"https:\/\/www.istegroup.com\/en\/produit\/fondements-epistemologiques-et-theoriques-de-la-science-de-linformation-documentation\/","title":{"rendered":"Fondements \u00e9pist\u00e9mologiques et th\u00e9oriques de la science de l\u2019information-documentation"},"content":{"rendered":"<p><em>Fondements \u00e9pist\u00e9mologiques et th\u00e9oriques de la science de l\u2019information-documentation<\/em>\u00a0regroupe les communications du 11<sup>e<\/sup>\u00a0colloque international d\u2019ISKO France organis\u00e9 \u00e0 l\u2019UNESCO en juillet 2017.<\/p>\n<p>Il rend hommage aux visionnaires et aux th\u00e9oriciens francophones des sciences de l\u2019information-documentation qui ont contribu\u00e9 \u00e0 l\u2019essor de celles-ci dans l\u2019espace francophone et bien au-del\u00e0 : Paul Otlet, Suzanne Briet, Jean-Claude Gardin, \u00c9ric de Grolier, Jean Meyriat, Robert Escarpit, Robert Pag\u00e8s, Madeleine Wolff-Terroine, Jacques Maniez, Jacques Chaumier et George Van Slype.<\/p>\n<p>Les 34 contributions que renferme cet ouvrage confirment le r\u00f4le de premier plan jou\u00e9 par ces pionniers dans de nombreux domaines et leur impact majeur dans des aires linguistiques et culturelles vari\u00e9es, allant de l\u2019Am\u00e9rique du Nord au Br\u00e9sil en passant par la Pologne, la Serbie, l\u2019Espagne et le Portugal.<\/p>\n<p>Cet ouvrage s\u2019adresse aux chercheurs \u2013 tant confirm\u00e9s que d\u00e9butants \u2013 qui souhaitent disposer d\u2019une synth\u00e8se sur les principales approches et travaux portant sur les fondements \u00e9pist\u00e9mologiques et th\u00e9oriques r\u00e9alis\u00e9s par les th\u00e9oriciens et praticiens francophones de l\u2019information-documentation. C\u2019est \u00e9galement un outil p\u00e9dagogique pour les enseignants et formateurs.<\/p>\n","protected":false},"excerpt":{"rendered":"<p>Fondements \u00e9pist\u00e9mologiques et th\u00e9oriques de la science de l\u2019information-documentation\u00a0regroupe les communications du 11e\u00a0colloque international d\u2019ISKO France organis\u00e9 \u00e0 l\u2019UNESCO en juillet 2017. Il rend hommage aux visionnaires et aux th\u00e9oriciens francophones des sciences de l\u2019information-documentation qui ont contribu\u00e9 \u00e0 l\u2019essor de celles-ci dans l\u2019espace francophone et bien au-del\u00e0 : Paul Otlet, Suzanne Briet, Jean-Claude Gardin, [&hellip;]<\/p>\n","protected":false},"featured_media":13701,"template":"","meta":{"_acf_changed":false,"_links_to":"","_links_to_target":""},"product_brand":[],"product_cat":[3262],"product_tag":[],"class_list":{"0":"post-13695","1":"product","2":"type-product","3":"status-publish","4":"has-post-thumbnail","6":"product_cat-non-classe","8":"first","9":"instock","10":"shipping-taxable","11":"purchasable","12":"product-type-variable"},"acf":[],"yoast_head":"<!-- This site is optimized with the Yoast SEO plugin v27.2 - https:\/\/yoast.com\/product\/yoast-seo-wordpress\/ -->\n<title>Fondements \u00e9pist\u00e9mologiques et th\u00e9oriques de la science de l\u2019information-documentation - ISTE Group<\/title>\n<meta name=\"robots\" content=\"index, follow, max-snippet:-1, max-image-preview:large, max-video-preview:-1\" \/>\n<link rel=\"canonical\" href=\"https:\/\/www.istegroup.com\/fr\/produit\/fondements-epistemologiques-et-theoriques-de-la-science-de-linformation-documentation\/\" \/>\n<meta property=\"og:locale\" content=\"en_US\" \/>\n<meta property=\"og:type\" content=\"article\" \/>\n<meta property=\"og:title\" content=\"Fondements \u00e9pist\u00e9mologiques et th\u00e9oriques de la science de l\u2019information-documentation - ISTE Group\" \/>\n<meta property=\"og:description\" content=\"Fondements \u00e9pist\u00e9mologiques et th\u00e9oriques de la science de l\u2019information-documentation\u00a0regroupe les communications du 11e\u00a0colloque international d\u2019ISKO France organis\u00e9 \u00e0 l\u2019UNESCO en juillet 2017. Il rend hommage aux visionnaires et aux th\u00e9oriciens francophones des sciences de l\u2019information-documentation qui ont contribu\u00e9 \u00e0 l\u2019essor de celles-ci dans l\u2019espace francophone et bien au-del\u00e0 : Paul Otlet, Suzanne Briet, Jean-Claude Gardin, [&hellip;]\" \/>\n<meta property=\"og:url\" content=\"https:\/\/www.istegroup.com\/fr\/produit\/fondements-epistemologiques-et-theoriques-de-la-science-de-linformation-documentation\/\" \/>\n<meta property=\"og:site_name\" content=\"ISTE Group\" \/>\n<meta property=\"article:modified_time\" content=\"2024-01-03T13:42:28+00:00\" \/>\n<meta property=\"og:image\" content=\"https:\/\/www.istegroup.com\/wp-content\/uploads\/2018\/07\/ISKO_Front-scaled.jpg\" \/>\n\t<meta property=\"og:image:width\" content=\"1697\" \/>\n\t<meta property=\"og:image:height\" content=\"2560\" \/>\n\t<meta property=\"og:image:type\" content=\"image\/jpeg\" \/>\n<meta name=\"twitter:card\" content=\"summary_large_image\" \/>\n<meta name=\"twitter:label1\" content=\"Est. reading time\" \/>\n\t<meta name=\"twitter:data1\" content=\"1 minute\" \/>\n<script type=\"application\/ld+json\" class=\"yoast-schema-graph\">{\"@context\":\"https:\/\/schema.org\",\"@graph\":[{\"@type\":\"WebPage\",\"@id\":\"https:\/\/www.istegroup.com\/fr\/produit\/fondements-epistemologiques-et-theoriques-de-la-science-de-linformation-documentation\/\",\"url\":\"https:\/\/www.istegroup.com\/fr\/produit\/fondements-epistemologiques-et-theoriques-de-la-science-de-linformation-documentation\/\",\"name\":\"Fondements \u00e9pist\u00e9mologiques et th\u00e9oriques de la science de l\u2019information-documentation - ISTE Group\",\"isPartOf\":{\"@id\":\"https:\/\/www.istegroup.com\/#website\"},\"primaryImageOfPage\":{\"@id\":\"https:\/\/www.istegroup.com\/fr\/produit\/fondements-epistemologiques-et-theoriques-de-la-science-de-linformation-documentation\/#primaryimage\"},\"image\":{\"@id\":\"https:\/\/www.istegroup.com\/fr\/produit\/fondements-epistemologiques-et-theoriques-de-la-science-de-linformation-documentation\/#primaryimage\"},\"thumbnailUrl\":\"https:\/\/www.istegroup.com\/wp-content\/uploads\/2018\/07\/ISKO_Front-scaled.jpg\",\"datePublished\":\"2018-07-09T12:20:52+00:00\",\"dateModified\":\"2024-01-03T13:42:28+00:00\",\"breadcrumb\":{\"@id\":\"https:\/\/www.istegroup.com\/fr\/produit\/fondements-epistemologiques-et-theoriques-de-la-science-de-linformation-documentation\/#breadcrumb\"},\"inLanguage\":\"en-US\",\"potentialAction\":[{\"@type\":\"ReadAction\",\"target\":[\"https:\/\/www.istegroup.com\/fr\/produit\/fondements-epistemologiques-et-theoriques-de-la-science-de-linformation-documentation\/\"]}]},{\"@type\":\"ImageObject\",\"inLanguage\":\"en-US\",\"@id\":\"https:\/\/www.istegroup.com\/fr\/produit\/fondements-epistemologiques-et-theoriques-de-la-science-de-linformation-documentation\/#primaryimage\",\"url\":\"https:\/\/www.istegroup.com\/wp-content\/uploads\/2018\/07\/ISKO_Front-scaled.jpg\",\"contentUrl\":\"https:\/\/www.istegroup.com\/wp-content\/uploads\/2018\/07\/ISKO_Front-scaled.jpg\",\"width\":1697,\"height\":2560,\"caption\":\"Actes du 11e colloque ISKO France 2017\"},{\"@type\":\"BreadcrumbList\",\"@id\":\"https:\/\/www.istegroup.com\/fr\/produit\/fondements-epistemologiques-et-theoriques-de-la-science-de-linformation-documentation\/#breadcrumb\",\"itemListElement\":[{\"@type\":\"ListItem\",\"position\":1,\"name\":\"Home\",\"item\":\"https:\/\/www.istegroup.com\/\"},{\"@type\":\"ListItem\",\"position\":2,\"name\":\"Shop\",\"item\":\"https:\/\/www.istegroup.com\/fr\/nouveautes\/\"},{\"@type\":\"ListItem\",\"position\":3,\"name\":\"Fondements \u00e9pist\u00e9mologiques et th\u00e9oriques de la science de l\u2019information-documentation\"}]},{\"@type\":\"WebSite\",\"@id\":\"https:\/\/www.istegroup.com\/#website\",\"url\":\"https:\/\/www.istegroup.com\/\",\"name\":\"ISTE Group\",\"description\":\"Publishing Knowledge\",\"potentialAction\":[{\"@type\":\"SearchAction\",\"target\":{\"@type\":\"EntryPoint\",\"urlTemplate\":\"https:\/\/www.istegroup.com\/?s={search_term_string}\"},\"query-input\":{\"@type\":\"PropertyValueSpecification\",\"valueRequired\":true,\"valueName\":\"search_term_string\"}}],\"inLanguage\":\"en-US\"}]}<\/script>\n<!-- \/ Yoast SEO plugin. -->","yoast_head_json":{"title":"Fondements \u00e9pist\u00e9mologiques et th\u00e9oriques de la science de l\u2019information-documentation - ISTE Group","robots":{"index":"index","follow":"follow","max-snippet":"max-snippet:-1","max-image-preview":"max-image-preview:large","max-video-preview":"max-video-preview:-1"},"canonical":"https:\/\/www.istegroup.com\/fr\/produit\/fondements-epistemologiques-et-theoriques-de-la-science-de-linformation-documentation\/","og_locale":"en_US","og_type":"article","og_title":"Fondements \u00e9pist\u00e9mologiques et th\u00e9oriques de la science de l\u2019information-documentation - ISTE Group","og_description":"Fondements \u00e9pist\u00e9mologiques et th\u00e9oriques de la science de l\u2019information-documentation\u00a0regroupe les communications du 11e\u00a0colloque international d\u2019ISKO France organis\u00e9 \u00e0 l\u2019UNESCO en juillet 2017. Il rend hommage aux visionnaires et aux th\u00e9oriciens francophones des sciences de l\u2019information-documentation qui ont contribu\u00e9 \u00e0 l\u2019essor de celles-ci dans l\u2019espace francophone et bien au-del\u00e0 : Paul Otlet, Suzanne Briet, Jean-Claude Gardin, [&hellip;]","og_url":"https:\/\/www.istegroup.com\/fr\/produit\/fondements-epistemologiques-et-theoriques-de-la-science-de-linformation-documentation\/","og_site_name":"ISTE Group","article_modified_time":"2024-01-03T13:42:28+00:00","og_image":[{"width":1697,"height":2560,"url":"https:\/\/www.istegroup.com\/wp-content\/uploads\/2018\/07\/ISKO_Front-scaled.jpg","type":"image\/jpeg"}],"twitter_card":"summary_large_image","twitter_misc":{"Est. reading time":"1 minute"},"schema":{"@context":"https:\/\/schema.org","@graph":[{"@type":"WebPage","@id":"https:\/\/www.istegroup.com\/fr\/produit\/fondements-epistemologiques-et-theoriques-de-la-science-de-linformation-documentation\/","url":"https:\/\/www.istegroup.com\/fr\/produit\/fondements-epistemologiques-et-theoriques-de-la-science-de-linformation-documentation\/","name":"Fondements \u00e9pist\u00e9mologiques et th\u00e9oriques de la science de l\u2019information-documentation - ISTE Group","isPartOf":{"@id":"https:\/\/www.istegroup.com\/#website"},"primaryImageOfPage":{"@id":"https:\/\/www.istegroup.com\/fr\/produit\/fondements-epistemologiques-et-theoriques-de-la-science-de-linformation-documentation\/#primaryimage"},"image":{"@id":"https:\/\/www.istegroup.com\/fr\/produit\/fondements-epistemologiques-et-theoriques-de-la-science-de-linformation-documentation\/#primaryimage"},"thumbnailUrl":"https:\/\/www.istegroup.com\/wp-content\/uploads\/2018\/07\/ISKO_Front-scaled.jpg","datePublished":"2018-07-09T12:20:52+00:00","dateModified":"2024-01-03T13:42:28+00:00","breadcrumb":{"@id":"https:\/\/www.istegroup.com\/fr\/produit\/fondements-epistemologiques-et-theoriques-de-la-science-de-linformation-documentation\/#breadcrumb"},"inLanguage":"en-US","potentialAction":[{"@type":"ReadAction","target":["https:\/\/www.istegroup.com\/fr\/produit\/fondements-epistemologiques-et-theoriques-de-la-science-de-linformation-documentation\/"]}]},{"@type":"ImageObject","inLanguage":"en-US","@id":"https:\/\/www.istegroup.com\/fr\/produit\/fondements-epistemologiques-et-theoriques-de-la-science-de-linformation-documentation\/#primaryimage","url":"https:\/\/www.istegroup.com\/wp-content\/uploads\/2018\/07\/ISKO_Front-scaled.jpg","contentUrl":"https:\/\/www.istegroup.com\/wp-content\/uploads\/2018\/07\/ISKO_Front-scaled.jpg","width":1697,"height":2560,"caption":"Actes du 11e colloque ISKO France 2017"},{"@type":"BreadcrumbList","@id":"https:\/\/www.istegroup.com\/fr\/produit\/fondements-epistemologiques-et-theoriques-de-la-science-de-linformation-documentation\/#breadcrumb","itemListElement":[{"@type":"ListItem","position":1,"name":"Home","item":"https:\/\/www.istegroup.com\/"},{"@type":"ListItem","position":2,"name":"Shop","item":"https:\/\/www.istegroup.com\/fr\/nouveautes\/"},{"@type":"ListItem","position":3,"name":"Fondements \u00e9pist\u00e9mologiques et th\u00e9oriques de la science de l\u2019information-documentation"}]},{"@type":"WebSite","@id":"https:\/\/www.istegroup.com\/#website","url":"https:\/\/www.istegroup.com\/","name":"ISTE Group","description":"Publishing Knowledge","potentialAction":[{"@type":"SearchAction","target":{"@type":"EntryPoint","urlTemplate":"https:\/\/www.istegroup.com\/?s={search_term_string}"},"query-input":{"@type":"PropertyValueSpecification","valueRequired":true,"valueName":"search_term_string"}}],"inLanguage":"en-US"}]}},"_links":{"self":[{"href":"https:\/\/www.istegroup.com\/en\/wp-json\/wp\/v2\/product\/13695","targetHints":{"allow":["GET"]}}],"collection":[{"href":"https:\/\/www.istegroup.com\/en\/wp-json\/wp\/v2\/product"}],"about":[{"href":"https:\/\/www.istegroup.com\/en\/wp-json\/wp\/v2\/types\/product"}],"wp:featuredmedia":[{"embeddable":true,"href":"https:\/\/www.istegroup.com\/en\/wp-json\/wp\/v2\/media\/13701"}],"wp:attachment":[{"href":"https:\/\/www.istegroup.com\/en\/wp-json\/wp\/v2\/media?parent=13695"}],"wp:term":[{"taxonomy":"product_brand","embeddable":true,"href":"https:\/\/www.istegroup.com\/en\/wp-json\/wp\/v2\/product_brand?post=13695"},{"taxonomy":"product_cat","embeddable":true,"href":"https:\/\/www.istegroup.com\/en\/wp-json\/wp\/v2\/product_cat?post=13695"},{"taxonomy":"product_tag","embeddable":true,"href":"https:\/\/www.istegroup.com\/en\/wp-json\/wp\/v2\/product_tag?post=13695"}],"curies":[{"name":"wp","href":"https:\/\/api.w.org\/{rel}","templated":true}]}}