{"id":135,"date":"2017-07-28T10:34:06","date_gmt":"2017-07-28T08:34:06","guid":{"rendered":"https:\/\/iste.yhello.co\/product\/biostatistique-et-analyse-informatique-des-donnees-de-sante-avec-r\/"},"modified":"2024-01-03T13:38:36","modified_gmt":"2024-01-03T13:38:36","slug":"biostatistique-et-analyse-informatique-des-donnees-de-sante-avec-r","status":"publish","type":"product","link":"https:\/\/www.istegroup.com\/en\/produit\/biostatistique-et-analyse-informatique-des-donnees-de-sante-avec-r\/","title":{"rendered":"Biostatistique et analyse informatique des donn\u00e9es de sant\u00e9 avec R"},"content":{"rendered":"<p>La s\u00e9rie\u00a0Biostatistique et sciences de la sant\u00e9\u00a0pr\u00e9sente des ouvrages de Statistique appliqu\u00e9e \u00e0 la recherche clinique, \u00e9pid\u00e9miologique, en \u00e9conomie et sociologie de la sant\u00e9, et en biologie m\u00e9dicale\u2026<\/p>\n<p>Les biostatistiques m\u00e9dicales constituent un champ scientifique pr\u00e9cieux pour le praticien qui souhaite calculer la valeur normale d\u2019une grandeur biologique, \u00e9valuer la fiabilit\u00e9 d\u2019un examen ou estimer le risque de complication d\u2019un \u00e9tat pathologique. Le logiciel de statistique R permet de compiler et d\u2019analyser efficacement ces donn\u00e9es m\u00e9dicales.<\/p>\n<p>Cet ouvrage permet un apprentissage progressif de R pour pouvoir r\u00e9aliser ses propres analyses. Con\u00e7u \u00e0 l\u2019origine pour un enseignement pratique, il propose une approche coh\u00e9rente et unifi\u00e9e des techniques de biostatistique rencontr\u00e9es dans les \u00e9tudes de recherche clinique et en \u00e9pid\u00e9miologie.<\/p>\n<p>Depuis l\u2019importation de sources de donn\u00e9es jusqu\u2019aux \u00e9tapes de mod\u00e9lisation statistique, la structuration d\u2019une base de donn\u00e9es et l\u2019exploration num\u00e9rique ou graphique des variables qui la composent jouent un r\u00f4le essentiel. Les principales commandes R permettant de manipuler des variables num\u00e9riques ou cat\u00e9gorielles sont illustr\u00e9es de fa\u00e7on \u00e0 pouvoir obtenir rapidement un r\u00e9sultat correctement interpr\u00e9table.<\/p>\n","protected":false},"excerpt":{"rendered":"<p>La s\u00e9rie\u00a0Biostatistique et sciences de la sant\u00e9\u00a0pr\u00e9sente des ouvrages de Statistique appliqu\u00e9e \u00e0 la recherche clinique, \u00e9pid\u00e9miologique, en \u00e9conomie et sociologie de la sant\u00e9, et en biologie m\u00e9dicale\u2026 Les biostatistiques m\u00e9dicales constituent un champ scientifique pr\u00e9cieux pour le praticien qui souhaite calculer la valeur normale d\u2019une grandeur biologique, \u00e9valuer la fiabilit\u00e9 d\u2019un examen ou estimer [&hellip;]<\/p>\n","protected":false},"featured_media":136,"template":"","meta":{"_acf_changed":false,"_links_to":"","_links_to_target":""},"product_brand":[],"product_cat":[656,675,687],"product_tag":[906,603,907,605,606,908,909,910,31,18,19,218,20,911,917,912,913,608,21,22,26,27,914,28,29,614,915,916],"class_list":{"0":"post-135","1":"product","2":"type-product","3":"status-publish","4":"has-post-thumbnail","6":"product_cat-bioingnierie-mdicale-11476891","7":"product_cat-nouveauts-12519446","8":"product_cat-srie-biostatistique-et-sciences-de-la-sant-188267908","9":"product_tag-analyse-informatique","10":"product_tag-biostatistique","11":"product_tag-biostatistique-et-analyse-informatique-des-donnees-de-sante-avec-r","12":"product_tag-biostatistique-et-sciences-de-la-sante","13":"product_tag-biostatistiques-medicales","14":"product_tag-donnees-de-sante","15":"product_tag-donnees-medicales","16":"product_tag-donnees-r","17":"product_tag-ebook","18":"product_tag-edition-scientifique","19":"product_tag-editions-francaise","20":"product_tag-editions-ouvrage","21":"product_tag-editions-technique","22":"product_tag-elements-du-langage","23":"product_tag-etat-pathologique","24":"product_tag-exploration-numerique","25":"product_tag-grandeur-biologique","26":"product_tag-informatique","27":"product_tag-iste-group","28":"product_tag-istegroup","29":"product_tag-livre-scientifique-francais","30":"product_tag-livre-technique-francais","31":"product_tag-modelisation-statistique","32":"product_tag-ouvrage-scientifique-francais","33":"product_tag-ouvrage-technique","34":"product_tag-regression-lineaire","35":"product_tag-regression-logistique","36":"product_tag-statistique-r","38":"first","39":"instock","40":"shipping-taxable","41":"purchasable","42":"product-type-variable"},"acf":[],"yoast_head":"<!-- This site is optimized with the Yoast SEO plugin v27.2 - https:\/\/yoast.com\/product\/yoast-seo-wordpress\/ -->\n<title>Biostatistique et analyse informatique des donn\u00e9es de sant\u00e9 avec R - ISTE Group<\/title>\n<meta name=\"description\" content=\"Cet ouvrage permet un apprentissage progressif de R pour pouvoir r\u00e9aliser ses propres analyses et propose une approche des techniques de biostatistique\" \/>\n<meta name=\"robots\" content=\"index, follow, max-snippet:-1, max-image-preview:large, max-video-preview:-1\" \/>\n<link rel=\"canonical\" href=\"https:\/\/www.istegroup.com\/fr\/produit\/biostatistique-et-analyse-informatique-des-donnees-de-sante-avec-r\/\" \/>\n<meta property=\"og:locale\" content=\"en_US\" \/>\n<meta property=\"og:type\" content=\"article\" \/>\n<meta property=\"og:title\" content=\"Biostatistique et analyse informatique des donn\u00e9es de sant\u00e9 avec R - ISTE Group\" \/>\n<meta property=\"og:description\" content=\"Cet ouvrage permet un apprentissage progressif de R pour pouvoir r\u00e9aliser ses propres analyses et propose une approche des techniques de biostatistique\" \/>\n<meta property=\"og:url\" content=\"https:\/\/www.istegroup.com\/fr\/produit\/biostatistique-et-analyse-informatique-des-donnees-de-sante-avec-r\/\" \/>\n<meta property=\"og:site_name\" content=\"ISTE Group\" \/>\n<meta property=\"article:modified_time\" content=\"2024-01-03T13:38:36+00:00\" \/>\n<meta property=\"og:image\" content=\"https:\/\/www.istegroup.com\/wp-content\/uploads\/2017\/07\/9551128580_4232130180-1.jpg\" \/>\n\t<meta property=\"og:image:width\" content=\"633\" \/>\n\t<meta property=\"og:image:height\" content=\"960\" \/>\n\t<meta property=\"og:image:type\" content=\"image\/jpeg\" \/>\n<meta name=\"twitter:card\" content=\"summary_large_image\" \/>\n<meta name=\"twitter:label1\" content=\"Est. reading time\" \/>\n\t<meta name=\"twitter:data1\" content=\"1 minute\" \/>\n<script type=\"application\/ld+json\" class=\"yoast-schema-graph\">{\"@context\":\"https:\/\/schema.org\",\"@graph\":[{\"@type\":\"WebPage\",\"@id\":\"https:\/\/www.istegroup.com\/fr\/produit\/biostatistique-et-analyse-informatique-des-donnees-de-sante-avec-r\/\",\"url\":\"https:\/\/www.istegroup.com\/fr\/produit\/biostatistique-et-analyse-informatique-des-donnees-de-sante-avec-r\/\",\"name\":\"Biostatistique et analyse informatique des donn\u00e9es de sant\u00e9 avec R - ISTE Group\",\"isPartOf\":{\"@id\":\"https:\/\/www.istegroup.com\/#website\"},\"primaryImageOfPage\":{\"@id\":\"https:\/\/www.istegroup.com\/fr\/produit\/biostatistique-et-analyse-informatique-des-donnees-de-sante-avec-r\/#primaryimage\"},\"image\":{\"@id\":\"https:\/\/www.istegroup.com\/fr\/produit\/biostatistique-et-analyse-informatique-des-donnees-de-sante-avec-r\/#primaryimage\"},\"thumbnailUrl\":\"https:\/\/www.istegroup.com\/wp-content\/uploads\/2017\/07\/9551128580_4232130180-1.jpg\",\"datePublished\":\"2017-07-28T08:34:06+00:00\",\"dateModified\":\"2024-01-03T13:38:36+00:00\",\"description\":\"Cet ouvrage permet un apprentissage progressif de R pour pouvoir r\u00e9aliser ses propres analyses et propose une approche des techniques de biostatistique\",\"breadcrumb\":{\"@id\":\"https:\/\/www.istegroup.com\/fr\/produit\/biostatistique-et-analyse-informatique-des-donnees-de-sante-avec-r\/#breadcrumb\"},\"inLanguage\":\"en-US\",\"potentialAction\":[{\"@type\":\"ReadAction\",\"target\":[\"https:\/\/www.istegroup.com\/fr\/produit\/biostatistique-et-analyse-informatique-des-donnees-de-sante-avec-r\/\"]}]},{\"@type\":\"ImageObject\",\"inLanguage\":\"en-US\",\"@id\":\"https:\/\/www.istegroup.com\/fr\/produit\/biostatistique-et-analyse-informatique-des-donnees-de-sante-avec-r\/#primaryimage\",\"url\":\"https:\/\/www.istegroup.com\/wp-content\/uploads\/2017\/07\/9551128580_4232130180-1.jpg\",\"contentUrl\":\"https:\/\/www.istegroup.com\/wp-content\/uploads\/2017\/07\/9551128580_4232130180-1.jpg\",\"width\":633,\"height\":960,\"caption\":\"Biostatistique et analyse informatique des donn\u00e9es de sant\u00e9 avec R\"},{\"@type\":\"BreadcrumbList\",\"@id\":\"https:\/\/www.istegroup.com\/fr\/produit\/biostatistique-et-analyse-informatique-des-donnees-de-sante-avec-r\/#breadcrumb\",\"itemListElement\":[{\"@type\":\"ListItem\",\"position\":1,\"name\":\"Home\",\"item\":\"https:\/\/www.istegroup.com\/\"},{\"@type\":\"ListItem\",\"position\":2,\"name\":\"Shop\",\"item\":\"https:\/\/www.istegroup.com\/fr\/nouveautes\/\"},{\"@type\":\"ListItem\",\"position\":3,\"name\":\"Biostatistique et analyse informatique des donn\u00e9es de sant\u00e9 avec R\"}]},{\"@type\":\"WebSite\",\"@id\":\"https:\/\/www.istegroup.com\/#website\",\"url\":\"https:\/\/www.istegroup.com\/\",\"name\":\"ISTE Group\",\"description\":\"Publishing Knowledge\",\"potentialAction\":[{\"@type\":\"SearchAction\",\"target\":{\"@type\":\"EntryPoint\",\"urlTemplate\":\"https:\/\/www.istegroup.com\/?s={search_term_string}\"},\"query-input\":{\"@type\":\"PropertyValueSpecification\",\"valueRequired\":true,\"valueName\":\"search_term_string\"}}],\"inLanguage\":\"en-US\"}]}<\/script>\n<!-- \/ Yoast SEO plugin. -->","yoast_head_json":{"title":"Biostatistique et analyse informatique des donn\u00e9es de sant\u00e9 avec R - ISTE Group","description":"Cet ouvrage permet un apprentissage progressif de R pour pouvoir r\u00e9aliser ses propres analyses et propose une approche des techniques de biostatistique","robots":{"index":"index","follow":"follow","max-snippet":"max-snippet:-1","max-image-preview":"max-image-preview:large","max-video-preview":"max-video-preview:-1"},"canonical":"https:\/\/www.istegroup.com\/fr\/produit\/biostatistique-et-analyse-informatique-des-donnees-de-sante-avec-r\/","og_locale":"en_US","og_type":"article","og_title":"Biostatistique et analyse informatique des donn\u00e9es de sant\u00e9 avec R - ISTE Group","og_description":"Cet ouvrage permet un apprentissage progressif de R pour pouvoir r\u00e9aliser ses propres analyses et propose une approche des techniques de biostatistique","og_url":"https:\/\/www.istegroup.com\/fr\/produit\/biostatistique-et-analyse-informatique-des-donnees-de-sante-avec-r\/","og_site_name":"ISTE Group","article_modified_time":"2024-01-03T13:38:36+00:00","og_image":[{"width":633,"height":960,"url":"https:\/\/www.istegroup.com\/wp-content\/uploads\/2017\/07\/9551128580_4232130180-1.jpg","type":"image\/jpeg"}],"twitter_card":"summary_large_image","twitter_misc":{"Est. reading time":"1 minute"},"schema":{"@context":"https:\/\/schema.org","@graph":[{"@type":"WebPage","@id":"https:\/\/www.istegroup.com\/fr\/produit\/biostatistique-et-analyse-informatique-des-donnees-de-sante-avec-r\/","url":"https:\/\/www.istegroup.com\/fr\/produit\/biostatistique-et-analyse-informatique-des-donnees-de-sante-avec-r\/","name":"Biostatistique et analyse informatique des donn\u00e9es de sant\u00e9 avec R - ISTE Group","isPartOf":{"@id":"https:\/\/www.istegroup.com\/#website"},"primaryImageOfPage":{"@id":"https:\/\/www.istegroup.com\/fr\/produit\/biostatistique-et-analyse-informatique-des-donnees-de-sante-avec-r\/#primaryimage"},"image":{"@id":"https:\/\/www.istegroup.com\/fr\/produit\/biostatistique-et-analyse-informatique-des-donnees-de-sante-avec-r\/#primaryimage"},"thumbnailUrl":"https:\/\/www.istegroup.com\/wp-content\/uploads\/2017\/07\/9551128580_4232130180-1.jpg","datePublished":"2017-07-28T08:34:06+00:00","dateModified":"2024-01-03T13:38:36+00:00","description":"Cet ouvrage permet un apprentissage progressif de R pour pouvoir r\u00e9aliser ses propres analyses et propose une approche des techniques de biostatistique","breadcrumb":{"@id":"https:\/\/www.istegroup.com\/fr\/produit\/biostatistique-et-analyse-informatique-des-donnees-de-sante-avec-r\/#breadcrumb"},"inLanguage":"en-US","potentialAction":[{"@type":"ReadAction","target":["https:\/\/www.istegroup.com\/fr\/produit\/biostatistique-et-analyse-informatique-des-donnees-de-sante-avec-r\/"]}]},{"@type":"ImageObject","inLanguage":"en-US","@id":"https:\/\/www.istegroup.com\/fr\/produit\/biostatistique-et-analyse-informatique-des-donnees-de-sante-avec-r\/#primaryimage","url":"https:\/\/www.istegroup.com\/wp-content\/uploads\/2017\/07\/9551128580_4232130180-1.jpg","contentUrl":"https:\/\/www.istegroup.com\/wp-content\/uploads\/2017\/07\/9551128580_4232130180-1.jpg","width":633,"height":960,"caption":"Biostatistique et analyse informatique des donn\u00e9es de sant\u00e9 avec R"},{"@type":"BreadcrumbList","@id":"https:\/\/www.istegroup.com\/fr\/produit\/biostatistique-et-analyse-informatique-des-donnees-de-sante-avec-r\/#breadcrumb","itemListElement":[{"@type":"ListItem","position":1,"name":"Home","item":"https:\/\/www.istegroup.com\/"},{"@type":"ListItem","position":2,"name":"Shop","item":"https:\/\/www.istegroup.com\/fr\/nouveautes\/"},{"@type":"ListItem","position":3,"name":"Biostatistique et analyse informatique des donn\u00e9es de sant\u00e9 avec R"}]},{"@type":"WebSite","@id":"https:\/\/www.istegroup.com\/#website","url":"https:\/\/www.istegroup.com\/","name":"ISTE Group","description":"Publishing Knowledge","potentialAction":[{"@type":"SearchAction","target":{"@type":"EntryPoint","urlTemplate":"https:\/\/www.istegroup.com\/?s={search_term_string}"},"query-input":{"@type":"PropertyValueSpecification","valueRequired":true,"valueName":"search_term_string"}}],"inLanguage":"en-US"}]}},"_links":{"self":[{"href":"https:\/\/www.istegroup.com\/en\/wp-json\/wp\/v2\/product\/135","targetHints":{"allow":["GET"]}}],"collection":[{"href":"https:\/\/www.istegroup.com\/en\/wp-json\/wp\/v2\/product"}],"about":[{"href":"https:\/\/www.istegroup.com\/en\/wp-json\/wp\/v2\/types\/product"}],"wp:featuredmedia":[{"embeddable":true,"href":"https:\/\/www.istegroup.com\/en\/wp-json\/wp\/v2\/media\/136"}],"wp:attachment":[{"href":"https:\/\/www.istegroup.com\/en\/wp-json\/wp\/v2\/media?parent=135"}],"wp:term":[{"taxonomy":"product_brand","embeddable":true,"href":"https:\/\/www.istegroup.com\/en\/wp-json\/wp\/v2\/product_brand?post=135"},{"taxonomy":"product_cat","embeddable":true,"href":"https:\/\/www.istegroup.com\/en\/wp-json\/wp\/v2\/product_cat?post=135"},{"taxonomy":"product_tag","embeddable":true,"href":"https:\/\/www.istegroup.com\/en\/wp-json\/wp\/v2\/product_tag?post=135"}],"curies":[{"name":"wp","href":"https:\/\/api.w.org\/{rel}","templated":true}]}}