{"id":13390,"date":"2018-06-28T13:21:08","date_gmt":"2018-06-28T11:21:08","guid":{"rendered":"https:\/\/iste.yhello.co\/?post_type=product&#038;p=13390"},"modified":"2024-01-03T13:42:25","modified_gmt":"2024-01-03T13:42:25","slug":"les-batteries-tout-solide-monolithiques","status":"publish","type":"product","link":"https:\/\/www.istegroup.com\/en\/produit\/les-batteries-tout-solide-monolithiques\/","title":{"rendered":"Les batteries tout solide monolithiques"},"content":{"rendered":"<p>Depuis les ann\u00e9es 1990, les batteries Li-ion sont les syst\u00e8mes de stockage d\u2019\u00e9nergie les plus utilis\u00e9s. La demande en termes de performances et de s\u00e9curit\u00e9 \u00e9tant sans cesse grandissante, les batteries commerciales actuelles \u00e0 base d\u2019\u00e9lectrolytes liquides ou gels risquent de ne pas r\u00e9ussir \u00e0 satisfaire les besoins des applications \u00e9mergentes : alimentation des v\u00e9hicules \u00e9lectriques et hybrides, stockage des \u00e9nergies renouvelables, etc.<\/p>\n<p>Il devient donc n\u00e9cessaire de d\u00e9velopper des technologies avanc\u00e9es de syst\u00e8mes de stockage r\u00e9pondant aux caract\u00e9ristiques industrielles telles que de grandes densit\u00e9s d\u2019\u00e9nergie, une longue dur\u00e9e de vie, un faible co\u00fbt de production, peu ou pas de maintenance et une grande s\u00e9curit\u00e9 d\u2019utilisation.<\/p>\n<p><em>Les batteries tout solide monolithiques<\/em>\u00a0pr\u00e9sente cette technologie \u00e9mergente de choix pour satisfaire \u00e0 ces exigences. L\u2019\u00e9lectrolyte au sein de la s\u00e9paration entre les deux \u00e9lectrodes n\u2019est plus liquide mais solide dans cette technologie.<\/p>\n","protected":false},"excerpt":{"rendered":"<p>Depuis les ann\u00e9es 1990, les batteries Li-ion sont les syst\u00e8mes de stockage d\u2019\u00e9nergie les plus utilis\u00e9s. La demande en termes de performances et de s\u00e9curit\u00e9 \u00e9tant sans cesse grandissante, les batteries commerciales actuelles \u00e0 base d\u2019\u00e9lectrolytes liquides ou gels risquent de ne pas r\u00e9ussir \u00e0 satisfaire les besoins des applications \u00e9mergentes : alimentation des v\u00e9hicules [&hellip;]<\/p>\n","protected":false},"featured_media":13397,"template":"","meta":{"_acf_changed":false,"_links_to":"","_links_to_target":""},"product_brand":[],"product_cat":[3262],"product_tag":[],"class_list":{"0":"post-13390","1":"product","2":"type-product","3":"status-publish","4":"has-post-thumbnail","6":"product_cat-non-classe","8":"first","9":"instock","10":"shipping-taxable","11":"purchasable","12":"product-type-variable"},"acf":[],"yoast_head":"<!-- This site is optimized with the Yoast SEO plugin v27.2 - https:\/\/yoast.com\/product\/yoast-seo-wordpress\/ -->\n<title>Les batteries tout solide monolithiques - ISTE Group<\/title>\n<meta name=\"robots\" content=\"index, follow, max-snippet:-1, max-image-preview:large, max-video-preview:-1\" \/>\n<link rel=\"canonical\" href=\"https:\/\/www.istegroup.com\/en\/produit\/les-batteries-tout-solide-monolithiques\/\" \/>\n<meta property=\"og:locale\" content=\"en_US\" \/>\n<meta property=\"og:type\" content=\"article\" \/>\n<meta property=\"og:title\" content=\"Les batteries tout solide monolithiques - ISTE Group\" \/>\n<meta property=\"og:description\" content=\"Depuis les ann\u00e9es 1990, les batteries Li-ion sont les syst\u00e8mes de stockage d\u2019\u00e9nergie les plus utilis\u00e9s. La demande en termes de performances et de s\u00e9curit\u00e9 \u00e9tant sans cesse grandissante, les batteries commerciales actuelles \u00e0 base d\u2019\u00e9lectrolytes liquides ou gels risquent de ne pas r\u00e9ussir \u00e0 satisfaire les besoins des applications \u00e9mergentes : alimentation des v\u00e9hicules [&hellip;]\" \/>\n<meta property=\"og:url\" content=\"https:\/\/www.istegroup.com\/en\/produit\/les-batteries-tout-solide-monolithiques\/\" \/>\n<meta property=\"og:site_name\" content=\"ISTE Group\" \/>\n<meta property=\"article:modified_time\" content=\"2024-01-03T13:42:25+00:00\" \/>\n<meta property=\"og:image\" content=\"https:\/\/www.istegroup.com\/wp-content\/uploads\/2018\/06\/Viallet_Front-scaled.jpg\" \/>\n\t<meta property=\"og:image:width\" content=\"1703\" \/>\n\t<meta property=\"og:image:height\" content=\"2560\" \/>\n\t<meta property=\"og:image:type\" content=\"image\/jpeg\" \/>\n<meta name=\"twitter:card\" content=\"summary_large_image\" \/>\n<meta name=\"twitter:label1\" content=\"Est. reading time\" \/>\n\t<meta name=\"twitter:data1\" content=\"1 minute\" \/>\n<script type=\"application\/ld+json\" class=\"yoast-schema-graph\">{\"@context\":\"https:\/\/schema.org\",\"@graph\":[{\"@type\":\"WebPage\",\"@id\":\"https:\/\/www.istegroup.com\/en\/produit\/les-batteries-tout-solide-monolithiques\/\",\"url\":\"https:\/\/www.istegroup.com\/en\/produit\/les-batteries-tout-solide-monolithiques\/\",\"name\":\"Les batteries tout solide monolithiques - ISTE Group\",\"isPartOf\":{\"@id\":\"https:\/\/www.istegroup.com\/#website\"},\"primaryImageOfPage\":{\"@id\":\"https:\/\/www.istegroup.com\/en\/produit\/les-batteries-tout-solide-monolithiques\/#primaryimage\"},\"image\":{\"@id\":\"https:\/\/www.istegroup.com\/en\/produit\/les-batteries-tout-solide-monolithiques\/#primaryimage\"},\"thumbnailUrl\":\"https:\/\/www.istegroup.com\/wp-content\/uploads\/2018\/06\/Viallet_Front-scaled.jpg\",\"datePublished\":\"2018-06-28T11:21:08+00:00\",\"dateModified\":\"2024-01-03T13:42:25+00:00\",\"breadcrumb\":{\"@id\":\"https:\/\/www.istegroup.com\/en\/produit\/les-batteries-tout-solide-monolithiques\/#breadcrumb\"},\"inLanguage\":\"en-US\",\"potentialAction\":[{\"@type\":\"ReadAction\",\"target\":[\"https:\/\/www.istegroup.com\/en\/produit\/les-batteries-tout-solide-monolithiques\/\"]}]},{\"@type\":\"ImageObject\",\"inLanguage\":\"en-US\",\"@id\":\"https:\/\/www.istegroup.com\/en\/produit\/les-batteries-tout-solide-monolithiques\/#primaryimage\",\"url\":\"https:\/\/www.istegroup.com\/wp-content\/uploads\/2018\/06\/Viallet_Front-scaled.jpg\",\"contentUrl\":\"https:\/\/www.istegroup.com\/wp-content\/uploads\/2018\/06\/Viallet_Front-scaled.jpg\",\"width\":1703,\"height\":2560,\"caption\":\"Les batteries tout solide monolithiques ISTE Group\"},{\"@type\":\"BreadcrumbList\",\"@id\":\"https:\/\/www.istegroup.com\/en\/produit\/les-batteries-tout-solide-monolithiques\/#breadcrumb\",\"itemListElement\":[{\"@type\":\"ListItem\",\"position\":1,\"name\":\"Home\",\"item\":\"https:\/\/www.istegroup.com\/\"},{\"@type\":\"ListItem\",\"position\":2,\"name\":\"Shop\",\"item\":\"https:\/\/www.istegroup.com\/fr\/nouveautes\/\"},{\"@type\":\"ListItem\",\"position\":3,\"name\":\"Les batteries tout solide monolithiques\"}]},{\"@type\":\"WebSite\",\"@id\":\"https:\/\/www.istegroup.com\/#website\",\"url\":\"https:\/\/www.istegroup.com\/\",\"name\":\"ISTE Group\",\"description\":\"Publishing Knowledge\",\"potentialAction\":[{\"@type\":\"SearchAction\",\"target\":{\"@type\":\"EntryPoint\",\"urlTemplate\":\"https:\/\/www.istegroup.com\/?s={search_term_string}\"},\"query-input\":{\"@type\":\"PropertyValueSpecification\",\"valueRequired\":true,\"valueName\":\"search_term_string\"}}],\"inLanguage\":\"en-US\"}]}<\/script>\n<!-- \/ Yoast SEO plugin. -->","yoast_head_json":{"title":"Les batteries tout solide monolithiques - ISTE Group","robots":{"index":"index","follow":"follow","max-snippet":"max-snippet:-1","max-image-preview":"max-image-preview:large","max-video-preview":"max-video-preview:-1"},"canonical":"https:\/\/www.istegroup.com\/en\/produit\/les-batteries-tout-solide-monolithiques\/","og_locale":"en_US","og_type":"article","og_title":"Les batteries tout solide monolithiques - ISTE Group","og_description":"Depuis les ann\u00e9es 1990, les batteries Li-ion sont les syst\u00e8mes de stockage d\u2019\u00e9nergie les plus utilis\u00e9s. La demande en termes de performances et de s\u00e9curit\u00e9 \u00e9tant sans cesse grandissante, les batteries commerciales actuelles \u00e0 base d\u2019\u00e9lectrolytes liquides ou gels risquent de ne pas r\u00e9ussir \u00e0 satisfaire les besoins des applications \u00e9mergentes : alimentation des v\u00e9hicules [&hellip;]","og_url":"https:\/\/www.istegroup.com\/en\/produit\/les-batteries-tout-solide-monolithiques\/","og_site_name":"ISTE Group","article_modified_time":"2024-01-03T13:42:25+00:00","og_image":[{"width":1703,"height":2560,"url":"https:\/\/www.istegroup.com\/wp-content\/uploads\/2018\/06\/Viallet_Front-scaled.jpg","type":"image\/jpeg"}],"twitter_card":"summary_large_image","twitter_misc":{"Est. reading time":"1 minute"},"schema":{"@context":"https:\/\/schema.org","@graph":[{"@type":"WebPage","@id":"https:\/\/www.istegroup.com\/en\/produit\/les-batteries-tout-solide-monolithiques\/","url":"https:\/\/www.istegroup.com\/en\/produit\/les-batteries-tout-solide-monolithiques\/","name":"Les batteries tout solide monolithiques - ISTE Group","isPartOf":{"@id":"https:\/\/www.istegroup.com\/#website"},"primaryImageOfPage":{"@id":"https:\/\/www.istegroup.com\/en\/produit\/les-batteries-tout-solide-monolithiques\/#primaryimage"},"image":{"@id":"https:\/\/www.istegroup.com\/en\/produit\/les-batteries-tout-solide-monolithiques\/#primaryimage"},"thumbnailUrl":"https:\/\/www.istegroup.com\/wp-content\/uploads\/2018\/06\/Viallet_Front-scaled.jpg","datePublished":"2018-06-28T11:21:08+00:00","dateModified":"2024-01-03T13:42:25+00:00","breadcrumb":{"@id":"https:\/\/www.istegroup.com\/en\/produit\/les-batteries-tout-solide-monolithiques\/#breadcrumb"},"inLanguage":"en-US","potentialAction":[{"@type":"ReadAction","target":["https:\/\/www.istegroup.com\/en\/produit\/les-batteries-tout-solide-monolithiques\/"]}]},{"@type":"ImageObject","inLanguage":"en-US","@id":"https:\/\/www.istegroup.com\/en\/produit\/les-batteries-tout-solide-monolithiques\/#primaryimage","url":"https:\/\/www.istegroup.com\/wp-content\/uploads\/2018\/06\/Viallet_Front-scaled.jpg","contentUrl":"https:\/\/www.istegroup.com\/wp-content\/uploads\/2018\/06\/Viallet_Front-scaled.jpg","width":1703,"height":2560,"caption":"Les batteries tout solide monolithiques ISTE Group"},{"@type":"BreadcrumbList","@id":"https:\/\/www.istegroup.com\/en\/produit\/les-batteries-tout-solide-monolithiques\/#breadcrumb","itemListElement":[{"@type":"ListItem","position":1,"name":"Home","item":"https:\/\/www.istegroup.com\/"},{"@type":"ListItem","position":2,"name":"Shop","item":"https:\/\/www.istegroup.com\/fr\/nouveautes\/"},{"@type":"ListItem","position":3,"name":"Les batteries tout solide monolithiques"}]},{"@type":"WebSite","@id":"https:\/\/www.istegroup.com\/#website","url":"https:\/\/www.istegroup.com\/","name":"ISTE Group","description":"Publishing Knowledge","potentialAction":[{"@type":"SearchAction","target":{"@type":"EntryPoint","urlTemplate":"https:\/\/www.istegroup.com\/?s={search_term_string}"},"query-input":{"@type":"PropertyValueSpecification","valueRequired":true,"valueName":"search_term_string"}}],"inLanguage":"en-US"}]}},"_links":{"self":[{"href":"https:\/\/www.istegroup.com\/en\/wp-json\/wp\/v2\/product\/13390","targetHints":{"allow":["GET"]}}],"collection":[{"href":"https:\/\/www.istegroup.com\/en\/wp-json\/wp\/v2\/product"}],"about":[{"href":"https:\/\/www.istegroup.com\/en\/wp-json\/wp\/v2\/types\/product"}],"wp:featuredmedia":[{"embeddable":true,"href":"https:\/\/www.istegroup.com\/en\/wp-json\/wp\/v2\/media\/13397"}],"wp:attachment":[{"href":"https:\/\/www.istegroup.com\/en\/wp-json\/wp\/v2\/media?parent=13390"}],"wp:term":[{"taxonomy":"product_brand","embeddable":true,"href":"https:\/\/www.istegroup.com\/en\/wp-json\/wp\/v2\/product_brand?post=13390"},{"taxonomy":"product_cat","embeddable":true,"href":"https:\/\/www.istegroup.com\/en\/wp-json\/wp\/v2\/product_cat?post=13390"},{"taxonomy":"product_tag","embeddable":true,"href":"https:\/\/www.istegroup.com\/en\/wp-json\/wp\/v2\/product_tag?post=13390"}],"curies":[{"name":"wp","href":"https:\/\/api.w.org\/{rel}","templated":true}]}}