{"id":13364,"date":"2018-06-01T12:45:15","date_gmt":"2018-06-01T10:45:15","guid":{"rendered":"https:\/\/iste.yhello.co\/?post_type=product&#038;p=13364"},"modified":"2024-01-03T13:42:24","modified_gmt":"2024-01-03T13:42:24","slug":"les-sols-au-coeur-de-la-zone-critique-1","status":"publish","type":"product","link":"https:\/\/www.istegroup.com\/en\/produit\/les-sols-au-coeur-de-la-zone-critique-1\/","title":{"rendered":"Les sols au coeur de la zone critique 1"},"content":{"rendered":"<p>L\u2019int\u00e9r\u00eat scientifique, socio-\u00e9conomique, politique et m\u00e9diatique pour les sols semble rena\u00eetre depuis quelques ann\u00e9es. Ils sont d\u00e9sormais reconnus comme support des productions v\u00e9g\u00e9tales et des activit\u00e9s humaines, compartiment terrestre essentiel de la biosph\u00e8re renfermant 25 % de la biodiversit\u00e9 terrestre, et comme r\u00e9gulateurs des grands \u00e9quilibres.<\/p>\n<p>Cette multifonctionnalit\u00e9 des sols les place au coeur de la zone critique pour l\u2019humanit\u00e9 o\u00f9 s\u2019\u00e9panouit la vie. Mais savons-nous ce que sont les sols ? Comment sont-ils per\u00e7us ? Comment les d\u00e9finit-on ? Quelle place occupent-ils \u00e0 la surface terrestre ? Comment se sont-ils form\u00e9s ? Comment fonctionnent-ils ? \u00c0 quoi servent-ils ? Autant de questions auxquelles s\u2019efforce de r\u00e9pondre cette s\u00e9rie d\u2019ouvrages.<\/p>\n<p><em>Les sols au coeur de la zone critique 1<\/em>\u00a0pr\u00e9sente les d\u00e9finitions des sols et analyse leurs propri\u00e9t\u00e9s, les fonctions et services qu\u2019ils assurent, les pressions qu\u2019ils subissent et les perspectives qui s\u2019ouvrent.<\/p>\n","protected":false},"excerpt":{"rendered":"<p>L\u2019int\u00e9r\u00eat scientifique, socio-\u00e9conomique, politique et m\u00e9diatique pour les sols semble rena\u00eetre depuis quelques ann\u00e9es. Ils sont d\u00e9sormais reconnus comme support des productions v\u00e9g\u00e9tales et des activit\u00e9s humaines, compartiment terrestre essentiel de la biosph\u00e8re renfermant 25 % de la biodiversit\u00e9 terrestre, et comme r\u00e9gulateurs des grands \u00e9quilibres. Cette multifonctionnalit\u00e9 des sols les place au coeur de [&hellip;]<\/p>\n","protected":false},"featured_media":13370,"template":"","meta":{"_acf_changed":false,"_links_to":"","_links_to_target":""},"product_brand":[],"product_cat":[3262],"product_tag":[],"class_list":{"0":"post-13364","1":"product","2":"type-product","3":"status-publish","4":"has-post-thumbnail","6":"product_cat-non-classe","8":"first","9":"instock","10":"shipping-taxable","11":"purchasable","12":"product-type-variable"},"acf":[],"yoast_head":"<!-- This site is optimized with the Yoast SEO plugin v27.2 - https:\/\/yoast.com\/product\/yoast-seo-wordpress\/ -->\n<title>Les sols au coeur de la zone critique 1 - ISTE Group<\/title>\n<meta name=\"description\" content=\"Les sols au coeur de la zone critique 1\u00a0pr\u00e9sente les d\u00e9finitions des sols et analyse leurs propri\u00e9t\u00e9s, les fonctions et services qu\u2019ils assurent, les pressions qu\u2019ils subissent et les perspectives qui s\u2019ouvrent.\" \/>\n<meta name=\"robots\" content=\"index, follow, max-snippet:-1, max-image-preview:large, max-video-preview:-1\" \/>\n<link rel=\"canonical\" href=\"https:\/\/www.istegroup.com\/en\/produit\/les-sols-au-coeur-de-la-zone-critique-1\/\" \/>\n<meta property=\"og:locale\" content=\"en_US\" \/>\n<meta property=\"og:type\" content=\"article\" \/>\n<meta property=\"og:title\" content=\"Les sols au coeur de la zone critique 1 - ISTE Group\" \/>\n<meta property=\"og:description\" content=\"Les sols au coeur de la zone critique 1\u00a0pr\u00e9sente les d\u00e9finitions des sols et analyse leurs propri\u00e9t\u00e9s, les fonctions et services qu\u2019ils assurent, les pressions qu\u2019ils subissent et les perspectives qui s\u2019ouvrent.\" \/>\n<meta property=\"og:url\" content=\"https:\/\/www.istegroup.com\/en\/produit\/les-sols-au-coeur-de-la-zone-critique-1\/\" \/>\n<meta property=\"og:site_name\" content=\"ISTE Group\" \/>\n<meta property=\"article:modified_time\" content=\"2024-01-03T13:42:24+00:00\" \/>\n<meta property=\"og:image\" content=\"https:\/\/www.istegroup.com\/wp-content\/uploads\/2018\/06\/Berthelin_Front-scaled.jpg\" \/>\n\t<meta property=\"og:image:width\" content=\"1712\" \/>\n\t<meta property=\"og:image:height\" content=\"2560\" \/>\n\t<meta property=\"og:image:type\" content=\"image\/jpeg\" \/>\n<meta name=\"twitter:card\" content=\"summary_large_image\" \/>\n<meta name=\"twitter:label1\" content=\"Est. reading time\" \/>\n\t<meta name=\"twitter:data1\" content=\"1 minute\" \/>\n<script type=\"application\/ld+json\" class=\"yoast-schema-graph\">{\"@context\":\"https:\/\/schema.org\",\"@graph\":[{\"@type\":\"WebPage\",\"@id\":\"https:\/\/www.istegroup.com\/en\/produit\/les-sols-au-coeur-de-la-zone-critique-1\/\",\"url\":\"https:\/\/www.istegroup.com\/en\/produit\/les-sols-au-coeur-de-la-zone-critique-1\/\",\"name\":\"Les sols au coeur de la zone critique 1 - ISTE Group\",\"isPartOf\":{\"@id\":\"https:\/\/www.istegroup.com\/#website\"},\"primaryImageOfPage\":{\"@id\":\"https:\/\/www.istegroup.com\/en\/produit\/les-sols-au-coeur-de-la-zone-critique-1\/#primaryimage\"},\"image\":{\"@id\":\"https:\/\/www.istegroup.com\/en\/produit\/les-sols-au-coeur-de-la-zone-critique-1\/#primaryimage\"},\"thumbnailUrl\":\"https:\/\/www.istegroup.com\/wp-content\/uploads\/2018\/06\/Berthelin_Front-scaled.jpg\",\"datePublished\":\"2018-06-01T10:45:15+00:00\",\"dateModified\":\"2024-01-03T13:42:24+00:00\",\"description\":\"Les sols au coeur de la zone critique 1\u00a0pr\u00e9sente les d\u00e9finitions des sols et analyse leurs propri\u00e9t\u00e9s, les fonctions et services qu\u2019ils assurent, les pressions qu\u2019ils subissent et les perspectives qui s\u2019ouvrent.\",\"breadcrumb\":{\"@id\":\"https:\/\/www.istegroup.com\/en\/produit\/les-sols-au-coeur-de-la-zone-critique-1\/#breadcrumb\"},\"inLanguage\":\"en-US\",\"potentialAction\":[{\"@type\":\"ReadAction\",\"target\":[\"https:\/\/www.istegroup.com\/en\/produit\/les-sols-au-coeur-de-la-zone-critique-1\/\"]}]},{\"@type\":\"ImageObject\",\"inLanguage\":\"en-US\",\"@id\":\"https:\/\/www.istegroup.com\/en\/produit\/les-sols-au-coeur-de-la-zone-critique-1\/#primaryimage\",\"url\":\"https:\/\/www.istegroup.com\/wp-content\/uploads\/2018\/06\/Berthelin_Front-scaled.jpg\",\"contentUrl\":\"https:\/\/www.istegroup.com\/wp-content\/uploads\/2018\/06\/Berthelin_Front-scaled.jpg\",\"width\":1712,\"height\":2560,\"caption\":\"Fonctions et services\"},{\"@type\":\"BreadcrumbList\",\"@id\":\"https:\/\/www.istegroup.com\/en\/produit\/les-sols-au-coeur-de-la-zone-critique-1\/#breadcrumb\",\"itemListElement\":[{\"@type\":\"ListItem\",\"position\":1,\"name\":\"Home\",\"item\":\"https:\/\/www.istegroup.com\/\"},{\"@type\":\"ListItem\",\"position\":2,\"name\":\"Shop\",\"item\":\"https:\/\/www.istegroup.com\/fr\/nouveautes\/\"},{\"@type\":\"ListItem\",\"position\":3,\"name\":\"Les sols au coeur de la zone critique 1\"}]},{\"@type\":\"WebSite\",\"@id\":\"https:\/\/www.istegroup.com\/#website\",\"url\":\"https:\/\/www.istegroup.com\/\",\"name\":\"ISTE Group\",\"description\":\"Publishing Knowledge\",\"potentialAction\":[{\"@type\":\"SearchAction\",\"target\":{\"@type\":\"EntryPoint\",\"urlTemplate\":\"https:\/\/www.istegroup.com\/?s={search_term_string}\"},\"query-input\":{\"@type\":\"PropertyValueSpecification\",\"valueRequired\":true,\"valueName\":\"search_term_string\"}}],\"inLanguage\":\"en-US\"}]}<\/script>\n<!-- \/ Yoast SEO plugin. -->","yoast_head_json":{"title":"Les sols au coeur de la zone critique 1 - ISTE Group","description":"Les sols au coeur de la zone critique 1\u00a0pr\u00e9sente les d\u00e9finitions des sols et analyse leurs propri\u00e9t\u00e9s, les fonctions et services qu\u2019ils assurent, les pressions qu\u2019ils subissent et les perspectives qui s\u2019ouvrent.","robots":{"index":"index","follow":"follow","max-snippet":"max-snippet:-1","max-image-preview":"max-image-preview:large","max-video-preview":"max-video-preview:-1"},"canonical":"https:\/\/www.istegroup.com\/en\/produit\/les-sols-au-coeur-de-la-zone-critique-1\/","og_locale":"en_US","og_type":"article","og_title":"Les sols au coeur de la zone critique 1 - ISTE Group","og_description":"Les sols au coeur de la zone critique 1\u00a0pr\u00e9sente les d\u00e9finitions des sols et analyse leurs propri\u00e9t\u00e9s, les fonctions et services qu\u2019ils assurent, les pressions qu\u2019ils subissent et les perspectives qui s\u2019ouvrent.","og_url":"https:\/\/www.istegroup.com\/en\/produit\/les-sols-au-coeur-de-la-zone-critique-1\/","og_site_name":"ISTE Group","article_modified_time":"2024-01-03T13:42:24+00:00","og_image":[{"width":1712,"height":2560,"url":"https:\/\/www.istegroup.com\/wp-content\/uploads\/2018\/06\/Berthelin_Front-scaled.jpg","type":"image\/jpeg"}],"twitter_card":"summary_large_image","twitter_misc":{"Est. reading time":"1 minute"},"schema":{"@context":"https:\/\/schema.org","@graph":[{"@type":"WebPage","@id":"https:\/\/www.istegroup.com\/en\/produit\/les-sols-au-coeur-de-la-zone-critique-1\/","url":"https:\/\/www.istegroup.com\/en\/produit\/les-sols-au-coeur-de-la-zone-critique-1\/","name":"Les sols au coeur de la zone critique 1 - ISTE Group","isPartOf":{"@id":"https:\/\/www.istegroup.com\/#website"},"primaryImageOfPage":{"@id":"https:\/\/www.istegroup.com\/en\/produit\/les-sols-au-coeur-de-la-zone-critique-1\/#primaryimage"},"image":{"@id":"https:\/\/www.istegroup.com\/en\/produit\/les-sols-au-coeur-de-la-zone-critique-1\/#primaryimage"},"thumbnailUrl":"https:\/\/www.istegroup.com\/wp-content\/uploads\/2018\/06\/Berthelin_Front-scaled.jpg","datePublished":"2018-06-01T10:45:15+00:00","dateModified":"2024-01-03T13:42:24+00:00","description":"Les sols au coeur de la zone critique 1\u00a0pr\u00e9sente les d\u00e9finitions des sols et analyse leurs propri\u00e9t\u00e9s, les fonctions et services qu\u2019ils assurent, les pressions qu\u2019ils subissent et les perspectives qui s\u2019ouvrent.","breadcrumb":{"@id":"https:\/\/www.istegroup.com\/en\/produit\/les-sols-au-coeur-de-la-zone-critique-1\/#breadcrumb"},"inLanguage":"en-US","potentialAction":[{"@type":"ReadAction","target":["https:\/\/www.istegroup.com\/en\/produit\/les-sols-au-coeur-de-la-zone-critique-1\/"]}]},{"@type":"ImageObject","inLanguage":"en-US","@id":"https:\/\/www.istegroup.com\/en\/produit\/les-sols-au-coeur-de-la-zone-critique-1\/#primaryimage","url":"https:\/\/www.istegroup.com\/wp-content\/uploads\/2018\/06\/Berthelin_Front-scaled.jpg","contentUrl":"https:\/\/www.istegroup.com\/wp-content\/uploads\/2018\/06\/Berthelin_Front-scaled.jpg","width":1712,"height":2560,"caption":"Fonctions et services"},{"@type":"BreadcrumbList","@id":"https:\/\/www.istegroup.com\/en\/produit\/les-sols-au-coeur-de-la-zone-critique-1\/#breadcrumb","itemListElement":[{"@type":"ListItem","position":1,"name":"Home","item":"https:\/\/www.istegroup.com\/"},{"@type":"ListItem","position":2,"name":"Shop","item":"https:\/\/www.istegroup.com\/fr\/nouveautes\/"},{"@type":"ListItem","position":3,"name":"Les sols au coeur de la zone critique 1"}]},{"@type":"WebSite","@id":"https:\/\/www.istegroup.com\/#website","url":"https:\/\/www.istegroup.com\/","name":"ISTE Group","description":"Publishing Knowledge","potentialAction":[{"@type":"SearchAction","target":{"@type":"EntryPoint","urlTemplate":"https:\/\/www.istegroup.com\/?s={search_term_string}"},"query-input":{"@type":"PropertyValueSpecification","valueRequired":true,"valueName":"search_term_string"}}],"inLanguage":"en-US"}]}},"_links":{"self":[{"href":"https:\/\/www.istegroup.com\/en\/wp-json\/wp\/v2\/product\/13364","targetHints":{"allow":["GET"]}}],"collection":[{"href":"https:\/\/www.istegroup.com\/en\/wp-json\/wp\/v2\/product"}],"about":[{"href":"https:\/\/www.istegroup.com\/en\/wp-json\/wp\/v2\/types\/product"}],"wp:featuredmedia":[{"embeddable":true,"href":"https:\/\/www.istegroup.com\/en\/wp-json\/wp\/v2\/media\/13370"}],"wp:attachment":[{"href":"https:\/\/www.istegroup.com\/en\/wp-json\/wp\/v2\/media?parent=13364"}],"wp:term":[{"taxonomy":"product_brand","embeddable":true,"href":"https:\/\/www.istegroup.com\/en\/wp-json\/wp\/v2\/product_brand?post=13364"},{"taxonomy":"product_cat","embeddable":true,"href":"https:\/\/www.istegroup.com\/en\/wp-json\/wp\/v2\/product_cat?post=13364"},{"taxonomy":"product_tag","embeddable":true,"href":"https:\/\/www.istegroup.com\/en\/wp-json\/wp\/v2\/product_tag?post=13364"}],"curies":[{"name":"wp","href":"https:\/\/api.w.org\/{rel}","templated":true}]}}