{"id":13352,"date":"2018-06-03T12:24:43","date_gmt":"2018-06-03T10:24:43","guid":{"rendered":"https:\/\/iste.yhello.co\/?post_type=product&#038;p=13352"},"modified":"2024-01-03T13:42:24","modified_gmt":"2024-01-03T13:42:24","slug":"les-sols-au-coeur-de-la-zone-critique-3","status":"publish","type":"product","link":"https:\/\/www.istegroup.com\/en\/produit\/les-sols-au-coeur-de-la-zone-critique-3\/","title":{"rendered":"Les sols au coeur de la zone critique 3"},"content":{"rendered":"<p>Cet ouvrage invite \u00e0 regarder diff\u00e9remment deux objets trop banals : les sols et l\u2019eau. L\u2019eau poss\u00e8de des propri\u00e9t\u00e9s tout \u00e0 fait extraordinaires, qui sont \u00e0 la base de la vie elle-m\u00eame. Sans eau, pas de vie, mais sans les sols, pas de vie terrestre ! L\u2019interaction entre sols et eau est donc fondatrice de l\u2019habitabilit\u00e9 des surfaces \u00e9merg\u00e9es de la Terre.<\/p>\n<p><em>Les sols au coeur de la zone critique 3<\/em>\u00a0est consacr\u00e9 \u00e0 la circulation de l\u2019eau dans les sols. Les sols orientent le devenir de l\u2019eau par leurs propri\u00e9t\u00e9s : mouiller ou non les sols, \u00eatre absorb\u00e9e par les plantes, s\u2019infiltrer ou ruisseler continument ou suivant des \u00e9coulements pr\u00e9f\u00e9rentiels, se concentrer ou non dans certaines parties des vall\u00e9es lors de crues et provoquer ou non des inondations, dont le caract\u00e8re catastrophique r\u00e9sulte bien souvent de l\u2019absence ou de l\u2019insuffisance de mesures de pr\u00e9vention.<\/p>\n<p>L\u2019ouvrage montre ainsi en quoi les relations entre l\u2019eau, la vie et les sols sont beaucoup plus qu\u2019une simple suite d\u2019interactions ou de ph\u00e9nom\u00e8nes aux interfaces, et constituent un syst\u00e8me.<\/p>\n","protected":false},"excerpt":{"rendered":"<p>Cet ouvrage invite \u00e0 regarder diff\u00e9remment deux objets trop banals : les sols et l\u2019eau. L\u2019eau poss\u00e8de des propri\u00e9t\u00e9s tout \u00e0 fait extraordinaires, qui sont \u00e0 la base de la vie elle-m\u00eame. Sans eau, pas de vie, mais sans les sols, pas de vie terrestre ! L\u2019interaction entre sols et eau est donc fondatrice de [&hellip;]<\/p>\n","protected":false},"featured_media":13356,"template":"","meta":{"_acf_changed":false,"_links_to":"","_links_to_target":""},"product_brand":[],"product_cat":[3262],"product_tag":[],"class_list":{"0":"post-13352","1":"product","2":"type-product","3":"status-publish","4":"has-post-thumbnail","6":"product_cat-non-classe","8":"first","9":"instock","10":"shipping-taxable","11":"purchasable","12":"product-type-variable"},"acf":[],"yoast_head":"<!-- This site is optimized with the Yoast SEO plugin v27.2 - https:\/\/yoast.com\/product\/yoast-seo-wordpress\/ -->\n<title>Les sols au coeur de la zone critique 3 - ISTE Group<\/title>\n<meta name=\"description\" content=\"Les sols au coeur de la zone critique 3\u00a0est consacr\u00e9 \u00e0 la circulation de l\u2019eau dans les sols. Les sols orientent le devenir de l\u2019eau par leurs propri\u00e9t\u00e9s : mouiller ou non les sols, \u00eatre absorb\u00e9e par les plantes, s\u2019infiltrer ou ruisseler continument ou suivant des \u00e9coulements pr\u00e9f\u00e9rentiels, se concentrer ou non dans certaines parties des vall\u00e9es lors de crues et provoquer ou non des inondations, dont le caract\u00e8re catastrophique r\u00e9sulte bien souvent de l\u2019absence ou de l\u2019insuffisance de mesures de pr\u00e9vention.\" \/>\n<meta name=\"robots\" content=\"index, follow, max-snippet:-1, max-image-preview:large, max-video-preview:-1\" \/>\n<link rel=\"canonical\" href=\"https:\/\/www.istegroup.com\/fr\/produit\/les-sols-au-coeur-de-la-zone-critique-3\/\" \/>\n<meta property=\"og:locale\" content=\"en_US\" \/>\n<meta property=\"og:type\" content=\"article\" \/>\n<meta property=\"og:title\" content=\"Les sols au coeur de la zone critique 3 - ISTE Group\" \/>\n<meta property=\"og:description\" content=\"Les sols au coeur de la zone critique 3\u00a0est consacr\u00e9 \u00e0 la circulation de l\u2019eau dans les sols. Les sols orientent le devenir de l\u2019eau par leurs propri\u00e9t\u00e9s : mouiller ou non les sols, \u00eatre absorb\u00e9e par les plantes, s\u2019infiltrer ou ruisseler continument ou suivant des \u00e9coulements pr\u00e9f\u00e9rentiels, se concentrer ou non dans certaines parties des vall\u00e9es lors de crues et provoquer ou non des inondations, dont le caract\u00e8re catastrophique r\u00e9sulte bien souvent de l\u2019absence ou de l\u2019insuffisance de mesures de pr\u00e9vention.\" \/>\n<meta property=\"og:url\" content=\"https:\/\/www.istegroup.com\/fr\/produit\/les-sols-au-coeur-de-la-zone-critique-3\/\" \/>\n<meta property=\"og:site_name\" content=\"ISTE Group\" \/>\n<meta property=\"article:modified_time\" content=\"2024-01-03T13:42:24+00:00\" \/>\n<meta property=\"og:image\" content=\"https:\/\/www.istegroup.com\/wp-content\/uploads\/2018\/06\/Bourrie-1_Front-scaled.jpg\" \/>\n\t<meta property=\"og:image:width\" content=\"1705\" \/>\n\t<meta property=\"og:image:height\" content=\"2560\" \/>\n\t<meta property=\"og:image:type\" content=\"image\/jpeg\" \/>\n<meta name=\"twitter:card\" content=\"summary_large_image\" \/>\n<meta name=\"twitter:label1\" content=\"Est. reading time\" \/>\n\t<meta name=\"twitter:data1\" content=\"1 minute\" \/>\n<script type=\"application\/ld+json\" class=\"yoast-schema-graph\">{\"@context\":\"https:\/\/schema.org\",\"@graph\":[{\"@type\":\"WebPage\",\"@id\":\"https:\/\/www.istegroup.com\/fr\/produit\/les-sols-au-coeur-de-la-zone-critique-3\/\",\"url\":\"https:\/\/www.istegroup.com\/fr\/produit\/les-sols-au-coeur-de-la-zone-critique-3\/\",\"name\":\"Les sols au coeur de la zone critique 3 - ISTE Group\",\"isPartOf\":{\"@id\":\"https:\/\/www.istegroup.com\/#website\"},\"primaryImageOfPage\":{\"@id\":\"https:\/\/www.istegroup.com\/fr\/produit\/les-sols-au-coeur-de-la-zone-critique-3\/#primaryimage\"},\"image\":{\"@id\":\"https:\/\/www.istegroup.com\/fr\/produit\/les-sols-au-coeur-de-la-zone-critique-3\/#primaryimage\"},\"thumbnailUrl\":\"https:\/\/www.istegroup.com\/wp-content\/uploads\/2018\/06\/Bourrie-1_Front-scaled.jpg\",\"datePublished\":\"2018-06-03T10:24:43+00:00\",\"dateModified\":\"2024-01-03T13:42:24+00:00\",\"description\":\"Les sols au coeur de la zone critique 3\u00a0est consacr\u00e9 \u00e0 la circulation de l\u2019eau dans les sols. Les sols orientent le devenir de l\u2019eau par leurs propri\u00e9t\u00e9s : mouiller ou non les sols, \u00eatre absorb\u00e9e par les plantes, s\u2019infiltrer ou ruisseler continument ou suivant des \u00e9coulements pr\u00e9f\u00e9rentiels, se concentrer ou non dans certaines parties des vall\u00e9es lors de crues et provoquer ou non des inondations, dont le caract\u00e8re catastrophique r\u00e9sulte bien souvent de l\u2019absence ou de l\u2019insuffisance de mesures de pr\u00e9vention.\",\"breadcrumb\":{\"@id\":\"https:\/\/www.istegroup.com\/fr\/produit\/les-sols-au-coeur-de-la-zone-critique-3\/#breadcrumb\"},\"inLanguage\":\"en-US\",\"potentialAction\":[{\"@type\":\"ReadAction\",\"target\":[\"https:\/\/www.istegroup.com\/fr\/produit\/les-sols-au-coeur-de-la-zone-critique-3\/\"]}]},{\"@type\":\"ImageObject\",\"inLanguage\":\"en-US\",\"@id\":\"https:\/\/www.istegroup.com\/fr\/produit\/les-sols-au-coeur-de-la-zone-critique-3\/#primaryimage\",\"url\":\"https:\/\/www.istegroup.com\/wp-content\/uploads\/2018\/06\/Bourrie-1_Front-scaled.jpg\",\"contentUrl\":\"https:\/\/www.istegroup.com\/wp-content\/uploads\/2018\/06\/Bourrie-1_Front-scaled.jpg\",\"width\":1705,\"height\":2560,\"caption\":\"Circulation de l\u2019eau\"},{\"@type\":\"BreadcrumbList\",\"@id\":\"https:\/\/www.istegroup.com\/fr\/produit\/les-sols-au-coeur-de-la-zone-critique-3\/#breadcrumb\",\"itemListElement\":[{\"@type\":\"ListItem\",\"position\":1,\"name\":\"Home\",\"item\":\"https:\/\/www.istegroup.com\/\"},{\"@type\":\"ListItem\",\"position\":2,\"name\":\"Shop\",\"item\":\"https:\/\/www.istegroup.com\/fr\/nouveautes\/\"},{\"@type\":\"ListItem\",\"position\":3,\"name\":\"Les sols au coeur de la zone critique 3\"}]},{\"@type\":\"WebSite\",\"@id\":\"https:\/\/www.istegroup.com\/#website\",\"url\":\"https:\/\/www.istegroup.com\/\",\"name\":\"ISTE Group\",\"description\":\"Publishing Knowledge\",\"potentialAction\":[{\"@type\":\"SearchAction\",\"target\":{\"@type\":\"EntryPoint\",\"urlTemplate\":\"https:\/\/www.istegroup.com\/?s={search_term_string}\"},\"query-input\":{\"@type\":\"PropertyValueSpecification\",\"valueRequired\":true,\"valueName\":\"search_term_string\"}}],\"inLanguage\":\"en-US\"}]}<\/script>\n<!-- \/ Yoast SEO plugin. -->","yoast_head_json":{"title":"Les sols au coeur de la zone critique 3 - ISTE Group","description":"Les sols au coeur de la zone critique 3\u00a0est consacr\u00e9 \u00e0 la circulation de l\u2019eau dans les sols. Les sols orientent le devenir de l\u2019eau par leurs propri\u00e9t\u00e9s : mouiller ou non les sols, \u00eatre absorb\u00e9e par les plantes, s\u2019infiltrer ou ruisseler continument ou suivant des \u00e9coulements pr\u00e9f\u00e9rentiels, se concentrer ou non dans certaines parties des vall\u00e9es lors de crues et provoquer ou non des inondations, dont le caract\u00e8re catastrophique r\u00e9sulte bien souvent de l\u2019absence ou de l\u2019insuffisance de mesures de pr\u00e9vention.","robots":{"index":"index","follow":"follow","max-snippet":"max-snippet:-1","max-image-preview":"max-image-preview:large","max-video-preview":"max-video-preview:-1"},"canonical":"https:\/\/www.istegroup.com\/fr\/produit\/les-sols-au-coeur-de-la-zone-critique-3\/","og_locale":"en_US","og_type":"article","og_title":"Les sols au coeur de la zone critique 3 - ISTE Group","og_description":"Les sols au coeur de la zone critique 3\u00a0est consacr\u00e9 \u00e0 la circulation de l\u2019eau dans les sols. Les sols orientent le devenir de l\u2019eau par leurs propri\u00e9t\u00e9s : mouiller ou non les sols, \u00eatre absorb\u00e9e par les plantes, s\u2019infiltrer ou ruisseler continument ou suivant des \u00e9coulements pr\u00e9f\u00e9rentiels, se concentrer ou non dans certaines parties des vall\u00e9es lors de crues et provoquer ou non des inondations, dont le caract\u00e8re catastrophique r\u00e9sulte bien souvent de l\u2019absence ou de l\u2019insuffisance de mesures de pr\u00e9vention.","og_url":"https:\/\/www.istegroup.com\/fr\/produit\/les-sols-au-coeur-de-la-zone-critique-3\/","og_site_name":"ISTE Group","article_modified_time":"2024-01-03T13:42:24+00:00","og_image":[{"width":1705,"height":2560,"url":"https:\/\/www.istegroup.com\/wp-content\/uploads\/2018\/06\/Bourrie-1_Front-scaled.jpg","type":"image\/jpeg"}],"twitter_card":"summary_large_image","twitter_misc":{"Est. reading time":"1 minute"},"schema":{"@context":"https:\/\/schema.org","@graph":[{"@type":"WebPage","@id":"https:\/\/www.istegroup.com\/fr\/produit\/les-sols-au-coeur-de-la-zone-critique-3\/","url":"https:\/\/www.istegroup.com\/fr\/produit\/les-sols-au-coeur-de-la-zone-critique-3\/","name":"Les sols au coeur de la zone critique 3 - ISTE Group","isPartOf":{"@id":"https:\/\/www.istegroup.com\/#website"},"primaryImageOfPage":{"@id":"https:\/\/www.istegroup.com\/fr\/produit\/les-sols-au-coeur-de-la-zone-critique-3\/#primaryimage"},"image":{"@id":"https:\/\/www.istegroup.com\/fr\/produit\/les-sols-au-coeur-de-la-zone-critique-3\/#primaryimage"},"thumbnailUrl":"https:\/\/www.istegroup.com\/wp-content\/uploads\/2018\/06\/Bourrie-1_Front-scaled.jpg","datePublished":"2018-06-03T10:24:43+00:00","dateModified":"2024-01-03T13:42:24+00:00","description":"Les sols au coeur de la zone critique 3\u00a0est consacr\u00e9 \u00e0 la circulation de l\u2019eau dans les sols. Les sols orientent le devenir de l\u2019eau par leurs propri\u00e9t\u00e9s : mouiller ou non les sols, \u00eatre absorb\u00e9e par les plantes, s\u2019infiltrer ou ruisseler continument ou suivant des \u00e9coulements pr\u00e9f\u00e9rentiels, se concentrer ou non dans certaines parties des vall\u00e9es lors de crues et provoquer ou non des inondations, dont le caract\u00e8re catastrophique r\u00e9sulte bien souvent de l\u2019absence ou de l\u2019insuffisance de mesures de pr\u00e9vention.","breadcrumb":{"@id":"https:\/\/www.istegroup.com\/fr\/produit\/les-sols-au-coeur-de-la-zone-critique-3\/#breadcrumb"},"inLanguage":"en-US","potentialAction":[{"@type":"ReadAction","target":["https:\/\/www.istegroup.com\/fr\/produit\/les-sols-au-coeur-de-la-zone-critique-3\/"]}]},{"@type":"ImageObject","inLanguage":"en-US","@id":"https:\/\/www.istegroup.com\/fr\/produit\/les-sols-au-coeur-de-la-zone-critique-3\/#primaryimage","url":"https:\/\/www.istegroup.com\/wp-content\/uploads\/2018\/06\/Bourrie-1_Front-scaled.jpg","contentUrl":"https:\/\/www.istegroup.com\/wp-content\/uploads\/2018\/06\/Bourrie-1_Front-scaled.jpg","width":1705,"height":2560,"caption":"Circulation de l\u2019eau"},{"@type":"BreadcrumbList","@id":"https:\/\/www.istegroup.com\/fr\/produit\/les-sols-au-coeur-de-la-zone-critique-3\/#breadcrumb","itemListElement":[{"@type":"ListItem","position":1,"name":"Home","item":"https:\/\/www.istegroup.com\/"},{"@type":"ListItem","position":2,"name":"Shop","item":"https:\/\/www.istegroup.com\/fr\/nouveautes\/"},{"@type":"ListItem","position":3,"name":"Les sols au coeur de la zone critique 3"}]},{"@type":"WebSite","@id":"https:\/\/www.istegroup.com\/#website","url":"https:\/\/www.istegroup.com\/","name":"ISTE Group","description":"Publishing Knowledge","potentialAction":[{"@type":"SearchAction","target":{"@type":"EntryPoint","urlTemplate":"https:\/\/www.istegroup.com\/?s={search_term_string}"},"query-input":{"@type":"PropertyValueSpecification","valueRequired":true,"valueName":"search_term_string"}}],"inLanguage":"en-US"}]}},"_links":{"self":[{"href":"https:\/\/www.istegroup.com\/en\/wp-json\/wp\/v2\/product\/13352","targetHints":{"allow":["GET"]}}],"collection":[{"href":"https:\/\/www.istegroup.com\/en\/wp-json\/wp\/v2\/product"}],"about":[{"href":"https:\/\/www.istegroup.com\/en\/wp-json\/wp\/v2\/types\/product"}],"wp:featuredmedia":[{"embeddable":true,"href":"https:\/\/www.istegroup.com\/en\/wp-json\/wp\/v2\/media\/13356"}],"wp:attachment":[{"href":"https:\/\/www.istegroup.com\/en\/wp-json\/wp\/v2\/media?parent=13352"}],"wp:term":[{"taxonomy":"product_brand","embeddable":true,"href":"https:\/\/www.istegroup.com\/en\/wp-json\/wp\/v2\/product_brand?post=13352"},{"taxonomy":"product_cat","embeddable":true,"href":"https:\/\/www.istegroup.com\/en\/wp-json\/wp\/v2\/product_cat?post=13352"},{"taxonomy":"product_tag","embeddable":true,"href":"https:\/\/www.istegroup.com\/en\/wp-json\/wp\/v2\/product_tag?post=13352"}],"curies":[{"name":"wp","href":"https:\/\/api.w.org\/{rel}","templated":true}]}}