{"id":13308,"date":"2018-05-10T12:54:25","date_gmt":"2018-05-10T10:54:25","guid":{"rendered":"https:\/\/iste.yhello.co\/?post_type=product&#038;p=13308"},"modified":"2024-01-03T13:42:24","modified_gmt":"2024-01-03T13:42:24","slug":"methode-tracable-de-conduite-de-la-recherche-en-informatique-centree-humain","status":"publish","type":"product","link":"https:\/\/www.istegroup.com\/en\/produit\/methode-tracable-de-conduite-de-la-recherche-en-informatique-centree-humain\/","title":{"rendered":"M\u00e9thode tra\u00e7able de conduite de la recherche en informatique centr\u00e9e humain"},"content":{"rendered":"<p>La s\u00e9rie\u00a0<em>Syst\u00e8mes d\u2019information avanc\u00e9s<\/em>\u00a0approfondit les nouvelles formes du SI qui est devenu, avec le num\u00e9rique, le v\u00e9ritable syst\u00e8me nerveux de toute organisation.<\/p>\n<p>Cet ouvrage propose une nouvelle m\u00e9thodologie pour la recherche en informatique centr\u00e9e sur l\u2019humain (RICH). Il pr\u00e9sente la m\u00e9thode THEDRE\u00a0<em>(Traceable Human Experiment Design Research)<\/em>\u00a0qui valorise l\u2019int\u00e9gration de l\u2019individu dans le processus de recherche dans les phases de construction et d\u2019\u00e9valuation des dispositifs num\u00e9riques.<\/p>\n<p>Dans cet ouvrage, l\u2019approche centr\u00e9e sur l\u2019utilisateur est pr\u00e9sent\u00e9e en d\u00e9tail et mise en perspective avec la d\u00e9marche qualit\u00e9 pour la tra\u00e7abilit\u00e9 des processus. THEDRE propose un langage et des outils pour d\u00e9finir une m\u00e9thode de recherche adapt\u00e9e \u00e0 chaque projet de recherche et permet de g\u00e9rer un processus de recherche collaborative.<\/p>\n<p>Cet ouvrage permet d\u2019acqu\u00e9rir des connaissances en pratiques exp\u00e9rimentales pour la recherche en informatique centr\u00e9e sur l\u2019humain. Il s\u2019adresse aux doctorants ou aux chercheurs qui se pr\u00e9occupent de la tra\u00e7abilit\u00e9 de leurs r\u00e9sultats dans le contexte de la RICH.<\/p>\n","protected":false},"excerpt":{"rendered":"<p>La s\u00e9rie\u00a0Syst\u00e8mes d\u2019information avanc\u00e9s\u00a0approfondit les nouvelles formes du SI qui est devenu, avec le num\u00e9rique, le v\u00e9ritable syst\u00e8me nerveux de toute organisation. Cet ouvrage propose une nouvelle m\u00e9thodologie pour la recherche en informatique centr\u00e9e sur l\u2019humain (RICH). Il pr\u00e9sente la m\u00e9thode THEDRE\u00a0(Traceable Human Experiment Design Research)\u00a0qui valorise l\u2019int\u00e9gration de l\u2019individu dans le processus de recherche [&hellip;]<\/p>\n","protected":false},"featured_media":13314,"template":"","meta":{"_acf_changed":false,"_links_to":"","_links_to_target":""},"product_brand":[],"product_cat":[3262],"product_tag":[],"class_list":{"0":"post-13308","1":"product","2":"type-product","3":"status-publish","4":"has-post-thumbnail","6":"product_cat-non-classe","8":"first","9":"instock","10":"shipping-taxable","11":"purchasable","12":"product-type-variable"},"acf":[],"yoast_head":"<!-- This site is optimized with the Yoast SEO plugin v27.2 - https:\/\/yoast.com\/product\/yoast-seo-wordpress\/ -->\n<title>M\u00e9thode tra\u00e7able de conduite de la recherche en informatique centr\u00e9e humain - ISTE Group<\/title>\n<meta name=\"description\" content=\"Cet ouvrage propose une nouvelle m\u00e9thodologie pour la recherche en informatique centr\u00e9e sur l\u2019humain (RICH). Il pr\u00e9sente la m\u00e9thode THEDRE\u00a0(Traceable Human Experiment Design Research)\u00a0qui valorise l\u2019int\u00e9gration de l\u2019individu dans le processus de recherche dans les phases de construction et d\u2019\u00e9valuation des dispositifs num\u00e9riques.\" \/>\n<meta name=\"robots\" content=\"index, follow, max-snippet:-1, max-image-preview:large, max-video-preview:-1\" \/>\n<link rel=\"canonical\" href=\"https:\/\/www.istegroup.com\/en\/produit\/methode-tracable-de-conduite-de-la-recherche-en-informatique-centree-humain\/\" \/>\n<meta property=\"og:locale\" content=\"en_US\" \/>\n<meta property=\"og:type\" content=\"article\" \/>\n<meta property=\"og:title\" content=\"M\u00e9thode tra\u00e7able de conduite de la recherche en informatique centr\u00e9e humain - ISTE Group\" \/>\n<meta property=\"og:description\" content=\"Cet ouvrage propose une nouvelle m\u00e9thodologie pour la recherche en informatique centr\u00e9e sur l\u2019humain (RICH). Il pr\u00e9sente la m\u00e9thode THEDRE\u00a0(Traceable Human Experiment Design Research)\u00a0qui valorise l\u2019int\u00e9gration de l\u2019individu dans le processus de recherche dans les phases de construction et d\u2019\u00e9valuation des dispositifs num\u00e9riques.\" \/>\n<meta property=\"og:url\" content=\"https:\/\/www.istegroup.com\/en\/produit\/methode-tracable-de-conduite-de-la-recherche-en-informatique-centree-humain\/\" \/>\n<meta property=\"og:site_name\" content=\"ISTE Group\" \/>\n<meta property=\"article:modified_time\" content=\"2024-01-03T13:42:24+00:00\" \/>\n<meta property=\"og:image\" content=\"https:\/\/www.istegroup.com\/wp-content\/uploads\/2018\/06\/Mandran_Front-scaled.jpg\" \/>\n\t<meta property=\"og:image:width\" content=\"1694\" \/>\n\t<meta property=\"og:image:height\" content=\"2560\" \/>\n\t<meta property=\"og:image:type\" content=\"image\/jpeg\" \/>\n<meta name=\"twitter:card\" content=\"summary_large_image\" \/>\n<meta name=\"twitter:label1\" content=\"Est. reading time\" \/>\n\t<meta name=\"twitter:data1\" content=\"1 minute\" \/>\n<script type=\"application\/ld+json\" class=\"yoast-schema-graph\">{\"@context\":\"https:\/\/schema.org\",\"@graph\":[{\"@type\":\"WebPage\",\"@id\":\"https:\/\/www.istegroup.com\/en\/produit\/methode-tracable-de-conduite-de-la-recherche-en-informatique-centree-humain\/\",\"url\":\"https:\/\/www.istegroup.com\/en\/produit\/methode-tracable-de-conduite-de-la-recherche-en-informatique-centree-humain\/\",\"name\":\"M\u00e9thode tra\u00e7able de conduite de la recherche en informatique centr\u00e9e humain - ISTE Group\",\"isPartOf\":{\"@id\":\"https:\/\/www.istegroup.com\/#website\"},\"primaryImageOfPage\":{\"@id\":\"https:\/\/www.istegroup.com\/en\/produit\/methode-tracable-de-conduite-de-la-recherche-en-informatique-centree-humain\/#primaryimage\"},\"image\":{\"@id\":\"https:\/\/www.istegroup.com\/en\/produit\/methode-tracable-de-conduite-de-la-recherche-en-informatique-centree-humain\/#primaryimage\"},\"thumbnailUrl\":\"https:\/\/www.istegroup.com\/wp-content\/uploads\/2018\/06\/Mandran_Front-scaled.jpg\",\"datePublished\":\"2018-05-10T10:54:25+00:00\",\"dateModified\":\"2024-01-03T13:42:24+00:00\",\"description\":\"Cet ouvrage propose une nouvelle m\u00e9thodologie pour la recherche en informatique centr\u00e9e sur l\u2019humain (RICH). Il pr\u00e9sente la m\u00e9thode THEDRE\u00a0(Traceable Human Experiment Design Research)\u00a0qui valorise l\u2019int\u00e9gration de l\u2019individu dans le processus de recherche dans les phases de construction et d\u2019\u00e9valuation des dispositifs num\u00e9riques.\",\"breadcrumb\":{\"@id\":\"https:\/\/www.istegroup.com\/en\/produit\/methode-tracable-de-conduite-de-la-recherche-en-informatique-centree-humain\/#breadcrumb\"},\"inLanguage\":\"en-US\",\"potentialAction\":[{\"@type\":\"ReadAction\",\"target\":[\"https:\/\/www.istegroup.com\/en\/produit\/methode-tracable-de-conduite-de-la-recherche-en-informatique-centree-humain\/\"]}]},{\"@type\":\"ImageObject\",\"inLanguage\":\"en-US\",\"@id\":\"https:\/\/www.istegroup.com\/en\/produit\/methode-tracable-de-conduite-de-la-recherche-en-informatique-centree-humain\/#primaryimage\",\"url\":\"https:\/\/www.istegroup.com\/wp-content\/uploads\/2018\/06\/Mandran_Front-scaled.jpg\",\"contentUrl\":\"https:\/\/www.istegroup.com\/wp-content\/uploads\/2018\/06\/Mandran_Front-scaled.jpg\",\"width\":1694,\"height\":2560,\"caption\":\"Mod\u00e8le th\u00e9orique et guide pratique\"},{\"@type\":\"BreadcrumbList\",\"@id\":\"https:\/\/www.istegroup.com\/en\/produit\/methode-tracable-de-conduite-de-la-recherche-en-informatique-centree-humain\/#breadcrumb\",\"itemListElement\":[{\"@type\":\"ListItem\",\"position\":1,\"name\":\"Home\",\"item\":\"https:\/\/www.istegroup.com\/\"},{\"@type\":\"ListItem\",\"position\":2,\"name\":\"Shop\",\"item\":\"https:\/\/www.istegroup.com\/fr\/nouveautes\/\"},{\"@type\":\"ListItem\",\"position\":3,\"name\":\"M\u00e9thode tra\u00e7able de conduite de la recherche en informatique centr\u00e9e humain\"}]},{\"@type\":\"WebSite\",\"@id\":\"https:\/\/www.istegroup.com\/#website\",\"url\":\"https:\/\/www.istegroup.com\/\",\"name\":\"ISTE Group\",\"description\":\"Publishing Knowledge\",\"potentialAction\":[{\"@type\":\"SearchAction\",\"target\":{\"@type\":\"EntryPoint\",\"urlTemplate\":\"https:\/\/www.istegroup.com\/?s={search_term_string}\"},\"query-input\":{\"@type\":\"PropertyValueSpecification\",\"valueRequired\":true,\"valueName\":\"search_term_string\"}}],\"inLanguage\":\"en-US\"}]}<\/script>\n<!-- \/ Yoast SEO plugin. -->","yoast_head_json":{"title":"M\u00e9thode tra\u00e7able de conduite de la recherche en informatique centr\u00e9e humain - ISTE Group","description":"Cet ouvrage propose une nouvelle m\u00e9thodologie pour la recherche en informatique centr\u00e9e sur l\u2019humain (RICH). Il pr\u00e9sente la m\u00e9thode THEDRE\u00a0(Traceable Human Experiment Design Research)\u00a0qui valorise l\u2019int\u00e9gration de l\u2019individu dans le processus de recherche dans les phases de construction et d\u2019\u00e9valuation des dispositifs num\u00e9riques.","robots":{"index":"index","follow":"follow","max-snippet":"max-snippet:-1","max-image-preview":"max-image-preview:large","max-video-preview":"max-video-preview:-1"},"canonical":"https:\/\/www.istegroup.com\/en\/produit\/methode-tracable-de-conduite-de-la-recherche-en-informatique-centree-humain\/","og_locale":"en_US","og_type":"article","og_title":"M\u00e9thode tra\u00e7able de conduite de la recherche en informatique centr\u00e9e humain - ISTE Group","og_description":"Cet ouvrage propose une nouvelle m\u00e9thodologie pour la recherche en informatique centr\u00e9e sur l\u2019humain (RICH). Il pr\u00e9sente la m\u00e9thode THEDRE\u00a0(Traceable Human Experiment Design Research)\u00a0qui valorise l\u2019int\u00e9gration de l\u2019individu dans le processus de recherche dans les phases de construction et d\u2019\u00e9valuation des dispositifs num\u00e9riques.","og_url":"https:\/\/www.istegroup.com\/en\/produit\/methode-tracable-de-conduite-de-la-recherche-en-informatique-centree-humain\/","og_site_name":"ISTE Group","article_modified_time":"2024-01-03T13:42:24+00:00","og_image":[{"width":1694,"height":2560,"url":"https:\/\/www.istegroup.com\/wp-content\/uploads\/2018\/06\/Mandran_Front-scaled.jpg","type":"image\/jpeg"}],"twitter_card":"summary_large_image","twitter_misc":{"Est. reading time":"1 minute"},"schema":{"@context":"https:\/\/schema.org","@graph":[{"@type":"WebPage","@id":"https:\/\/www.istegroup.com\/en\/produit\/methode-tracable-de-conduite-de-la-recherche-en-informatique-centree-humain\/","url":"https:\/\/www.istegroup.com\/en\/produit\/methode-tracable-de-conduite-de-la-recherche-en-informatique-centree-humain\/","name":"M\u00e9thode tra\u00e7able de conduite de la recherche en informatique centr\u00e9e humain - ISTE Group","isPartOf":{"@id":"https:\/\/www.istegroup.com\/#website"},"primaryImageOfPage":{"@id":"https:\/\/www.istegroup.com\/en\/produit\/methode-tracable-de-conduite-de-la-recherche-en-informatique-centree-humain\/#primaryimage"},"image":{"@id":"https:\/\/www.istegroup.com\/en\/produit\/methode-tracable-de-conduite-de-la-recherche-en-informatique-centree-humain\/#primaryimage"},"thumbnailUrl":"https:\/\/www.istegroup.com\/wp-content\/uploads\/2018\/06\/Mandran_Front-scaled.jpg","datePublished":"2018-05-10T10:54:25+00:00","dateModified":"2024-01-03T13:42:24+00:00","description":"Cet ouvrage propose une nouvelle m\u00e9thodologie pour la recherche en informatique centr\u00e9e sur l\u2019humain (RICH). Il pr\u00e9sente la m\u00e9thode THEDRE\u00a0(Traceable Human Experiment Design Research)\u00a0qui valorise l\u2019int\u00e9gration de l\u2019individu dans le processus de recherche dans les phases de construction et d\u2019\u00e9valuation des dispositifs num\u00e9riques.","breadcrumb":{"@id":"https:\/\/www.istegroup.com\/en\/produit\/methode-tracable-de-conduite-de-la-recherche-en-informatique-centree-humain\/#breadcrumb"},"inLanguage":"en-US","potentialAction":[{"@type":"ReadAction","target":["https:\/\/www.istegroup.com\/en\/produit\/methode-tracable-de-conduite-de-la-recherche-en-informatique-centree-humain\/"]}]},{"@type":"ImageObject","inLanguage":"en-US","@id":"https:\/\/www.istegroup.com\/en\/produit\/methode-tracable-de-conduite-de-la-recherche-en-informatique-centree-humain\/#primaryimage","url":"https:\/\/www.istegroup.com\/wp-content\/uploads\/2018\/06\/Mandran_Front-scaled.jpg","contentUrl":"https:\/\/www.istegroup.com\/wp-content\/uploads\/2018\/06\/Mandran_Front-scaled.jpg","width":1694,"height":2560,"caption":"Mod\u00e8le th\u00e9orique et guide pratique"},{"@type":"BreadcrumbList","@id":"https:\/\/www.istegroup.com\/en\/produit\/methode-tracable-de-conduite-de-la-recherche-en-informatique-centree-humain\/#breadcrumb","itemListElement":[{"@type":"ListItem","position":1,"name":"Home","item":"https:\/\/www.istegroup.com\/"},{"@type":"ListItem","position":2,"name":"Shop","item":"https:\/\/www.istegroup.com\/fr\/nouveautes\/"},{"@type":"ListItem","position":3,"name":"M\u00e9thode tra\u00e7able de conduite de la recherche en informatique centr\u00e9e humain"}]},{"@type":"WebSite","@id":"https:\/\/www.istegroup.com\/#website","url":"https:\/\/www.istegroup.com\/","name":"ISTE Group","description":"Publishing Knowledge","potentialAction":[{"@type":"SearchAction","target":{"@type":"EntryPoint","urlTemplate":"https:\/\/www.istegroup.com\/?s={search_term_string}"},"query-input":{"@type":"PropertyValueSpecification","valueRequired":true,"valueName":"search_term_string"}}],"inLanguage":"en-US"}]}},"_links":{"self":[{"href":"https:\/\/www.istegroup.com\/en\/wp-json\/wp\/v2\/product\/13308","targetHints":{"allow":["GET"]}}],"collection":[{"href":"https:\/\/www.istegroup.com\/en\/wp-json\/wp\/v2\/product"}],"about":[{"href":"https:\/\/www.istegroup.com\/en\/wp-json\/wp\/v2\/types\/product"}],"wp:featuredmedia":[{"embeddable":true,"href":"https:\/\/www.istegroup.com\/en\/wp-json\/wp\/v2\/media\/13314"}],"wp:attachment":[{"href":"https:\/\/www.istegroup.com\/en\/wp-json\/wp\/v2\/media?parent=13308"}],"wp:term":[{"taxonomy":"product_brand","embeddable":true,"href":"https:\/\/www.istegroup.com\/en\/wp-json\/wp\/v2\/product_brand?post=13308"},{"taxonomy":"product_cat","embeddable":true,"href":"https:\/\/www.istegroup.com\/en\/wp-json\/wp\/v2\/product_cat?post=13308"},{"taxonomy":"product_tag","embeddable":true,"href":"https:\/\/www.istegroup.com\/en\/wp-json\/wp\/v2\/product_tag?post=13308"}],"curies":[{"name":"wp","href":"https:\/\/api.w.org\/{rel}","templated":true}]}}