{"id":13296,"date":"2018-06-19T12:44:11","date_gmt":"2018-06-19T10:44:11","guid":{"rendered":"https:\/\/iste.yhello.co\/?post_type=product&#038;p=13296"},"modified":"2024-01-03T13:42:24","modified_gmt":"2024-01-03T13:42:24","slug":"objectifs-et-performances-industriels","status":"publish","type":"product","link":"https:\/\/www.istegroup.com\/en\/produit\/objectifs-et-performances-industriels\/","title":{"rendered":"Objectifs et performances industriels"},"content":{"rendered":"<p>D\u00e9sirs, insuffisances et am\u00e9liorations sont trois facteurs qui conditionnent les objectifs \u00e0 atteindre dans un syst\u00e8me industriel.<\/p>\n<p>Cet ouvrage traite du fonctionnement et de l\u2019\u00e9volution du syst\u00e8me industriel, mais aussi de l\u2019acteur, gestionnaire des objectifs, des actions, et pilote d\u2019ex\u00e9cution vers la performance vis\u00e9e. Il \u00e9tudie la notion de syst\u00e8me et la rattache \u00e0 celle d\u2019observateur ainsi qu\u2019\u00e0 ses intentions. Le concept de variable, outil compos\u00e9 des aspects n\u00e9cessaires \u00e0 l\u2019atteinte d\u2019un but, y est aussi revisit\u00e9. Un retour sur ce dernier est effectu\u00e9 sur la base d\u2019une distinction entre le d\u00e9sir et le besoin.<\/p>\n<p>Enfin, la th\u00e9orie des sous-ensembles flous est utilis\u00e9e pour repr\u00e9senter les valeurs de l\u2019objectif et l\u2019incertitude de la mesure. Elle permet de calculer l\u2019expression de la performance, selon ses s\u00e9mantiques de mesure et d\u2019\u00e9valuation.<\/p>\n","protected":false},"excerpt":{"rendered":"<p>D\u00e9sirs, insuffisances et am\u00e9liorations sont trois facteurs qui conditionnent les objectifs \u00e0 atteindre dans un syst\u00e8me industriel. Cet ouvrage traite du fonctionnement et de l\u2019\u00e9volution du syst\u00e8me industriel, mais aussi de l\u2019acteur, gestionnaire des objectifs, des actions, et pilote d\u2019ex\u00e9cution vers la performance vis\u00e9e. Il \u00e9tudie la notion de syst\u00e8me et la rattache \u00e0 celle [&hellip;]<\/p>\n","protected":false},"featured_media":13307,"template":"","meta":{"_acf_changed":false,"_links_to":"","_links_to_target":""},"product_brand":[],"product_cat":[3262],"product_tag":[],"class_list":{"0":"post-13296","1":"product","2":"type-product","3":"status-publish","4":"has-post-thumbnail","6":"product_cat-non-classe","8":"first","9":"instock","10":"shipping-taxable","11":"purchasable","12":"product-type-variable"},"acf":[],"yoast_head":"<!-- This site is optimized with the Yoast SEO plugin v27.2 - https:\/\/yoast.com\/product\/yoast-seo-wordpress\/ -->\n<title>Objectifs et performances industriels - ISTE Group<\/title>\n<meta name=\"description\" content=\"Cet ouvrage traite du fonctionnement et de l\u2019\u00e9volution du syst\u00e8me industriel, mais aussi de l\u2019acteur, gestionnaire des objectifs, des actions, et pilote d\u2019ex\u00e9cution vers la performance vis\u00e9e.\" \/>\n<meta name=\"robots\" content=\"index, follow, max-snippet:-1, max-image-preview:large, max-video-preview:-1\" \/>\n<link rel=\"canonical\" href=\"https:\/\/www.istegroup.com\/fr\/produit\/objectifs-et-performances-industriels\/\" \/>\n<meta property=\"og:locale\" content=\"en_US\" \/>\n<meta property=\"og:type\" content=\"article\" \/>\n<meta property=\"og:title\" content=\"Objectifs et performances industriels - ISTE Group\" \/>\n<meta property=\"og:description\" content=\"Cet ouvrage traite du fonctionnement et de l\u2019\u00e9volution du syst\u00e8me industriel, mais aussi de l\u2019acteur, gestionnaire des objectifs, des actions, et pilote d\u2019ex\u00e9cution vers la performance vis\u00e9e.\" \/>\n<meta property=\"og:url\" content=\"https:\/\/www.istegroup.com\/fr\/produit\/objectifs-et-performances-industriels\/\" \/>\n<meta property=\"og:site_name\" content=\"ISTE Group\" \/>\n<meta property=\"article:modified_time\" content=\"2024-01-03T13:42:24+00:00\" \/>\n<meta property=\"og:image\" content=\"https:\/\/www.istegroup.com\/wp-content\/uploads\/2018\/06\/Berrah_Front-scaled.jpg\" \/>\n\t<meta property=\"og:image:width\" content=\"1702\" \/>\n\t<meta property=\"og:image:height\" content=\"2560\" \/>\n\t<meta property=\"og:image:type\" content=\"image\/jpeg\" \/>\n<meta name=\"twitter:card\" content=\"summary_large_image\" \/>\n<meta name=\"twitter:label1\" content=\"Est. reading time\" \/>\n\t<meta name=\"twitter:data1\" content=\"1 minute\" \/>\n<script type=\"application\/ld+json\" class=\"yoast-schema-graph\">{\"@context\":\"https:\/\/schema.org\",\"@graph\":[{\"@type\":\"WebPage\",\"@id\":\"https:\/\/www.istegroup.com\/fr\/produit\/objectifs-et-performances-industriels\/\",\"url\":\"https:\/\/www.istegroup.com\/fr\/produit\/objectifs-et-performances-industriels\/\",\"name\":\"Objectifs et performances industriels - ISTE Group\",\"isPartOf\":{\"@id\":\"https:\/\/www.istegroup.com\/#website\"},\"primaryImageOfPage\":{\"@id\":\"https:\/\/www.istegroup.com\/fr\/produit\/objectifs-et-performances-industriels\/#primaryimage\"},\"image\":{\"@id\":\"https:\/\/www.istegroup.com\/fr\/produit\/objectifs-et-performances-industriels\/#primaryimage\"},\"thumbnailUrl\":\"https:\/\/www.istegroup.com\/wp-content\/uploads\/2018\/06\/Berrah_Front-scaled.jpg\",\"datePublished\":\"2018-06-19T10:44:11+00:00\",\"dateModified\":\"2024-01-03T13:42:24+00:00\",\"description\":\"Cet ouvrage traite du fonctionnement et de l\u2019\u00e9volution du syst\u00e8me industriel, mais aussi de l\u2019acteur, gestionnaire des objectifs, des actions, et pilote d\u2019ex\u00e9cution vers la performance vis\u00e9e.\",\"breadcrumb\":{\"@id\":\"https:\/\/www.istegroup.com\/fr\/produit\/objectifs-et-performances-industriels\/#breadcrumb\"},\"inLanguage\":\"en-US\",\"potentialAction\":[{\"@type\":\"ReadAction\",\"target\":[\"https:\/\/www.istegroup.com\/fr\/produit\/objectifs-et-performances-industriels\/\"]}]},{\"@type\":\"ImageObject\",\"inLanguage\":\"en-US\",\"@id\":\"https:\/\/www.istegroup.com\/fr\/produit\/objectifs-et-performances-industriels\/#primaryimage\",\"url\":\"https:\/\/www.istegroup.com\/wp-content\/uploads\/2018\/06\/Berrah_Front-scaled.jpg\",\"contentUrl\":\"https:\/\/www.istegroup.com\/wp-content\/uploads\/2018\/06\/Berrah_Front-scaled.jpg\",\"width\":1702,\"height\":2560,\"caption\":\"Concepts et traitement flou\"},{\"@type\":\"BreadcrumbList\",\"@id\":\"https:\/\/www.istegroup.com\/fr\/produit\/objectifs-et-performances-industriels\/#breadcrumb\",\"itemListElement\":[{\"@type\":\"ListItem\",\"position\":1,\"name\":\"Home\",\"item\":\"https:\/\/www.istegroup.com\/\"},{\"@type\":\"ListItem\",\"position\":2,\"name\":\"Shop\",\"item\":\"https:\/\/www.istegroup.com\/fr\/nouveautes\/\"},{\"@type\":\"ListItem\",\"position\":3,\"name\":\"Objectifs et performances industriels\"}]},{\"@type\":\"WebSite\",\"@id\":\"https:\/\/www.istegroup.com\/#website\",\"url\":\"https:\/\/www.istegroup.com\/\",\"name\":\"ISTE Group\",\"description\":\"Publishing Knowledge\",\"potentialAction\":[{\"@type\":\"SearchAction\",\"target\":{\"@type\":\"EntryPoint\",\"urlTemplate\":\"https:\/\/www.istegroup.com\/?s={search_term_string}\"},\"query-input\":{\"@type\":\"PropertyValueSpecification\",\"valueRequired\":true,\"valueName\":\"search_term_string\"}}],\"inLanguage\":\"en-US\"}]}<\/script>\n<!-- \/ Yoast SEO plugin. -->","yoast_head_json":{"title":"Objectifs et performances industriels - ISTE Group","description":"Cet ouvrage traite du fonctionnement et de l\u2019\u00e9volution du syst\u00e8me industriel, mais aussi de l\u2019acteur, gestionnaire des objectifs, des actions, et pilote d\u2019ex\u00e9cution vers la performance vis\u00e9e.","robots":{"index":"index","follow":"follow","max-snippet":"max-snippet:-1","max-image-preview":"max-image-preview:large","max-video-preview":"max-video-preview:-1"},"canonical":"https:\/\/www.istegroup.com\/fr\/produit\/objectifs-et-performances-industriels\/","og_locale":"en_US","og_type":"article","og_title":"Objectifs et performances industriels - ISTE Group","og_description":"Cet ouvrage traite du fonctionnement et de l\u2019\u00e9volution du syst\u00e8me industriel, mais aussi de l\u2019acteur, gestionnaire des objectifs, des actions, et pilote d\u2019ex\u00e9cution vers la performance vis\u00e9e.","og_url":"https:\/\/www.istegroup.com\/fr\/produit\/objectifs-et-performances-industriels\/","og_site_name":"ISTE Group","article_modified_time":"2024-01-03T13:42:24+00:00","og_image":[{"width":1702,"height":2560,"url":"https:\/\/www.istegroup.com\/wp-content\/uploads\/2018\/06\/Berrah_Front-scaled.jpg","type":"image\/jpeg"}],"twitter_card":"summary_large_image","twitter_misc":{"Est. reading time":"1 minute"},"schema":{"@context":"https:\/\/schema.org","@graph":[{"@type":"WebPage","@id":"https:\/\/www.istegroup.com\/fr\/produit\/objectifs-et-performances-industriels\/","url":"https:\/\/www.istegroup.com\/fr\/produit\/objectifs-et-performances-industriels\/","name":"Objectifs et performances industriels - ISTE Group","isPartOf":{"@id":"https:\/\/www.istegroup.com\/#website"},"primaryImageOfPage":{"@id":"https:\/\/www.istegroup.com\/fr\/produit\/objectifs-et-performances-industriels\/#primaryimage"},"image":{"@id":"https:\/\/www.istegroup.com\/fr\/produit\/objectifs-et-performances-industriels\/#primaryimage"},"thumbnailUrl":"https:\/\/www.istegroup.com\/wp-content\/uploads\/2018\/06\/Berrah_Front-scaled.jpg","datePublished":"2018-06-19T10:44:11+00:00","dateModified":"2024-01-03T13:42:24+00:00","description":"Cet ouvrage traite du fonctionnement et de l\u2019\u00e9volution du syst\u00e8me industriel, mais aussi de l\u2019acteur, gestionnaire des objectifs, des actions, et pilote d\u2019ex\u00e9cution vers la performance vis\u00e9e.","breadcrumb":{"@id":"https:\/\/www.istegroup.com\/fr\/produit\/objectifs-et-performances-industriels\/#breadcrumb"},"inLanguage":"en-US","potentialAction":[{"@type":"ReadAction","target":["https:\/\/www.istegroup.com\/fr\/produit\/objectifs-et-performances-industriels\/"]}]},{"@type":"ImageObject","inLanguage":"en-US","@id":"https:\/\/www.istegroup.com\/fr\/produit\/objectifs-et-performances-industriels\/#primaryimage","url":"https:\/\/www.istegroup.com\/wp-content\/uploads\/2018\/06\/Berrah_Front-scaled.jpg","contentUrl":"https:\/\/www.istegroup.com\/wp-content\/uploads\/2018\/06\/Berrah_Front-scaled.jpg","width":1702,"height":2560,"caption":"Concepts et traitement flou"},{"@type":"BreadcrumbList","@id":"https:\/\/www.istegroup.com\/fr\/produit\/objectifs-et-performances-industriels\/#breadcrumb","itemListElement":[{"@type":"ListItem","position":1,"name":"Home","item":"https:\/\/www.istegroup.com\/"},{"@type":"ListItem","position":2,"name":"Shop","item":"https:\/\/www.istegroup.com\/fr\/nouveautes\/"},{"@type":"ListItem","position":3,"name":"Objectifs et performances industriels"}]},{"@type":"WebSite","@id":"https:\/\/www.istegroup.com\/#website","url":"https:\/\/www.istegroup.com\/","name":"ISTE Group","description":"Publishing Knowledge","potentialAction":[{"@type":"SearchAction","target":{"@type":"EntryPoint","urlTemplate":"https:\/\/www.istegroup.com\/?s={search_term_string}"},"query-input":{"@type":"PropertyValueSpecification","valueRequired":true,"valueName":"search_term_string"}}],"inLanguage":"en-US"}]}},"_links":{"self":[{"href":"https:\/\/www.istegroup.com\/en\/wp-json\/wp\/v2\/product\/13296","targetHints":{"allow":["GET"]}}],"collection":[{"href":"https:\/\/www.istegroup.com\/en\/wp-json\/wp\/v2\/product"}],"about":[{"href":"https:\/\/www.istegroup.com\/en\/wp-json\/wp\/v2\/types\/product"}],"wp:featuredmedia":[{"embeddable":true,"href":"https:\/\/www.istegroup.com\/en\/wp-json\/wp\/v2\/media\/13307"}],"wp:attachment":[{"href":"https:\/\/www.istegroup.com\/en\/wp-json\/wp\/v2\/media?parent=13296"}],"wp:term":[{"taxonomy":"product_brand","embeddable":true,"href":"https:\/\/www.istegroup.com\/en\/wp-json\/wp\/v2\/product_brand?post=13296"},{"taxonomy":"product_cat","embeddable":true,"href":"https:\/\/www.istegroup.com\/en\/wp-json\/wp\/v2\/product_cat?post=13296"},{"taxonomy":"product_tag","embeddable":true,"href":"https:\/\/www.istegroup.com\/en\/wp-json\/wp\/v2\/product_tag?post=13296"}],"curies":[{"name":"wp","href":"https:\/\/api.w.org\/{rel}","templated":true}]}}