{"id":12986,"date":"2018-06-01T13:04:41","date_gmt":"2018-06-01T11:04:41","guid":{"rendered":"https:\/\/iste.yhello.co\/?post_type=product&#038;p=12986"},"modified":"2024-01-03T13:42:19","modified_gmt":"2024-01-03T13:42:19","slug":"evaluation-non-destructive-des-ouvrages-en-genie-civil","status":"publish","type":"product","link":"https:\/\/www.istegroup.com\/en\/produit\/evaluation-non-destructive-des-ouvrages-en-genie-civil\/","title":{"rendered":"\u00c9valuation non destructive des ouvrages en g\u00e9nie civil"},"content":{"rendered":"<p>Alors que l\u2019\u00e9valuation non destructive des ouvrages de g\u00e9nie civil en b\u00e9ton arm\u00e9 devient une question primordiale, cet ouvrage traite d\u2019un sujet innovant : la caract\u00e9risation d\u2019indicateurs de durabilit\u00e9 du b\u00e9ton par la combinaison de techniques non destructives.<\/p>\n<p>La probl\u00e9matique est examin\u00e9e dans sa globalit\u00e9, depuis la description des diff\u00e9rentes cat\u00e9gories de techniques non destructives usuelles et innovantes, jusqu\u2019\u00e0 la pr\u00e9sentation et l\u2019illustration par des exemples des m\u00e9thodes de fusion des donn\u00e9es n\u00e9cessaires pour exploiter la combinaison. L\u2019identification des mod\u00e8les de conversion permettant de relier les observables issues des mesures non destructives aux indicateurs, ainsi que la prise en compte des diff\u00e9rentes sources de variabilit\u00e9 dans le processus d\u2019\u00e9valuation, sont d\u00e9crites.<\/p>\n<p>Une illustration sur ouvrages r\u00e9els est \u00e9galement r\u00e9alis\u00e9e et un guide d\u00e9taillant l\u2019ensemble de la m\u00e9thodologie d\u2019\u00e9valuation non destructive des indicateurs du b\u00e9ton est propos\u00e9 \u00e0 la fin de l\u2019ouvrage.<\/p>\n","protected":false},"excerpt":{"rendered":"<p>Alors que l\u2019\u00e9valuation non destructive des ouvrages de g\u00e9nie civil en b\u00e9ton arm\u00e9 devient une question primordiale, cet ouvrage traite d\u2019un sujet innovant : la caract\u00e9risation d\u2019indicateurs de durabilit\u00e9 du b\u00e9ton par la combinaison de techniques non destructives. La probl\u00e9matique est examin\u00e9e dans sa globalit\u00e9, depuis la description des diff\u00e9rentes cat\u00e9gories de techniques non destructives [&hellip;]<\/p>\n","protected":false},"featured_media":24499,"template":"","meta":{"_acf_changed":false,"_links_to":"","_links_to_target":""},"product_brand":[],"product_cat":[3262],"product_tag":[],"class_list":{"0":"post-12986","1":"product","2":"type-product","3":"status-publish","4":"has-post-thumbnail","6":"product_cat-non-classe","8":"first","9":"instock","10":"shipping-taxable","11":"purchasable","12":"product-type-variable"},"acf":[],"yoast_head":"<!-- This site is optimized with the Yoast SEO plugin v27.2 - https:\/\/yoast.com\/product\/yoast-seo-wordpress\/ -->\n<title>\u00c9valuation non destructive des ouvrages en g\u00e9nie civil - ISTE Group<\/title>\n<meta name=\"description\" content=\"Alors que l\u2019\u00e9valuation non destructive des ouvrages de g\u00e9nie civil en b\u00e9ton arm\u00e9 devient une question primordiale, cet ouvrage traite d\u2019un sujet innovant : la caract\u00e9risation d\u2019indicateurs de durabilit\u00e9 du b\u00e9ton par la combinaison de techniques non destructives.\" \/>\n<meta name=\"robots\" content=\"index, follow, max-snippet:-1, max-image-preview:large, max-video-preview:-1\" \/>\n<link rel=\"canonical\" href=\"https:\/\/www.istegroup.com\/fr\/produit\/evaluation-non-destructive-des-ouvrages-en-genie-civil\/\" \/>\n<meta property=\"og:locale\" content=\"en_US\" \/>\n<meta property=\"og:type\" content=\"article\" \/>\n<meta property=\"og:title\" content=\"\u00c9valuation non destructive des ouvrages en g\u00e9nie civil - ISTE Group\" \/>\n<meta property=\"og:description\" content=\"Alors que l\u2019\u00e9valuation non destructive des ouvrages de g\u00e9nie civil en b\u00e9ton arm\u00e9 devient une question primordiale, cet ouvrage traite d\u2019un sujet innovant : la caract\u00e9risation d\u2019indicateurs de durabilit\u00e9 du b\u00e9ton par la combinaison de techniques non destructives.\" \/>\n<meta property=\"og:url\" content=\"https:\/\/www.istegroup.com\/fr\/produit\/evaluation-non-destructive-des-ouvrages-en-genie-civil\/\" \/>\n<meta property=\"og:site_name\" content=\"ISTE Group\" \/>\n<meta property=\"article:modified_time\" content=\"2024-01-03T13:42:19+00:00\" \/>\n<meta property=\"og:image\" content=\"https:\/\/www.istegroup.com\/wp-content\/uploads\/2020\/01\/\u00c9valuation-non-destructive-des-ouvrages-en-g\u00e9nie-civil_Balyssac.jpg\" \/>\n\t<meta property=\"og:image:width\" content=\"605\" \/>\n\t<meta property=\"og:image:height\" content=\"909\" \/>\n\t<meta property=\"og:image:type\" content=\"image\/jpeg\" \/>\n<meta name=\"twitter:card\" content=\"summary_large_image\" \/>\n<meta name=\"twitter:label1\" content=\"Est. reading time\" \/>\n\t<meta name=\"twitter:data1\" content=\"1 minute\" \/>\n<script type=\"application\/ld+json\" class=\"yoast-schema-graph\">{\"@context\":\"https:\/\/schema.org\",\"@graph\":[{\"@type\":\"WebPage\",\"@id\":\"https:\/\/www.istegroup.com\/fr\/produit\/evaluation-non-destructive-des-ouvrages-en-genie-civil\/\",\"url\":\"https:\/\/www.istegroup.com\/fr\/produit\/evaluation-non-destructive-des-ouvrages-en-genie-civil\/\",\"name\":\"\u00c9valuation non destructive des ouvrages en g\u00e9nie civil - ISTE Group\",\"isPartOf\":{\"@id\":\"https:\/\/www.istegroup.com\/#website\"},\"primaryImageOfPage\":{\"@id\":\"https:\/\/www.istegroup.com\/fr\/produit\/evaluation-non-destructive-des-ouvrages-en-genie-civil\/#primaryimage\"},\"image\":{\"@id\":\"https:\/\/www.istegroup.com\/fr\/produit\/evaluation-non-destructive-des-ouvrages-en-genie-civil\/#primaryimage\"},\"thumbnailUrl\":\"https:\/\/www.istegroup.com\/wp-content\/uploads\/2020\/01\/\u00c9valuation-non-destructive-des-ouvrages-en-g\u00e9nie-civil_Balyssac.jpg\",\"datePublished\":\"2018-06-01T11:04:41+00:00\",\"dateModified\":\"2024-01-03T13:42:19+00:00\",\"description\":\"Alors que l\u2019\u00e9valuation non destructive des ouvrages de g\u00e9nie civil en b\u00e9ton arm\u00e9 devient une question primordiale, cet ouvrage traite d\u2019un sujet innovant : la caract\u00e9risation d\u2019indicateurs de durabilit\u00e9 du b\u00e9ton par la combinaison de techniques non destructives.\",\"breadcrumb\":{\"@id\":\"https:\/\/www.istegroup.com\/fr\/produit\/evaluation-non-destructive-des-ouvrages-en-genie-civil\/#breadcrumb\"},\"inLanguage\":\"en-US\",\"potentialAction\":[{\"@type\":\"ReadAction\",\"target\":[\"https:\/\/www.istegroup.com\/fr\/produit\/evaluation-non-destructive-des-ouvrages-en-genie-civil\/\"]}]},{\"@type\":\"ImageObject\",\"inLanguage\":\"en-US\",\"@id\":\"https:\/\/www.istegroup.com\/fr\/produit\/evaluation-non-destructive-des-ouvrages-en-genie-civil\/#primaryimage\",\"url\":\"https:\/\/www.istegroup.com\/wp-content\/uploads\/2020\/01\/\u00c9valuation-non-destructive-des-ouvrages-en-g\u00e9nie-civil_Balyssac.jpg\",\"contentUrl\":\"https:\/\/www.istegroup.com\/wp-content\/uploads\/2020\/01\/\u00c9valuation-non-destructive-des-ouvrages-en-g\u00e9nie-civil_Balyssac.jpg\",\"width\":605,\"height\":909,\"caption\":\"Livre \u00c9valuation non destructive des ouvrages en g\u00e9nie civil ISTE Group\"},{\"@type\":\"BreadcrumbList\",\"@id\":\"https:\/\/www.istegroup.com\/fr\/produit\/evaluation-non-destructive-des-ouvrages-en-genie-civil\/#breadcrumb\",\"itemListElement\":[{\"@type\":\"ListItem\",\"position\":1,\"name\":\"Home\",\"item\":\"https:\/\/www.istegroup.com\/\"},{\"@type\":\"ListItem\",\"position\":2,\"name\":\"Shop\",\"item\":\"https:\/\/www.istegroup.com\/fr\/nouveautes\/\"},{\"@type\":\"ListItem\",\"position\":3,\"name\":\"\u00c9valuation non destructive des ouvrages en g\u00e9nie civil\"}]},{\"@type\":\"WebSite\",\"@id\":\"https:\/\/www.istegroup.com\/#website\",\"url\":\"https:\/\/www.istegroup.com\/\",\"name\":\"ISTE Group\",\"description\":\"Publishing Knowledge\",\"potentialAction\":[{\"@type\":\"SearchAction\",\"target\":{\"@type\":\"EntryPoint\",\"urlTemplate\":\"https:\/\/www.istegroup.com\/?s={search_term_string}\"},\"query-input\":{\"@type\":\"PropertyValueSpecification\",\"valueRequired\":true,\"valueName\":\"search_term_string\"}}],\"inLanguage\":\"en-US\"}]}<\/script>\n<!-- \/ Yoast SEO plugin. -->","yoast_head_json":{"title":"\u00c9valuation non destructive des ouvrages en g\u00e9nie civil - ISTE Group","description":"Alors que l\u2019\u00e9valuation non destructive des ouvrages de g\u00e9nie civil en b\u00e9ton arm\u00e9 devient une question primordiale, cet ouvrage traite d\u2019un sujet innovant : la caract\u00e9risation d\u2019indicateurs de durabilit\u00e9 du b\u00e9ton par la combinaison de techniques non destructives.","robots":{"index":"index","follow":"follow","max-snippet":"max-snippet:-1","max-image-preview":"max-image-preview:large","max-video-preview":"max-video-preview:-1"},"canonical":"https:\/\/www.istegroup.com\/fr\/produit\/evaluation-non-destructive-des-ouvrages-en-genie-civil\/","og_locale":"en_US","og_type":"article","og_title":"\u00c9valuation non destructive des ouvrages en g\u00e9nie civil - ISTE Group","og_description":"Alors que l\u2019\u00e9valuation non destructive des ouvrages de g\u00e9nie civil en b\u00e9ton arm\u00e9 devient une question primordiale, cet ouvrage traite d\u2019un sujet innovant : la caract\u00e9risation d\u2019indicateurs de durabilit\u00e9 du b\u00e9ton par la combinaison de techniques non destructives.","og_url":"https:\/\/www.istegroup.com\/fr\/produit\/evaluation-non-destructive-des-ouvrages-en-genie-civil\/","og_site_name":"ISTE Group","article_modified_time":"2024-01-03T13:42:19+00:00","og_image":[{"width":605,"height":909,"url":"https:\/\/www.istegroup.com\/wp-content\/uploads\/2020\/01\/\u00c9valuation-non-destructive-des-ouvrages-en-g\u00e9nie-civil_Balyssac.jpg","type":"image\/jpeg"}],"twitter_card":"summary_large_image","twitter_misc":{"Est. reading time":"1 minute"},"schema":{"@context":"https:\/\/schema.org","@graph":[{"@type":"WebPage","@id":"https:\/\/www.istegroup.com\/fr\/produit\/evaluation-non-destructive-des-ouvrages-en-genie-civil\/","url":"https:\/\/www.istegroup.com\/fr\/produit\/evaluation-non-destructive-des-ouvrages-en-genie-civil\/","name":"\u00c9valuation non destructive des ouvrages en g\u00e9nie civil - ISTE Group","isPartOf":{"@id":"https:\/\/www.istegroup.com\/#website"},"primaryImageOfPage":{"@id":"https:\/\/www.istegroup.com\/fr\/produit\/evaluation-non-destructive-des-ouvrages-en-genie-civil\/#primaryimage"},"image":{"@id":"https:\/\/www.istegroup.com\/fr\/produit\/evaluation-non-destructive-des-ouvrages-en-genie-civil\/#primaryimage"},"thumbnailUrl":"https:\/\/www.istegroup.com\/wp-content\/uploads\/2020\/01\/\u00c9valuation-non-destructive-des-ouvrages-en-g\u00e9nie-civil_Balyssac.jpg","datePublished":"2018-06-01T11:04:41+00:00","dateModified":"2024-01-03T13:42:19+00:00","description":"Alors que l\u2019\u00e9valuation non destructive des ouvrages de g\u00e9nie civil en b\u00e9ton arm\u00e9 devient une question primordiale, cet ouvrage traite d\u2019un sujet innovant : la caract\u00e9risation d\u2019indicateurs de durabilit\u00e9 du b\u00e9ton par la combinaison de techniques non destructives.","breadcrumb":{"@id":"https:\/\/www.istegroup.com\/fr\/produit\/evaluation-non-destructive-des-ouvrages-en-genie-civil\/#breadcrumb"},"inLanguage":"en-US","potentialAction":[{"@type":"ReadAction","target":["https:\/\/www.istegroup.com\/fr\/produit\/evaluation-non-destructive-des-ouvrages-en-genie-civil\/"]}]},{"@type":"ImageObject","inLanguage":"en-US","@id":"https:\/\/www.istegroup.com\/fr\/produit\/evaluation-non-destructive-des-ouvrages-en-genie-civil\/#primaryimage","url":"https:\/\/www.istegroup.com\/wp-content\/uploads\/2020\/01\/\u00c9valuation-non-destructive-des-ouvrages-en-g\u00e9nie-civil_Balyssac.jpg","contentUrl":"https:\/\/www.istegroup.com\/wp-content\/uploads\/2020\/01\/\u00c9valuation-non-destructive-des-ouvrages-en-g\u00e9nie-civil_Balyssac.jpg","width":605,"height":909,"caption":"Livre \u00c9valuation non destructive des ouvrages en g\u00e9nie civil ISTE Group"},{"@type":"BreadcrumbList","@id":"https:\/\/www.istegroup.com\/fr\/produit\/evaluation-non-destructive-des-ouvrages-en-genie-civil\/#breadcrumb","itemListElement":[{"@type":"ListItem","position":1,"name":"Home","item":"https:\/\/www.istegroup.com\/"},{"@type":"ListItem","position":2,"name":"Shop","item":"https:\/\/www.istegroup.com\/fr\/nouveautes\/"},{"@type":"ListItem","position":3,"name":"\u00c9valuation non destructive des ouvrages en g\u00e9nie civil"}]},{"@type":"WebSite","@id":"https:\/\/www.istegroup.com\/#website","url":"https:\/\/www.istegroup.com\/","name":"ISTE Group","description":"Publishing Knowledge","potentialAction":[{"@type":"SearchAction","target":{"@type":"EntryPoint","urlTemplate":"https:\/\/www.istegroup.com\/?s={search_term_string}"},"query-input":{"@type":"PropertyValueSpecification","valueRequired":true,"valueName":"search_term_string"}}],"inLanguage":"en-US"}]}},"_links":{"self":[{"href":"https:\/\/www.istegroup.com\/en\/wp-json\/wp\/v2\/product\/12986","targetHints":{"allow":["GET"]}}],"collection":[{"href":"https:\/\/www.istegroup.com\/en\/wp-json\/wp\/v2\/product"}],"about":[{"href":"https:\/\/www.istegroup.com\/en\/wp-json\/wp\/v2\/types\/product"}],"wp:featuredmedia":[{"embeddable":true,"href":"https:\/\/www.istegroup.com\/en\/wp-json\/wp\/v2\/media\/24499"}],"wp:attachment":[{"href":"https:\/\/www.istegroup.com\/en\/wp-json\/wp\/v2\/media?parent=12986"}],"wp:term":[{"taxonomy":"product_brand","embeddable":true,"href":"https:\/\/www.istegroup.com\/en\/wp-json\/wp\/v2\/product_brand?post=12986"},{"taxonomy":"product_cat","embeddable":true,"href":"https:\/\/www.istegroup.com\/en\/wp-json\/wp\/v2\/product_cat?post=12986"},{"taxonomy":"product_tag","embeddable":true,"href":"https:\/\/www.istegroup.com\/en\/wp-json\/wp\/v2\/product_tag?post=12986"}],"curies":[{"name":"wp","href":"https:\/\/api.w.org\/{rel}","templated":true}]}}