{"id":12971,"date":"2018-06-01T12:58:08","date_gmt":"2018-06-01T10:58:08","guid":{"rendered":"https:\/\/iste.yhello.co\/?post_type=product&#038;p=12971"},"modified":"2024-01-03T13:42:19","modified_gmt":"2024-01-03T13:42:19","slug":"la-corrosion-et-ses-consequences-sur-les-ouvrages-en-beton-arme","status":"publish","type":"product","link":"https:\/\/www.istegroup.com\/en\/produit\/la-corrosion-et-ses-consequences-sur-les-ouvrages-en-beton-arme\/","title":{"rendered":"La corrosion et ses cons\u00e9quences sur les ouvrages en b\u00e9ton arm\u00e9"},"content":{"rendered":"<p>Cet ouvrage est un guide indispensable pour les ing\u00e9nieurs, les scientifiques et les chercheurs, explorant les aspects fondamentaux de la corrosion dans le b\u00e9ton arm\u00e9. Son originalit\u00e9 r\u00e9side dans le couplage entre la corrosion des armatures du b\u00e9ton arm\u00e9 et son comportement m\u00e9canique.<\/p>\n<p>L\u2019ouvrage d\u00e9crit les fondements th\u00e9oriques sp\u00e9cifiques de la corrosion de l&#8217;acier dans le b\u00e9ton et ses interactions avec les aspects structuraux, y compris la fissuration de service et les d\u00e9fauts de mise en place du b\u00e9ton. Il pr\u00e9sente une \u00e9tude des m\u00e9canismes de d\u00e9gradation du comportement m\u00e9canique des armatures et du composite b\u00e9ton arm\u00e9, tels que la r\u00e9duction de la ductilit\u00e9, de la capacit\u00e9 portante, de la redistribution d\u2019effort par formation de rotules plastiques.<\/p>\n<p>Une m\u00e9thode de diagnostic bas\u00e9e sur le relev\u00e9 des fissures induites par la corrosion est pr\u00e9sent\u00e9e dans l\u2019ouvrage, puis coupl\u00e9e \u00e0 une m\u00e9thode de recalcul permettant de pr\u00e9dire les diff\u00e9rents aspects du comportement m\u00e9canique r\u00e9siduel.<\/p>\n","protected":false},"excerpt":{"rendered":"<p>Cet ouvrage est un guide indispensable pour les ing\u00e9nieurs, les scientifiques et les chercheurs, explorant les aspects fondamentaux de la corrosion dans le b\u00e9ton arm\u00e9. Son originalit\u00e9 r\u00e9side dans le couplage entre la corrosion des armatures du b\u00e9ton arm\u00e9 et son comportement m\u00e9canique. L\u2019ouvrage d\u00e9crit les fondements th\u00e9oriques sp\u00e9cifiques de la corrosion de l&#8217;acier dans [&hellip;]<\/p>\n","protected":false},"featured_media":12985,"template":"","meta":{"_acf_changed":false,"_links_to":"","_links_to_target":""},"product_brand":[],"product_cat":[3262],"product_tag":[],"class_list":{"0":"post-12971","1":"product","2":"type-product","3":"status-publish","4":"has-post-thumbnail","6":"product_cat-non-classe","8":"first","9":"instock","10":"shipping-taxable","11":"purchasable","12":"product-type-variable"},"acf":[],"yoast_head":"<!-- This site is optimized with the Yoast SEO plugin v27.2 - https:\/\/yoast.com\/product\/yoast-seo-wordpress\/ -->\n<title>La corrosion et ses cons\u00e9quences sur les ouvrages en b\u00e9ton arm\u00e9 - ISTE Group<\/title>\n<meta name=\"description\" content=\"L\u2019ouvrage d\u00e9crit les fondements th\u00e9oriques sp\u00e9cifiques de la corrosion de l&#039;acier dans le b\u00e9ton et ses interactions avec les aspects structuraux, y compris la fissuration de service et les d\u00e9fauts de mise en place du b\u00e9ton.\" \/>\n<meta name=\"robots\" content=\"index, follow, max-snippet:-1, max-image-preview:large, max-video-preview:-1\" \/>\n<link rel=\"canonical\" href=\"https:\/\/www.istegroup.com\/fr\/produit\/la-corrosion-et-ses-consequences-sur-les-ouvrages-en-beton-arme\/\" \/>\n<meta property=\"og:locale\" content=\"en_US\" \/>\n<meta property=\"og:type\" content=\"article\" \/>\n<meta property=\"og:title\" content=\"La corrosion et ses cons\u00e9quences sur les ouvrages en b\u00e9ton arm\u00e9 - ISTE Group\" \/>\n<meta property=\"og:description\" content=\"L\u2019ouvrage d\u00e9crit les fondements th\u00e9oriques sp\u00e9cifiques de la corrosion de l&#039;acier dans le b\u00e9ton et ses interactions avec les aspects structuraux, y compris la fissuration de service et les d\u00e9fauts de mise en place du b\u00e9ton.\" \/>\n<meta property=\"og:url\" content=\"https:\/\/www.istegroup.com\/fr\/produit\/la-corrosion-et-ses-consequences-sur-les-ouvrages-en-beton-arme\/\" \/>\n<meta property=\"og:site_name\" content=\"ISTE Group\" \/>\n<meta property=\"article:modified_time\" content=\"2024-01-03T13:42:19+00:00\" \/>\n<meta property=\"og:image\" content=\"https:\/\/www.istegroup.com\/wp-content\/uploads\/2018\/06\/Francois_Front-scaled.jpg\" \/>\n\t<meta property=\"og:image:width\" content=\"1654\" \/>\n\t<meta property=\"og:image:height\" content=\"2560\" \/>\n\t<meta property=\"og:image:type\" content=\"image\/jpeg\" \/>\n<meta name=\"twitter:card\" content=\"summary_large_image\" \/>\n<meta name=\"twitter:label1\" content=\"Est. reading time\" \/>\n\t<meta name=\"twitter:data1\" content=\"1 minute\" \/>\n<script type=\"application\/ld+json\" class=\"yoast-schema-graph\">{\"@context\":\"https:\/\/schema.org\",\"@graph\":[{\"@type\":\"WebPage\",\"@id\":\"https:\/\/www.istegroup.com\/fr\/produit\/la-corrosion-et-ses-consequences-sur-les-ouvrages-en-beton-arme\/\",\"url\":\"https:\/\/www.istegroup.com\/fr\/produit\/la-corrosion-et-ses-consequences-sur-les-ouvrages-en-beton-arme\/\",\"name\":\"La corrosion et ses cons\u00e9quences sur les ouvrages en b\u00e9ton arm\u00e9 - ISTE Group\",\"isPartOf\":{\"@id\":\"https:\/\/www.istegroup.com\/#website\"},\"primaryImageOfPage\":{\"@id\":\"https:\/\/www.istegroup.com\/fr\/produit\/la-corrosion-et-ses-consequences-sur-les-ouvrages-en-beton-arme\/#primaryimage\"},\"image\":{\"@id\":\"https:\/\/www.istegroup.com\/fr\/produit\/la-corrosion-et-ses-consequences-sur-les-ouvrages-en-beton-arme\/#primaryimage\"},\"thumbnailUrl\":\"https:\/\/www.istegroup.com\/wp-content\/uploads\/2018\/06\/Francois_Front-scaled.jpg\",\"datePublished\":\"2018-06-01T10:58:08+00:00\",\"dateModified\":\"2024-01-03T13:42:19+00:00\",\"description\":\"L\u2019ouvrage d\u00e9crit les fondements th\u00e9oriques sp\u00e9cifiques de la corrosion de l'acier dans le b\u00e9ton et ses interactions avec les aspects structuraux, y compris la fissuration de service et les d\u00e9fauts de mise en place du b\u00e9ton.\",\"breadcrumb\":{\"@id\":\"https:\/\/www.istegroup.com\/fr\/produit\/la-corrosion-et-ses-consequences-sur-les-ouvrages-en-beton-arme\/#breadcrumb\"},\"inLanguage\":\"en-US\",\"potentialAction\":[{\"@type\":\"ReadAction\",\"target\":[\"https:\/\/www.istegroup.com\/fr\/produit\/la-corrosion-et-ses-consequences-sur-les-ouvrages-en-beton-arme\/\"]}]},{\"@type\":\"ImageObject\",\"inLanguage\":\"en-US\",\"@id\":\"https:\/\/www.istegroup.com\/fr\/produit\/la-corrosion-et-ses-consequences-sur-les-ouvrages-en-beton-arme\/#primaryimage\",\"url\":\"https:\/\/www.istegroup.com\/wp-content\/uploads\/2018\/06\/Francois_Front-scaled.jpg\",\"contentUrl\":\"https:\/\/www.istegroup.com\/wp-content\/uploads\/2018\/06\/Francois_Front-scaled.jpg\",\"width\":1654,\"height\":2560,\"caption\":\"La corrosion et ses cons\u00e9quences sur les ouvrages en b\u00e9ton arm\u00e9\"},{\"@type\":\"BreadcrumbList\",\"@id\":\"https:\/\/www.istegroup.com\/fr\/produit\/la-corrosion-et-ses-consequences-sur-les-ouvrages-en-beton-arme\/#breadcrumb\",\"itemListElement\":[{\"@type\":\"ListItem\",\"position\":1,\"name\":\"Home\",\"item\":\"https:\/\/www.istegroup.com\/\"},{\"@type\":\"ListItem\",\"position\":2,\"name\":\"Shop\",\"item\":\"https:\/\/www.istegroup.com\/fr\/nouveautes\/\"},{\"@type\":\"ListItem\",\"position\":3,\"name\":\"La corrosion et ses cons\u00e9quences sur les ouvrages en b\u00e9ton arm\u00e9\"}]},{\"@type\":\"WebSite\",\"@id\":\"https:\/\/www.istegroup.com\/#website\",\"url\":\"https:\/\/www.istegroup.com\/\",\"name\":\"ISTE Group\",\"description\":\"Publishing Knowledge\",\"potentialAction\":[{\"@type\":\"SearchAction\",\"target\":{\"@type\":\"EntryPoint\",\"urlTemplate\":\"https:\/\/www.istegroup.com\/?s={search_term_string}\"},\"query-input\":{\"@type\":\"PropertyValueSpecification\",\"valueRequired\":true,\"valueName\":\"search_term_string\"}}],\"inLanguage\":\"en-US\"}]}<\/script>\n<!-- \/ Yoast SEO plugin. -->","yoast_head_json":{"title":"La corrosion et ses cons\u00e9quences sur les ouvrages en b\u00e9ton arm\u00e9 - ISTE Group","description":"L\u2019ouvrage d\u00e9crit les fondements th\u00e9oriques sp\u00e9cifiques de la corrosion de l'acier dans le b\u00e9ton et ses interactions avec les aspects structuraux, y compris la fissuration de service et les d\u00e9fauts de mise en place du b\u00e9ton.","robots":{"index":"index","follow":"follow","max-snippet":"max-snippet:-1","max-image-preview":"max-image-preview:large","max-video-preview":"max-video-preview:-1"},"canonical":"https:\/\/www.istegroup.com\/fr\/produit\/la-corrosion-et-ses-consequences-sur-les-ouvrages-en-beton-arme\/","og_locale":"en_US","og_type":"article","og_title":"La corrosion et ses cons\u00e9quences sur les ouvrages en b\u00e9ton arm\u00e9 - ISTE Group","og_description":"L\u2019ouvrage d\u00e9crit les fondements th\u00e9oriques sp\u00e9cifiques de la corrosion de l'acier dans le b\u00e9ton et ses interactions avec les aspects structuraux, y compris la fissuration de service et les d\u00e9fauts de mise en place du b\u00e9ton.","og_url":"https:\/\/www.istegroup.com\/fr\/produit\/la-corrosion-et-ses-consequences-sur-les-ouvrages-en-beton-arme\/","og_site_name":"ISTE Group","article_modified_time":"2024-01-03T13:42:19+00:00","og_image":[{"width":1654,"height":2560,"url":"https:\/\/www.istegroup.com\/wp-content\/uploads\/2018\/06\/Francois_Front-scaled.jpg","type":"image\/jpeg"}],"twitter_card":"summary_large_image","twitter_misc":{"Est. reading time":"1 minute"},"schema":{"@context":"https:\/\/schema.org","@graph":[{"@type":"WebPage","@id":"https:\/\/www.istegroup.com\/fr\/produit\/la-corrosion-et-ses-consequences-sur-les-ouvrages-en-beton-arme\/","url":"https:\/\/www.istegroup.com\/fr\/produit\/la-corrosion-et-ses-consequences-sur-les-ouvrages-en-beton-arme\/","name":"La corrosion et ses cons\u00e9quences sur les ouvrages en b\u00e9ton arm\u00e9 - ISTE Group","isPartOf":{"@id":"https:\/\/www.istegroup.com\/#website"},"primaryImageOfPage":{"@id":"https:\/\/www.istegroup.com\/fr\/produit\/la-corrosion-et-ses-consequences-sur-les-ouvrages-en-beton-arme\/#primaryimage"},"image":{"@id":"https:\/\/www.istegroup.com\/fr\/produit\/la-corrosion-et-ses-consequences-sur-les-ouvrages-en-beton-arme\/#primaryimage"},"thumbnailUrl":"https:\/\/www.istegroup.com\/wp-content\/uploads\/2018\/06\/Francois_Front-scaled.jpg","datePublished":"2018-06-01T10:58:08+00:00","dateModified":"2024-01-03T13:42:19+00:00","description":"L\u2019ouvrage d\u00e9crit les fondements th\u00e9oriques sp\u00e9cifiques de la corrosion de l'acier dans le b\u00e9ton et ses interactions avec les aspects structuraux, y compris la fissuration de service et les d\u00e9fauts de mise en place du b\u00e9ton.","breadcrumb":{"@id":"https:\/\/www.istegroup.com\/fr\/produit\/la-corrosion-et-ses-consequences-sur-les-ouvrages-en-beton-arme\/#breadcrumb"},"inLanguage":"en-US","potentialAction":[{"@type":"ReadAction","target":["https:\/\/www.istegroup.com\/fr\/produit\/la-corrosion-et-ses-consequences-sur-les-ouvrages-en-beton-arme\/"]}]},{"@type":"ImageObject","inLanguage":"en-US","@id":"https:\/\/www.istegroup.com\/fr\/produit\/la-corrosion-et-ses-consequences-sur-les-ouvrages-en-beton-arme\/#primaryimage","url":"https:\/\/www.istegroup.com\/wp-content\/uploads\/2018\/06\/Francois_Front-scaled.jpg","contentUrl":"https:\/\/www.istegroup.com\/wp-content\/uploads\/2018\/06\/Francois_Front-scaled.jpg","width":1654,"height":2560,"caption":"La corrosion et ses cons\u00e9quences sur les ouvrages en b\u00e9ton arm\u00e9"},{"@type":"BreadcrumbList","@id":"https:\/\/www.istegroup.com\/fr\/produit\/la-corrosion-et-ses-consequences-sur-les-ouvrages-en-beton-arme\/#breadcrumb","itemListElement":[{"@type":"ListItem","position":1,"name":"Home","item":"https:\/\/www.istegroup.com\/"},{"@type":"ListItem","position":2,"name":"Shop","item":"https:\/\/www.istegroup.com\/fr\/nouveautes\/"},{"@type":"ListItem","position":3,"name":"La corrosion et ses cons\u00e9quences sur les ouvrages en b\u00e9ton arm\u00e9"}]},{"@type":"WebSite","@id":"https:\/\/www.istegroup.com\/#website","url":"https:\/\/www.istegroup.com\/","name":"ISTE Group","description":"Publishing Knowledge","potentialAction":[{"@type":"SearchAction","target":{"@type":"EntryPoint","urlTemplate":"https:\/\/www.istegroup.com\/?s={search_term_string}"},"query-input":{"@type":"PropertyValueSpecification","valueRequired":true,"valueName":"search_term_string"}}],"inLanguage":"en-US"}]}},"_links":{"self":[{"href":"https:\/\/www.istegroup.com\/en\/wp-json\/wp\/v2\/product\/12971","targetHints":{"allow":["GET"]}}],"collection":[{"href":"https:\/\/www.istegroup.com\/en\/wp-json\/wp\/v2\/product"}],"about":[{"href":"https:\/\/www.istegroup.com\/en\/wp-json\/wp\/v2\/types\/product"}],"wp:featuredmedia":[{"embeddable":true,"href":"https:\/\/www.istegroup.com\/en\/wp-json\/wp\/v2\/media\/12985"}],"wp:attachment":[{"href":"https:\/\/www.istegroup.com\/en\/wp-json\/wp\/v2\/media?parent=12971"}],"wp:term":[{"taxonomy":"product_brand","embeddable":true,"href":"https:\/\/www.istegroup.com\/en\/wp-json\/wp\/v2\/product_brand?post=12971"},{"taxonomy":"product_cat","embeddable":true,"href":"https:\/\/www.istegroup.com\/en\/wp-json\/wp\/v2\/product_cat?post=12971"},{"taxonomy":"product_tag","embeddable":true,"href":"https:\/\/www.istegroup.com\/en\/wp-json\/wp\/v2\/product_tag?post=12971"}],"curies":[{"name":"wp","href":"https:\/\/api.w.org\/{rel}","templated":true}]}}