{"id":12959,"date":"2018-06-01T12:24:47","date_gmt":"2018-06-01T10:24:47","guid":{"rendered":"https:\/\/iste.yhello.co\/?post_type=product&#038;p=12959"},"modified":"2024-01-03T13:42:19","modified_gmt":"2024-01-03T13:42:19","slug":"les-cellules-souches","status":"publish","type":"product","link":"https:\/\/www.istegroup.com\/en\/produit\/les-cellules-souches\/","title":{"rendered":"Les cellules souches"},"content":{"rendered":"<p>Capables de se multiplier \u00e0 l&#8217;infini, les cellules souches sont \u00e0 l\u2019origine de toutes les cellules du corps humain. Elles repr\u00e9sentent un espoir immense dans le domaine de la sant\u00e9. Coupl\u00e9es aux biomat\u00e9riaux, elles ouvrent des perspectives inesp\u00e9r\u00e9es.<\/p>\n<p>Les nouvelles biotechnologies mettent en jeu ces cellules souches, car elles orchestrent la r\u00e9paration de l\u2019organisme en se sp\u00e9cialisant en diverses cellules d\u2019un organe ou d\u2019un tissu. L\u2019ouvrage montre en quoi cette perc\u00e9e en m\u00e9decine r\u00e9g\u00e9n\u00e9rative a permis l\u2019invention de l\u2019ing\u00e9nierie tissulaire et cr\u00e9\u00e9 les nouvelles th\u00e9rapies que sont les m\u00e9dicaments \u00ab vivants \u00bb.<\/p>\n<p>Au-del\u00e0 d\u2019une \u00e9volution scientifique majeure, les cellules souches d\u00e9passent les enjeux de la m\u00e9decine, car leur utilit\u00e9 a un impact sur le vivant.\u00a0<em>Les cellules souches\u00a0<\/em>examine ainsi la question des choix \u00e9thiques n\u00e9cessaires, dans l\u2019acc\u00e9l\u00e9ration des sciences, pour maintenir l\u2019innovation th\u00e9rapeutique sous contr\u00f4le.<\/p>\n","protected":false},"excerpt":{"rendered":"<p>Capables de se multiplier \u00e0 l&#8217;infini, les cellules souches sont \u00e0 l\u2019origine de toutes les cellules du corps humain. Elles repr\u00e9sentent un espoir immense dans le domaine de la sant\u00e9. Coupl\u00e9es aux biomat\u00e9riaux, elles ouvrent des perspectives inesp\u00e9r\u00e9es. Les nouvelles biotechnologies mettent en jeu ces cellules souches, car elles orchestrent la r\u00e9paration de l\u2019organisme en [&hellip;]<\/p>\n","protected":false},"featured_media":20408,"template":"","meta":{"_acf_changed":false,"_links_to":"","_links_to_target":""},"product_brand":[],"product_cat":[3262],"product_tag":[],"class_list":{"0":"post-12959","1":"product","2":"type-product","3":"status-publish","4":"has-post-thumbnail","6":"product_cat-non-classe","8":"first","9":"instock","10":"shipping-taxable","11":"purchasable","12":"product-type-variable"},"acf":[],"yoast_head":"<!-- This site is optimized with the Yoast SEO plugin v27.2 - https:\/\/yoast.com\/product\/yoast-seo-wordpress\/ -->\n<title>Les cellules souches - ISTE Group<\/title>\n<meta name=\"description\" content=\"Au-del\u00e0 d\u2019une \u00e9volution scientifique majeure, les cellules souches d\u00e9passent les enjeux de la m\u00e9decine, car leur utilit\u00e9 a un impact sur le vivant.\u00a0Les cellules souches\u00a0examine ainsi la question des choix \u00e9thiques n\u00e9cessaires, dans l\u2019acc\u00e9l\u00e9ration des sciences, pour maintenir l\u2019innovation th\u00e9rapeutique sous contr\u00f4le.\" \/>\n<meta name=\"robots\" content=\"index, follow, max-snippet:-1, max-image-preview:large, max-video-preview:-1\" \/>\n<link rel=\"canonical\" href=\"https:\/\/www.istegroup.com\/fr\/produit\/les-cellules-souches\/\" \/>\n<meta property=\"og:locale\" content=\"en_US\" \/>\n<meta property=\"og:type\" content=\"article\" \/>\n<meta property=\"og:title\" content=\"Les cellules souches - ISTE Group\" \/>\n<meta property=\"og:description\" content=\"Au-del\u00e0 d\u2019une \u00e9volution scientifique majeure, les cellules souches d\u00e9passent les enjeux de la m\u00e9decine, car leur utilit\u00e9 a un impact sur le vivant.\u00a0Les cellules souches\u00a0examine ainsi la question des choix \u00e9thiques n\u00e9cessaires, dans l\u2019acc\u00e9l\u00e9ration des sciences, pour maintenir l\u2019innovation th\u00e9rapeutique sous contr\u00f4le.\" \/>\n<meta property=\"og:url\" content=\"https:\/\/www.istegroup.com\/fr\/produit\/les-cellules-souches\/\" \/>\n<meta property=\"og:site_name\" content=\"ISTE Group\" \/>\n<meta property=\"article:modified_time\" content=\"2024-01-03T13:42:19+00:00\" \/>\n<meta property=\"og:image\" content=\"https:\/\/www.istegroup.com\/wp-content\/uploads\/2019\/04\/Arrighi_Front-1.jpg\" \/>\n\t<meta property=\"og:image:width\" content=\"300\" \/>\n\t<meta property=\"og:image:height\" content=\"450\" \/>\n\t<meta property=\"og:image:type\" content=\"image\/jpeg\" \/>\n<meta name=\"twitter:card\" content=\"summary_large_image\" \/>\n<meta name=\"twitter:label1\" content=\"Est. reading time\" \/>\n\t<meta name=\"twitter:data1\" content=\"1 minute\" \/>\n<script type=\"application\/ld+json\" class=\"yoast-schema-graph\">{\"@context\":\"https:\/\/schema.org\",\"@graph\":[{\"@type\":\"WebPage\",\"@id\":\"https:\/\/www.istegroup.com\/fr\/produit\/les-cellules-souches\/\",\"url\":\"https:\/\/www.istegroup.com\/fr\/produit\/les-cellules-souches\/\",\"name\":\"Les cellules souches - ISTE Group\",\"isPartOf\":{\"@id\":\"https:\/\/www.istegroup.com\/#website\"},\"primaryImageOfPage\":{\"@id\":\"https:\/\/www.istegroup.com\/fr\/produit\/les-cellules-souches\/#primaryimage\"},\"image\":{\"@id\":\"https:\/\/www.istegroup.com\/fr\/produit\/les-cellules-souches\/#primaryimage\"},\"thumbnailUrl\":\"https:\/\/www.istegroup.com\/wp-content\/uploads\/2019\/04\/Arrighi_Front-1.jpg\",\"datePublished\":\"2018-06-01T10:24:47+00:00\",\"dateModified\":\"2024-01-03T13:42:19+00:00\",\"description\":\"Au-del\u00e0 d\u2019une \u00e9volution scientifique majeure, les cellules souches d\u00e9passent les enjeux de la m\u00e9decine, car leur utilit\u00e9 a un impact sur le vivant.\u00a0Les cellules souches\u00a0examine ainsi la question des choix \u00e9thiques n\u00e9cessaires, dans l\u2019acc\u00e9l\u00e9ration des sciences, pour maintenir l\u2019innovation th\u00e9rapeutique sous contr\u00f4le.\",\"breadcrumb\":{\"@id\":\"https:\/\/www.istegroup.com\/fr\/produit\/les-cellules-souches\/#breadcrumb\"},\"inLanguage\":\"en-US\",\"potentialAction\":[{\"@type\":\"ReadAction\",\"target\":[\"https:\/\/www.istegroup.com\/fr\/produit\/les-cellules-souches\/\"]}]},{\"@type\":\"ImageObject\",\"inLanguage\":\"en-US\",\"@id\":\"https:\/\/www.istegroup.com\/fr\/produit\/les-cellules-souches\/#primaryimage\",\"url\":\"https:\/\/www.istegroup.com\/wp-content\/uploads\/2019\/04\/Arrighi_Front-1.jpg\",\"contentUrl\":\"https:\/\/www.istegroup.com\/wp-content\/uploads\/2019\/04\/Arrighi_Front-1.jpg\",\"width\":300,\"height\":450,\"caption\":\"Les cellules souches\"},{\"@type\":\"BreadcrumbList\",\"@id\":\"https:\/\/www.istegroup.com\/fr\/produit\/les-cellules-souches\/#breadcrumb\",\"itemListElement\":[{\"@type\":\"ListItem\",\"position\":1,\"name\":\"Home\",\"item\":\"https:\/\/www.istegroup.com\/\"},{\"@type\":\"ListItem\",\"position\":2,\"name\":\"Shop\",\"item\":\"https:\/\/www.istegroup.com\/fr\/nouveautes\/\"},{\"@type\":\"ListItem\",\"position\":3,\"name\":\"Les cellules souches\"}]},{\"@type\":\"WebSite\",\"@id\":\"https:\/\/www.istegroup.com\/#website\",\"url\":\"https:\/\/www.istegroup.com\/\",\"name\":\"ISTE Group\",\"description\":\"Publishing Knowledge\",\"potentialAction\":[{\"@type\":\"SearchAction\",\"target\":{\"@type\":\"EntryPoint\",\"urlTemplate\":\"https:\/\/www.istegroup.com\/?s={search_term_string}\"},\"query-input\":{\"@type\":\"PropertyValueSpecification\",\"valueRequired\":true,\"valueName\":\"search_term_string\"}}],\"inLanguage\":\"en-US\"}]}<\/script>\n<!-- \/ Yoast SEO plugin. -->","yoast_head_json":{"title":"Les cellules souches - ISTE Group","description":"Au-del\u00e0 d\u2019une \u00e9volution scientifique majeure, les cellules souches d\u00e9passent les enjeux de la m\u00e9decine, car leur utilit\u00e9 a un impact sur le vivant.\u00a0Les cellules souches\u00a0examine ainsi la question des choix \u00e9thiques n\u00e9cessaires, dans l\u2019acc\u00e9l\u00e9ration des sciences, pour maintenir l\u2019innovation th\u00e9rapeutique sous contr\u00f4le.","robots":{"index":"index","follow":"follow","max-snippet":"max-snippet:-1","max-image-preview":"max-image-preview:large","max-video-preview":"max-video-preview:-1"},"canonical":"https:\/\/www.istegroup.com\/fr\/produit\/les-cellules-souches\/","og_locale":"en_US","og_type":"article","og_title":"Les cellules souches - ISTE Group","og_description":"Au-del\u00e0 d\u2019une \u00e9volution scientifique majeure, les cellules souches d\u00e9passent les enjeux de la m\u00e9decine, car leur utilit\u00e9 a un impact sur le vivant.\u00a0Les cellules souches\u00a0examine ainsi la question des choix \u00e9thiques n\u00e9cessaires, dans l\u2019acc\u00e9l\u00e9ration des sciences, pour maintenir l\u2019innovation th\u00e9rapeutique sous contr\u00f4le.","og_url":"https:\/\/www.istegroup.com\/fr\/produit\/les-cellules-souches\/","og_site_name":"ISTE Group","article_modified_time":"2024-01-03T13:42:19+00:00","og_image":[{"width":300,"height":450,"url":"https:\/\/www.istegroup.com\/wp-content\/uploads\/2019\/04\/Arrighi_Front-1.jpg","type":"image\/jpeg"}],"twitter_card":"summary_large_image","twitter_misc":{"Est. reading time":"1 minute"},"schema":{"@context":"https:\/\/schema.org","@graph":[{"@type":"WebPage","@id":"https:\/\/www.istegroup.com\/fr\/produit\/les-cellules-souches\/","url":"https:\/\/www.istegroup.com\/fr\/produit\/les-cellules-souches\/","name":"Les cellules souches - ISTE Group","isPartOf":{"@id":"https:\/\/www.istegroup.com\/#website"},"primaryImageOfPage":{"@id":"https:\/\/www.istegroup.com\/fr\/produit\/les-cellules-souches\/#primaryimage"},"image":{"@id":"https:\/\/www.istegroup.com\/fr\/produit\/les-cellules-souches\/#primaryimage"},"thumbnailUrl":"https:\/\/www.istegroup.com\/wp-content\/uploads\/2019\/04\/Arrighi_Front-1.jpg","datePublished":"2018-06-01T10:24:47+00:00","dateModified":"2024-01-03T13:42:19+00:00","description":"Au-del\u00e0 d\u2019une \u00e9volution scientifique majeure, les cellules souches d\u00e9passent les enjeux de la m\u00e9decine, car leur utilit\u00e9 a un impact sur le vivant.\u00a0Les cellules souches\u00a0examine ainsi la question des choix \u00e9thiques n\u00e9cessaires, dans l\u2019acc\u00e9l\u00e9ration des sciences, pour maintenir l\u2019innovation th\u00e9rapeutique sous contr\u00f4le.","breadcrumb":{"@id":"https:\/\/www.istegroup.com\/fr\/produit\/les-cellules-souches\/#breadcrumb"},"inLanguage":"en-US","potentialAction":[{"@type":"ReadAction","target":["https:\/\/www.istegroup.com\/fr\/produit\/les-cellules-souches\/"]}]},{"@type":"ImageObject","inLanguage":"en-US","@id":"https:\/\/www.istegroup.com\/fr\/produit\/les-cellules-souches\/#primaryimage","url":"https:\/\/www.istegroup.com\/wp-content\/uploads\/2019\/04\/Arrighi_Front-1.jpg","contentUrl":"https:\/\/www.istegroup.com\/wp-content\/uploads\/2019\/04\/Arrighi_Front-1.jpg","width":300,"height":450,"caption":"Les cellules souches"},{"@type":"BreadcrumbList","@id":"https:\/\/www.istegroup.com\/fr\/produit\/les-cellules-souches\/#breadcrumb","itemListElement":[{"@type":"ListItem","position":1,"name":"Home","item":"https:\/\/www.istegroup.com\/"},{"@type":"ListItem","position":2,"name":"Shop","item":"https:\/\/www.istegroup.com\/fr\/nouveautes\/"},{"@type":"ListItem","position":3,"name":"Les cellules souches"}]},{"@type":"WebSite","@id":"https:\/\/www.istegroup.com\/#website","url":"https:\/\/www.istegroup.com\/","name":"ISTE Group","description":"Publishing Knowledge","potentialAction":[{"@type":"SearchAction","target":{"@type":"EntryPoint","urlTemplate":"https:\/\/www.istegroup.com\/?s={search_term_string}"},"query-input":{"@type":"PropertyValueSpecification","valueRequired":true,"valueName":"search_term_string"}}],"inLanguage":"en-US"}]}},"_links":{"self":[{"href":"https:\/\/www.istegroup.com\/en\/wp-json\/wp\/v2\/product\/12959","targetHints":{"allow":["GET"]}}],"collection":[{"href":"https:\/\/www.istegroup.com\/en\/wp-json\/wp\/v2\/product"}],"about":[{"href":"https:\/\/www.istegroup.com\/en\/wp-json\/wp\/v2\/types\/product"}],"wp:featuredmedia":[{"embeddable":true,"href":"https:\/\/www.istegroup.com\/en\/wp-json\/wp\/v2\/media\/20408"}],"wp:attachment":[{"href":"https:\/\/www.istegroup.com\/en\/wp-json\/wp\/v2\/media?parent=12959"}],"wp:term":[{"taxonomy":"product_brand","embeddable":true,"href":"https:\/\/www.istegroup.com\/en\/wp-json\/wp\/v2\/product_brand?post=12959"},{"taxonomy":"product_cat","embeddable":true,"href":"https:\/\/www.istegroup.com\/en\/wp-json\/wp\/v2\/product_cat?post=12959"},{"taxonomy":"product_tag","embeddable":true,"href":"https:\/\/www.istegroup.com\/en\/wp-json\/wp\/v2\/product_tag?post=12959"}],"curies":[{"name":"wp","href":"https:\/\/api.w.org\/{rel}","templated":true}]}}