{"id":12551,"date":"2018-05-22T10:56:07","date_gmt":"2018-05-22T08:56:07","guid":{"rendered":"https:\/\/iste.yhello.co\/?post_type=product&#038;p=12551"},"modified":"2024-01-03T13:42:19","modified_gmt":"2024-01-03T13:42:19","slug":"les-effets-sonores-musicaux","status":"publish","type":"product","link":"https:\/\/www.istegroup.com\/en\/produit\/les-effets-sonores-musicaux\/","title":{"rendered":"Les effets sonores musicaux"},"content":{"rendered":"<p>Depuis plusieurs d\u00e9cennies, les interpr\u00e8tes, les compositeurs et les techniciens ne cessent de manipuler la mati\u00e8re sonore, et sont parvenus \u00e0 cr\u00e9er, innover et enrichir le message musical. La sonorit\u00e9 de la guitare de Jimi Hendrix, les musiques \u00e9lectroniques de Pierre Henry, Kraftwerk, Pink Floyd, Daft Punk, T-Pain et bien d\u2019autres ont fait \u00e9merger de nombreux effets : r\u00e9verb\u00e9ration, compression, distorsion, phasing, auto-tune, etc.<\/p>\n<p><em>Les effets sonores musicaux<\/em>\u00a0traite des aspects th\u00e9oriques et pratiques li\u00e9s aux effets sonores pr\u00e9sents dans tous les domaines musicaux, interpr\u00e9tation, prise de son, mixage et diffusion. Les mat\u00e9riels et logiciels phares du march\u00e9 qui mettent en oeuvre ces effets sont ensuite pr\u00e9sent\u00e9s et associ\u00e9s \u00e0 des techniques d\u2019utilisation.<\/p>\n<p>Quelques rappels th\u00e9oriques sur le son et les normes viennent enrichir le contenu de cet ouvrage. Certains exemples sont trait\u00e9s avec Adobe Audition, Ableton Live, Max\/MSP et une approche de la restauration sonore est pr\u00e9sent\u00e9e.<\/p>\n","protected":false},"excerpt":{"rendered":"<p>Depuis plusieurs d\u00e9cennies, les interpr\u00e8tes, les compositeurs et les techniciens ne cessent de manipuler la mati\u00e8re sonore, et sont parvenus \u00e0 cr\u00e9er, innover et enrichir le message musical. La sonorit\u00e9 de la guitare de Jimi Hendrix, les musiques \u00e9lectroniques de Pierre Henry, Kraftwerk, Pink Floyd, Daft Punk, T-Pain et bien d\u2019autres ont fait \u00e9merger de [&hellip;]<\/p>\n","protected":false},"featured_media":12556,"template":"","meta":{"_acf_changed":false,"_links_to":"","_links_to_target":""},"product_brand":[],"product_cat":[3262],"product_tag":[],"class_list":{"0":"post-12551","1":"product","2":"type-product","3":"status-publish","4":"has-post-thumbnail","6":"product_cat-non-classe","8":"first","9":"instock","10":"shipping-taxable","11":"purchasable","12":"product-type-variable"},"acf":[],"yoast_head":"<!-- This site is optimized with the Yoast SEO plugin v27.2 - https:\/\/yoast.com\/product\/yoast-seo-wordpress\/ -->\n<title>Les effets sonores musicaux - ISTE Group<\/title>\n<meta name=\"description\" content=\"Les effets sonores musicaux\u00a0traite des aspects th\u00e9oriques et pratiques li\u00e9s aux effets sonores pr\u00e9sents dans tous les domaines musicaux, interpr\u00e9tation, prise de son, mixage et diffusion.\" \/>\n<meta name=\"robots\" content=\"index, follow, max-snippet:-1, max-image-preview:large, max-video-preview:-1\" \/>\n<link rel=\"canonical\" href=\"https:\/\/www.istegroup.com\/fr\/produit\/les-effets-sonores-musicaux\/\" \/>\n<meta property=\"og:locale\" content=\"en_US\" \/>\n<meta property=\"og:type\" content=\"article\" \/>\n<meta property=\"og:title\" content=\"Les effets sonores musicaux - ISTE Group\" \/>\n<meta property=\"og:description\" content=\"Les effets sonores musicaux\u00a0traite des aspects th\u00e9oriques et pratiques li\u00e9s aux effets sonores pr\u00e9sents dans tous les domaines musicaux, interpr\u00e9tation, prise de son, mixage et diffusion.\" \/>\n<meta property=\"og:url\" content=\"https:\/\/www.istegroup.com\/fr\/produit\/les-effets-sonores-musicaux\/\" \/>\n<meta property=\"og:site_name\" content=\"ISTE Group\" \/>\n<meta property=\"article:modified_time\" content=\"2024-01-03T13:42:19+00:00\" \/>\n<meta property=\"og:image\" content=\"https:\/\/www.istegroup.com\/wp-content\/uploads\/2018\/05\/Reveillac_Front-scaled.jpg\" \/>\n\t<meta property=\"og:image:width\" content=\"1706\" \/>\n\t<meta property=\"og:image:height\" content=\"2560\" \/>\n\t<meta property=\"og:image:type\" content=\"image\/jpeg\" \/>\n<meta name=\"twitter:card\" content=\"summary_large_image\" \/>\n<meta name=\"twitter:label1\" content=\"Est. reading time\" \/>\n\t<meta name=\"twitter:data1\" content=\"1 minute\" \/>\n<script type=\"application\/ld+json\" class=\"yoast-schema-graph\">{\"@context\":\"https:\/\/schema.org\",\"@graph\":[{\"@type\":\"WebPage\",\"@id\":\"https:\/\/www.istegroup.com\/fr\/produit\/les-effets-sonores-musicaux\/\",\"url\":\"https:\/\/www.istegroup.com\/fr\/produit\/les-effets-sonores-musicaux\/\",\"name\":\"Les effets sonores musicaux - ISTE Group\",\"isPartOf\":{\"@id\":\"https:\/\/www.istegroup.com\/#website\"},\"primaryImageOfPage\":{\"@id\":\"https:\/\/www.istegroup.com\/fr\/produit\/les-effets-sonores-musicaux\/#primaryimage\"},\"image\":{\"@id\":\"https:\/\/www.istegroup.com\/fr\/produit\/les-effets-sonores-musicaux\/#primaryimage\"},\"thumbnailUrl\":\"https:\/\/www.istegroup.com\/wp-content\/uploads\/2018\/05\/Reveillac_Front-scaled.jpg\",\"datePublished\":\"2018-05-22T08:56:07+00:00\",\"dateModified\":\"2024-01-03T13:42:19+00:00\",\"description\":\"Les effets sonores musicaux\u00a0traite des aspects th\u00e9oriques et pratiques li\u00e9s aux effets sonores pr\u00e9sents dans tous les domaines musicaux, interpr\u00e9tation, prise de son, mixage et diffusion.\",\"breadcrumb\":{\"@id\":\"https:\/\/www.istegroup.com\/fr\/produit\/les-effets-sonores-musicaux\/#breadcrumb\"},\"inLanguage\":\"en-US\",\"potentialAction\":[{\"@type\":\"ReadAction\",\"target\":[\"https:\/\/www.istegroup.com\/fr\/produit\/les-effets-sonores-musicaux\/\"]}]},{\"@type\":\"ImageObject\",\"inLanguage\":\"en-US\",\"@id\":\"https:\/\/www.istegroup.com\/fr\/produit\/les-effets-sonores-musicaux\/#primaryimage\",\"url\":\"https:\/\/www.istegroup.com\/wp-content\/uploads\/2018\/05\/Reveillac_Front-scaled.jpg\",\"contentUrl\":\"https:\/\/www.istegroup.com\/wp-content\/uploads\/2018\/05\/Reveillac_Front-scaled.jpg\",\"width\":1706,\"height\":2560,\"caption\":\"Les effets sonores musicaux ISTE Group\"},{\"@type\":\"BreadcrumbList\",\"@id\":\"https:\/\/www.istegroup.com\/fr\/produit\/les-effets-sonores-musicaux\/#breadcrumb\",\"itemListElement\":[{\"@type\":\"ListItem\",\"position\":1,\"name\":\"Home\",\"item\":\"https:\/\/www.istegroup.com\/\"},{\"@type\":\"ListItem\",\"position\":2,\"name\":\"Shop\",\"item\":\"https:\/\/www.istegroup.com\/fr\/nouveautes\/\"},{\"@type\":\"ListItem\",\"position\":3,\"name\":\"Les effets sonores musicaux\"}]},{\"@type\":\"WebSite\",\"@id\":\"https:\/\/www.istegroup.com\/#website\",\"url\":\"https:\/\/www.istegroup.com\/\",\"name\":\"ISTE Group\",\"description\":\"Publishing Knowledge\",\"potentialAction\":[{\"@type\":\"SearchAction\",\"target\":{\"@type\":\"EntryPoint\",\"urlTemplate\":\"https:\/\/www.istegroup.com\/?s={search_term_string}\"},\"query-input\":{\"@type\":\"PropertyValueSpecification\",\"valueRequired\":true,\"valueName\":\"search_term_string\"}}],\"inLanguage\":\"en-US\"}]}<\/script>\n<!-- \/ Yoast SEO plugin. -->","yoast_head_json":{"title":"Les effets sonores musicaux - ISTE Group","description":"Les effets sonores musicaux\u00a0traite des aspects th\u00e9oriques et pratiques li\u00e9s aux effets sonores pr\u00e9sents dans tous les domaines musicaux, interpr\u00e9tation, prise de son, mixage et diffusion.","robots":{"index":"index","follow":"follow","max-snippet":"max-snippet:-1","max-image-preview":"max-image-preview:large","max-video-preview":"max-video-preview:-1"},"canonical":"https:\/\/www.istegroup.com\/fr\/produit\/les-effets-sonores-musicaux\/","og_locale":"en_US","og_type":"article","og_title":"Les effets sonores musicaux - ISTE Group","og_description":"Les effets sonores musicaux\u00a0traite des aspects th\u00e9oriques et pratiques li\u00e9s aux effets sonores pr\u00e9sents dans tous les domaines musicaux, interpr\u00e9tation, prise de son, mixage et diffusion.","og_url":"https:\/\/www.istegroup.com\/fr\/produit\/les-effets-sonores-musicaux\/","og_site_name":"ISTE Group","article_modified_time":"2024-01-03T13:42:19+00:00","og_image":[{"width":1706,"height":2560,"url":"https:\/\/www.istegroup.com\/wp-content\/uploads\/2018\/05\/Reveillac_Front-scaled.jpg","type":"image\/jpeg"}],"twitter_card":"summary_large_image","twitter_misc":{"Est. reading time":"1 minute"},"schema":{"@context":"https:\/\/schema.org","@graph":[{"@type":"WebPage","@id":"https:\/\/www.istegroup.com\/fr\/produit\/les-effets-sonores-musicaux\/","url":"https:\/\/www.istegroup.com\/fr\/produit\/les-effets-sonores-musicaux\/","name":"Les effets sonores musicaux - ISTE Group","isPartOf":{"@id":"https:\/\/www.istegroup.com\/#website"},"primaryImageOfPage":{"@id":"https:\/\/www.istegroup.com\/fr\/produit\/les-effets-sonores-musicaux\/#primaryimage"},"image":{"@id":"https:\/\/www.istegroup.com\/fr\/produit\/les-effets-sonores-musicaux\/#primaryimage"},"thumbnailUrl":"https:\/\/www.istegroup.com\/wp-content\/uploads\/2018\/05\/Reveillac_Front-scaled.jpg","datePublished":"2018-05-22T08:56:07+00:00","dateModified":"2024-01-03T13:42:19+00:00","description":"Les effets sonores musicaux\u00a0traite des aspects th\u00e9oriques et pratiques li\u00e9s aux effets sonores pr\u00e9sents dans tous les domaines musicaux, interpr\u00e9tation, prise de son, mixage et diffusion.","breadcrumb":{"@id":"https:\/\/www.istegroup.com\/fr\/produit\/les-effets-sonores-musicaux\/#breadcrumb"},"inLanguage":"en-US","potentialAction":[{"@type":"ReadAction","target":["https:\/\/www.istegroup.com\/fr\/produit\/les-effets-sonores-musicaux\/"]}]},{"@type":"ImageObject","inLanguage":"en-US","@id":"https:\/\/www.istegroup.com\/fr\/produit\/les-effets-sonores-musicaux\/#primaryimage","url":"https:\/\/www.istegroup.com\/wp-content\/uploads\/2018\/05\/Reveillac_Front-scaled.jpg","contentUrl":"https:\/\/www.istegroup.com\/wp-content\/uploads\/2018\/05\/Reveillac_Front-scaled.jpg","width":1706,"height":2560,"caption":"Les effets sonores musicaux ISTE Group"},{"@type":"BreadcrumbList","@id":"https:\/\/www.istegroup.com\/fr\/produit\/les-effets-sonores-musicaux\/#breadcrumb","itemListElement":[{"@type":"ListItem","position":1,"name":"Home","item":"https:\/\/www.istegroup.com\/"},{"@type":"ListItem","position":2,"name":"Shop","item":"https:\/\/www.istegroup.com\/fr\/nouveautes\/"},{"@type":"ListItem","position":3,"name":"Les effets sonores musicaux"}]},{"@type":"WebSite","@id":"https:\/\/www.istegroup.com\/#website","url":"https:\/\/www.istegroup.com\/","name":"ISTE Group","description":"Publishing Knowledge","potentialAction":[{"@type":"SearchAction","target":{"@type":"EntryPoint","urlTemplate":"https:\/\/www.istegroup.com\/?s={search_term_string}"},"query-input":{"@type":"PropertyValueSpecification","valueRequired":true,"valueName":"search_term_string"}}],"inLanguage":"en-US"}]}},"_links":{"self":[{"href":"https:\/\/www.istegroup.com\/en\/wp-json\/wp\/v2\/product\/12551","targetHints":{"allow":["GET"]}}],"collection":[{"href":"https:\/\/www.istegroup.com\/en\/wp-json\/wp\/v2\/product"}],"about":[{"href":"https:\/\/www.istegroup.com\/en\/wp-json\/wp\/v2\/types\/product"}],"wp:featuredmedia":[{"embeddable":true,"href":"https:\/\/www.istegroup.com\/en\/wp-json\/wp\/v2\/media\/12556"}],"wp:attachment":[{"href":"https:\/\/www.istegroup.com\/en\/wp-json\/wp\/v2\/media?parent=12551"}],"wp:term":[{"taxonomy":"product_brand","embeddable":true,"href":"https:\/\/www.istegroup.com\/en\/wp-json\/wp\/v2\/product_brand?post=12551"},{"taxonomy":"product_cat","embeddable":true,"href":"https:\/\/www.istegroup.com\/en\/wp-json\/wp\/v2\/product_cat?post=12551"},{"taxonomy":"product_tag","embeddable":true,"href":"https:\/\/www.istegroup.com\/en\/wp-json\/wp\/v2\/product_tag?post=12551"}],"curies":[{"name":"wp","href":"https:\/\/api.w.org\/{rel}","templated":true}]}}