{"id":12534,"date":"2018-05-22T10:43:02","date_gmt":"2018-05-22T08:43:02","guid":{"rendered":"https:\/\/iste.yhello.co\/?post_type=product&#038;p=12534"},"modified":"2024-01-03T13:42:19","modified_gmt":"2024-01-03T13:42:19","slug":"conception-orientee-modele-de-logiciels-embarques","status":"publish","type":"product","link":"https:\/\/www.istegroup.com\/en\/produit\/conception-orientee-modele-de-logiciels-embarques\/","title":{"rendered":"Conception orient\u00e9e mod\u00e8le de logiciels embarqu\u00e9s"},"content":{"rendered":"<p>Cet ouvrage d\u00e9crit l\u2019utilisation des principes de \u00ab conception orient\u00e9e mod\u00e8le \u00bb dans le domaine a\u00e9ronautique, et plus sp\u00e9cifiquement pour les drones civils (UAV :\u00a0<em>Unmanned Aerial Vehicle<\/em>). Il concerne la cr\u00e9ation d\u2019un syst\u00e8me embarqu\u00e9 qui permet aux drones de r\u00e9aliser une communication ad hoc au sein d\u2019une flotte de drones.<\/p>\n<p><em>Conception orient\u00e9e mod\u00e8le de logiciels embarqu\u00e9s\u00a0<\/em>d\u00e9veloppe une m\u00e9thodologie originale pour le prototypage rapide dont les diff\u00e9rents outils n\u00e9cessaires \u00e0 sa mise en oeuvre sont pr\u00e9sent\u00e9s \u00e0 travers un exemple de d\u00e9veloppement de syst\u00e8me embarqu\u00e9 afin de permettre aux lecteurs int\u00e9ress\u00e9s de mettre en oeuvre cette approche.<\/p>\n<p>Les avantages de cette m\u00e9thode sont d\u00e9fendus notamment en mati\u00e8re de gain de temps pour les phases de v\u00e9rification et de validation formelle pour contribuer \u00e0 la certification du syst\u00e8me UAS (<em>Unmanned Aerial System<\/em>), l\u2019enjeu \u00e9tant de concevoir, valider et tester un nouveau protocole de routage s\u00e9curis\u00e9 d\u00e9velopp\u00e9 pour le contexte des communications au sein d&#8217;UAV.<\/p>\n","protected":false},"excerpt":{"rendered":"<p>Cet ouvrage d\u00e9crit l\u2019utilisation des principes de \u00ab conception orient\u00e9e mod\u00e8le \u00bb dans le domaine a\u00e9ronautique, et plus sp\u00e9cifiquement pour les drones civils (UAV :\u00a0Unmanned Aerial Vehicle). Il concerne la cr\u00e9ation d\u2019un syst\u00e8me embarqu\u00e9 qui permet aux drones de r\u00e9aliser une communication ad hoc au sein d\u2019une flotte de drones. Conception orient\u00e9e mod\u00e8le de logiciels [&hellip;]<\/p>\n","protected":false},"featured_media":12545,"template":"","meta":{"_acf_changed":false,"_links_to":"","_links_to_target":""},"product_brand":[],"product_cat":[3262],"product_tag":[],"class_list":{"0":"post-12534","1":"product","2":"type-product","3":"status-publish","4":"has-post-thumbnail","6":"product_cat-non-classe","8":"first","9":"instock","10":"shipping-taxable","11":"purchasable","12":"product-type-variable"},"acf":[],"yoast_head":"<!-- This site is optimized with the Yoast SEO plugin v27.2 - https:\/\/yoast.com\/product\/yoast-seo-wordpress\/ -->\n<title>Conception orient\u00e9e mod\u00e8le de logiciels embarqu\u00e9s - ISTE Group<\/title>\n<meta name=\"description\" content=\"Cet ouvrage d\u00e9crit l\u2019utilisation des principes de \u00ab conception orient\u00e9e mod\u00e8le \u00bb dans le domaine a\u00e9ronautique, et plus sp\u00e9cifiquement pour les drones civils (UAV :\u00a0Unmanned Aerial Vehicle).\" \/>\n<meta name=\"robots\" content=\"index, follow, max-snippet:-1, max-image-preview:large, max-video-preview:-1\" \/>\n<link rel=\"canonical\" href=\"https:\/\/www.istegroup.com\/fr\/produit\/conception-orientee-modele-de-logiciels-embarques\/\" \/>\n<meta property=\"og:locale\" content=\"en_US\" \/>\n<meta property=\"og:type\" content=\"article\" \/>\n<meta property=\"og:title\" content=\"Conception orient\u00e9e mod\u00e8le de logiciels embarqu\u00e9s - ISTE Group\" \/>\n<meta property=\"og:description\" content=\"Cet ouvrage d\u00e9crit l\u2019utilisation des principes de \u00ab conception orient\u00e9e mod\u00e8le \u00bb dans le domaine a\u00e9ronautique, et plus sp\u00e9cifiquement pour les drones civils (UAV :\u00a0Unmanned Aerial Vehicle).\" \/>\n<meta property=\"og:url\" content=\"https:\/\/www.istegroup.com\/fr\/produit\/conception-orientee-modele-de-logiciels-embarques\/\" \/>\n<meta property=\"og:site_name\" content=\"ISTE Group\" \/>\n<meta property=\"article:modified_time\" content=\"2024-01-03T13:42:19+00:00\" \/>\n<meta property=\"og:image\" content=\"https:\/\/www.istegroup.com\/wp-content\/uploads\/2018\/05\/Maxa_Front-scaled.jpg\" \/>\n\t<meta property=\"og:image:width\" content=\"1702\" \/>\n\t<meta property=\"og:image:height\" content=\"2560\" \/>\n\t<meta property=\"og:image:type\" content=\"image\/jpeg\" \/>\n<meta name=\"twitter:card\" content=\"summary_large_image\" \/>\n<meta name=\"twitter:label1\" content=\"Est. reading time\" \/>\n\t<meta name=\"twitter:data1\" content=\"1 minute\" \/>\n<script type=\"application\/ld+json\" class=\"yoast-schema-graph\">{\"@context\":\"https:\/\/schema.org\",\"@graph\":[{\"@type\":\"WebPage\",\"@id\":\"https:\/\/www.istegroup.com\/fr\/produit\/conception-orientee-modele-de-logiciels-embarques\/\",\"url\":\"https:\/\/www.istegroup.com\/fr\/produit\/conception-orientee-modele-de-logiciels-embarques\/\",\"name\":\"Conception orient\u00e9e mod\u00e8le de logiciels embarqu\u00e9s - ISTE Group\",\"isPartOf\":{\"@id\":\"https:\/\/www.istegroup.com\/#website\"},\"primaryImageOfPage\":{\"@id\":\"https:\/\/www.istegroup.com\/fr\/produit\/conception-orientee-modele-de-logiciels-embarques\/#primaryimage\"},\"image\":{\"@id\":\"https:\/\/www.istegroup.com\/fr\/produit\/conception-orientee-modele-de-logiciels-embarques\/#primaryimage\"},\"thumbnailUrl\":\"https:\/\/www.istegroup.com\/wp-content\/uploads\/2018\/05\/Maxa_Front-scaled.jpg\",\"datePublished\":\"2018-05-22T08:43:02+00:00\",\"dateModified\":\"2024-01-03T13:42:19+00:00\",\"description\":\"Cet ouvrage d\u00e9crit l\u2019utilisation des principes de \u00ab conception orient\u00e9e mod\u00e8le \u00bb dans le domaine a\u00e9ronautique, et plus sp\u00e9cifiquement pour les drones civils (UAV :\u00a0Unmanned Aerial Vehicle).\",\"breadcrumb\":{\"@id\":\"https:\/\/www.istegroup.com\/fr\/produit\/conception-orientee-modele-de-logiciels-embarques\/#breadcrumb\"},\"inLanguage\":\"en-US\",\"potentialAction\":[{\"@type\":\"ReadAction\",\"target\":[\"https:\/\/www.istegroup.com\/fr\/produit\/conception-orientee-modele-de-logiciels-embarques\/\"]}]},{\"@type\":\"ImageObject\",\"inLanguage\":\"en-US\",\"@id\":\"https:\/\/www.istegroup.com\/fr\/produit\/conception-orientee-modele-de-logiciels-embarques\/#primaryimage\",\"url\":\"https:\/\/www.istegroup.com\/wp-content\/uploads\/2018\/05\/Maxa_Front-scaled.jpg\",\"contentUrl\":\"https:\/\/www.istegroup.com\/wp-content\/uploads\/2018\/05\/Maxa_Front-scaled.jpg\",\"width\":1702,\"height\":2560,\"caption\":\"Application \u00e0 la communication dans le cadre d\u2019une flotte de drones\"},{\"@type\":\"BreadcrumbList\",\"@id\":\"https:\/\/www.istegroup.com\/fr\/produit\/conception-orientee-modele-de-logiciels-embarques\/#breadcrumb\",\"itemListElement\":[{\"@type\":\"ListItem\",\"position\":1,\"name\":\"Home\",\"item\":\"https:\/\/www.istegroup.com\/\"},{\"@type\":\"ListItem\",\"position\":2,\"name\":\"Shop\",\"item\":\"https:\/\/www.istegroup.com\/fr\/nouveautes\/\"},{\"@type\":\"ListItem\",\"position\":3,\"name\":\"Conception orient\u00e9e mod\u00e8le de logiciels embarqu\u00e9s\"}]},{\"@type\":\"WebSite\",\"@id\":\"https:\/\/www.istegroup.com\/#website\",\"url\":\"https:\/\/www.istegroup.com\/\",\"name\":\"ISTE Group\",\"description\":\"Publishing Knowledge\",\"potentialAction\":[{\"@type\":\"SearchAction\",\"target\":{\"@type\":\"EntryPoint\",\"urlTemplate\":\"https:\/\/www.istegroup.com\/?s={search_term_string}\"},\"query-input\":{\"@type\":\"PropertyValueSpecification\",\"valueRequired\":true,\"valueName\":\"search_term_string\"}}],\"inLanguage\":\"en-US\"}]}<\/script>\n<!-- \/ Yoast SEO plugin. -->","yoast_head_json":{"title":"Conception orient\u00e9e mod\u00e8le de logiciels embarqu\u00e9s - ISTE Group","description":"Cet ouvrage d\u00e9crit l\u2019utilisation des principes de \u00ab conception orient\u00e9e mod\u00e8le \u00bb dans le domaine a\u00e9ronautique, et plus sp\u00e9cifiquement pour les drones civils (UAV :\u00a0Unmanned Aerial Vehicle).","robots":{"index":"index","follow":"follow","max-snippet":"max-snippet:-1","max-image-preview":"max-image-preview:large","max-video-preview":"max-video-preview:-1"},"canonical":"https:\/\/www.istegroup.com\/fr\/produit\/conception-orientee-modele-de-logiciels-embarques\/","og_locale":"en_US","og_type":"article","og_title":"Conception orient\u00e9e mod\u00e8le de logiciels embarqu\u00e9s - ISTE Group","og_description":"Cet ouvrage d\u00e9crit l\u2019utilisation des principes de \u00ab conception orient\u00e9e mod\u00e8le \u00bb dans le domaine a\u00e9ronautique, et plus sp\u00e9cifiquement pour les drones civils (UAV :\u00a0Unmanned Aerial Vehicle).","og_url":"https:\/\/www.istegroup.com\/fr\/produit\/conception-orientee-modele-de-logiciels-embarques\/","og_site_name":"ISTE Group","article_modified_time":"2024-01-03T13:42:19+00:00","og_image":[{"width":1702,"height":2560,"url":"https:\/\/www.istegroup.com\/wp-content\/uploads\/2018\/05\/Maxa_Front-scaled.jpg","type":"image\/jpeg"}],"twitter_card":"summary_large_image","twitter_misc":{"Est. reading time":"1 minute"},"schema":{"@context":"https:\/\/schema.org","@graph":[{"@type":"WebPage","@id":"https:\/\/www.istegroup.com\/fr\/produit\/conception-orientee-modele-de-logiciels-embarques\/","url":"https:\/\/www.istegroup.com\/fr\/produit\/conception-orientee-modele-de-logiciels-embarques\/","name":"Conception orient\u00e9e mod\u00e8le de logiciels embarqu\u00e9s - ISTE Group","isPartOf":{"@id":"https:\/\/www.istegroup.com\/#website"},"primaryImageOfPage":{"@id":"https:\/\/www.istegroup.com\/fr\/produit\/conception-orientee-modele-de-logiciels-embarques\/#primaryimage"},"image":{"@id":"https:\/\/www.istegroup.com\/fr\/produit\/conception-orientee-modele-de-logiciels-embarques\/#primaryimage"},"thumbnailUrl":"https:\/\/www.istegroup.com\/wp-content\/uploads\/2018\/05\/Maxa_Front-scaled.jpg","datePublished":"2018-05-22T08:43:02+00:00","dateModified":"2024-01-03T13:42:19+00:00","description":"Cet ouvrage d\u00e9crit l\u2019utilisation des principes de \u00ab conception orient\u00e9e mod\u00e8le \u00bb dans le domaine a\u00e9ronautique, et plus sp\u00e9cifiquement pour les drones civils (UAV :\u00a0Unmanned Aerial Vehicle).","breadcrumb":{"@id":"https:\/\/www.istegroup.com\/fr\/produit\/conception-orientee-modele-de-logiciels-embarques\/#breadcrumb"},"inLanguage":"en-US","potentialAction":[{"@type":"ReadAction","target":["https:\/\/www.istegroup.com\/fr\/produit\/conception-orientee-modele-de-logiciels-embarques\/"]}]},{"@type":"ImageObject","inLanguage":"en-US","@id":"https:\/\/www.istegroup.com\/fr\/produit\/conception-orientee-modele-de-logiciels-embarques\/#primaryimage","url":"https:\/\/www.istegroup.com\/wp-content\/uploads\/2018\/05\/Maxa_Front-scaled.jpg","contentUrl":"https:\/\/www.istegroup.com\/wp-content\/uploads\/2018\/05\/Maxa_Front-scaled.jpg","width":1702,"height":2560,"caption":"Application \u00e0 la communication dans le cadre d\u2019une flotte de drones"},{"@type":"BreadcrumbList","@id":"https:\/\/www.istegroup.com\/fr\/produit\/conception-orientee-modele-de-logiciels-embarques\/#breadcrumb","itemListElement":[{"@type":"ListItem","position":1,"name":"Home","item":"https:\/\/www.istegroup.com\/"},{"@type":"ListItem","position":2,"name":"Shop","item":"https:\/\/www.istegroup.com\/fr\/nouveautes\/"},{"@type":"ListItem","position":3,"name":"Conception orient\u00e9e mod\u00e8le de logiciels embarqu\u00e9s"}]},{"@type":"WebSite","@id":"https:\/\/www.istegroup.com\/#website","url":"https:\/\/www.istegroup.com\/","name":"ISTE Group","description":"Publishing Knowledge","potentialAction":[{"@type":"SearchAction","target":{"@type":"EntryPoint","urlTemplate":"https:\/\/www.istegroup.com\/?s={search_term_string}"},"query-input":{"@type":"PropertyValueSpecification","valueRequired":true,"valueName":"search_term_string"}}],"inLanguage":"en-US"}]}},"_links":{"self":[{"href":"https:\/\/www.istegroup.com\/en\/wp-json\/wp\/v2\/product\/12534","targetHints":{"allow":["GET"]}}],"collection":[{"href":"https:\/\/www.istegroup.com\/en\/wp-json\/wp\/v2\/product"}],"about":[{"href":"https:\/\/www.istegroup.com\/en\/wp-json\/wp\/v2\/types\/product"}],"wp:featuredmedia":[{"embeddable":true,"href":"https:\/\/www.istegroup.com\/en\/wp-json\/wp\/v2\/media\/12545"}],"wp:attachment":[{"href":"https:\/\/www.istegroup.com\/en\/wp-json\/wp\/v2\/media?parent=12534"}],"wp:term":[{"taxonomy":"product_brand","embeddable":true,"href":"https:\/\/www.istegroup.com\/en\/wp-json\/wp\/v2\/product_brand?post=12534"},{"taxonomy":"product_cat","embeddable":true,"href":"https:\/\/www.istegroup.com\/en\/wp-json\/wp\/v2\/product_cat?post=12534"},{"taxonomy":"product_tag","embeddable":true,"href":"https:\/\/www.istegroup.com\/en\/wp-json\/wp\/v2\/product_tag?post=12534"}],"curies":[{"name":"wp","href":"https:\/\/api.w.org\/{rel}","templated":true}]}}