{"id":12523,"date":"2018-05-22T10:14:25","date_gmt":"2018-05-22T08:14:25","guid":{"rendered":"https:\/\/iste.yhello.co\/?post_type=product&#038;p=12523"},"modified":"2024-01-03T13:42:18","modified_gmt":"2024-01-03T13:42:18","slug":"la-menace-interieure","status":"publish","type":"product","link":"https:\/\/www.istegroup.com\/en\/produit\/la-menace-interieure\/","title":{"rendered":"La menace int\u00e9rieure"},"content":{"rendered":"<p>La s\u00e9rie\u00a0<a href=\"https:\/\/www.istegroup.com\/fr\/series\/systemes-dinformation-avances\/\"><em>Syst\u00e8mes d\u2019information avanc\u00e9s<\/em><\/a>\u00a0approfondit les nouvelles formes du SI qui est devenu, avec le num\u00e9rique, le v\u00e9ritable syst\u00e8me nerveux de toute organisation.<\/p>\n<p>Depuis qu\u2019ils communiquent, les hommes ont mis en oeuvre des technologies pour supporter l\u2019\u00e9change d\u2019informations. Du r\u00e9seau de torches de l\u2019arm\u00e9e romaine \u00e0 l\u2019Internet en passant par l\u2019imprimerie et le t\u00e9l\u00e9graphe, ces technologies ont induit des menaces qui ont d\u00fb \u00eatre appr\u00e9hend\u00e9es pour assurer la s\u00e9curit\u00e9 des informations transmises.<\/p>\n<p>La s\u00e9curit\u00e9 des syst\u00e8mes d\u2019information est souvent regard\u00e9e au travers d\u2019un prisme se focalisant sur les technologies. Or, depuis toujours, une autre menace existe ind\u00e9pendamment des technologies.\u00a0<em>La menace int\u00e9rieure\u00a0<\/em>ambitionne de changer de paradigme et traite de la s\u00e9curit\u00e9 des syst\u00e8mes d\u2019information en consid\u00e9rant les individus comme des composants \u00e0 part enti\u00e8re. Tout comme n\u2019importe quel ordinateur ou technologie, ils peuvent constituer une menace int\u00e9rieure pour la s\u00e9curit\u00e9 du syst\u00e8me d\u2019information.<\/p>\n<p>Prenant appui sur la litt\u00e9rature acad\u00e9mique et sur des cas r\u00e9els, cet ouvrage expose des mod\u00e8les th\u00e9oriques, des situations pratiques et analyse ce qui peut faire de chacun d\u2019entre nous une menace int\u00e9rieure pour la s\u00e9curit\u00e9 des syst\u00e8mes d\u2019information.<\/p>\n","protected":false},"excerpt":{"rendered":"<p>La s\u00e9rie\u00a0Syst\u00e8mes d\u2019information avanc\u00e9s\u00a0approfondit les nouvelles formes du SI qui est devenu, avec le num\u00e9rique, le v\u00e9ritable syst\u00e8me nerveux de toute organisation. Depuis qu\u2019ils communiquent, les hommes ont mis en oeuvre des technologies pour supporter l\u2019\u00e9change d\u2019informations. Du r\u00e9seau de torches de l\u2019arm\u00e9e romaine \u00e0 l\u2019Internet en passant par l\u2019imprimerie et le t\u00e9l\u00e9graphe, ces technologies [&hellip;]<\/p>\n","protected":false},"featured_media":12527,"template":"","meta":{"_acf_changed":false,"_links_to":"","_links_to_target":""},"product_brand":[],"product_cat":[3262],"product_tag":[],"class_list":{"0":"post-12523","1":"product","2":"type-product","3":"status-publish","4":"has-post-thumbnail","6":"product_cat-non-classe","8":"first","9":"instock","10":"shipping-taxable","11":"purchasable","12":"product-type-variable"},"acf":[],"yoast_head":"<!-- This site is optimized with the Yoast SEO plugin v27.2 - https:\/\/yoast.com\/product\/yoast-seo-wordpress\/ -->\n<title>La menace int\u00e9rieure - ISTE Group<\/title>\n<meta name=\"description\" content=\"La menace int\u00e9rieure\u00a0ambitionne de changer de paradigme et traite de la s\u00e9curit\u00e9 des syst\u00e8mes d\u2019information en consid\u00e9rant les individus comme des composants \u00e0 part enti\u00e8re.\" \/>\n<meta name=\"robots\" content=\"index, follow, max-snippet:-1, max-image-preview:large, max-video-preview:-1\" \/>\n<link rel=\"canonical\" href=\"https:\/\/www.istegroup.com\/en\/produit\/la-menace-interieure\/\" \/>\n<meta property=\"og:locale\" content=\"en_US\" \/>\n<meta property=\"og:type\" content=\"article\" \/>\n<meta property=\"og:title\" content=\"La menace int\u00e9rieure - ISTE Group\" \/>\n<meta property=\"og:description\" content=\"La menace int\u00e9rieure\u00a0ambitionne de changer de paradigme et traite de la s\u00e9curit\u00e9 des syst\u00e8mes d\u2019information en consid\u00e9rant les individus comme des composants \u00e0 part enti\u00e8re.\" \/>\n<meta property=\"og:url\" content=\"https:\/\/www.istegroup.com\/en\/produit\/la-menace-interieure\/\" \/>\n<meta property=\"og:site_name\" content=\"ISTE Group\" \/>\n<meta property=\"article:modified_time\" content=\"2024-01-03T13:42:18+00:00\" \/>\n<meta property=\"og:image\" content=\"https:\/\/www.istegroup.com\/wp-content\/uploads\/2018\/05\/Arduin_front-scaled.jpg\" \/>\n\t<meta property=\"og:image:width\" content=\"1713\" \/>\n\t<meta property=\"og:image:height\" content=\"2560\" \/>\n\t<meta property=\"og:image:type\" content=\"image\/jpeg\" \/>\n<meta name=\"twitter:card\" content=\"summary_large_image\" \/>\n<meta name=\"twitter:label1\" content=\"Est. reading time\" \/>\n\t<meta name=\"twitter:data1\" content=\"1 minute\" \/>\n<script type=\"application\/ld+json\" class=\"yoast-schema-graph\">{\"@context\":\"https:\/\/schema.org\",\"@graph\":[{\"@type\":\"WebPage\",\"@id\":\"https:\/\/www.istegroup.com\/en\/produit\/la-menace-interieure\/\",\"url\":\"https:\/\/www.istegroup.com\/en\/produit\/la-menace-interieure\/\",\"name\":\"La menace int\u00e9rieure - ISTE Group\",\"isPartOf\":{\"@id\":\"https:\/\/www.istegroup.com\/#website\"},\"primaryImageOfPage\":{\"@id\":\"https:\/\/www.istegroup.com\/en\/produit\/la-menace-interieure\/#primaryimage\"},\"image\":{\"@id\":\"https:\/\/www.istegroup.com\/en\/produit\/la-menace-interieure\/#primaryimage\"},\"thumbnailUrl\":\"https:\/\/www.istegroup.com\/wp-content\/uploads\/2018\/05\/Arduin_front-scaled.jpg\",\"datePublished\":\"2018-05-22T08:14:25+00:00\",\"dateModified\":\"2024-01-03T13:42:18+00:00\",\"description\":\"La menace int\u00e9rieure\u00a0ambitionne de changer de paradigme et traite de la s\u00e9curit\u00e9 des syst\u00e8mes d\u2019information en consid\u00e9rant les individus comme des composants \u00e0 part enti\u00e8re.\",\"breadcrumb\":{\"@id\":\"https:\/\/www.istegroup.com\/en\/produit\/la-menace-interieure\/#breadcrumb\"},\"inLanguage\":\"en-US\",\"potentialAction\":[{\"@type\":\"ReadAction\",\"target\":[\"https:\/\/www.istegroup.com\/en\/produit\/la-menace-interieure\/\"]}]},{\"@type\":\"ImageObject\",\"inLanguage\":\"en-US\",\"@id\":\"https:\/\/www.istegroup.com\/en\/produit\/la-menace-interieure\/#primaryimage\",\"url\":\"https:\/\/www.istegroup.com\/wp-content\/uploads\/2018\/05\/Arduin_front-scaled.jpg\",\"contentUrl\":\"https:\/\/www.istegroup.com\/wp-content\/uploads\/2018\/05\/Arduin_front-scaled.jpg\",\"width\":1713,\"height\":2560,\"caption\":\"La menace int\u00e9rieure ISTE Group\"},{\"@type\":\"BreadcrumbList\",\"@id\":\"https:\/\/www.istegroup.com\/en\/produit\/la-menace-interieure\/#breadcrumb\",\"itemListElement\":[{\"@type\":\"ListItem\",\"position\":1,\"name\":\"Home\",\"item\":\"https:\/\/www.istegroup.com\/\"},{\"@type\":\"ListItem\",\"position\":2,\"name\":\"Shop\",\"item\":\"https:\/\/www.istegroup.com\/fr\/nouveautes\/\"},{\"@type\":\"ListItem\",\"position\":3,\"name\":\"La menace int\u00e9rieure\"}]},{\"@type\":\"WebSite\",\"@id\":\"https:\/\/www.istegroup.com\/#website\",\"url\":\"https:\/\/www.istegroup.com\/\",\"name\":\"ISTE Group\",\"description\":\"Publishing Knowledge\",\"potentialAction\":[{\"@type\":\"SearchAction\",\"target\":{\"@type\":\"EntryPoint\",\"urlTemplate\":\"https:\/\/www.istegroup.com\/?s={search_term_string}\"},\"query-input\":{\"@type\":\"PropertyValueSpecification\",\"valueRequired\":true,\"valueName\":\"search_term_string\"}}],\"inLanguage\":\"en-US\"}]}<\/script>\n<!-- \/ Yoast SEO plugin. -->","yoast_head_json":{"title":"La menace int\u00e9rieure - ISTE Group","description":"La menace int\u00e9rieure\u00a0ambitionne de changer de paradigme et traite de la s\u00e9curit\u00e9 des syst\u00e8mes d\u2019information en consid\u00e9rant les individus comme des composants \u00e0 part enti\u00e8re.","robots":{"index":"index","follow":"follow","max-snippet":"max-snippet:-1","max-image-preview":"max-image-preview:large","max-video-preview":"max-video-preview:-1"},"canonical":"https:\/\/www.istegroup.com\/en\/produit\/la-menace-interieure\/","og_locale":"en_US","og_type":"article","og_title":"La menace int\u00e9rieure - ISTE Group","og_description":"La menace int\u00e9rieure\u00a0ambitionne de changer de paradigme et traite de la s\u00e9curit\u00e9 des syst\u00e8mes d\u2019information en consid\u00e9rant les individus comme des composants \u00e0 part enti\u00e8re.","og_url":"https:\/\/www.istegroup.com\/en\/produit\/la-menace-interieure\/","og_site_name":"ISTE Group","article_modified_time":"2024-01-03T13:42:18+00:00","og_image":[{"width":1713,"height":2560,"url":"https:\/\/www.istegroup.com\/wp-content\/uploads\/2018\/05\/Arduin_front-scaled.jpg","type":"image\/jpeg"}],"twitter_card":"summary_large_image","twitter_misc":{"Est. reading time":"1 minute"},"schema":{"@context":"https:\/\/schema.org","@graph":[{"@type":"WebPage","@id":"https:\/\/www.istegroup.com\/en\/produit\/la-menace-interieure\/","url":"https:\/\/www.istegroup.com\/en\/produit\/la-menace-interieure\/","name":"La menace int\u00e9rieure - ISTE Group","isPartOf":{"@id":"https:\/\/www.istegroup.com\/#website"},"primaryImageOfPage":{"@id":"https:\/\/www.istegroup.com\/en\/produit\/la-menace-interieure\/#primaryimage"},"image":{"@id":"https:\/\/www.istegroup.com\/en\/produit\/la-menace-interieure\/#primaryimage"},"thumbnailUrl":"https:\/\/www.istegroup.com\/wp-content\/uploads\/2018\/05\/Arduin_front-scaled.jpg","datePublished":"2018-05-22T08:14:25+00:00","dateModified":"2024-01-03T13:42:18+00:00","description":"La menace int\u00e9rieure\u00a0ambitionne de changer de paradigme et traite de la s\u00e9curit\u00e9 des syst\u00e8mes d\u2019information en consid\u00e9rant les individus comme des composants \u00e0 part enti\u00e8re.","breadcrumb":{"@id":"https:\/\/www.istegroup.com\/en\/produit\/la-menace-interieure\/#breadcrumb"},"inLanguage":"en-US","potentialAction":[{"@type":"ReadAction","target":["https:\/\/www.istegroup.com\/en\/produit\/la-menace-interieure\/"]}]},{"@type":"ImageObject","inLanguage":"en-US","@id":"https:\/\/www.istegroup.com\/en\/produit\/la-menace-interieure\/#primaryimage","url":"https:\/\/www.istegroup.com\/wp-content\/uploads\/2018\/05\/Arduin_front-scaled.jpg","contentUrl":"https:\/\/www.istegroup.com\/wp-content\/uploads\/2018\/05\/Arduin_front-scaled.jpg","width":1713,"height":2560,"caption":"La menace int\u00e9rieure ISTE Group"},{"@type":"BreadcrumbList","@id":"https:\/\/www.istegroup.com\/en\/produit\/la-menace-interieure\/#breadcrumb","itemListElement":[{"@type":"ListItem","position":1,"name":"Home","item":"https:\/\/www.istegroup.com\/"},{"@type":"ListItem","position":2,"name":"Shop","item":"https:\/\/www.istegroup.com\/fr\/nouveautes\/"},{"@type":"ListItem","position":3,"name":"La menace int\u00e9rieure"}]},{"@type":"WebSite","@id":"https:\/\/www.istegroup.com\/#website","url":"https:\/\/www.istegroup.com\/","name":"ISTE Group","description":"Publishing Knowledge","potentialAction":[{"@type":"SearchAction","target":{"@type":"EntryPoint","urlTemplate":"https:\/\/www.istegroup.com\/?s={search_term_string}"},"query-input":{"@type":"PropertyValueSpecification","valueRequired":true,"valueName":"search_term_string"}}],"inLanguage":"en-US"}]}},"_links":{"self":[{"href":"https:\/\/www.istegroup.com\/en\/wp-json\/wp\/v2\/product\/12523","targetHints":{"allow":["GET"]}}],"collection":[{"href":"https:\/\/www.istegroup.com\/en\/wp-json\/wp\/v2\/product"}],"about":[{"href":"https:\/\/www.istegroup.com\/en\/wp-json\/wp\/v2\/types\/product"}],"wp:featuredmedia":[{"embeddable":true,"href":"https:\/\/www.istegroup.com\/en\/wp-json\/wp\/v2\/media\/12527"}],"wp:attachment":[{"href":"https:\/\/www.istegroup.com\/en\/wp-json\/wp\/v2\/media?parent=12523"}],"wp:term":[{"taxonomy":"product_brand","embeddable":true,"href":"https:\/\/www.istegroup.com\/en\/wp-json\/wp\/v2\/product_brand?post=12523"},{"taxonomy":"product_cat","embeddable":true,"href":"https:\/\/www.istegroup.com\/en\/wp-json\/wp\/v2\/product_cat?post=12523"},{"taxonomy":"product_tag","embeddable":true,"href":"https:\/\/www.istegroup.com\/en\/wp-json\/wp\/v2\/product_tag?post=12523"}],"curies":[{"name":"wp","href":"https:\/\/api.w.org\/{rel}","templated":true}]}}