{"id":12513,"date":"2018-05-22T10:07:18","date_gmt":"2018-05-22T08:07:18","guid":{"rendered":"https:\/\/iste.yhello.co\/?post_type=product&#038;p=12513"},"modified":"2024-01-03T13:42:18","modified_gmt":"2024-01-03T13:42:18","slug":"hyperconnectivite","status":"publish","type":"product","link":"https:\/\/www.istegroup.com\/en\/produit\/hyperconnectivite\/","title":{"rendered":"Hyperconnectivit\u00e9"},"content":{"rendered":"<p>Par ses approches socio-historique, socio-\u00e9conomique et socio-politique, la s\u00e9rie\u00a0<em>Informatique et soci\u00e9t\u00e9 connect\u00e9es\u00a0<\/em>offre une r\u00e9flexion critique sur l\u2019omnipr\u00e9sence de l\u2019informatique dans la soci\u00e9t\u00e9 et sur les enjeux qu\u2019elle suscite \u00e0 travers les questions relatives \u00e0 la cybersurveillance, aux libert\u00e9s individuelles et collectives, \u00e0 l\u2019impact environ-nemental et \u00e0 l\u2019hyperconnectivit\u00e9.<\/p>\n<p>\u00c0 chaque instant, les usagers des r\u00e9seaux doivent faire des choix, entre acceptation et subordination pour acc\u00e9der aux nouveaux services en ligne, en contrepartie d\u2019un tra\u00e7age de leurs donn\u00e9es. Ces usagers sont tout \u00e0 la fois r\u00e9cepteurs et contributeurs, et leurs usages s\u2019inscrivent dans un renoncement n\u00e9goci\u00e9.<\/p>\n<p>L\u2019analyse d&#8217;une acceptabilit\u00e9 sociale de l&#8217;exploitation des donn\u00e9es et des pratiques relationnelles sur les r\u00e9seaux num\u00e9riques r\u00e9v\u00e8le leur caract\u00e8re de plus en plus insoutenable, car ces m\u00e9canismes sont loin d\u2019\u00eatre virtuels et ont des cons\u00e9quences tr\u00e8s mat\u00e9rielles qui ont une incidence sur la production des gaz \u00e0 effet de serre, source de r\u00e9chauffement-d\u00e9r\u00e8glement climatique.<\/p>\n<p>Ce troisi\u00e8me volume de la s\u00e9rie \u00ab <a href=\"https:\/\/www.istegroup.com\/fr\/series\/informatique-et-societe-connectees\/\">Informatique et soci\u00e9t\u00e9 connect\u00e9es<\/a> \u00bb aborde l\u2019hyperconnectivit\u00e9 engendr\u00e9e par l\u2019industrialisation des services num\u00e9riques sur les r\u00e9seaux qui s\u2019appuie sur un mod\u00e8le socio\u00e9conomique fond\u00e9 sur la gratuit\u00e9 ou des tarifs bas, des pratiques communicationnelles, et par des sollicitations incessantes.<\/p>\n","protected":false},"excerpt":{"rendered":"<p>Par ses approches socio-historique, socio-\u00e9conomique et socio-politique, la s\u00e9rie\u00a0Informatique et soci\u00e9t\u00e9 connect\u00e9es\u00a0offre une r\u00e9flexion critique sur l\u2019omnipr\u00e9sence de l\u2019informatique dans la soci\u00e9t\u00e9 et sur les enjeux qu\u2019elle suscite \u00e0 travers les questions relatives \u00e0 la cybersurveillance, aux libert\u00e9s individuelles et collectives, \u00e0 l\u2019impact environ-nemental et \u00e0 l\u2019hyperconnectivit\u00e9. \u00c0 chaque instant, les usagers des r\u00e9seaux doivent [&hellip;]<\/p>\n","protected":false},"featured_media":12522,"template":"","meta":{"_acf_changed":false,"_links_to":"","_links_to_target":""},"product_brand":[],"product_cat":[3262],"product_tag":[],"class_list":{"0":"post-12513","1":"product","2":"type-product","3":"status-publish","4":"has-post-thumbnail","6":"product_cat-non-classe","8":"first","9":"instock","10":"shipping-taxable","11":"purchasable","12":"product-type-variable"},"acf":[],"yoast_head":"<!-- This site is optimized with the Yoast SEO plugin v27.2 - https:\/\/yoast.com\/product\/yoast-seo-wordpress\/ -->\n<title>Hyperconnectivit\u00e9 - ISTE Group<\/title>\n<meta name=\"description\" content=\"Ce troisi\u00e8me volume de la s\u00e9rie \u00ab Informatique et soci\u00e9t\u00e9 connect\u00e9es \u00bb aborde l\u2019hyperconnectivit\u00e9 engendr\u00e9e par l\u2019industrialisation des services num\u00e9riques sur les r\u00e9seaux qui s\u2019appuie sur un mod\u00e8le socio\u00e9conomique fond\u00e9 sur la gratuit\u00e9 ou des tarifs bas, des pratiques communicationnelles, et par des sollicitations incessantes.\" \/>\n<meta name=\"robots\" content=\"index, follow, max-snippet:-1, max-image-preview:large, max-video-preview:-1\" \/>\n<link rel=\"canonical\" href=\"https:\/\/www.istegroup.com\/en\/produit\/hyperconnectivite\/\" \/>\n<meta property=\"og:locale\" content=\"en_US\" \/>\n<meta property=\"og:type\" content=\"article\" \/>\n<meta property=\"og:title\" content=\"Hyperconnectivit\u00e9 - ISTE Group\" \/>\n<meta property=\"og:description\" content=\"Ce troisi\u00e8me volume de la s\u00e9rie \u00ab Informatique et soci\u00e9t\u00e9 connect\u00e9es \u00bb aborde l\u2019hyperconnectivit\u00e9 engendr\u00e9e par l\u2019industrialisation des services num\u00e9riques sur les r\u00e9seaux qui s\u2019appuie sur un mod\u00e8le socio\u00e9conomique fond\u00e9 sur la gratuit\u00e9 ou des tarifs bas, des pratiques communicationnelles, et par des sollicitations incessantes.\" \/>\n<meta property=\"og:url\" content=\"https:\/\/www.istegroup.com\/en\/produit\/hyperconnectivite\/\" \/>\n<meta property=\"og:site_name\" content=\"ISTE Group\" \/>\n<meta property=\"article:modified_time\" content=\"2024-01-03T13:42:18+00:00\" \/>\n<meta property=\"og:image\" content=\"https:\/\/www.istegroup.com\/wp-content\/uploads\/2018\/05\/Carre_Front-scaled.jpg\" \/>\n\t<meta property=\"og:image:width\" content=\"1690\" \/>\n\t<meta property=\"og:image:height\" content=\"2560\" \/>\n\t<meta property=\"og:image:type\" content=\"image\/jpeg\" \/>\n<meta name=\"twitter:card\" content=\"summary_large_image\" \/>\n<meta name=\"twitter:label1\" content=\"Est. reading time\" \/>\n\t<meta name=\"twitter:data1\" content=\"1 minute\" \/>\n<script type=\"application\/ld+json\" class=\"yoast-schema-graph\">{\"@context\":\"https:\/\/schema.org\",\"@graph\":[{\"@type\":\"WebPage\",\"@id\":\"https:\/\/www.istegroup.com\/en\/produit\/hyperconnectivite\/\",\"url\":\"https:\/\/www.istegroup.com\/en\/produit\/hyperconnectivite\/\",\"name\":\"Hyperconnectivit\u00e9 - ISTE Group\",\"isPartOf\":{\"@id\":\"https:\/\/www.istegroup.com\/#website\"},\"primaryImageOfPage\":{\"@id\":\"https:\/\/www.istegroup.com\/en\/produit\/hyperconnectivite\/#primaryimage\"},\"image\":{\"@id\":\"https:\/\/www.istegroup.com\/en\/produit\/hyperconnectivite\/#primaryimage\"},\"thumbnailUrl\":\"https:\/\/www.istegroup.com\/wp-content\/uploads\/2018\/05\/Carre_Front-scaled.jpg\",\"datePublished\":\"2018-05-22T08:07:18+00:00\",\"dateModified\":\"2024-01-03T13:42:18+00:00\",\"description\":\"Ce troisi\u00e8me volume de la s\u00e9rie \u00ab Informatique et soci\u00e9t\u00e9 connect\u00e9es \u00bb aborde l\u2019hyperconnectivit\u00e9 engendr\u00e9e par l\u2019industrialisation des services num\u00e9riques sur les r\u00e9seaux qui s\u2019appuie sur un mod\u00e8le socio\u00e9conomique fond\u00e9 sur la gratuit\u00e9 ou des tarifs bas, des pratiques communicationnelles, et par des sollicitations incessantes.\",\"breadcrumb\":{\"@id\":\"https:\/\/www.istegroup.com\/en\/produit\/hyperconnectivite\/#breadcrumb\"},\"inLanguage\":\"en-US\",\"potentialAction\":[{\"@type\":\"ReadAction\",\"target\":[\"https:\/\/www.istegroup.com\/en\/produit\/hyperconnectivite\/\"]}]},{\"@type\":\"ImageObject\",\"inLanguage\":\"en-US\",\"@id\":\"https:\/\/www.istegroup.com\/en\/produit\/hyperconnectivite\/#primaryimage\",\"url\":\"https:\/\/www.istegroup.com\/wp-content\/uploads\/2018\/05\/Carre_Front-scaled.jpg\",\"contentUrl\":\"https:\/\/www.istegroup.com\/wp-content\/uploads\/2018\/05\/Carre_Front-scaled.jpg\",\"width\":1690,\"height\":2560,\"caption\":\"Enjeux \u00e9conomiques, sociaux et environnementaux\"},{\"@type\":\"BreadcrumbList\",\"@id\":\"https:\/\/www.istegroup.com\/en\/produit\/hyperconnectivite\/#breadcrumb\",\"itemListElement\":[{\"@type\":\"ListItem\",\"position\":1,\"name\":\"Home\",\"item\":\"https:\/\/www.istegroup.com\/\"},{\"@type\":\"ListItem\",\"position\":2,\"name\":\"Shop\",\"item\":\"https:\/\/www.istegroup.com\/fr\/nouveautes\/\"},{\"@type\":\"ListItem\",\"position\":3,\"name\":\"Hyperconnectivit\u00e9\"}]},{\"@type\":\"WebSite\",\"@id\":\"https:\/\/www.istegroup.com\/#website\",\"url\":\"https:\/\/www.istegroup.com\/\",\"name\":\"ISTE Group\",\"description\":\"Publishing Knowledge\",\"potentialAction\":[{\"@type\":\"SearchAction\",\"target\":{\"@type\":\"EntryPoint\",\"urlTemplate\":\"https:\/\/www.istegroup.com\/?s={search_term_string}\"},\"query-input\":{\"@type\":\"PropertyValueSpecification\",\"valueRequired\":true,\"valueName\":\"search_term_string\"}}],\"inLanguage\":\"en-US\"}]}<\/script>\n<!-- \/ Yoast SEO plugin. -->","yoast_head_json":{"title":"Hyperconnectivit\u00e9 - ISTE Group","description":"Ce troisi\u00e8me volume de la s\u00e9rie \u00ab Informatique et soci\u00e9t\u00e9 connect\u00e9es \u00bb aborde l\u2019hyperconnectivit\u00e9 engendr\u00e9e par l\u2019industrialisation des services num\u00e9riques sur les r\u00e9seaux qui s\u2019appuie sur un mod\u00e8le socio\u00e9conomique fond\u00e9 sur la gratuit\u00e9 ou des tarifs bas, des pratiques communicationnelles, et par des sollicitations incessantes.","robots":{"index":"index","follow":"follow","max-snippet":"max-snippet:-1","max-image-preview":"max-image-preview:large","max-video-preview":"max-video-preview:-1"},"canonical":"https:\/\/www.istegroup.com\/en\/produit\/hyperconnectivite\/","og_locale":"en_US","og_type":"article","og_title":"Hyperconnectivit\u00e9 - ISTE Group","og_description":"Ce troisi\u00e8me volume de la s\u00e9rie \u00ab Informatique et soci\u00e9t\u00e9 connect\u00e9es \u00bb aborde l\u2019hyperconnectivit\u00e9 engendr\u00e9e par l\u2019industrialisation des services num\u00e9riques sur les r\u00e9seaux qui s\u2019appuie sur un mod\u00e8le socio\u00e9conomique fond\u00e9 sur la gratuit\u00e9 ou des tarifs bas, des pratiques communicationnelles, et par des sollicitations incessantes.","og_url":"https:\/\/www.istegroup.com\/en\/produit\/hyperconnectivite\/","og_site_name":"ISTE Group","article_modified_time":"2024-01-03T13:42:18+00:00","og_image":[{"width":1690,"height":2560,"url":"https:\/\/www.istegroup.com\/wp-content\/uploads\/2018\/05\/Carre_Front-scaled.jpg","type":"image\/jpeg"}],"twitter_card":"summary_large_image","twitter_misc":{"Est. reading time":"1 minute"},"schema":{"@context":"https:\/\/schema.org","@graph":[{"@type":"WebPage","@id":"https:\/\/www.istegroup.com\/en\/produit\/hyperconnectivite\/","url":"https:\/\/www.istegroup.com\/en\/produit\/hyperconnectivite\/","name":"Hyperconnectivit\u00e9 - ISTE Group","isPartOf":{"@id":"https:\/\/www.istegroup.com\/#website"},"primaryImageOfPage":{"@id":"https:\/\/www.istegroup.com\/en\/produit\/hyperconnectivite\/#primaryimage"},"image":{"@id":"https:\/\/www.istegroup.com\/en\/produit\/hyperconnectivite\/#primaryimage"},"thumbnailUrl":"https:\/\/www.istegroup.com\/wp-content\/uploads\/2018\/05\/Carre_Front-scaled.jpg","datePublished":"2018-05-22T08:07:18+00:00","dateModified":"2024-01-03T13:42:18+00:00","description":"Ce troisi\u00e8me volume de la s\u00e9rie \u00ab Informatique et soci\u00e9t\u00e9 connect\u00e9es \u00bb aborde l\u2019hyperconnectivit\u00e9 engendr\u00e9e par l\u2019industrialisation des services num\u00e9riques sur les r\u00e9seaux qui s\u2019appuie sur un mod\u00e8le socio\u00e9conomique fond\u00e9 sur la gratuit\u00e9 ou des tarifs bas, des pratiques communicationnelles, et par des sollicitations incessantes.","breadcrumb":{"@id":"https:\/\/www.istegroup.com\/en\/produit\/hyperconnectivite\/#breadcrumb"},"inLanguage":"en-US","potentialAction":[{"@type":"ReadAction","target":["https:\/\/www.istegroup.com\/en\/produit\/hyperconnectivite\/"]}]},{"@type":"ImageObject","inLanguage":"en-US","@id":"https:\/\/www.istegroup.com\/en\/produit\/hyperconnectivite\/#primaryimage","url":"https:\/\/www.istegroup.com\/wp-content\/uploads\/2018\/05\/Carre_Front-scaled.jpg","contentUrl":"https:\/\/www.istegroup.com\/wp-content\/uploads\/2018\/05\/Carre_Front-scaled.jpg","width":1690,"height":2560,"caption":"Enjeux \u00e9conomiques, sociaux et environnementaux"},{"@type":"BreadcrumbList","@id":"https:\/\/www.istegroup.com\/en\/produit\/hyperconnectivite\/#breadcrumb","itemListElement":[{"@type":"ListItem","position":1,"name":"Home","item":"https:\/\/www.istegroup.com\/"},{"@type":"ListItem","position":2,"name":"Shop","item":"https:\/\/www.istegroup.com\/fr\/nouveautes\/"},{"@type":"ListItem","position":3,"name":"Hyperconnectivit\u00e9"}]},{"@type":"WebSite","@id":"https:\/\/www.istegroup.com\/#website","url":"https:\/\/www.istegroup.com\/","name":"ISTE Group","description":"Publishing Knowledge","potentialAction":[{"@type":"SearchAction","target":{"@type":"EntryPoint","urlTemplate":"https:\/\/www.istegroup.com\/?s={search_term_string}"},"query-input":{"@type":"PropertyValueSpecification","valueRequired":true,"valueName":"search_term_string"}}],"inLanguage":"en-US"}]}},"_links":{"self":[{"href":"https:\/\/www.istegroup.com\/en\/wp-json\/wp\/v2\/product\/12513","targetHints":{"allow":["GET"]}}],"collection":[{"href":"https:\/\/www.istegroup.com\/en\/wp-json\/wp\/v2\/product"}],"about":[{"href":"https:\/\/www.istegroup.com\/en\/wp-json\/wp\/v2\/types\/product"}],"wp:featuredmedia":[{"embeddable":true,"href":"https:\/\/www.istegroup.com\/en\/wp-json\/wp\/v2\/media\/12522"}],"wp:attachment":[{"href":"https:\/\/www.istegroup.com\/en\/wp-json\/wp\/v2\/media?parent=12513"}],"wp:term":[{"taxonomy":"product_brand","embeddable":true,"href":"https:\/\/www.istegroup.com\/en\/wp-json\/wp\/v2\/product_brand?post=12513"},{"taxonomy":"product_cat","embeddable":true,"href":"https:\/\/www.istegroup.com\/en\/wp-json\/wp\/v2\/product_cat?post=12513"},{"taxonomy":"product_tag","embeddable":true,"href":"https:\/\/www.istegroup.com\/en\/wp-json\/wp\/v2\/product_tag?post=12513"}],"curies":[{"name":"wp","href":"https:\/\/api.w.org\/{rel}","templated":true}]}}