{"id":12158,"date":"2018-05-03T17:31:09","date_gmt":"2018-05-03T15:31:09","guid":{"rendered":"https:\/\/iste.yhello.co\/?post_type=product&#038;p=12158"},"modified":"2024-01-03T13:42:14","modified_gmt":"2024-01-03T13:42:14","slug":"societe-5-0","status":"publish","type":"product","link":"https:\/\/www.istegroup.com\/en\/produit\/societe-5-0\/","title":{"rendered":"Soci\u00e9t\u00e9 5.0"},"content":{"rendered":"<p>La soci\u00e9t\u00e9 5.0 est une mutation sociale importante. Elle fait suite \u00e0 la naissance de technologies qui sont devenues matures et ont \u00e9t\u00e9 diffus\u00e9es dans des temps records. Ainsi, en 1998, Kodak, leader mondial du film, avait 170 000 employ\u00e9s. Il paraissait alors impensable que 3 ans plus tard, la majorit\u00e9 des gens ne prendrait plus jamais d\u2019images sur du papier film et que Kodak aurait disparu. Tels sont les enjeux de cette nouvelle soci\u00e9t\u00e9 qui se dessine.<\/p>\n<p>Cet ouvrage, qui ne se veut pas un antimanuel de politique, de management ou de marketing de la technologie, cherche \u00e0 la fois \u00e0 lutter contre les exc\u00e8s de cette soci\u00e9t\u00e9 5.0 souvent mal comprise, et \u00e0 faire le pari de pr\u00e9senter les id\u00e9es qui la composent, ainsi que les technologies associ\u00e9es, toutes oeuvrant pour l\u2019am\u00e9lioration soci\u00e9tale. Parmi ces technologies, l\u2019intelligence artificielle, la robotique, les plateformes num\u00e9riques et l\u2019impression 3D sont assur\u00e9ment les plus importantes.<\/p>\n<p>&nbsp;<\/p>\n<p><strong>La presse en parle<\/strong><\/p>\n<p>L\u2019auteur capestanais, Bruno Salgues, propose sous le titre \u201cSoci\u00e9t\u00e9 5.0\u201d, son nouvel ouvrage sur l\u2019industrie du futur et ses cons\u00e9quences soci\u00e9tales (&#8230;)<\/p>\n<p><a style=\"color: #1e9691\" href=\"https:\/\/www.midilibre.fr\/2018\/05\/19\/bruno-salgues-presente-societe-5-0,4031130.php\"><em>Midi Libre, <\/em><em>19 mai 2018<\/em><\/a><\/p>\n","protected":false},"excerpt":{"rendered":"<p>La soci\u00e9t\u00e9 5.0 est une mutation sociale importante. Elle fait suite \u00e0 la naissance de technologies qui sont devenues matures et ont \u00e9t\u00e9 diffus\u00e9es dans des temps records. Ainsi, en 1998, Kodak, leader mondial du film, avait 170 000 employ\u00e9s. Il paraissait alors impensable que 3 ans plus tard, la majorit\u00e9 des gens ne prendrait [&hellip;]<\/p>\n","protected":false},"featured_media":12164,"template":"","meta":{"_acf_changed":false,"_links_to":"","_links_to_target":""},"product_brand":[],"product_cat":[3262],"product_tag":[],"class_list":{"0":"post-12158","1":"product","2":"type-product","3":"status-publish","4":"has-post-thumbnail","6":"product_cat-non-classe","8":"first","9":"instock","10":"shipping-taxable","11":"purchasable","12":"product-type-variable"},"acf":[],"yoast_head":"<!-- This site is optimized with the Yoast SEO plugin v27.2 - https:\/\/yoast.com\/product\/yoast-seo-wordpress\/ -->\n<title>Soci\u00e9t\u00e9 5.0 - ISTE Group<\/title>\n<meta name=\"description\" content=\"Cet ouvrage cherche \u00e0 la fois \u00e0 lutter contre les exc\u00e8s de cette soci\u00e9t\u00e9 5.0 souvent mal comprise, et \u00e0 faire le pari de pr\u00e9senter les id\u00e9es qui la composent, ainsi que les technologies associ\u00e9es, toutes oeuvrant pour l\u2019am\u00e9lioration soci\u00e9tale.\" \/>\n<meta name=\"robots\" content=\"index, follow, max-snippet:-1, max-image-preview:large, max-video-preview:-1\" \/>\n<link rel=\"canonical\" href=\"https:\/\/www.istegroup.com\/en\/produit\/societe-5-0\/\" \/>\n<meta property=\"og:locale\" content=\"en_US\" \/>\n<meta property=\"og:type\" content=\"article\" \/>\n<meta property=\"og:title\" content=\"Soci\u00e9t\u00e9 5.0 - ISTE Group\" \/>\n<meta property=\"og:description\" content=\"Cet ouvrage cherche \u00e0 la fois \u00e0 lutter contre les exc\u00e8s de cette soci\u00e9t\u00e9 5.0 souvent mal comprise, et \u00e0 faire le pari de pr\u00e9senter les id\u00e9es qui la composent, ainsi que les technologies associ\u00e9es, toutes oeuvrant pour l\u2019am\u00e9lioration soci\u00e9tale.\" \/>\n<meta property=\"og:url\" content=\"https:\/\/www.istegroup.com\/en\/produit\/societe-5-0\/\" \/>\n<meta property=\"og:site_name\" content=\"ISTE Group\" \/>\n<meta property=\"article:modified_time\" content=\"2024-01-03T13:42:14+00:00\" \/>\n<meta property=\"og:image\" content=\"https:\/\/www.istegroup.com\/wp-content\/uploads\/2018\/05\/Salgues-Front-scaled.jpg\" \/>\n\t<meta property=\"og:image:width\" content=\"1703\" \/>\n\t<meta property=\"og:image:height\" content=\"2560\" \/>\n\t<meta property=\"og:image:type\" content=\"image\/jpeg\" \/>\n<meta name=\"twitter:card\" content=\"summary_large_image\" \/>\n<meta name=\"twitter:label1\" content=\"Est. reading time\" \/>\n\t<meta name=\"twitter:data1\" content=\"1 minute\" \/>\n<script type=\"application\/ld+json\" class=\"yoast-schema-graph\">{\"@context\":\"https:\/\/schema.org\",\"@graph\":[{\"@type\":\"WebPage\",\"@id\":\"https:\/\/www.istegroup.com\/en\/produit\/societe-5-0\/\",\"url\":\"https:\/\/www.istegroup.com\/en\/produit\/societe-5-0\/\",\"name\":\"Soci\u00e9t\u00e9 5.0 - ISTE Group\",\"isPartOf\":{\"@id\":\"https:\/\/www.istegroup.com\/#website\"},\"primaryImageOfPage\":{\"@id\":\"https:\/\/www.istegroup.com\/en\/produit\/societe-5-0\/#primaryimage\"},\"image\":{\"@id\":\"https:\/\/www.istegroup.com\/en\/produit\/societe-5-0\/#primaryimage\"},\"thumbnailUrl\":\"https:\/\/www.istegroup.com\/wp-content\/uploads\/2018\/05\/Salgues-Front-scaled.jpg\",\"datePublished\":\"2018-05-03T15:31:09+00:00\",\"dateModified\":\"2024-01-03T13:42:14+00:00\",\"description\":\"Cet ouvrage cherche \u00e0 la fois \u00e0 lutter contre les exc\u00e8s de cette soci\u00e9t\u00e9 5.0 souvent mal comprise, et \u00e0 faire le pari de pr\u00e9senter les id\u00e9es qui la composent, ainsi que les technologies associ\u00e9es, toutes oeuvrant pour l\u2019am\u00e9lioration soci\u00e9tale.\",\"breadcrumb\":{\"@id\":\"https:\/\/www.istegroup.com\/en\/produit\/societe-5-0\/#breadcrumb\"},\"inLanguage\":\"en-US\",\"potentialAction\":[{\"@type\":\"ReadAction\",\"target\":[\"https:\/\/www.istegroup.com\/en\/produit\/societe-5-0\/\"]}]},{\"@type\":\"ImageObject\",\"inLanguage\":\"en-US\",\"@id\":\"https:\/\/www.istegroup.com\/en\/produit\/societe-5-0\/#primaryimage\",\"url\":\"https:\/\/www.istegroup.com\/wp-content\/uploads\/2018\/05\/Salgues-Front-scaled.jpg\",\"contentUrl\":\"https:\/\/www.istegroup.com\/wp-content\/uploads\/2018\/05\/Salgues-Front-scaled.jpg\",\"width\":1703,\"height\":2560,\"caption\":\"Industrie du futur, technologies, m\u00e9thodes et outils\"},{\"@type\":\"BreadcrumbList\",\"@id\":\"https:\/\/www.istegroup.com\/en\/produit\/societe-5-0\/#breadcrumb\",\"itemListElement\":[{\"@type\":\"ListItem\",\"position\":1,\"name\":\"Home\",\"item\":\"https:\/\/www.istegroup.com\/\"},{\"@type\":\"ListItem\",\"position\":2,\"name\":\"Shop\",\"item\":\"https:\/\/www.istegroup.com\/fr\/nouveautes\/\"},{\"@type\":\"ListItem\",\"position\":3,\"name\":\"Soci\u00e9t\u00e9 5.0\"}]},{\"@type\":\"WebSite\",\"@id\":\"https:\/\/www.istegroup.com\/#website\",\"url\":\"https:\/\/www.istegroup.com\/\",\"name\":\"ISTE Group\",\"description\":\"Publishing Knowledge\",\"potentialAction\":[{\"@type\":\"SearchAction\",\"target\":{\"@type\":\"EntryPoint\",\"urlTemplate\":\"https:\/\/www.istegroup.com\/?s={search_term_string}\"},\"query-input\":{\"@type\":\"PropertyValueSpecification\",\"valueRequired\":true,\"valueName\":\"search_term_string\"}}],\"inLanguage\":\"en-US\"}]}<\/script>\n<!-- \/ Yoast SEO plugin. -->","yoast_head_json":{"title":"Soci\u00e9t\u00e9 5.0 - ISTE Group","description":"Cet ouvrage cherche \u00e0 la fois \u00e0 lutter contre les exc\u00e8s de cette soci\u00e9t\u00e9 5.0 souvent mal comprise, et \u00e0 faire le pari de pr\u00e9senter les id\u00e9es qui la composent, ainsi que les technologies associ\u00e9es, toutes oeuvrant pour l\u2019am\u00e9lioration soci\u00e9tale.","robots":{"index":"index","follow":"follow","max-snippet":"max-snippet:-1","max-image-preview":"max-image-preview:large","max-video-preview":"max-video-preview:-1"},"canonical":"https:\/\/www.istegroup.com\/en\/produit\/societe-5-0\/","og_locale":"en_US","og_type":"article","og_title":"Soci\u00e9t\u00e9 5.0 - ISTE Group","og_description":"Cet ouvrage cherche \u00e0 la fois \u00e0 lutter contre les exc\u00e8s de cette soci\u00e9t\u00e9 5.0 souvent mal comprise, et \u00e0 faire le pari de pr\u00e9senter les id\u00e9es qui la composent, ainsi que les technologies associ\u00e9es, toutes oeuvrant pour l\u2019am\u00e9lioration soci\u00e9tale.","og_url":"https:\/\/www.istegroup.com\/en\/produit\/societe-5-0\/","og_site_name":"ISTE Group","article_modified_time":"2024-01-03T13:42:14+00:00","og_image":[{"width":1703,"height":2560,"url":"https:\/\/www.istegroup.com\/wp-content\/uploads\/2018\/05\/Salgues-Front-scaled.jpg","type":"image\/jpeg"}],"twitter_card":"summary_large_image","twitter_misc":{"Est. reading time":"1 minute"},"schema":{"@context":"https:\/\/schema.org","@graph":[{"@type":"WebPage","@id":"https:\/\/www.istegroup.com\/en\/produit\/societe-5-0\/","url":"https:\/\/www.istegroup.com\/en\/produit\/societe-5-0\/","name":"Soci\u00e9t\u00e9 5.0 - ISTE Group","isPartOf":{"@id":"https:\/\/www.istegroup.com\/#website"},"primaryImageOfPage":{"@id":"https:\/\/www.istegroup.com\/en\/produit\/societe-5-0\/#primaryimage"},"image":{"@id":"https:\/\/www.istegroup.com\/en\/produit\/societe-5-0\/#primaryimage"},"thumbnailUrl":"https:\/\/www.istegroup.com\/wp-content\/uploads\/2018\/05\/Salgues-Front-scaled.jpg","datePublished":"2018-05-03T15:31:09+00:00","dateModified":"2024-01-03T13:42:14+00:00","description":"Cet ouvrage cherche \u00e0 la fois \u00e0 lutter contre les exc\u00e8s de cette soci\u00e9t\u00e9 5.0 souvent mal comprise, et \u00e0 faire le pari de pr\u00e9senter les id\u00e9es qui la composent, ainsi que les technologies associ\u00e9es, toutes oeuvrant pour l\u2019am\u00e9lioration soci\u00e9tale.","breadcrumb":{"@id":"https:\/\/www.istegroup.com\/en\/produit\/societe-5-0\/#breadcrumb"},"inLanguage":"en-US","potentialAction":[{"@type":"ReadAction","target":["https:\/\/www.istegroup.com\/en\/produit\/societe-5-0\/"]}]},{"@type":"ImageObject","inLanguage":"en-US","@id":"https:\/\/www.istegroup.com\/en\/produit\/societe-5-0\/#primaryimage","url":"https:\/\/www.istegroup.com\/wp-content\/uploads\/2018\/05\/Salgues-Front-scaled.jpg","contentUrl":"https:\/\/www.istegroup.com\/wp-content\/uploads\/2018\/05\/Salgues-Front-scaled.jpg","width":1703,"height":2560,"caption":"Industrie du futur, technologies, m\u00e9thodes et outils"},{"@type":"BreadcrumbList","@id":"https:\/\/www.istegroup.com\/en\/produit\/societe-5-0\/#breadcrumb","itemListElement":[{"@type":"ListItem","position":1,"name":"Home","item":"https:\/\/www.istegroup.com\/"},{"@type":"ListItem","position":2,"name":"Shop","item":"https:\/\/www.istegroup.com\/fr\/nouveautes\/"},{"@type":"ListItem","position":3,"name":"Soci\u00e9t\u00e9 5.0"}]},{"@type":"WebSite","@id":"https:\/\/www.istegroup.com\/#website","url":"https:\/\/www.istegroup.com\/","name":"ISTE Group","description":"Publishing Knowledge","potentialAction":[{"@type":"SearchAction","target":{"@type":"EntryPoint","urlTemplate":"https:\/\/www.istegroup.com\/?s={search_term_string}"},"query-input":{"@type":"PropertyValueSpecification","valueRequired":true,"valueName":"search_term_string"}}],"inLanguage":"en-US"}]}},"_links":{"self":[{"href":"https:\/\/www.istegroup.com\/en\/wp-json\/wp\/v2\/product\/12158","targetHints":{"allow":["GET"]}}],"collection":[{"href":"https:\/\/www.istegroup.com\/en\/wp-json\/wp\/v2\/product"}],"about":[{"href":"https:\/\/www.istegroup.com\/en\/wp-json\/wp\/v2\/types\/product"}],"wp:featuredmedia":[{"embeddable":true,"href":"https:\/\/www.istegroup.com\/en\/wp-json\/wp\/v2\/media\/12164"}],"wp:attachment":[{"href":"https:\/\/www.istegroup.com\/en\/wp-json\/wp\/v2\/media?parent=12158"}],"wp:term":[{"taxonomy":"product_brand","embeddable":true,"href":"https:\/\/www.istegroup.com\/en\/wp-json\/wp\/v2\/product_brand?post=12158"},{"taxonomy":"product_cat","embeddable":true,"href":"https:\/\/www.istegroup.com\/en\/wp-json\/wp\/v2\/product_cat?post=12158"},{"taxonomy":"product_tag","embeddable":true,"href":"https:\/\/www.istegroup.com\/en\/wp-json\/wp\/v2\/product_tag?post=12158"}],"curies":[{"name":"wp","href":"https:\/\/api.w.org\/{rel}","templated":true}]}}