{"id":12001,"date":"2018-04-17T15:21:17","date_gmt":"2018-04-17T13:21:17","guid":{"rendered":"https:\/\/iste.yhello.co\/?post_type=product&#038;p=12001"},"modified":"2024-07-10T12:12:33","modified_gmt":"2024-07-10T11:12:33","slug":"geophysique-appliquee-pour-tous-1","status":"publish","type":"product","link":"https:\/\/www.istegroup.com\/en\/produit\/geophysique-appliquee-pour-tous-1\/","title":{"rendered":"G\u00e9ophysique appliqu\u00e9e pour tous 1"},"content":{"rendered":"<p>Rendre le sol transparent. Tel est le programme de la g\u00e9ophysique appliqu\u00e9e, qui se propose de caract\u00e9riser la g\u00e9om\u00e9trie du proche sous-sol. Car si nos yeux, si aptes \u00e0 regarder les lointaines \u00e9toiles, sont incapables de traverser la surface du sol, les courants \u00e9lectriques parcourent facilement les mat\u00e9riaux terrestres.<\/p>\n<p>Cet ouvrage pr\u00e9sente les m\u00e9thodes \u00e9lectriques utilis\u00e9es en g\u00e9ophysique appliqu\u00e9e. Ce sont d\u2019une part les m\u00e9thodes en courant continu, comme les sondages \u00e9lectriques, la cartographie \u00e9lectrique et la tomographie de r\u00e9sistivit\u00e9, et d\u2019autre part, les m\u00e9thodes r\u00e9sultant des accumulations de charges \u00e9lectriques, comme la \u00ab polarisation spontan\u00e9e \u00bb (PS) et la \u00ab polarisation provoqu\u00e9e \u00bb (PP).<\/p>\n<p>Avec quelques connaissances de base en \u00e9lectricit\u00e9, le lecteur pourra construire des appareils de prospection, les mettre en oeuvre, et finaliser son \u00e9tude par la phase d\u2019interpr\u00e9tation conduisant aux informations g\u00e9ologiques structurelles ou hydrog\u00e9ologiques. Les plus techniciens pourront aller jusqu\u2019au syst\u00e8me d\u2019acquisition propos\u00e9 autour d\u2019un Arduino.<\/p>\n","protected":false},"excerpt":{"rendered":"<p class=\"qtranxs-available-languages-message qtranxs-available-languages-message-en\">Sorry, this entry is only available in <a href=\"https:\/\/www.istegroup.com\/fr\/wp-json\/wp\/v2\/product\/12001\" class=\"qtranxs-available-language-link qtranxs-available-language-link-fr\" title=\"FR\">FR<\/a>.<\/p>\n","protected":false},"featured_media":12009,"template":"","meta":{"_acf_changed":false,"_links_to":"","_links_to_target":""},"product_brand":[],"product_cat":[3262],"product_tag":[3427,18,19,20,3426,3425,198,21,22,26,27,3424,3423,145,28,29],"class_list":{"0":"post-12001","1":"product","2":"type-product","3":"status-publish","4":"has-post-thumbnail","6":"product_cat-non-classe","7":"product_tag-collection-systeme-terre-environnement","8":"product_tag-edition-scientifique","9":"product_tag-editions-francaise","10":"product_tag-editions-technique","11":"product_tag-frederic-muhlach","12":"product_tag-geophysique-appliquee-pour-tous-1","13":"product_tag-iste-edition","14":"product_tag-iste-group","15":"product_tag-istegroup","16":"product_tag-livre-scientifique-francais","17":"product_tag-livre-technique-francais","18":"product_tag-methodes-electriques","19":"product_tag-nicolas-florsch","20":"product_tag-ouvrage-scientifique","21":"product_tag-ouvrage-scientifique-francais","22":"product_tag-ouvrage-technique","24":"first","25":"instock","26":"shipping-taxable","27":"purchasable","28":"product-type-variable"},"acf":[],"yoast_head":"<!-- This site is optimized with the Yoast SEO plugin v27.2 - https:\/\/yoast.com\/product\/yoast-seo-wordpress\/ -->\n<title>G\u00e9ophysique appliqu\u00e9e pour tous 1 - ISTE Group<\/title>\n<meta name=\"description\" content=\"Cet ouvrage pr\u00e9sente les m\u00e9thodes \u00e9lectriques utilis\u00e9es en g\u00e9ophysique appliqu\u00e9e. Ce sont d\u2019une part les m\u00e9thodes en courant continu, comme les sondages \u00e9lectriques, la cartographie \u00e9lectrique et la tomographie de r\u00e9sistivit\u00e9, et d\u2019autre part, les m\u00e9thodes r\u00e9sultant des accumulations de charges \u00e9lectriques, comme la \u00ab polarisation spontan\u00e9e \u00bb (PS) et la \u00ab polarisation provoqu\u00e9e \u00bb (PP).\" \/>\n<meta name=\"robots\" content=\"index, follow, max-snippet:-1, max-image-preview:large, max-video-preview:-1\" \/>\n<link rel=\"canonical\" href=\"https:\/\/www.istegroup.com\/fr\/produit\/geophysique-appliquee-pour-tous-1\/\" \/>\n<meta property=\"og:locale\" content=\"en_US\" \/>\n<meta property=\"og:type\" content=\"article\" \/>\n<meta property=\"og:title\" content=\"G\u00e9ophysique appliqu\u00e9e pour tous 1 - ISTE Group\" \/>\n<meta property=\"og:description\" content=\"Cet ouvrage pr\u00e9sente les m\u00e9thodes \u00e9lectriques utilis\u00e9es en g\u00e9ophysique appliqu\u00e9e. Ce sont d\u2019une part les m\u00e9thodes en courant continu, comme les sondages \u00e9lectriques, la cartographie \u00e9lectrique et la tomographie de r\u00e9sistivit\u00e9, et d\u2019autre part, les m\u00e9thodes r\u00e9sultant des accumulations de charges \u00e9lectriques, comme la \u00ab polarisation spontan\u00e9e \u00bb (PS) et la \u00ab polarisation provoqu\u00e9e \u00bb (PP).\" \/>\n<meta property=\"og:url\" content=\"https:\/\/www.istegroup.com\/fr\/produit\/geophysique-appliquee-pour-tous-1\/\" \/>\n<meta property=\"og:site_name\" content=\"ISTE Group\" \/>\n<meta property=\"article:modified_time\" content=\"2024-07-10T11:12:33+00:00\" \/>\n<meta property=\"og:image\" content=\"https:\/\/www.istegroup.com\/wp-content\/uploads\/2018\/04\/Florsch-1_Front-scaled.jpg\" \/>\n\t<meta property=\"og:image:width\" content=\"1661\" \/>\n\t<meta property=\"og:image:height\" content=\"2560\" \/>\n\t<meta property=\"og:image:type\" content=\"image\/jpeg\" \/>\n<meta name=\"twitter:card\" content=\"summary_large_image\" \/>\n<meta name=\"twitter:label1\" content=\"Est. reading time\" \/>\n\t<meta name=\"twitter:data1\" content=\"1 minute\" \/>\n<script type=\"application\/ld+json\" class=\"yoast-schema-graph\">{\"@context\":\"https:\/\/schema.org\",\"@graph\":[{\"@type\":\"WebPage\",\"@id\":\"https:\/\/www.istegroup.com\/fr\/produit\/geophysique-appliquee-pour-tous-1\/\",\"url\":\"https:\/\/www.istegroup.com\/fr\/produit\/geophysique-appliquee-pour-tous-1\/\",\"name\":\"G\u00e9ophysique appliqu\u00e9e pour tous 1 - ISTE Group\",\"isPartOf\":{\"@id\":\"https:\/\/www.istegroup.com\/#website\"},\"primaryImageOfPage\":{\"@id\":\"https:\/\/www.istegroup.com\/fr\/produit\/geophysique-appliquee-pour-tous-1\/#primaryimage\"},\"image\":{\"@id\":\"https:\/\/www.istegroup.com\/fr\/produit\/geophysique-appliquee-pour-tous-1\/#primaryimage\"},\"thumbnailUrl\":\"https:\/\/www.istegroup.com\/wp-content\/uploads\/2018\/04\/Florsch-1_Front-scaled.jpg\",\"datePublished\":\"2018-04-17T13:21:17+00:00\",\"dateModified\":\"2024-07-10T11:12:33+00:00\",\"description\":\"Cet ouvrage pr\u00e9sente les m\u00e9thodes \u00e9lectriques utilis\u00e9es en g\u00e9ophysique appliqu\u00e9e. Ce sont d\u2019une part les m\u00e9thodes en courant continu, comme les sondages \u00e9lectriques, la cartographie \u00e9lectrique et la tomographie de r\u00e9sistivit\u00e9, et d\u2019autre part, les m\u00e9thodes r\u00e9sultant des accumulations de charges \u00e9lectriques, comme la \u00ab polarisation spontan\u00e9e \u00bb (PS) et la \u00ab polarisation provoqu\u00e9e \u00bb (PP).\",\"breadcrumb\":{\"@id\":\"https:\/\/www.istegroup.com\/fr\/produit\/geophysique-appliquee-pour-tous-1\/#breadcrumb\"},\"inLanguage\":\"en-US\",\"potentialAction\":[{\"@type\":\"ReadAction\",\"target\":[\"https:\/\/www.istegroup.com\/fr\/produit\/geophysique-appliquee-pour-tous-1\/\"]}]},{\"@type\":\"ImageObject\",\"inLanguage\":\"en-US\",\"@id\":\"https:\/\/www.istegroup.com\/fr\/produit\/geophysique-appliquee-pour-tous-1\/#primaryimage\",\"url\":\"https:\/\/www.istegroup.com\/wp-content\/uploads\/2018\/04\/Florsch-1_Front-scaled.jpg\",\"contentUrl\":\"https:\/\/www.istegroup.com\/wp-content\/uploads\/2018\/04\/Florsch-1_Front-scaled.jpg\",\"width\":1661,\"height\":2560,\"caption\":\"M\u00e9thodes \u00e9lectriques\"},{\"@type\":\"BreadcrumbList\",\"@id\":\"https:\/\/www.istegroup.com\/fr\/produit\/geophysique-appliquee-pour-tous-1\/#breadcrumb\",\"itemListElement\":[{\"@type\":\"ListItem\",\"position\":1,\"name\":\"Home\",\"item\":\"https:\/\/www.istegroup.com\/\"},{\"@type\":\"ListItem\",\"position\":2,\"name\":\"Shop\",\"item\":\"https:\/\/www.istegroup.com\/fr\/nouveautes\/\"},{\"@type\":\"ListItem\",\"position\":3,\"name\":\"G\u00e9ophysique appliqu\u00e9e pour tous 1\"}]},{\"@type\":\"WebSite\",\"@id\":\"https:\/\/www.istegroup.com\/#website\",\"url\":\"https:\/\/www.istegroup.com\/\",\"name\":\"ISTE Group\",\"description\":\"Publishing Knowledge\",\"potentialAction\":[{\"@type\":\"SearchAction\",\"target\":{\"@type\":\"EntryPoint\",\"urlTemplate\":\"https:\/\/www.istegroup.com\/?s={search_term_string}\"},\"query-input\":{\"@type\":\"PropertyValueSpecification\",\"valueRequired\":true,\"valueName\":\"search_term_string\"}}],\"inLanguage\":\"en-US\"}]}<\/script>\n<!-- \/ Yoast SEO plugin. -->","yoast_head_json":{"title":"G\u00e9ophysique appliqu\u00e9e pour tous 1 - ISTE Group","description":"Cet ouvrage pr\u00e9sente les m\u00e9thodes \u00e9lectriques utilis\u00e9es en g\u00e9ophysique appliqu\u00e9e. Ce sont d\u2019une part les m\u00e9thodes en courant continu, comme les sondages \u00e9lectriques, la cartographie \u00e9lectrique et la tomographie de r\u00e9sistivit\u00e9, et d\u2019autre part, les m\u00e9thodes r\u00e9sultant des accumulations de charges \u00e9lectriques, comme la \u00ab polarisation spontan\u00e9e \u00bb (PS) et la \u00ab polarisation provoqu\u00e9e \u00bb (PP).","robots":{"index":"index","follow":"follow","max-snippet":"max-snippet:-1","max-image-preview":"max-image-preview:large","max-video-preview":"max-video-preview:-1"},"canonical":"https:\/\/www.istegroup.com\/fr\/produit\/geophysique-appliquee-pour-tous-1\/","og_locale":"en_US","og_type":"article","og_title":"G\u00e9ophysique appliqu\u00e9e pour tous 1 - ISTE Group","og_description":"Cet ouvrage pr\u00e9sente les m\u00e9thodes \u00e9lectriques utilis\u00e9es en g\u00e9ophysique appliqu\u00e9e. Ce sont d\u2019une part les m\u00e9thodes en courant continu, comme les sondages \u00e9lectriques, la cartographie \u00e9lectrique et la tomographie de r\u00e9sistivit\u00e9, et d\u2019autre part, les m\u00e9thodes r\u00e9sultant des accumulations de charges \u00e9lectriques, comme la \u00ab polarisation spontan\u00e9e \u00bb (PS) et la \u00ab polarisation provoqu\u00e9e \u00bb (PP).","og_url":"https:\/\/www.istegroup.com\/fr\/produit\/geophysique-appliquee-pour-tous-1\/","og_site_name":"ISTE Group","article_modified_time":"2024-07-10T11:12:33+00:00","og_image":[{"width":1661,"height":2560,"url":"https:\/\/www.istegroup.com\/wp-content\/uploads\/2018\/04\/Florsch-1_Front-scaled.jpg","type":"image\/jpeg"}],"twitter_card":"summary_large_image","twitter_misc":{"Est. reading time":"1 minute"},"schema":{"@context":"https:\/\/schema.org","@graph":[{"@type":"WebPage","@id":"https:\/\/www.istegroup.com\/fr\/produit\/geophysique-appliquee-pour-tous-1\/","url":"https:\/\/www.istegroup.com\/fr\/produit\/geophysique-appliquee-pour-tous-1\/","name":"G\u00e9ophysique appliqu\u00e9e pour tous 1 - ISTE Group","isPartOf":{"@id":"https:\/\/www.istegroup.com\/#website"},"primaryImageOfPage":{"@id":"https:\/\/www.istegroup.com\/fr\/produit\/geophysique-appliquee-pour-tous-1\/#primaryimage"},"image":{"@id":"https:\/\/www.istegroup.com\/fr\/produit\/geophysique-appliquee-pour-tous-1\/#primaryimage"},"thumbnailUrl":"https:\/\/www.istegroup.com\/wp-content\/uploads\/2018\/04\/Florsch-1_Front-scaled.jpg","datePublished":"2018-04-17T13:21:17+00:00","dateModified":"2024-07-10T11:12:33+00:00","description":"Cet ouvrage pr\u00e9sente les m\u00e9thodes \u00e9lectriques utilis\u00e9es en g\u00e9ophysique appliqu\u00e9e. Ce sont d\u2019une part les m\u00e9thodes en courant continu, comme les sondages \u00e9lectriques, la cartographie \u00e9lectrique et la tomographie de r\u00e9sistivit\u00e9, et d\u2019autre part, les m\u00e9thodes r\u00e9sultant des accumulations de charges \u00e9lectriques, comme la \u00ab polarisation spontan\u00e9e \u00bb (PS) et la \u00ab polarisation provoqu\u00e9e \u00bb (PP).","breadcrumb":{"@id":"https:\/\/www.istegroup.com\/fr\/produit\/geophysique-appliquee-pour-tous-1\/#breadcrumb"},"inLanguage":"en-US","potentialAction":[{"@type":"ReadAction","target":["https:\/\/www.istegroup.com\/fr\/produit\/geophysique-appliquee-pour-tous-1\/"]}]},{"@type":"ImageObject","inLanguage":"en-US","@id":"https:\/\/www.istegroup.com\/fr\/produit\/geophysique-appliquee-pour-tous-1\/#primaryimage","url":"https:\/\/www.istegroup.com\/wp-content\/uploads\/2018\/04\/Florsch-1_Front-scaled.jpg","contentUrl":"https:\/\/www.istegroup.com\/wp-content\/uploads\/2018\/04\/Florsch-1_Front-scaled.jpg","width":1661,"height":2560,"caption":"M\u00e9thodes \u00e9lectriques"},{"@type":"BreadcrumbList","@id":"https:\/\/www.istegroup.com\/fr\/produit\/geophysique-appliquee-pour-tous-1\/#breadcrumb","itemListElement":[{"@type":"ListItem","position":1,"name":"Home","item":"https:\/\/www.istegroup.com\/"},{"@type":"ListItem","position":2,"name":"Shop","item":"https:\/\/www.istegroup.com\/fr\/nouveautes\/"},{"@type":"ListItem","position":3,"name":"G\u00e9ophysique appliqu\u00e9e pour tous 1"}]},{"@type":"WebSite","@id":"https:\/\/www.istegroup.com\/#website","url":"https:\/\/www.istegroup.com\/","name":"ISTE Group","description":"Publishing Knowledge","potentialAction":[{"@type":"SearchAction","target":{"@type":"EntryPoint","urlTemplate":"https:\/\/www.istegroup.com\/?s={search_term_string}"},"query-input":{"@type":"PropertyValueSpecification","valueRequired":true,"valueName":"search_term_string"}}],"inLanguage":"en-US"}]}},"_links":{"self":[{"href":"https:\/\/www.istegroup.com\/en\/wp-json\/wp\/v2\/product\/12001","targetHints":{"allow":["GET"]}}],"collection":[{"href":"https:\/\/www.istegroup.com\/en\/wp-json\/wp\/v2\/product"}],"about":[{"href":"https:\/\/www.istegroup.com\/en\/wp-json\/wp\/v2\/types\/product"}],"wp:featuredmedia":[{"embeddable":true,"href":"https:\/\/www.istegroup.com\/en\/wp-json\/wp\/v2\/media\/12009"}],"wp:attachment":[{"href":"https:\/\/www.istegroup.com\/en\/wp-json\/wp\/v2\/media?parent=12001"}],"wp:term":[{"taxonomy":"product_brand","embeddable":true,"href":"https:\/\/www.istegroup.com\/en\/wp-json\/wp\/v2\/product_brand?post=12001"},{"taxonomy":"product_cat","embeddable":true,"href":"https:\/\/www.istegroup.com\/en\/wp-json\/wp\/v2\/product_cat?post=12001"},{"taxonomy":"product_tag","embeddable":true,"href":"https:\/\/www.istegroup.com\/en\/wp-json\/wp\/v2\/product_tag?post=12001"}],"curies":[{"name":"wp","href":"https:\/\/api.w.org\/{rel}","templated":true}]}}