{"id":11986,"date":"2018-04-17T15:03:47","date_gmt":"2018-04-17T13:03:47","guid":{"rendered":"https:\/\/iste.yhello.co\/?post_type=product&#038;p=11986"},"modified":"2024-01-03T13:42:12","modified_gmt":"2024-01-03T13:42:12","slug":"les-longs-arn-non-codants","status":"publish","type":"product","link":"https:\/\/www.istegroup.com\/en\/produit\/les-longs-arn-non-codants\/","title":{"rendered":"Les longs ARN non codants"},"content":{"rendered":"<p>La face cach\u00e9e du g\u00e9nome repr\u00e9sente de vastes domaines qui ne codent pas pour les prot\u00e9ines. Jusqu\u2019\u00e0 98 % du g\u00e9nome humain est non codant et produit des ARN du m\u00eame nom. Certains de ces longs ARN non codants jouent des r\u00f4les fondamentaux dans l\u2019identit\u00e9 cellulaire, le d\u00e9veloppement et la progression du cancer. Ils sont maintenant largement \u00e9tudi\u00e9s dans de nombreux organismes pour comprendre leur fonction.<\/p>\n<p>Cet ouvrage passe en revue ce champ de recherche en rapide expansion et pr\u00e9sente les larges diversit\u00e9s fonctionnelles de ces mol\u00e9cules et leurs r\u00f4les hypoth\u00e9tiques fondamentaux et th\u00e9rapeutiques. Il examine l\u2019histoire r\u00e9cente des ARN non codants, leur classification tr\u00e8s controvers\u00e9e et comment ils suscitent un formidable int\u00e9r\u00eat pour la biologie du d\u00e9veloppement et la tumorigen\u00e8se. Il illustre les exemples les plus \u00e9tudi\u00e9s et attrayants de ces longs ARN, leur interface avec l\u2019\u00e9pig\u00e9n\u00e9tique, l\u2019int\u00e9grit\u00e9 et l\u2019expression du g\u00e9nome ainsi que les mod\u00e8les actuels de leurs m\u00e9canismes de r\u00e9gulation.<\/p>\n","protected":false},"excerpt":{"rendered":"<p>La face cach\u00e9e du g\u00e9nome repr\u00e9sente de vastes domaines qui ne codent pas pour les prot\u00e9ines. Jusqu\u2019\u00e0 98 % du g\u00e9nome humain est non codant et produit des ARN du m\u00eame nom. Certains de ces longs ARN non codants jouent des r\u00f4les fondamentaux dans l\u2019identit\u00e9 cellulaire, le d\u00e9veloppement et la progression du cancer. Ils sont [&hellip;]<\/p>\n","protected":false},"featured_media":11993,"template":"","meta":{"_acf_changed":false,"_links_to":"","_links_to_target":""},"product_brand":[],"product_cat":[3262],"product_tag":[3434,3433,169,18,19,20,21,22,3432,3431,63,25,172,26,27,38,145,28],"class_list":{"0":"post-11986","1":"product","2":"type-product","3":"status-publish","4":"has-post-thumbnail","6":"product_cat-non-classe","7":"product_tag-antonin-morillon","8":"product_tag-arn","9":"product_tag-biologie","10":"product_tag-edition-scientifique","11":"product_tag-editions-francaise","12":"product_tag-editions-technique","13":"product_tag-iste-group","14":"product_tag-istegroup","15":"product_tag-la-face-cachee-des-genomes","16":"product_tag-les-longs-arn-non-codants","17":"product_tag-livre-electronique","18":"product_tag-livre-numerique","19":"product_tag-livre-scientifique","20":"product_tag-livre-scientifique-francais","21":"product_tag-livre-technique-francais","22":"product_tag-ouvrage-numerique","23":"product_tag-ouvrage-scientifique","24":"product_tag-ouvrage-scientifique-francais","26":"first","27":"instock","28":"shipping-taxable","29":"purchasable","30":"product-type-variable"},"acf":[],"yoast_head":"<!-- This site is optimized with the Yoast SEO plugin v27.2 - https:\/\/yoast.com\/product\/yoast-seo-wordpress\/ -->\n<title>Les longs ARN non codants - ISTE Group<\/title>\n<meta name=\"description\" content=\"Jusqu\u2019\u00e0 98 %% du g\u00e9nome humain est non codant et produit des ARN du m\u00eame nom. Certains de ces longs ARN non codants jouent des r\u00f4les fondamentaux dans l\u2019identit\u00e9 cellulaire, le d\u00e9veloppement et la progression du cancer.\" \/>\n<meta name=\"robots\" content=\"index, follow, max-snippet:-1, max-image-preview:large, max-video-preview:-1\" \/>\n<link rel=\"canonical\" href=\"https:\/\/www.istegroup.com\/fr\/produit\/les-longs-arn-non-codants\/\" \/>\n<meta property=\"og:locale\" content=\"en_US\" \/>\n<meta property=\"og:type\" content=\"article\" \/>\n<meta property=\"og:title\" content=\"Les longs ARN non codants - ISTE Group\" \/>\n<meta property=\"og:description\" content=\"Jusqu\u2019\u00e0 98 %% du g\u00e9nome humain est non codant et produit des ARN du m\u00eame nom. Certains de ces longs ARN non codants jouent des r\u00f4les fondamentaux dans l\u2019identit\u00e9 cellulaire, le d\u00e9veloppement et la progression du cancer.\" \/>\n<meta property=\"og:url\" content=\"https:\/\/www.istegroup.com\/fr\/produit\/les-longs-arn-non-codants\/\" \/>\n<meta property=\"og:site_name\" content=\"ISTE Group\" \/>\n<meta property=\"article:modified_time\" content=\"2024-01-03T13:42:12+00:00\" \/>\n<meta property=\"og:image\" content=\"https:\/\/www.istegroup.com\/wp-content\/uploads\/2018\/04\/Morillon_Front-scaled.jpg\" \/>\n\t<meta property=\"og:image:width\" content=\"1654\" \/>\n\t<meta property=\"og:image:height\" content=\"2560\" \/>\n\t<meta property=\"og:image:type\" content=\"image\/jpeg\" \/>\n<meta name=\"twitter:card\" content=\"summary_large_image\" \/>\n<meta name=\"twitter:label1\" content=\"Est. reading time\" \/>\n\t<meta name=\"twitter:data1\" content=\"1 minute\" \/>\n<script type=\"application\/ld+json\" class=\"yoast-schema-graph\">{\"@context\":\"https:\/\/schema.org\",\"@graph\":[{\"@type\":\"WebPage\",\"@id\":\"https:\/\/www.istegroup.com\/fr\/produit\/les-longs-arn-non-codants\/\",\"url\":\"https:\/\/www.istegroup.com\/fr\/produit\/les-longs-arn-non-codants\/\",\"name\":\"Les longs ARN non codants - ISTE Group\",\"isPartOf\":{\"@id\":\"https:\/\/www.istegroup.com\/#website\"},\"primaryImageOfPage\":{\"@id\":\"https:\/\/www.istegroup.com\/fr\/produit\/les-longs-arn-non-codants\/#primaryimage\"},\"image\":{\"@id\":\"https:\/\/www.istegroup.com\/fr\/produit\/les-longs-arn-non-codants\/#primaryimage\"},\"thumbnailUrl\":\"https:\/\/www.istegroup.com\/wp-content\/uploads\/2018\/04\/Morillon_Front-scaled.jpg\",\"datePublished\":\"2018-04-17T13:03:47+00:00\",\"dateModified\":\"2024-01-03T13:42:12+00:00\",\"description\":\"Jusqu\u2019\u00e0 98 %% du g\u00e9nome humain est non codant et produit des ARN du m\u00eame nom. Certains de ces longs ARN non codants jouent des r\u00f4les fondamentaux dans l\u2019identit\u00e9 cellulaire, le d\u00e9veloppement et la progression du cancer.\",\"breadcrumb\":{\"@id\":\"https:\/\/www.istegroup.com\/fr\/produit\/les-longs-arn-non-codants\/#breadcrumb\"},\"inLanguage\":\"en-US\",\"potentialAction\":[{\"@type\":\"ReadAction\",\"target\":[\"https:\/\/www.istegroup.com\/fr\/produit\/les-longs-arn-non-codants\/\"]}]},{\"@type\":\"ImageObject\",\"inLanguage\":\"en-US\",\"@id\":\"https:\/\/www.istegroup.com\/fr\/produit\/les-longs-arn-non-codants\/#primaryimage\",\"url\":\"https:\/\/www.istegroup.com\/wp-content\/uploads\/2018\/04\/Morillon_Front-scaled.jpg\",\"contentUrl\":\"https:\/\/www.istegroup.com\/wp-content\/uploads\/2018\/04\/Morillon_Front-scaled.jpg\",\"width\":1654,\"height\":2560,\"caption\":\"La face cach\u00e9e des g\u00e9nomes\"},{\"@type\":\"BreadcrumbList\",\"@id\":\"https:\/\/www.istegroup.com\/fr\/produit\/les-longs-arn-non-codants\/#breadcrumb\",\"itemListElement\":[{\"@type\":\"ListItem\",\"position\":1,\"name\":\"Home\",\"item\":\"https:\/\/www.istegroup.com\/\"},{\"@type\":\"ListItem\",\"position\":2,\"name\":\"Shop\",\"item\":\"https:\/\/www.istegroup.com\/fr\/nouveautes\/\"},{\"@type\":\"ListItem\",\"position\":3,\"name\":\"Les longs ARN non codants\"}]},{\"@type\":\"WebSite\",\"@id\":\"https:\/\/www.istegroup.com\/#website\",\"url\":\"https:\/\/www.istegroup.com\/\",\"name\":\"ISTE Group\",\"description\":\"Publishing Knowledge\",\"potentialAction\":[{\"@type\":\"SearchAction\",\"target\":{\"@type\":\"EntryPoint\",\"urlTemplate\":\"https:\/\/www.istegroup.com\/?s={search_term_string}\"},\"query-input\":{\"@type\":\"PropertyValueSpecification\",\"valueRequired\":true,\"valueName\":\"search_term_string\"}}],\"inLanguage\":\"en-US\"}]}<\/script>\n<!-- \/ Yoast SEO plugin. -->","yoast_head_json":{"title":"Les longs ARN non codants - ISTE Group","description":"Jusqu\u2019\u00e0 98 %% du g\u00e9nome humain est non codant et produit des ARN du m\u00eame nom. Certains de ces longs ARN non codants jouent des r\u00f4les fondamentaux dans l\u2019identit\u00e9 cellulaire, le d\u00e9veloppement et la progression du cancer.","robots":{"index":"index","follow":"follow","max-snippet":"max-snippet:-1","max-image-preview":"max-image-preview:large","max-video-preview":"max-video-preview:-1"},"canonical":"https:\/\/www.istegroup.com\/fr\/produit\/les-longs-arn-non-codants\/","og_locale":"en_US","og_type":"article","og_title":"Les longs ARN non codants - ISTE Group","og_description":"Jusqu\u2019\u00e0 98 %% du g\u00e9nome humain est non codant et produit des ARN du m\u00eame nom. Certains de ces longs ARN non codants jouent des r\u00f4les fondamentaux dans l\u2019identit\u00e9 cellulaire, le d\u00e9veloppement et la progression du cancer.","og_url":"https:\/\/www.istegroup.com\/fr\/produit\/les-longs-arn-non-codants\/","og_site_name":"ISTE Group","article_modified_time":"2024-01-03T13:42:12+00:00","og_image":[{"width":1654,"height":2560,"url":"https:\/\/www.istegroup.com\/wp-content\/uploads\/2018\/04\/Morillon_Front-scaled.jpg","type":"image\/jpeg"}],"twitter_card":"summary_large_image","twitter_misc":{"Est. reading time":"1 minute"},"schema":{"@context":"https:\/\/schema.org","@graph":[{"@type":"WebPage","@id":"https:\/\/www.istegroup.com\/fr\/produit\/les-longs-arn-non-codants\/","url":"https:\/\/www.istegroup.com\/fr\/produit\/les-longs-arn-non-codants\/","name":"Les longs ARN non codants - ISTE Group","isPartOf":{"@id":"https:\/\/www.istegroup.com\/#website"},"primaryImageOfPage":{"@id":"https:\/\/www.istegroup.com\/fr\/produit\/les-longs-arn-non-codants\/#primaryimage"},"image":{"@id":"https:\/\/www.istegroup.com\/fr\/produit\/les-longs-arn-non-codants\/#primaryimage"},"thumbnailUrl":"https:\/\/www.istegroup.com\/wp-content\/uploads\/2018\/04\/Morillon_Front-scaled.jpg","datePublished":"2018-04-17T13:03:47+00:00","dateModified":"2024-01-03T13:42:12+00:00","description":"Jusqu\u2019\u00e0 98 %% du g\u00e9nome humain est non codant et produit des ARN du m\u00eame nom. Certains de ces longs ARN non codants jouent des r\u00f4les fondamentaux dans l\u2019identit\u00e9 cellulaire, le d\u00e9veloppement et la progression du cancer.","breadcrumb":{"@id":"https:\/\/www.istegroup.com\/fr\/produit\/les-longs-arn-non-codants\/#breadcrumb"},"inLanguage":"en-US","potentialAction":[{"@type":"ReadAction","target":["https:\/\/www.istegroup.com\/fr\/produit\/les-longs-arn-non-codants\/"]}]},{"@type":"ImageObject","inLanguage":"en-US","@id":"https:\/\/www.istegroup.com\/fr\/produit\/les-longs-arn-non-codants\/#primaryimage","url":"https:\/\/www.istegroup.com\/wp-content\/uploads\/2018\/04\/Morillon_Front-scaled.jpg","contentUrl":"https:\/\/www.istegroup.com\/wp-content\/uploads\/2018\/04\/Morillon_Front-scaled.jpg","width":1654,"height":2560,"caption":"La face cach\u00e9e des g\u00e9nomes"},{"@type":"BreadcrumbList","@id":"https:\/\/www.istegroup.com\/fr\/produit\/les-longs-arn-non-codants\/#breadcrumb","itemListElement":[{"@type":"ListItem","position":1,"name":"Home","item":"https:\/\/www.istegroup.com\/"},{"@type":"ListItem","position":2,"name":"Shop","item":"https:\/\/www.istegroup.com\/fr\/nouveautes\/"},{"@type":"ListItem","position":3,"name":"Les longs ARN non codants"}]},{"@type":"WebSite","@id":"https:\/\/www.istegroup.com\/#website","url":"https:\/\/www.istegroup.com\/","name":"ISTE Group","description":"Publishing Knowledge","potentialAction":[{"@type":"SearchAction","target":{"@type":"EntryPoint","urlTemplate":"https:\/\/www.istegroup.com\/?s={search_term_string}"},"query-input":{"@type":"PropertyValueSpecification","valueRequired":true,"valueName":"search_term_string"}}],"inLanguage":"en-US"}]}},"_links":{"self":[{"href":"https:\/\/www.istegroup.com\/en\/wp-json\/wp\/v2\/product\/11986","targetHints":{"allow":["GET"]}}],"collection":[{"href":"https:\/\/www.istegroup.com\/en\/wp-json\/wp\/v2\/product"}],"about":[{"href":"https:\/\/www.istegroup.com\/en\/wp-json\/wp\/v2\/types\/product"}],"wp:featuredmedia":[{"embeddable":true,"href":"https:\/\/www.istegroup.com\/en\/wp-json\/wp\/v2\/media\/11993"}],"wp:attachment":[{"href":"https:\/\/www.istegroup.com\/en\/wp-json\/wp\/v2\/media?parent=11986"}],"wp:term":[{"taxonomy":"product_brand","embeddable":true,"href":"https:\/\/www.istegroup.com\/en\/wp-json\/wp\/v2\/product_brand?post=11986"},{"taxonomy":"product_cat","embeddable":true,"href":"https:\/\/www.istegroup.com\/en\/wp-json\/wp\/v2\/product_cat?post=11986"},{"taxonomy":"product_tag","embeddable":true,"href":"https:\/\/www.istegroup.com\/en\/wp-json\/wp\/v2\/product_tag?post=11986"}],"curies":[{"name":"wp","href":"https:\/\/api.w.org\/{rel}","templated":true}]}}